{"id":26848,"date":"2025-03-10T10:58:17","date_gmt":"2025-03-10T01:58:17","guid":{"rendered":"https:\/\/listman.shop\/autoparts-br\/product\/1005007182411313\/"},"modified":"2026-04-17T18:21:06","modified_gmt":"2026-04-17T09:21:06","slug":"1005007182411313","status":"publish","type":"product","link":"https:\/\/listman.shop\/autoparts-br\/product\/1005007182411313\/","title":{"rendered":"Suporte Magn\u00e9tico para Telefone TOPK Mag-Safe para Carro, Suporte Magn\u00e9tico para Telefone no Carro, Suporte para Telefone com Ventila\u00e7\u00e3o, com o \u00cdm\u00e3 Mais Forte, Suporte para iPhone"},"content":{"rendered":"<div class=\"detailmodule_html\">\n<div class=\"detail-desc-decorate-richtext\">\n<p><strong><span style=\", times, serif\">Projetado para telefones da s\u00e9rie iPhone 15\/14\/13\/12<\/span><\/strong><span style=\", times, serif\">: \u00c9 compat\u00edvel com Mag-safe para telefones da s\u00e9rie 15\/14 s\u00e9ries\/13\/s\u00e9rie iPhone 12, sem a necessidade de um anel de metal adicional.Se o seu telefone da s\u00e9rie iPhone 15\/14\/13\/12 tiver uma capa normal que n\u00e3o seja Mag-Safe, voc\u00ea deve usar o anel de metal oco adesivo fornecido.<\/span><\/p>\n<p><\/p>\n<p><strong><span style=\", times, serif\">For\u00e7a magn\u00e9tica poderosa<\/span><\/strong><span style=\", times, serif\">&#8211; 20 \u00edm\u00e3s permanentes poderosos integrados, dispostos com precis\u00e3o juntos, o suporte magn\u00e9tico para telefone para carro fornece maior for\u00e7a de fixa\u00e7\u00e3o e maior estabilidade, mantendo seu telefone no lugar com seguran\u00e7a mesmo ao dirigir em estradas esburacadas.<\/span><\/p>\n<p><\/p>\n<p><strong><span style=\", times, serif\">Universal para todos os telefones,<\/span><\/strong><span style=\", times, serif\">vem com um anel de metal extra, este suporte magn\u00e9tico para telefone para carro \u00e9 adequado para todos os telefones e a maioria das capas de telefone;basta colar o anel de metal na parte externa do telefone ou capa do telefone, o \u00edm\u00e3 ir\u00e1 alinhar e conectar-se automaticamente ao seu smartphone sem afetar os sinais do telefone, conex\u00f5es, etc.<\/span><\/p>\n<p><\/p>\n<p><strong><span style=\", times, serif\">Design requintado:<\/span><\/strong><span style=\", times, serif\">A estrutura de fibra de carbono e o design da superf\u00edcie fosca fazem com que todo o produto pare\u00e7a compacto e bonito, com excelente acabamento que atinge os padr\u00f5es industriais.O design do suporte magn\u00e9tico permite que voc\u00ea opere a navega\u00e7\u00e3o do telefone com uma m\u00e3o enquanto dirige, tornando sua dire\u00e7\u00e3o mais segura.<\/span><\/p>\n<p><\/p>\n<p><strong><span style=\", times, serif\">Design de gancho seguro:<\/span><\/strong><span style=\", times, serif\">Este suporte para telefone para carro com o mais recente design de clipe de gancho pode ser preso com seguran\u00e7a \u00e0s sa\u00eddas de ar. O comprimento do gancho pode ser ajustado girando a engrenagem na base para combinar com diferentes profundidades de aberturas de ventila\u00e7\u00e3o. Nota: N\u00e3o \u00e9 adequado para sa\u00eddas de ar circulares.<\/span><\/p>\n<p><img data-recalc-dims=\"1\" decoding=\"async\" src=\"https:\/\/i0.wp.com\/ae01.alicdn.com\/kf\/S4f1b7a7b5d774922b7d7dae0ca09f408f.jpg?w=1200&#038;ssl=1\"><img data-recalc-dims=\"1\" decoding=\"async\" src=\"https:\/\/i0.wp.com\/ae01.alicdn.com\/kf\/S66c68cc6edc04819ba2e5637f1322548P.jpg?w=1200&#038;ssl=1\"><img data-recalc-dims=\"1\" decoding=\"async\" src=\"https:\/\/i0.wp.com\/ae01.alicdn.com\/kf\/S2706c079cfe348cea0cf61a46db7af1fr.jpg?w=1200&#038;ssl=1\"><img data-recalc-dims=\"1\" decoding=\"async\" src=\"https:\/\/i0.wp.com\/ae01.alicdn.com\/kf\/S37c3c474d7a94032b5ce4531baaa55739.jpg?w=1200&#038;ssl=1\"><img data-recalc-dims=\"1\" decoding=\"async\" src=\"https:\/\/i0.wp.com\/ae01.alicdn.com\/kf\/S9e74c9252399444ababc52a955505fe84.jpg?w=1200&#038;ssl=1\"><img data-recalc-dims=\"1\" decoding=\"async\" src=\"https:\/\/i0.wp.com\/ae01.alicdn.com\/kf\/Sfe36beab0ac74359b72f7614e44c3b09E.jpg?w=1200&#038;ssl=1\"><img data-recalc-dims=\"1\" decoding=\"async\" src=\"https:\/\/i0.wp.com\/ae01.alicdn.com\/kf\/S005800daf77c4b19979bbd90c656c2427.jpg?w=1200&#038;ssl=1\"><img data-recalc-dims=\"1\" decoding=\"async\" src=\"https:\/\/i0.wp.com\/ae01.alicdn.com\/kf\/S7011b27246bc4c99aace5f52c54949056.jpg?w=1200&#038;ssl=1\"><img data-recalc-dims=\"1\" decoding=\"async\" src=\"https:\/\/i0.wp.com\/ae01.alicdn.com\/kf\/S2262d555c35e4972b4cd935d41f3ba782.jpg?w=1200&#038;ssl=1\"><img data-recalc-dims=\"1\" decoding=\"async\" src=\"https:\/\/i0.wp.com\/ae01.alicdn.com\/kf\/Sb1b76ea1d2a54472bcfd98f18fbaa6c7u.jpg?w=1200&#038;ssl=1\"><\/p>\n<\/p>\n<p><\/p>\n<\/p>\n<\/div>\n<\/div>\n","protected":false},"excerpt":{"rendered":"<p>Projetado para telefones da s\u00e9rie iPhone 15\/14\/13\/12: \u00c9 compat\u00edvel com Mag-safe para telefones da s\u00e9rie 15\/14 s\u00e9ries\/13\/s\u00e9rie iPhone 12, sem a necessidade de um anel de metal adicional.Se o seu telefone da s\u00e9rie iPhone 15\/14\/13\/12 tiver uma capa normal que n\u00e3o seja Mag-Safe, voc\u00ea deve usar o anel de metal oco adesivo fornecido. For\u00e7a magn\u00e9tica&hellip;&nbsp;<\/p>\n","protected":false},"featured_media":26842,"template":"","meta":{"neve_meta_sidebar":"","neve_meta_container":"","neve_meta_enable_content_width":"","neve_meta_content_width":0,"neve_meta_title_alignment":"","neve_meta_author_avatar":"","neve_post_elements_order":"","neve_meta_disable_header":"","neve_meta_disable_footer":"","neve_meta_disable_title":""},"product_brand":[],"product_cat":[25,17,96],"product_tag":[],"class_list":{"0":"post-26848","1":"product","2":"type-product","3":"status-publish","4":"has-post-thumbnail","6":"product_cat-acessorios-do-interior","7":"product_cat-pecas-e-acessorios-automotivos","8":"product_cat-suportes","10":"first","11":"instock","12":"shipping-taxable","13":"purchasable","14":"product-type-variable","15":"has-default-attributes"},"jetpack_sharing_enabled":true,"_links":{"self":[{"href":"https:\/\/listman.shop\/autoparts-br\/wp-json\/wp\/v2\/product\/26848","targetHints":{"allow":["GET"]}}],"collection":[{"href":"https:\/\/listman.shop\/autoparts-br\/wp-json\/wp\/v2\/product"}],"about":[{"href":"https:\/\/listman.shop\/autoparts-br\/wp-json\/wp\/v2\/types\/product"}],"wp:featuredmedia":[{"embeddable":true,"href":"https:\/\/listman.shop\/autoparts-br\/wp-json\/wp\/v2\/media\/26842"}],"wp:attachment":[{"href":"https:\/\/listman.shop\/autoparts-br\/wp-json\/wp\/v2\/media?parent=26848"}],"wp:term":[{"taxonomy":"product_brand","embeddable":true,"href":"https:\/\/listman.shop\/autoparts-br\/wp-json\/wp\/v2\/product_brand?post=26848"},{"taxonomy":"product_cat","embeddable":true,"href":"https:\/\/listman.shop\/autoparts-br\/wp-json\/wp\/v2\/product_cat?post=26848"},{"taxonomy":"product_tag","embeddable":true,"href":"https:\/\/listman.shop\/autoparts-br\/wp-json\/wp\/v2\/product_tag?post=26848"}],"curies":[{"name":"wp","href":"https:\/\/api.w.org\/{rel}","templated":true}]}}