{"id":26949,"date":"2025-03-10T11:00:59","date_gmt":"2025-03-10T02:00:59","guid":{"rendered":"https:\/\/listman.shop\/autoparts-br\/product\/1005007285708453\/"},"modified":"2026-04-07T17:18:06","modified_gmt":"2026-04-07T08:18:06","slug":"1005007285708453","status":"publish","type":"product","link":"https:\/\/listman.shop\/autoparts-br\/product\/1005007285708453\/","title":{"rendered":"Para bmw g42 g20 g21 g22 g23 g26 g28 i3 i4 27w carro usb tipo-c carregador de telefone r\u00e1pido alavanca de mudan\u00e7a de engrenagem suporte de carregamento guarni\u00e7\u00e3o"},"content":{"rendered":"<div class=\"detailmodule_html\">\n<div class=\"detail-desc-decorate-richtext\">\n<div class=\"detailmodule_text-image\">\n<p style=\"font-family:OpenSans;font-size:14px;font-weight:300;line-height:20px;white-space:pre-wrap;margin-bottom:12px\" class=\"detail-desc-decorate-content\">A pot&ecirc;ncia de sa&iacute;da: 27W<\/p>\n<p>Apenas para o volante &agrave; esquerda<\/p>\n<p>Para BMW I3 I4 2022 2023<\/p>\n<p>Para BMW S&eacute;rie 2 S&eacute;rie 3 S&eacute;rie 4 2021 2022 2023<\/p>\n<div>\n  <img data-recalc-dims=\"1\" decoding=\"async\" class=\"detail-desc-decorate-image\" src=\"https:\/\/i0.wp.com\/ae01.alicdn.com\/kf\/S514869f7ae1f49f4802301bb91d2244c3.jpg?w=1200&#038;ssl=1\" \/><br \/>\n  <img data-recalc-dims=\"1\" decoding=\"async\" class=\"detail-desc-decorate-image\" src=\"https:\/\/i0.wp.com\/ae01.alicdn.com\/kf\/S20902da05b5a4b70a5f9c196d83294aca.jpg?w=1200&#038;ssl=1\" \/><br \/>\n  <img data-recalc-dims=\"1\" decoding=\"async\" class=\"detail-desc-decorate-image\" src=\"https:\/\/i0.wp.com\/ae01.alicdn.com\/kf\/S87f451288b6846a99d13a6fd7a2cf533G.jpg?w=1200&#038;ssl=1\" \/><br \/>\n  <img data-recalc-dims=\"1\" decoding=\"async\" class=\"detail-desc-decorate-image\" src=\"https:\/\/i0.wp.com\/ae01.alicdn.com\/kf\/Sfa580cdcc9e241128f06ebbbd4321addf.jpg?w=1200&#038;ssl=1\" \/><br \/>\n  <img data-recalc-dims=\"1\" decoding=\"async\" class=\"detail-desc-decorate-image\" src=\"https:\/\/i0.wp.com\/ae01.alicdn.com\/kf\/S88d7c8843b424b3781601d0d005b3ad8Q.jpg?w=1200&#038;ssl=1\" \/><br \/>\n  <img data-recalc-dims=\"1\" decoding=\"async\" class=\"detail-desc-decorate-image\" src=\"https:\/\/i0.wp.com\/ae01.alicdn.com\/kf\/Sc1fc36d95d674b95aff3602804c7ea1af.jpg?w=1200&#038;ssl=1\" \/><br \/>\n  <img data-recalc-dims=\"1\" decoding=\"async\" class=\"detail-desc-decorate-image\" src=\"https:\/\/i0.wp.com\/ae01.alicdn.com\/kf\/S02219fe8cc9347bb88d5fe112e79b810t.jpg?w=1200&#038;ssl=1\" \/><br \/>\n  <img data-recalc-dims=\"1\" decoding=\"async\" class=\"detail-desc-decorate-image\" src=\"https:\/\/i0.wp.com\/ae01.alicdn.com\/kf\/S2908720085d648ba9908f526fa28f544M.jpg?w=1200&#038;ssl=1\" \/><br \/>\n  <img data-recalc-dims=\"1\" decoding=\"async\" class=\"detail-desc-decorate-image\" src=\"https:\/\/i0.wp.com\/ae01.alicdn.com\/kf\/S10c05f7178094f45b4ff1a7f6d7d6f296.jpg?w=1200&#038;ssl=1\" \/><br \/>\n  <img data-recalc-dims=\"1\" decoding=\"async\" class=\"detail-desc-decorate-image\" src=\"https:\/\/i0.wp.com\/ae01.alicdn.com\/kf\/S3e757e92e1ff42bca210527dec09752bc.jpg?w=1200&#038;ssl=1\" \/>\n <\/div>\n<\/div>\n<p><\/p>\n<\/div>\n<\/div>\n","protected":false},"excerpt":{"rendered":"<p>A pot&ecirc;ncia de sa&iacute;da: 27W Apenas para o volante &agrave; esquerda Para BMW I3 I4 2022 2023 Para BMW S&eacute;rie 2 S&eacute;rie 3 S&eacute;rie 4 2021 2022 2023<\/p>\n","protected":false},"featured_media":26943,"template":"","meta":{"neve_meta_sidebar":"","neve_meta_container":"","neve_meta_enable_content_width":"","neve_meta_content_width":0,"neve_meta_title_alignment":"","neve_meta_author_avatar":"","neve_post_elements_order":"","neve_meta_disable_header":"","neve_meta_disable_footer":"","neve_meta_disable_title":""},"product_brand":[],"product_cat":[25,83,17],"product_tag":[],"class_list":{"0":"post-26949","1":"product","2":"type-product","3":"status-publish","4":"has-post-thumbnail","6":"product_cat-acessorios-do-interior","7":"product_cat-molduras-interiores","8":"product_cat-pecas-e-acessorios-automotivos","10":"first","11":"instock","12":"shipping-taxable","13":"purchasable","14":"product-type-variable","15":"has-default-attributes"},"jetpack_sharing_enabled":true,"_links":{"self":[{"href":"https:\/\/listman.shop\/autoparts-br\/wp-json\/wp\/v2\/product\/26949","targetHints":{"allow":["GET"]}}],"collection":[{"href":"https:\/\/listman.shop\/autoparts-br\/wp-json\/wp\/v2\/product"}],"about":[{"href":"https:\/\/listman.shop\/autoparts-br\/wp-json\/wp\/v2\/types\/product"}],"wp:featuredmedia":[{"embeddable":true,"href":"https:\/\/listman.shop\/autoparts-br\/wp-json\/wp\/v2\/media\/26943"}],"wp:attachment":[{"href":"https:\/\/listman.shop\/autoparts-br\/wp-json\/wp\/v2\/media?parent=26949"}],"wp:term":[{"taxonomy":"product_brand","embeddable":true,"href":"https:\/\/listman.shop\/autoparts-br\/wp-json\/wp\/v2\/product_brand?post=26949"},{"taxonomy":"product_cat","embeddable":true,"href":"https:\/\/listman.shop\/autoparts-br\/wp-json\/wp\/v2\/product_cat?post=26949"},{"taxonomy":"product_tag","embeddable":true,"href":"https:\/\/listman.shop\/autoparts-br\/wp-json\/wp\/v2\/product_tag?post=26949"}],"curies":[{"name":"wp","href":"https:\/\/api.w.org\/{rel}","templated":true}]}}