{"id":2695,"date":"2024-10-13T01:03:25","date_gmt":"2024-10-12T16:03:25","guid":{"rendered":"https:\/\/listman.shop\/autoparts-br\/product\/1005005995527760\/"},"modified":"2026-04-14T21:07:05","modified_gmt":"2026-04-14T12:07:05","slug":"1005005995527760","status":"publish","type":"product","link":"https:\/\/listman.shop\/autoparts-br\/product\/1005005995527760\/","title":{"rendered":"Transmiss\u00e3o Filtro De \u00d3leo Para BYD, Acess\u00f3rios Do Carro, Auto Pe\u00e7as De Reposi\u00e7\u00e3o, BYD S6, S7, Don Tang, 100 DM Can\u00e7\u00e3o PLUS, DMi PRO MAX, Qin Han, T651711100"},"content":{"rendered":"<div class=\"detailmodule_html\">\n<div class=\"detail-desc-decorate-richtext\">\n<p><span><strong id=\"tl_1\">Dicas de instala&ccedil;&atilde;o:<\/strong><\/span><\/p>\n<p><span><strong id=\"tl_2\">O filtro vem em cascas de ferro e pl&aacute;stico, que n&atilde;o s&atilde;o compat&iacute;veis.<\/strong><\/span><\/p>\n<p><span><strong id=\"tl_3\">Este inv&oacute;lucro de filtro &eacute; de pl&aacute;stico, compare-o com o filtro original antes de fazer o pedido.<\/strong><\/span><\/p>\n<p><\/p>\n<p><strong id=\"tl_4\">N&uacute;mero OE:<\/strong><\/p>\n<p id=\"tl_5\">T65-1711100, T651711100<\/p>\n<\/p>\n<p><strong id=\"tl_6\">Ve&iacute;culos aplic&aacute;veis:<\/strong><\/p>\n<p id=\"tl_7\">PARA BYD S6 2.4L (2014-2017)<\/p>\n<p id=\"tl_8\">PARA BYD S7 2.0T (2014-2019)<\/p>\n<p id=\"tl_9\">PARA BYD Tang 2.0T (2015-2018)<\/p>\n<p id=\"tl_10\">PARA BYD Tang 100 2.0T (2017-2017)<\/p>\n<p id=\"tl_11\">PARA BYD Tang DM 2.0T (2018-2023)<\/p>\n<p id=\"tl_12\">PARA Can&ccedil;&atilde;o BYD 1.5T (2018-2019)<\/p>\n<p id=\"tl_13\">PARA Can&ccedil;&atilde;o BYD 2.0T (2015-2018)<\/p>\n<p id=\"tl_14\">PARA BYD Song Plus DM-i 1.5T (2021-2023)<\/p>\n<p id=\"tl_15\">PARA Can&ccedil;&atilde;o BYD MAX 1,5T (2017-2020)<\/p>\n<p id=\"tl_16\">PARA BYD Song MAX DM 1,5T (2019-2022)<\/p>\n<p id=\"tl_17\">PARA BYD Song PRO 1.5T (2019-2022)<\/p>\n<p id=\"tl_18\">PARA BYD Song PRO DM 1,5T (2019-2022)<\/p>\n<p id=\"tl_19\">PARA BYD Han 2.0T 2020-2022<\/p>\n<p id=\"tl_20\">PARA BYD Han DM-i 1,5 T (2022-2025)<\/p>\n<p id=\"tl_21\">PARA BYD King DM-i 1,5 T (2022-2025)<\/p>\n<p id=\"tl_22\">PARA BYD Qin PLUS DM-i 1,5L 2021-2025<\/p>\n<p id=\"tl_23\">PARA BYD Tang DM-i \/ p 1,5 T (2022-2025)<\/p>\n<p id=\"tl_24\">PARA BYD Selo EV 2023-<\/p>\n<p id=\"tl_25\">PARA BYD Veda&ccedil;&atilde;o 7 DM-i 1,5 T (2022-2025)<\/p>\n<p id=\"tl_26\">PARA JAC QX PHEV 1,5L (2023-)<\/p>\n<p id=\"tl_27\">PARA LANDIANO (SERES) E5 1,5L (2023-2024) <\/p>\n<p><strong id=\"tl_28\">Tamanho do item:<\/strong><\/p>\n<p id=\"tl_29\">Comprimento: 55mm<\/p>\n<p id=\"tl_30\">Largura: 55mm<\/p>\n<p id=\"tl_31\">Altura: 105mm<\/p>\n<p><strong id=\"tl_32\">Observa&ccedil;&atilde;o: a diferen&ccedil;a de 1-3 mm &eacute; normal devido &agrave; medi&ccedil;&atilde;o manual.<\/strong><\/p>\n<\/p>\n<p><strong id=\"tl_33\">O pacote inclui:<\/strong><\/p>\n<p id=\"tl_34\">1 x filtro de &oacute;leo de transmiss&atilde;o autom&aacute;tica<\/p>\n<p><img data-recalc-dims=\"1\" decoding=\"async\" src=\"https:\/\/i0.wp.com\/ae01.alicdn.com\/kf\/S875f4343adfe4926bf572b78d88b000cM.jpg?w=1200&#038;ssl=1\" \/><img data-recalc-dims=\"1\" decoding=\"async\" src=\"https:\/\/i0.wp.com\/ae01.alicdn.com\/kf\/S2d73a25c032042dfb5650aaf4647bef5E.jpg?w=1200&#038;ssl=1\" \/><img data-recalc-dims=\"1\" decoding=\"async\" src=\"https:\/\/i0.wp.com\/ae01.alicdn.com\/kf\/S1f3ca4f52258499aacaed14d826e0879y.jpg?w=1200&#038;ssl=1\" \/><img data-recalc-dims=\"1\" decoding=\"async\" src=\"https:\/\/i0.wp.com\/ae01.alicdn.com\/kf\/S75c3484fe3544e1f8987cebaf896c45a7.jpg?w=1200&#038;ssl=1\" \/><img data-recalc-dims=\"1\" decoding=\"async\" src=\"https:\/\/i0.wp.com\/ae01.alicdn.com\/kf\/Se9ab826d6a3e42ea8b7c8c4da446311e1.jpg?w=1200&#038;ssl=1\" \/><img data-recalc-dims=\"1\" decoding=\"async\" src=\"https:\/\/i0.wp.com\/ae01.alicdn.com\/kf\/Sc44322b121364509948af6149910a9bca.jpg?w=1200&#038;ssl=1\" \/><\/p>\n<\/div>\n<\/div>\n","protected":false},"excerpt":{"rendered":"<p>Dicas de instala&ccedil;&atilde;o: O filtro vem em cascas de ferro e pl&aacute;stico, que n&atilde;o s&atilde;o compat&iacute;veis. Este inv&oacute;lucro de filtro &eacute; de pl&aacute;stico, compare-o com o filtro original antes de fazer o pedido. N&uacute;mero OE: T65-1711100, T651711100 Ve&iacute;culos aplic&aacute;veis: PARA BYD S6 2.4L (2014-2017) PARA BYD S7 2.0T (2014-2019) PARA BYD Tang 2.0T (2015-2018) PARA&hellip;&nbsp;<\/p>\n","protected":false},"featured_media":2689,"template":"","meta":{"neve_meta_sidebar":"","neve_meta_container":"","neve_meta_enable_content_width":"","neve_meta_content_width":0,"neve_meta_title_alignment":"","neve_meta_author_avatar":"","neve_post_elements_order":"","neve_meta_disable_header":"","neve_meta_disable_footer":"","neve_meta_disable_title":""},"product_brand":[],"product_cat":[44,26,17],"product_tag":[],"class_list":{"0":"post-2695","1":"product","2":"type-product","3":"status-publish","4":"has-post-thumbnail","6":"product_cat-filtros-de-automoveis","7":"product_cat-pecas-de-desgaste","8":"product_cat-pecas-e-acessorios-automotivos","10":"first","11":"instock","12":"shipping-taxable","13":"purchasable","14":"product-type-variable"},"jetpack_sharing_enabled":true,"_links":{"self":[{"href":"https:\/\/listman.shop\/autoparts-br\/wp-json\/wp\/v2\/product\/2695","targetHints":{"allow":["GET"]}}],"collection":[{"href":"https:\/\/listman.shop\/autoparts-br\/wp-json\/wp\/v2\/product"}],"about":[{"href":"https:\/\/listman.shop\/autoparts-br\/wp-json\/wp\/v2\/types\/product"}],"wp:featuredmedia":[{"embeddable":true,"href":"https:\/\/listman.shop\/autoparts-br\/wp-json\/wp\/v2\/media\/2689"}],"wp:attachment":[{"href":"https:\/\/listman.shop\/autoparts-br\/wp-json\/wp\/v2\/media?parent=2695"}],"wp:term":[{"taxonomy":"product_brand","embeddable":true,"href":"https:\/\/listman.shop\/autoparts-br\/wp-json\/wp\/v2\/product_brand?post=2695"},{"taxonomy":"product_cat","embeddable":true,"href":"https:\/\/listman.shop\/autoparts-br\/wp-json\/wp\/v2\/product_cat?post=2695"},{"taxonomy":"product_tag","embeddable":true,"href":"https:\/\/listman.shop\/autoparts-br\/wp-json\/wp\/v2\/product_tag?post=2695"}],"curies":[{"name":"wp","href":"https:\/\/api.w.org\/{rel}","templated":true}]}}