{"id":27050,"date":"2025-03-10T11:04:55","date_gmt":"2025-03-10T02:04:55","guid":{"rendered":"https:\/\/listman.shop\/autoparts-br\/product\/1005007382542609\/"},"modified":"2026-04-14T10:23:13","modified_gmt":"2026-04-14T01:23:13","slug":"1005007382542609","status":"publish","type":"product","link":"https:\/\/listman.shop\/autoparts-br\/product\/1005007382542609\/","title":{"rendered":"JOYROOM Suporte para telefone para carro Suporte para carro universal 360 \u00b0   Suporte girat\u00f3rio do telefone para telefones 4.7-6.8&#8221; do p\u00e1ra-brisas do painel do carro"},"content":{"rendered":"<div class=\"detailmodule_html\">\n<div class=\"detail-desc-decorate-richtext\">\n<p style=\", Roboto, Arial, Helvetica, sans-serif, SimSun;font-size:14px;font-weight:400;letter-spacing:normal;line-height:inherit;text-align:start;white-space:normal;margin:0px;margin-bottom:0px;margin-top:0px;margin-left:0px;margin-right:0px;padding:0px;padding-bottom:0px;padding-top:0px;padding-left:0px;padding-right:0px\" align=\"start\"><span style=\"font-size:24px;font-family:arial, helvetica, sans-serif\"><strong>Nome:<\/strong><\/span><\/p>\n<p><span style=\"font-size:18px;font-family:arial, helvetica, sans-serif\">JOYROOM Suporte para telefone celular Suporte para carro Universal 360\u00b0 Suporte girat\u00f3rio do telefone para p\u00e1ra-brisas do painel do carro 4.7-6,8&#8221;Telefones<\/span><\/p>\n<p style=\", Roboto, Arial, Helvetica, sans-serif, SimSun;font-size:14px;font-weight:400;letter-spacing:normal;line-height:inherit;text-align:start;white-space:normal;margin:0px;margin-bottom:0px;margin-top:0px;margin-left:0px;margin-right:0px;padding:0px;padding-bottom:0px;padding-top:0px;padding-left:0px;padding-right:0px\" align=\"start\"><\/p>\n<p style=\", Roboto, Arial, Helvetica, sans-serif, SimSun;font-size:14px;font-weight:400;letter-spacing:normal;line-height:inherit;text-align:start;white-space:normal;margin:0px;margin-bottom:0px;margin-top:0px;margin-left:0px;margin-right:0px;padding:0px;padding-bottom:0px;padding-top:0px;padding-left:0px;padding-right:0px\" align=\"start\"><span style=\"font-size:24px;font-family:arial, helvetica, sans-serif\"><strong>Caracter\u00edsticas:<\/strong><\/span><\/p>\n<p style=\", Roboto, Arial, Helvetica, sans-serif, SimSun;font-size:14px;font-weight:400;letter-spacing:normal;line-height:inherit;text-align:start;white-space:normal;margin:0px;margin-bottom:0px;margin-top:0px;margin-left:0px;margin-right:0px;padding:0px;padding-bottom:0px;padding-top:0px;padding-left:0px;padding-right:0px\" align=\"start\"><span style=\"font-size:18px;font-family:arial, helvetica, sans-serif\">1.Pressione ambos os lados para abrir e travar com um bot\u00e3o, tornando-o est\u00e1vel e seguro<\/span><\/p>\n<p style=\", Roboto, Arial, Helvetica, sans-serif, SimSun;font-size:14px;font-weight:400;letter-spacing:normal;line-height:inherit;text-align:start;white-space:normal;margin:0px;margin-bottom:0px;margin-top:0px;margin-left:0px;margin-right:0px;padding:0px;padding-bottom:0px;padding-top:0px;padding-left:0px;padding-right:0px\" align=\"start\"><span style=\"font-size:18px;font-family:arial, helvetica, sans-serif\">2.Instala\u00e7\u00e3o simples, opera\u00e7\u00e3o com uma m\u00e3o, f\u00e1cil de segurar o telefone;<\/span><\/p>\n<p style=\", Roboto, Arial, Helvetica, sans-serif, SimSun;font-size:14px;font-weight:400;letter-spacing:normal;line-height:inherit;text-align:start;white-space:normal;margin:0px;margin-bottom:0px;margin-top:0px;margin-left:0px;margin-right:0px;padding:0px;padding-bottom:0px;padding-top:0px;padding-left:0px;padding-right:0px\" align=\"start\"><span style=\"font-size:18px;font-family:arial, helvetica, sans-serif\">3.360\u00b0 ajust\u00e1vel em qualquer \u00e2ngulo, horizontal e vertical<\/span><\/p>\n<p style=\", Roboto, Arial, Helvetica, sans-serif, SimSun;font-size:14px;font-weight:400;letter-spacing:normal;line-height:inherit;text-align:start;white-space:normal;margin:0px;margin-bottom:0px;margin-top:0px;margin-left:0px;margin-right:0px;padding:0px;padding-bottom:0px;padding-top:0px;padding-left:0px;padding-right:0px\" align=\"start\"><span style=\"font-size:18px;font-family:arial, helvetica, sans-serif\">4.Tamanho compat\u00edvel do telefone m\u00f3vel: 4,7 a 6,8 polegadas<\/span><\/p>\n<p style=\", Roboto, Arial, Helvetica, sans-serif, SimSun;font-size:14px;font-weight:400;letter-spacing:normal;line-height:inherit;text-align:start;white-space:normal;margin:0px;margin-bottom:0px;margin-top:0px;margin-left:0px;margin-right:0px;padding:0px;padding-bottom:0px;padding-top:0px;padding-left:0px;padding-right:0px\" align=\"start\"><\/p>\n<p style=\", Roboto, Arial, Helvetica, sans-serif, SimSun;font-size:14px;font-weight:400;letter-spacing:normal;line-height:inherit;text-align:start;white-space:normal;margin:0px;margin-bottom:0px;margin-top:0px;margin-left:0px;margin-right:0px;padding:0px;padding-bottom:0px;padding-top:0px;padding-left:0px;padding-right:0px\" align=\"start\"><span style=\"font-size:24px;font-family:arial, helvetica, sans-serif\"><strong>Lista de pacotes:<\/strong><\/span><img data-recalc-dims=\"1\" decoding=\"async\" src=\"https:\/\/i0.wp.com\/ae01.alicdn.com\/kf\/S8bd6242816644b26bff6bf7b1e7d87f8V.jpg?w=1200&#038;ssl=1\"><\/p>\n<p><\/p>\n<p style=\", Roboto, Arial, Helvetica, sans-serif, SimSun;font-size:14px;font-weight:400;letter-spacing:normal;line-height:inherit;text-align:center;white-space:normal;margin:0px;margin-bottom:0px;margin-top:0px;margin-left:0px;margin-right:0px;padding:0px;padding-bottom:0px;padding-top:0px;padding-left:0px;padding-right:0px\" align=\"center\"><span style=\"font-size:24px;font-family:arial, helvetica, sans-serif\"><strong>Instru\u00e7\u00f5es<\/strong><\/span><\/p>\n<p style=\"text-align:center\" align=\"center\"><span style=\"font-size:18px;font-family:arial, helvetica, sans-serif\">R\u00e1pido e f\u00e1cil<\/span><\/p>\n<p style=\"text-align:center\" align=\"center\"><span style=\"font-size:18px;font-family:arial, helvetica, sans-serif\">1. Limpe a superf\u00edcie para secar<\/span><\/p>\n<p style=\"text-align:center\" align=\"center\"><span style=\"font-size:18px;font-family:arial, helvetica, sans-serif\">2. Rasgue a cola inferior<\/span><\/p>\n<p style=\"text-align:center\" align=\"center\"><span style=\"font-size:18px;font-family:arial, helvetica, sans-serif\">3.Coloque o suporte<\/span><\/p>\n<p style=\"text-align:center\" align=\"center\"><span style=\"font-size:18px;font-family:arial, helvetica, sans-serif\">4.Pressione a trava para esgotar o ar<\/span><\/p>\n<p style=\"text-align:center\" align=\"center\"><span style=\"font-size:18px;font-family:arial, helvetica, sans-serif\">5. Escolha um \u00e2ngulo adequado<\/span><img data-recalc-dims=\"1\" decoding=\"async\" src=\"https:\/\/i0.wp.com\/ae01.alicdn.com\/kf\/Scc381d477fe54c4a92abf7daf32c958cY.jpg?w=1200&#038;ssl=1\"><span style=\"font-size:24px;font-family:arial, helvetica, sans-serif\"><strong>360\u00b0 &nbsp;Rota\u00e7\u00e3o<\/strong><\/span><\/p>\n<p style=\", Roboto, Arial, Helvetica, sans-serif, SimSun;font-size:14px;font-weight:400;letter-spacing:normal;line-height:inherit;text-align:center;white-space:normal;margin:0px;margin-bottom:0px;margin-top:0px;margin-left:0px;margin-right:0px;padding:0px;padding-bottom:0px;padding-top:0px;padding-left:0px;padding-right:0px\" align=\"center\"><span style=\"font-size:18px;font-family:arial, helvetica, sans-serif\">Suporta visualiza\u00e7\u00e3o horizontal\/vertical<\/span><img data-recalc-dims=\"1\" decoding=\"async\" style=\"border:0px;margin:0px;margin-bottom:0px;margin-top:0px;margin-left:0px;margin-right:0px;padding:0px;padding-bottom:0px;padding-top:0px;padding-left:0px;padding-right:0px;max-width:100%\" src=\"https:\/\/i0.wp.com\/ae01.alicdn.com\/kf\/Sb74d53a49f054415b1b2ca9d82ad1ccaq.jpg?w=1200&#038;ssl=1\"><span style=\"font-size:24px;font-family:arial, helvetica, sans-serif\"><strong>Bloqueie seu telefone com firmeza<\/strong><\/span><\/p>\n<p style=\", Roboto, Arial, Helvetica, sans-serif, SimSun;font-size:14px;font-weight:400;letter-spacing:normal;line-height:inherit;text-align:center;white-space:normal;margin:0px;margin-bottom:0px;margin-top:0px;margin-left:0px;margin-right:0px;padding:0px;padding-bottom:0px;padding-top:0px;padding-left:0px;padding-right:0px\" align=\"center\"><span style=\"font-size:18px;font-family:arial, helvetica, sans-serif\">Mais est\u00e1vel com bra\u00e7os mais largos e bandeja ajust\u00e1vel<\/span><img data-recalc-dims=\"1\" decoding=\"async\" style=\"border:0px;margin:0px;margin-bottom:0px;margin-top:0px;margin-left:0px;margin-right:0px;padding:0px;padding-bottom:0px;padding-top:0px;padding-left:0px;padding-right:0px;max-width:100%\" src=\"https:\/\/i0.wp.com\/ae01.alicdn.com\/kf\/S68d2f3882089433595fbf2ad7c58df2cQ.jpg?w=1200&#038;ssl=1\"><img data-recalc-dims=\"1\" decoding=\"async\" style=\"border:0px;margin:0px;margin-bottom:0px;margin-top:0px;margin-left:0px;margin-right:0px;padding:0px;padding-bottom:0px;padding-top:0px;padding-left:0px;padding-right:0px;max-width:100%\" src=\"https:\/\/i0.wp.com\/ae01.alicdn.com\/kf\/S15a62c55c5be47dcbb691bdc6eb915cfu.jpg?w=1200&#038;ssl=1\"><span style=\"font-size:24px;font-family:arial, helvetica, sans-serif\"><strong>Tamanho compat\u00edvel do telefone: 4.7-6,8&#8243;<\/strong><\/span><img data-recalc-dims=\"1\" decoding=\"async\" style=\"border:0px;margin:0px;margin-bottom:0px;margin-top:0px;margin-left:0px;margin-right:0px;padding:0px;padding-bottom:0px;padding-top:0px;padding-left:0px;padding-right:0px;max-width:100%\" src=\"https:\/\/i0.wp.com\/ae01.alicdn.com\/kf\/S519353daf88c4cadaa0bdb4a37070de0l.jpg?w=1200&#038;ssl=1\"><span style=\"font-size:24px;font-family:arial, helvetica, sans-serif\"><strong>F\u00e1cil de instalar<\/strong><\/span><\/p>\n<p style=\", Roboto, Arial, Helvetica, sans-serif, SimSun;font-size:14px;font-weight:400;letter-spacing:normal;line-height:inherit;text-align:center;white-space:normal;margin:0px;margin-bottom:0px;margin-top:0px;margin-left:0px;margin-right:0px;padding:0px;padding-bottom:0px;padding-top:0px;padding-left:0px;padding-right:0px\" align=\"center\"><span style=\"font-size:18px;font-family:arial, helvetica, sans-serif\">Opera\u00e7\u00e3o com uma m\u00e3o<\/span><img data-recalc-dims=\"1\" decoding=\"async\" style=\"border:0px;margin:0px;margin-bottom:0px;margin-top:0px;margin-left:0px;margin-right:0px;padding:0px;padding-bottom:0px;padding-top:0px;padding-left:0px;padding-right:0px;max-width:100%\" src=\"https:\/\/i0.wp.com\/ae01.alicdn.com\/kf\/S1af86f834f2049a6a103dba7cc6c1cb6W.jpg?w=1200&#038;ssl=1\"><\/p>\n<\/div>\n<\/div>\n","protected":false},"excerpt":{"rendered":"<p>Nome: JOYROOM Suporte para telefone celular Suporte para carro Universal 360\u00b0 Suporte girat\u00f3rio do telefone para p\u00e1ra-brisas do painel do carro 4.7-6,8&#8221;Telefones Caracter\u00edsticas: 1.Pressione ambos os lados para abrir e travar com um bot\u00e3o, tornando-o est\u00e1vel e seguro 2.Instala\u00e7\u00e3o simples, opera\u00e7\u00e3o com uma m\u00e3o, f\u00e1cil de segurar o telefone; 3.360\u00b0 ajust\u00e1vel em qualquer \u00e2ngulo, horizontal&hellip;&nbsp;<\/p>\n","protected":false},"featured_media":27044,"template":"","meta":{"neve_meta_sidebar":"","neve_meta_container":"","neve_meta_enable_content_width":"","neve_meta_content_width":0,"neve_meta_title_alignment":"","neve_meta_author_avatar":"","neve_post_elements_order":"","neve_meta_disable_header":"","neve_meta_disable_footer":"","neve_meta_disable_title":""},"product_brand":[],"product_cat":[25,17,96],"product_tag":[],"class_list":{"0":"post-27050","1":"product","2":"type-product","3":"status-publish","4":"has-post-thumbnail","6":"product_cat-acessorios-do-interior","7":"product_cat-pecas-e-acessorios-automotivos","8":"product_cat-suportes","10":"first","11":"instock","12":"shipping-taxable","13":"purchasable","14":"product-type-variable","15":"has-default-attributes"},"jetpack_sharing_enabled":true,"_links":{"self":[{"href":"https:\/\/listman.shop\/autoparts-br\/wp-json\/wp\/v2\/product\/27050","targetHints":{"allow":["GET"]}}],"collection":[{"href":"https:\/\/listman.shop\/autoparts-br\/wp-json\/wp\/v2\/product"}],"about":[{"href":"https:\/\/listman.shop\/autoparts-br\/wp-json\/wp\/v2\/types\/product"}],"wp:featuredmedia":[{"embeddable":true,"href":"https:\/\/listman.shop\/autoparts-br\/wp-json\/wp\/v2\/media\/27044"}],"wp:attachment":[{"href":"https:\/\/listman.shop\/autoparts-br\/wp-json\/wp\/v2\/media?parent=27050"}],"wp:term":[{"taxonomy":"product_brand","embeddable":true,"href":"https:\/\/listman.shop\/autoparts-br\/wp-json\/wp\/v2\/product_brand?post=27050"},{"taxonomy":"product_cat","embeddable":true,"href":"https:\/\/listman.shop\/autoparts-br\/wp-json\/wp\/v2\/product_cat?post=27050"},{"taxonomy":"product_tag","embeddable":true,"href":"https:\/\/listman.shop\/autoparts-br\/wp-json\/wp\/v2\/product_tag?post=27050"}],"curies":[{"name":"wp","href":"https:\/\/api.w.org\/{rel}","templated":true}]}}