{"id":27156,"date":"2025-03-10T11:08:06","date_gmt":"2025-03-10T02:08:06","guid":{"rendered":"https:\/\/listman.shop\/autoparts-br\/product\/1005007432637029\/"},"modified":"2026-04-11T01:36:08","modified_gmt":"2026-04-10T16:36:08","slug":"1005007432637029","status":"publish","type":"product","link":"https:\/\/listman.shop\/autoparts-br\/product\/1005007432637029\/","title":{"rendered":"Para tesla modelo 3\/3 + highland 2024 ilumina\u00e7\u00e3o tronco do carro l\u00e2mpadas led ilumina\u00e7\u00e3o atmosfera luz caixa traseira luzes acess\u00f3rios do carro"},"content":{"rendered":"<div class=\"detailmodule_html\">\n<div class=\"detail-desc-decorate-richtext\">\n<div id=\"offer-template-0\"><\/div>\n<div style=\"width:790px\">\n <img data-recalc-dims=\"1\" decoding=\"async\" style=\"display:block;width:100%;height:auto\"   src=\"https:\/\/i0.wp.com\/ae01.alicdn.com\/kf\/Sfb847a8f96a643619cbf994d90894a7aG.jpg?w=1200&#038;ssl=1\" usemap=\"#_sdmap_1\" \/><br \/>\n <img data-recalc-dims=\"1\" decoding=\"async\" style=\"display:block;width:100%;height:auto\"   src=\"https:\/\/i0.wp.com\/ae01.alicdn.com\/kf\/S3bd0f1bffa6642a6ba9187a08499acc61.jpg?w=1200&#038;ssl=1\" usemap=\"#_sdmap_2\" \/><br \/>\n <img data-recalc-dims=\"1\" decoding=\"async\" src=\"https:\/\/i0.wp.com\/ae01.alicdn.com\/kf\/S55f52c66905a46d181172035c954f3caH.jpg?w=1200&#038;ssl=1\" \/><br \/>\n <img data-recalc-dims=\"1\" decoding=\"async\" src=\"https:\/\/i0.wp.com\/ae01.alicdn.com\/kf\/S7c1f4efd2a4349ca94fe0493b4130588B.jpg?w=1200&#038;ssl=1\" \/><br \/>\n <img data-recalc-dims=\"1\" decoding=\"async\" src=\"https:\/\/i0.wp.com\/ae01.alicdn.com\/kf\/Sefa17683eab645b2a2710f1b9dc9be2cm.jpg?w=1200&#038;ssl=1\" \/><br \/>\n <img data-recalc-dims=\"1\" decoding=\"async\" style=\"display:block;width:100%;height:auto\"   src=\"https:\/\/i0.wp.com\/ae01.alicdn.com\/kf\/S61b28d9f3b9f410e882eba232ebe4bdeB.jpg?w=1200&#038;ssl=1\" usemap=\"#_sdmap_6\" \/><br \/>\n <img data-recalc-dims=\"1\" decoding=\"async\" style=\"display:block;width:100%;height:auto\"   src=\"https:\/\/i0.wp.com\/ae01.alicdn.com\/kf\/S57aca7f09d704dd8a01faf22dbac20fa1.jpg?w=1200&#038;ssl=1\" usemap=\"#_sdmap_7\" \/><br \/>\n <img data-recalc-dims=\"1\" decoding=\"async\" style=\"display:block;width:100%;height:auto\"   src=\"https:\/\/i0.wp.com\/ae01.alicdn.com\/kf\/S0ab01f0699bf4c22998b0747b6767daft.jpg?w=1200&#038;ssl=1\" usemap=\"#_sdmap_8\" \/><br \/>\n <img data-recalc-dims=\"1\" decoding=\"async\" style=\"display:block;width:100%;height:auto\"   src=\"https:\/\/i0.wp.com\/ae01.alicdn.com\/kf\/S36a250101acf4dacaf877b0a0a18ae77y.jpg?w=1200&#038;ssl=1\" usemap=\"#_sdmap_9\" \/><br \/>\n <img data-recalc-dims=\"1\" decoding=\"async\" style=\"display:block;width:100%;height:auto\"   src=\"https:\/\/i0.wp.com\/ae01.alicdn.com\/kf\/S30826885ba984c58a07c609399c3ad9ea.jpg?w=1200&#038;ssl=1\" usemap=\"#_sdmap_11\" \/><br \/>\n <img data-recalc-dims=\"1\" decoding=\"async\" style=\"display:block;width:100%;height:auto\"   src=\"https:\/\/i0.wp.com\/ae01.alicdn.com\/kf\/Sfa127f9687e941eca570b2202a1023526.jpg?w=1200&#038;ssl=1\" usemap=\"#_sdmap_12\" \/><br \/>\n <img data-recalc-dims=\"1\" decoding=\"async\" style=\"display:block;width:100%;height:auto\"   src=\"https:\/\/i0.wp.com\/ae01.alicdn.com\/kf\/Se24ca74049274ff5b6cc76fca2ca85efN.jpg?w=1200&#038;ssl=1\" usemap=\"#_sdmap_13\" \/><br \/>\n <img data-recalc-dims=\"1\" decoding=\"async\" style=\"display:block;width:100%;height:auto\"   src=\"https:\/\/i0.wp.com\/ae01.alicdn.com\/kf\/Sb3738b4c28ae47e78c976c9297b5fedao.jpg?w=1200&#038;ssl=1\" usemap=\"#_sdmap_14\" \/><br \/>\n <img data-recalc-dims=\"1\" decoding=\"async\" style=\"display:block;width:100%;height:auto\"   src=\"https:\/\/i0.wp.com\/ae01.alicdn.com\/kf\/S6dfbad823c844827b04ee1aef4ca9c71C.jpg?w=1200&#038;ssl=1\" usemap=\"#_sdmap_15\" \/><br \/>\n <img data-recalc-dims=\"1\" decoding=\"async\" style=\"display:block;width:100%;height:auto\"   src=\"https:\/\/i0.wp.com\/ae01.alicdn.com\/kf\/S93bc40ce8fbb4dfd9cae5233ae48e930y.jpg?w=1200&#038;ssl=1\" usemap=\"#_sdmap_16\" \/>\n<\/div>\n<p><\/div>\n<\/div>\n","protected":false},"excerpt":{"rendered":"","protected":false},"featured_media":27150,"template":"","meta":{"neve_meta_sidebar":"","neve_meta_container":"","neve_meta_enable_content_width":"","neve_meta_content_width":0,"neve_meta_title_alignment":"","neve_meta_author_avatar":"","neve_post_elements_order":"","neve_meta_disable_header":"","neve_meta_disable_footer":"","neve_meta_disable_title":""},"product_brand":[],"product_cat":[25,83,17],"product_tag":[],"class_list":{"0":"post-27156","1":"product","2":"type-product","3":"status-publish","4":"has-post-thumbnail","6":"product_cat-acessorios-do-interior","7":"product_cat-molduras-interiores","8":"product_cat-pecas-e-acessorios-automotivos","10":"first","11":"instock","12":"shipping-taxable","13":"purchasable","14":"product-type-variable","15":"has-default-attributes"},"jetpack_sharing_enabled":true,"_links":{"self":[{"href":"https:\/\/listman.shop\/autoparts-br\/wp-json\/wp\/v2\/product\/27156","targetHints":{"allow":["GET"]}}],"collection":[{"href":"https:\/\/listman.shop\/autoparts-br\/wp-json\/wp\/v2\/product"}],"about":[{"href":"https:\/\/listman.shop\/autoparts-br\/wp-json\/wp\/v2\/types\/product"}],"wp:featuredmedia":[{"embeddable":true,"href":"https:\/\/listman.shop\/autoparts-br\/wp-json\/wp\/v2\/media\/27150"}],"wp:attachment":[{"href":"https:\/\/listman.shop\/autoparts-br\/wp-json\/wp\/v2\/media?parent=27156"}],"wp:term":[{"taxonomy":"product_brand","embeddable":true,"href":"https:\/\/listman.shop\/autoparts-br\/wp-json\/wp\/v2\/product_brand?post=27156"},{"taxonomy":"product_cat","embeddable":true,"href":"https:\/\/listman.shop\/autoparts-br\/wp-json\/wp\/v2\/product_cat?post=27156"},{"taxonomy":"product_tag","embeddable":true,"href":"https:\/\/listman.shop\/autoparts-br\/wp-json\/wp\/v2\/product_tag?post=27156"}],"curies":[{"name":"wp","href":"https:\/\/api.w.org\/{rel}","templated":true}]}}