{"id":27435,"date":"2025-03-10T11:15:16","date_gmt":"2025-03-10T02:15:16","guid":{"rendered":"https:\/\/listman.shop\/autoparts-br\/product\/1005007551642288\/"},"modified":"2026-04-11T01:33:08","modified_gmt":"2026-04-10T16:33:08","slug":"1005007551642288","status":"publish","type":"product","link":"https:\/\/listman.shop\/autoparts-br\/product\/1005007551642288\/","title":{"rendered":"Para volvo xc60 2009-2017 s60 s60l 2011-19 console central do carro persianas deslizantes suporte de copo rolo cego capa substitui\u00e7\u00e3o 39868873"},"content":{"rendered":"<div class=\"detailmodule_html\">\n<div class=\"detail-desc-decorate-richtext\">\n<div class=\"detailmodule_html\">\n<div class=\"detail-desc-decorate-richtext\">\n<div style=\"display:mangofig\">\n<div style=\"height:0;overflow:hidden\">modname=ckeditor<\/div>\n<div>\n<p><strong><span style=\"font-size:20px;font-family:arial, helvetica, sans-serif\">Suporte de copo para console central de carro, capa de rolo deslizante, caixa de armazenamento, guarni\u00e7\u00e3o, tira de anel, pe\u00e7as de revestimento para volvo xc60 v60 s60l<\/span><\/strong><\/p>\n<p><span style=\"font-size:18px;font-family:arial, helvetica, sans-serif\"><strong>Caracter\u00edstica:<\/strong><\/span><\/p>\n<p style=\"font-family:OpenSans;font-size:14px;font-weight:300;letter-spacing:normal;line-height:20px;text-align:start;white-space:pre-wrap;margin:0px 0px 12px;margin-bottom:12px;margin-top:0px;margin-left:0px;margin-right:0px;padding:0px;padding-bottom:0px;padding-top:0px;padding-left:0px;padding-right:0px\" align=\"start\"><span style=\"font-family:arial, helvetica, sans-serif\">Substitui\u00e7\u00e3o direta.<br \/>F\u00e1cil instala\u00e7\u00e3o e uso dur\u00e1vel.<br \/>\u00d3tima qualidade e \u00f3timo ajuste.<br \/>Conector correto Sem corte ou emenda.<br \/>Rigorosos padr\u00f5es de controle de qualidade para construir e testar.<\/span><\/p>\n<p><\/p>\n<p style=\"font-family:OpenSans;font-size:14px;font-weight:300;letter-spacing:normal;line-height:20px;text-align:start;white-space:pre-wrap;margin:0px 0px 12px;margin-bottom:12px;margin-top:0px;margin-left:0px;margin-right:0px;padding:0px;padding-bottom:0px;padding-top:0px;padding-left:0px;padding-right:0px\" align=\"start\"><span style=\"font-size:18px;font-family:arial, helvetica, sans-serif\"><strong>Especifica\u00e7\u00e3o:<\/strong><\/span><\/p>\n<p style=\"font-family:\" align=\"start\"><span style=\"font-size:14px;font-family:arial, helvetica, sans-serif\"><strong>Material: ABS de alta qualidade<\/strong><\/span><\/p>\n<p style=\"font-family:\" align=\"start\"><span style=\"font-size:14px;font-family:arial, helvetica, sans-serif\"><strong>Cor: Preto<\/strong><\/span><\/p>\n<p style=\"font-family:\" align=\"start\"><span style=\"font-size:14px;font-family:arial, helvetica, sans-serif\"><strong>Vantagem: Design atualizado, mais s\u00f3lido, n\u00e3o \u00e9 f\u00e1cil de quebrar, substitua perfeitamente.<\/strong><\/span><\/p>\n<p style=\"font-family:\" align=\"start\"><span style=\"font-size:18px;font-family:arial, helvetica, sans-serif\"><br \/><\/span><span style=\"font-size:18px;font-family:arial, helvetica, sans-serif\"><strong>Aplica\u00e7\u00e3o:<\/strong><\/span><br \/><span style=\"font-family:arial, helvetica, sans-serif\">Volvo XC60 2009-2017<br \/>Volvo V60 2011-2017<br \/>Volvo S60 2011-2019<br \/>Volvo S60L 2011-2019<\/span><\/p>\n<p style=\"font-family:\" align=\"start\"><span style=\"font-size:18px;font-family:arial, helvetica, sans-serif\"><strong>OE N\u00c3O:<\/strong><\/span> <span style=\"font-family:arial, helvetica, sans-serif\">39868873, 39868875<\/span><\/p>\n<p style=\"font-family:\" align=\"start\"><span style=\"font-size:18px;font-family:arial, helvetica, sans-serif\">Conte\u00fado do pacote:<\/span><span style=\"font-family:arial, helvetica, sans-serif\"><br \/>1 * tampa da persiana do rolo do suporte de copo<br \/>Apenas o conte\u00fado do pacote acima, outros produtos n\u00e3o est\u00e3o inclu\u00eddos.<\/span><\/p>\n<p style=\"font-family:\" align=\"start\"><span style=\"font-family:arial, helvetica, sans-serif\"><br \/><\/span><span style=\"font-size:18px;font-family:arial, helvetica, sans-serif\">Nota:<\/span><span style=\"font-family:arial, helvetica, sans-serif\">Disparo leve e displays diferentes podem fazer com que a cor do item na imagem seja um pouco diferente da coisa real. O erro de medi\u00e7\u00e3o permitido \u00e9 de +\/- 1-3cm.<\/span><\/p>\n<p><\/p>\n<p style=\"font-family:\" align=\"start\"><img data-recalc-dims=\"1\" decoding=\"async\" src=\"https:\/\/i0.wp.com\/ae01.alicdn.com\/kf\/S7a0c536badd945dd9342fa3332687c56s.jpg?w=1200&#038;ssl=1\"><img data-recalc-dims=\"1\" decoding=\"async\" src=\"https:\/\/i0.wp.com\/ae01.alicdn.com\/kf\/Sc785c26ce4994247bbb04628fa078a99F.jpg?w=1200&#038;ssl=1\"><img data-recalc-dims=\"1\" decoding=\"async\" src=\"https:\/\/i0.wp.com\/ae01.alicdn.com\/kf\/S3466e5ac2c5047e09d91210ef45d9ba4A.jpg?w=1200&#038;ssl=1\"><img data-recalc-dims=\"1\" decoding=\"async\" src=\"https:\/\/i0.wp.com\/ae01.alicdn.com\/kf\/S5c19e1e2b84841fcaf4128c05f93f03dd.jpg?w=1200&#038;ssl=1\"><img data-recalc-dims=\"1\" decoding=\"async\" src=\"https:\/\/i0.wp.com\/ae01.alicdn.com\/kf\/Sc021076763224577ad0b5806fca2d701S.jpg?w=1200&#038;ssl=1\"><img data-recalc-dims=\"1\" decoding=\"async\" src=\"https:\/\/i0.wp.com\/ae01.alicdn.com\/kf\/S9caae1afbc8744cd899fcc9ea82089a5L.jpg?w=1200&#038;ssl=1\"><img data-recalc-dims=\"1\" decoding=\"async\" src=\"https:\/\/i0.wp.com\/ae01.alicdn.com\/kf\/S5a92b2d8562e4074b8e42571a10deaa8w.jpg?w=1200&#038;ssl=1\"><\/p>\n<\/p><\/div>\n<\/div>\n<\/div>\n<\/div>\n<\/div>\n<\/div>\n","protected":false},"excerpt":{"rendered":"<p>modname=ckeditor Suporte de copo para console central de carro, capa de rolo deslizante, caixa de armazenamento, guarni\u00e7\u00e3o, tira de anel, pe\u00e7as de revestimento para volvo xc60 v60 s60l Caracter\u00edstica: Substitui\u00e7\u00e3o direta.F\u00e1cil instala\u00e7\u00e3o e uso dur\u00e1vel.\u00d3tima qualidade e \u00f3timo ajuste.Conector correto Sem corte ou emenda.Rigorosos padr\u00f5es de controle de qualidade para construir e testar. Especifica\u00e7\u00e3o: Material:&hellip;&nbsp;<\/p>\n","protected":false},"featured_media":27429,"template":"","meta":{"neve_meta_sidebar":"","neve_meta_container":"","neve_meta_enable_content_width":"","neve_meta_content_width":0,"neve_meta_title_alignment":"","neve_meta_author_avatar":"","neve_post_elements_order":"","neve_meta_disable_header":"","neve_meta_disable_footer":"","neve_meta_disable_title":""},"product_brand":[],"product_cat":[25,83,17],"product_tag":[],"class_list":{"0":"post-27435","1":"product","2":"type-product","3":"status-publish","4":"has-post-thumbnail","6":"product_cat-acessorios-do-interior","7":"product_cat-molduras-interiores","8":"product_cat-pecas-e-acessorios-automotivos","10":"first","11":"instock","12":"shipping-taxable","13":"purchasable","14":"product-type-variable","15":"has-default-attributes"},"jetpack_sharing_enabled":true,"_links":{"self":[{"href":"https:\/\/listman.shop\/autoparts-br\/wp-json\/wp\/v2\/product\/27435","targetHints":{"allow":["GET"]}}],"collection":[{"href":"https:\/\/listman.shop\/autoparts-br\/wp-json\/wp\/v2\/product"}],"about":[{"href":"https:\/\/listman.shop\/autoparts-br\/wp-json\/wp\/v2\/types\/product"}],"wp:featuredmedia":[{"embeddable":true,"href":"https:\/\/listman.shop\/autoparts-br\/wp-json\/wp\/v2\/media\/27429"}],"wp:attachment":[{"href":"https:\/\/listman.shop\/autoparts-br\/wp-json\/wp\/v2\/media?parent=27435"}],"wp:term":[{"taxonomy":"product_brand","embeddable":true,"href":"https:\/\/listman.shop\/autoparts-br\/wp-json\/wp\/v2\/product_brand?post=27435"},{"taxonomy":"product_cat","embeddable":true,"href":"https:\/\/listman.shop\/autoparts-br\/wp-json\/wp\/v2\/product_cat?post=27435"},{"taxonomy":"product_tag","embeddable":true,"href":"https:\/\/listman.shop\/autoparts-br\/wp-json\/wp\/v2\/product_tag?post=27435"}],"curies":[{"name":"wp","href":"https:\/\/api.w.org\/{rel}","templated":true}]}}