{"id":27480,"date":"2025-03-10T11:16:05","date_gmt":"2025-03-10T02:16:05","guid":{"rendered":"https:\/\/listman.shop\/autoparts-br\/product\/1005007581830834\/"},"modified":"2026-04-14T09:40:08","modified_gmt":"2026-04-14T00:40:08","slug":"1005007581830834","status":"publish","type":"product","link":"https:\/\/listman.shop\/autoparts-br\/product\/1005007581830834\/","title":{"rendered":"3 p\u00e7s algod\u00e3o respir\u00e1vel capa de assento de carro universal almofada macia durante toda a temporada protetor de assento de carro interior acess\u00f3rios do carro"},"content":{"rendered":"<div class=\"detailmodule_html\">\n<div class=\"detail-desc-decorate-richtext\">\n<p><img data-recalc-dims=\"1\" decoding=\"async\" src=\"https:\/\/i0.wp.com\/ae01.alicdn.com\/kf\/S1489bef910b84505b4d0358211d62332c.jpg?w=1200&#038;ssl=1\"><\/p>\n<p>Conjunto universal de capa de assento de carro, algod\u00e3o e linho, almofada de cadeira de carro, acess\u00f3rios de almofada protetora frontal e traseira<\/p>\n<p><\/p>\n<p>Nome do produto: capa de assento de carro<\/p>\n<p><\/p>\n<p>Cor: preto com bege, preto com vermelho, preto<\/p>\n<p>Material: Algod\u00e3o e linho<\/p>\n<p>Adequado para: Universal para todos os ve\u00edculos<\/p>\n<p>Tipo: estilo de carro<\/p>\n<p><\/p>\n<p>Caracter\u00edstica:<\/p>\n<p>&#8211; Algod\u00e3o e linho de alta qualidade, sem sujeira e f\u00e1cil de limpar<\/p>\n<p>&#8211; O assento tem design de bolso, leve e f\u00e1cil de transportar<\/p>\n<p>Escolha acess\u00f3rios de mandril de alta qualidade para maior durabilidade<\/p>\n<p>&#8211; Bolsa de couro resistente ao calor, confort\u00e1vel e respir\u00e1vel<\/p>\n<p>&#8211; Use design completo, sem necessidade de emenda de v\u00e1rios blocos.<\/p>\n<p><\/p>\n<p>Observado:<\/p>\n<p>As imagens s\u00e3o apenas para refer\u00eancia.O produto real prevalece.Sua satisfa\u00e7\u00e3o est\u00e1 em nosso melhor interesse.<\/p>\n<\/p>\n<p>Pacote: 3 unidades<\/p>\n<p><img data-recalc-dims=\"1\" loading=\"lazy\" decoding=\"async\" width=\"944\" height=\"169\" src=\"https:\/\/i0.wp.com\/ae01.alicdn.com\/kf\/S13f06319537e4b9b9c3df968eb352644J.png?resize=944%2C169&#038;ssl=1\"><img data-recalc-dims=\"1\" loading=\"lazy\" decoding=\"async\" width=\"944\" height=\"660\" src=\"https:\/\/i0.wp.com\/ae01.alicdn.com\/kf\/S1e6cbbbde4cb4a389b2f18eac0c0e16fK.jpg?resize=944%2C660&#038;ssl=1\"><img data-recalc-dims=\"1\" loading=\"lazy\" decoding=\"async\" width=\"944\" height=\"944\" src=\"https:\/\/i0.wp.com\/ae01.alicdn.com\/kf\/Sb72e4d3c4c6b41fe9a95b88ebb302f55R.jpg?resize=944%2C944&#038;ssl=1\"><img data-recalc-dims=\"1\" loading=\"lazy\" decoding=\"async\" width=\"944\" height=\"944\" src=\"https:\/\/i0.wp.com\/ae01.alicdn.com\/kf\/Sfbec154efc9c4841ac876af2ee355cb8q.jpg?resize=944%2C944&#038;ssl=1\"><img data-recalc-dims=\"1\" loading=\"lazy\" decoding=\"async\" width=\"944\" height=\"1410\" src=\"https:\/\/i0.wp.com\/ae01.alicdn.com\/kf\/S39af7242059649509613a2b25371b3b0o.jpg?resize=944%2C1410&#038;ssl=1\"><img data-recalc-dims=\"1\" decoding=\"async\" src=\"https:\/\/i0.wp.com\/ae01.alicdn.com\/kf\/S416b6d2d061e45bd8b75e3cfc8f1dc48Q.jpg?w=1200&#038;ssl=1\"><img data-recalc-dims=\"1\" loading=\"lazy\" decoding=\"async\" width=\"944\" height=\"944\" src=\"https:\/\/i0.wp.com\/ae01.alicdn.com\/kf\/S2a8ac66681d747b29b230560bb846490I.png?resize=944%2C944&#038;ssl=1\"><img data-recalc-dims=\"1\" loading=\"lazy\" decoding=\"async\" width=\"944\" height=\"944\" src=\"https:\/\/i0.wp.com\/ae01.alicdn.com\/kf\/Sa243683b91b04b4181fdb4b39489cb63L.png?resize=944%2C944&#038;ssl=1\"><img data-recalc-dims=\"1\" loading=\"lazy\" decoding=\"async\" width=\"944\" height=\"944\" src=\"https:\/\/i0.wp.com\/ae01.alicdn.com\/kf\/S1a38606a49f4423b8d77067ad50586edf.png?resize=944%2C944&#038;ssl=1\"><img data-recalc-dims=\"1\" loading=\"lazy\" decoding=\"async\" width=\"944\" height=\"624\" src=\"https:\/\/i0.wp.com\/ae01.alicdn.com\/kf\/Sa942d7e7ac91445093cac0a5b5e6cc07U.jpg?resize=944%2C624&#038;ssl=1\"><img data-recalc-dims=\"1\" loading=\"lazy\" decoding=\"async\" width=\"944\" height=\"463\" src=\"https:\/\/i0.wp.com\/ae01.alicdn.com\/kf\/S8a8ea3e1538243fcad062e180cf553c0g.jpg?resize=944%2C463&#038;ssl=1\"><\/p>\n<\/div>\n<\/div>\n","protected":false},"excerpt":{"rendered":"<p>Conjunto universal de capa de assento de carro, algod\u00e3o e linho, almofada de cadeira de carro, acess\u00f3rios de almofada protetora frontal e traseira Nome do produto: capa de assento de carro Cor: preto com bege, preto com vermelho, preto Material: Algod\u00e3o e linho Adequado para: Universal para todos os ve\u00edculos Tipo: estilo de carro Caracter\u00edstica:&hellip;&nbsp;<\/p>\n","protected":false},"featured_media":27474,"template":"","meta":{"neve_meta_sidebar":"","neve_meta_container":"","neve_meta_enable_content_width":"","neve_meta_content_width":0,"neve_meta_title_alignment":"","neve_meta_author_avatar":"","neve_post_elements_order":"","neve_meta_disable_header":"","neve_meta_disable_footer":"","neve_meta_disable_title":""},"product_brand":[],"product_cat":[125,25,17],"product_tag":[],"class_list":{"0":"post-27480","1":"product","2":"type-product","3":"status-publish","4":"has-post-thumbnail","6":"product_cat-acessorios-assento","7":"product_cat-acessorios-do-interior","8":"product_cat-pecas-e-acessorios-automotivos","10":"first","11":"instock","12":"shipping-taxable","13":"purchasable","14":"product-type-variable","15":"has-default-attributes"},"jetpack_sharing_enabled":true,"_links":{"self":[{"href":"https:\/\/listman.shop\/autoparts-br\/wp-json\/wp\/v2\/product\/27480","targetHints":{"allow":["GET"]}}],"collection":[{"href":"https:\/\/listman.shop\/autoparts-br\/wp-json\/wp\/v2\/product"}],"about":[{"href":"https:\/\/listman.shop\/autoparts-br\/wp-json\/wp\/v2\/types\/product"}],"wp:featuredmedia":[{"embeddable":true,"href":"https:\/\/listman.shop\/autoparts-br\/wp-json\/wp\/v2\/media\/27474"}],"wp:attachment":[{"href":"https:\/\/listman.shop\/autoparts-br\/wp-json\/wp\/v2\/media?parent=27480"}],"wp:term":[{"taxonomy":"product_brand","embeddable":true,"href":"https:\/\/listman.shop\/autoparts-br\/wp-json\/wp\/v2\/product_brand?post=27480"},{"taxonomy":"product_cat","embeddable":true,"href":"https:\/\/listman.shop\/autoparts-br\/wp-json\/wp\/v2\/product_cat?post=27480"},{"taxonomy":"product_tag","embeddable":true,"href":"https:\/\/listman.shop\/autoparts-br\/wp-json\/wp\/v2\/product_tag?post=27480"}],"curies":[{"name":"wp","href":"https:\/\/api.w.org\/{rel}","templated":true}]}}