{"id":27677,"date":"2025-03-10T11:21:00","date_gmt":"2025-03-10T02:21:00","guid":{"rendered":"https:\/\/listman.shop\/autoparts-br\/product\/1005007748214691\/"},"modified":"2026-04-11T01:54:15","modified_gmt":"2026-04-10T16:54:15","slug":"1005007748214691","status":"publish","type":"product","link":"https:\/\/listman.shop\/autoparts-br\/product\/1005007748214691\/","title":{"rendered":"Para mazda mazda3 axela cx30 CX-30 2020 2021 CX-50 CX-60 CX-90 2023 p\u00e1s de mudan\u00e7a de carro volante extens\u00e3o dsg estilo"},"content":{"rendered":"<div class=\"detailmodule_html\">\n<div class=\"detail-desc-decorate-richtext\">\n<p style=\", Roboto, Arial, Helvetica, sans-serif, SimSun;font-size:14px;font-weight:400;letter-spacing:normal;line-height:inherit;text-align:start;white-space:normal;margin:0px;margin-bottom:0px;margin-top:0px;margin-left:0px;margin-right:0px;padding:0px;padding-bottom:0px;padding-top:0px;padding-left:0px;padding-right:0px\" align=\"start\"><span style=\"font-size:20px\" id=\"tl_1\">Por favor, verifique seu c&acirc;mbio de marcha!!Deve ser consistente com nossos modelos.<\/span><\/p>\n<p style=\", Roboto, Arial, Helvetica, sans-serif, SimSun;font-size:14px;font-weight:400;letter-spacing:normal;line-height:inherit;text-align:start;white-space:normal;margin:0px;margin-bottom:0px;margin-top:0px;margin-left:0px;margin-right:0px;padding:0px;padding-bottom:0px;padding-top:0px;padding-left:0px;padding-right:0px\" align=\"start\"><span style=\"font-size:20px\" id=\"tl_2\">certifique-se de que a foto mostrada &eacute; a mesma que voc&ecirc; deseja antes da compra.<\/span><\/p>\n<p><\/p>\n<p><strong><span class=\"src\" style=\"font-size:16px;font-family:PingFangSC-Regular\" id=\"tl_3\">Caracter&iacute;sticas:<\/span><\/strong><\/p>\n<p><\/p>\n<p><span class=\"src\" style=\"font-size:16px;font-family:PingFangSC-Regular\" id=\"tl_4\">1.Condi&ccedil;&atilde;o: 100% novo.<\/span><\/p>\n<p><span class=\"src\" style=\"font-size:16px;font-family:PingFangSC-Regular\" id=\"tl_5\">2.Material: pl&aacute;stico ABS<\/span><\/p>\n<p><span class=\"src\" style=\"font-size:16px;font-family:PingFangSC-Regular\" id=\"tl_6\">3.Cor dispon&iacute;vel: Fibra de Carbono Preto; Cetim Preto; Fibra de Carbono Vermelho; Preto; Vermelho<\/span><\/p>\n<p><span class=\"src\" style=\"font-size:16px;font-family:PingFangSC-Regular\" id=\"tl_7\">4.Compacto, conveniente e f&aacute;cil de usar.<\/span><\/p>\n<p><span class=\"src\" style=\"font-size:16px;font-family:PingFangSC-Regular\" id=\"tl_8\">5.Instala&ccedil;&atilde;o f&aacute;cil e r&aacute;pida.<\/span><\/p>\n<p><span class=\"src\" style=\"font-size:16px;font-family:PingFangSC-Regular\" id=\"tl_9\">6.Nota: S&oacute; pode ser usado para volante DSG +\/- fun&ccedil;&atilde;o de ve&iacute;culo<\/span><\/p>\n<p><\/p>\n<p><strong><span class=\"src\" style=\"font-size:16px;font-family:PingFangSC-Regular\" id=\"tl_10\">Ve&iacute;culos compat&iacute;veis:<\/span><\/strong><\/p>\n<p><\/p>\n<p><span class=\"src\" style=\"font-size:16px;font-family:PingFangSC-Regular\" id=\"tl_11\">2020 a 2023 Mazda 3 Hatchback (BP)<\/span><\/p>\n<p><span class=\"src\" style=\"font-size:16px;font-family:PingFangSC-Regular\" id=\"tl_12\">Berlina Mazda 3 2020 a 2023 (BP)<\/span><\/p>\n<p><span class=\"src\" style=\"font-size:16px;font-family:PingFangSC-Regular\" id=\"tl_13\">2020 a 2023 Mazda CX-30 (DM)<\/span><\/p>\n<p><span class=\"src\" style=\"font-size:16px;font-family:PingFangSC-Regular\" id=\"tl_14\">2023 a 2024 Mazda CX-50 (VA)<\/span><\/p>\n<p><span class=\"src\" style=\"font-size:16px;font-family:PingFangSC-Regular\" id=\"tl_15\">2023 a 2024 Mazda CX-60<\/span><\/p>\n<p><span class=\"src\" style=\"font-size:16px;font-family:PingFangSC-Regular\" id=\"tl_16\">Mazda CX-90 de 2024 anos<\/span><\/p>\n<p><\/p>\n<p><strong><span class=\"src\" style=\"font-size:16px;font-family:PingFangSC-Regular\" id=\"tl_17\">Conte&uacute;do do pacote:<\/span><\/strong><\/p>\n<p><\/p>\n<p><span class=\"src\" style=\"font-size:16px;font-family:PingFangSC-Regular\" id=\"tl_18\">2 * extens&atilde;o de mudan&ccedil;a de remo (esquerda + direita)<\/span><\/p>\n<p><\/p>\n<p><span class=\"src\" style=\"font-size:16px;font-family:PingFangSC-Regular\" id=\"tl_19\">100% novo, igual &agrave;s fotos abaixo, produtos de alta qualidade, todos est&atilde;o em estoque e prontos para envio!<\/span><\/p>\n<p><\/p>\n<p><span class=\"src\" style=\"font-size:16px;font-family:PingFangSC-Regular\" id=\"tl_20\">Se voc&ecirc; n&atilde;o consegue confirmar essa compatibilidade, anexe alguma foto do seu volante, n&oacute;s o ajudaremos a verificar novamente, muito obrigado pela sua ajuda!Observa&ccedil;&atilde;o: <\/p>\n<p>Esta &eacute; apenas a impress&atilde;o de fibra de carbono, n&atilde;o carbono real, &eacute; pl&aacute;stico ABS. Por favor, observe!! !<\/span><\/p>\n<p><\/p>\n<p><img data-recalc-dims=\"1\" loading=\"lazy\" decoding=\"async\" width=\"800\" height=\"1067\" src=\"https:\/\/i0.wp.com\/ae01.alicdn.com\/kf\/Sd69bf84a7e164708aa4da6044a098ee5x.jpg?resize=800%2C1067&#038;ssl=1\" \/><img data-recalc-dims=\"1\" decoding=\"async\" src=\"https:\/\/i0.wp.com\/ae01.alicdn.com\/kf\/S169ca577c31748b58468750bab88ac7eE.jpg?w=1200&#038;ssl=1\" \/><img data-recalc-dims=\"1\" decoding=\"async\" src=\"https:\/\/i0.wp.com\/ae01.alicdn.com\/kf\/Saeaf56303b9c42eabff3fc35ab848546B.jpg?w=1200&#038;ssl=1\" \/><img data-recalc-dims=\"1\" decoding=\"async\" src=\"https:\/\/i0.wp.com\/ae01.alicdn.com\/kf\/Sf981fb1ae77a49409bae352e2ab30c4bL.jpg?w=1200&#038;ssl=1\" \/><img data-recalc-dims=\"1\" decoding=\"async\" src=\"https:\/\/i0.wp.com\/ae01.alicdn.com\/kf\/Sc163d16866944bb69db133f3e55263088.jpg?w=1200&#038;ssl=1\" \/><img data-recalc-dims=\"1\" decoding=\"async\" src=\"https:\/\/i0.wp.com\/ae01.alicdn.com\/kf\/Sb0d92f7a03e3422caff4ec4677e621fdZ.jpg?w=1200&#038;ssl=1\" \/><img data-recalc-dims=\"1\" decoding=\"async\" src=\"https:\/\/i0.wp.com\/ae01.alicdn.com\/kf\/Scff498e6c23942299c5431c8dd3d9a7ct.jpg?w=1200&#038;ssl=1\" \/><img data-recalc-dims=\"1\" decoding=\"async\" src=\"https:\/\/i0.wp.com\/ae01.alicdn.com\/kf\/S094cce0223744db2b2bdf209aea8ccf1l.jpg?w=1200&#038;ssl=1\" \/><img data-recalc-dims=\"1\" decoding=\"async\" src=\"https:\/\/i0.wp.com\/ae01.alicdn.com\/kf\/S99642ce5795d432ab35b1beb46fa4628W.jpg?w=1200&#038;ssl=1\" \/><\/p>\n<p><\/p>\n<p><\/p>\n<\/div>\n<\/div>\n","protected":false},"excerpt":{"rendered":"<p>Por favor, verifique seu c&acirc;mbio de marcha!!Deve ser consistente com nossos modelos. certifique-se de que a foto mostrada &eacute; a mesma que voc&ecirc; deseja antes da compra. Caracter&iacute;sticas: 1.Condi&ccedil;&atilde;o: 100% novo. 2.Material: pl&aacute;stico ABS 3.Cor dispon&iacute;vel: Fibra de Carbono Preto; Cetim Preto; Fibra de Carbono Vermelho; Preto; Vermelho 4.Compacto, conveniente e f&aacute;cil de usar. 5.Instala&ccedil;&atilde;o&hellip;&nbsp;<\/p>\n","protected":false},"featured_media":27671,"template":"","meta":{"neve_meta_sidebar":"","neve_meta_container":"","neve_meta_enable_content_width":"","neve_meta_content_width":0,"neve_meta_title_alignment":"","neve_meta_author_avatar":"","neve_post_elements_order":"","neve_meta_disable_header":"","neve_meta_disable_footer":"","neve_meta_disable_title":""},"product_brand":[],"product_cat":[25,83,17],"product_tag":[],"class_list":{"0":"post-27677","1":"product","2":"type-product","3":"status-publish","4":"has-post-thumbnail","6":"product_cat-acessorios-do-interior","7":"product_cat-molduras-interiores","8":"product_cat-pecas-e-acessorios-automotivos","10":"first","11":"instock","12":"shipping-taxable","13":"purchasable","14":"product-type-variable","15":"has-default-attributes"},"jetpack_sharing_enabled":true,"_links":{"self":[{"href":"https:\/\/listman.shop\/autoparts-br\/wp-json\/wp\/v2\/product\/27677","targetHints":{"allow":["GET"]}}],"collection":[{"href":"https:\/\/listman.shop\/autoparts-br\/wp-json\/wp\/v2\/product"}],"about":[{"href":"https:\/\/listman.shop\/autoparts-br\/wp-json\/wp\/v2\/types\/product"}],"wp:featuredmedia":[{"embeddable":true,"href":"https:\/\/listman.shop\/autoparts-br\/wp-json\/wp\/v2\/media\/27671"}],"wp:attachment":[{"href":"https:\/\/listman.shop\/autoparts-br\/wp-json\/wp\/v2\/media?parent=27677"}],"wp:term":[{"taxonomy":"product_brand","embeddable":true,"href":"https:\/\/listman.shop\/autoparts-br\/wp-json\/wp\/v2\/product_brand?post=27677"},{"taxonomy":"product_cat","embeddable":true,"href":"https:\/\/listman.shop\/autoparts-br\/wp-json\/wp\/v2\/product_cat?post=27677"},{"taxonomy":"product_tag","embeddable":true,"href":"https:\/\/listman.shop\/autoparts-br\/wp-json\/wp\/v2\/product_tag?post=27677"}],"curies":[{"name":"wp","href":"https:\/\/api.w.org\/{rel}","templated":true}]}}