{"id":27694,"date":"2025-03-10T11:21:33","date_gmt":"2025-03-10T02:21:33","guid":{"rendered":"https:\/\/listman.shop\/autoparts-br\/product\/1005007758196611\/"},"modified":"2026-05-07T17:52:13","modified_gmt":"2026-05-07T08:52:13","slug":"1005007758196611","status":"publish","type":"product","link":"https:\/\/listman.shop\/autoparts-br\/product\/1005007758196611\/","title":{"rendered":"Clipes de fixa\u00e7\u00e3o autom\u00e1tica, 680 pe\u00e7as, corpo do carro, pino retentor, rebite, porta, guarni\u00e7\u00e3o, painel, retentor, kit de fixa\u00e7\u00e3o, ferramentas de remo\u00e7\u00e3o autom\u00e1tica"},"content":{"rendered":"<div class=\"detailmodule_html\">\n<div class=\"detail-desc-decorate-richtext\">\n<p>Caracter\u00edsticas:<\/p>\n<p>100% novo e de alta qualidade<\/p>\n<p>A p\u00f3s-press\u00e3o do rebite expande as pernas para uma fixa\u00e7\u00e3o r\u00e1pida e permanente.<\/p>\n<p>Amplamente utilizado para p\u00e1ra-lamas de carro, p\u00e1ra-choques, porta, placa de folha ou outra superf\u00edcie de carro.<\/p>\n<p>Esses rebites s\u00e3o feitos de material pl\u00e1stico<\/p>\n<p>Aplica\u00e7\u00e3o: adequado para muitos carros.F\u00e1cil de usar. Podem ser usados em \u00f4nibus, trens, avi\u00f5es, caminh\u00f5es, caravanas e carros.<\/p>\n<p><\/p>\n<p>Nota:<\/p>\n<p>(1) Todos os ve\u00edculos possuem uma variedade de clipes diferentes.Diferentes modelos v\u00eam em tamanhos diferentes e n\u00e3o existem clipes universais.Por favor, verifique o m\u00e1ximo poss\u00edvel antes de comprar.<\/p>\n<p>(2) Temos f\u00e1bricas que produzem clipes de fixa\u00e7\u00e3o automotiva e outras pe\u00e7as automotivas. Nossos clipes possuem r\u00edgidos padr\u00f5es de controle de qualidade.<\/p>\n<p><img data-recalc-dims=\"1\" decoding=\"async\" src=\"https:\/\/i0.wp.com\/ae01.alicdn.com\/kf\/Sc82bca9aa95d497883f5f3d1c676cbebQ.jpg?w=1200&#038;ssl=1\"><img data-recalc-dims=\"1\" decoding=\"async\" src=\"https:\/\/i0.wp.com\/ae01.alicdn.com\/kf\/S1f2f035f1b554b968beb225b90a44bb3e.jpg?w=1200&#038;ssl=1\"><img data-recalc-dims=\"1\" decoding=\"async\" src=\"https:\/\/i0.wp.com\/ae01.alicdn.com\/kf\/S17010494c9074b4da18c4cded6454f1cw.jpg?w=1200&#038;ssl=1\"><img data-recalc-dims=\"1\" decoding=\"async\" src=\"https:\/\/i0.wp.com\/ae01.alicdn.com\/kf\/Sd46636c7735e44d69ca3d72c495702b3j.jpg?w=1200&#038;ssl=1\"><img data-recalc-dims=\"1\" decoding=\"async\" src=\"https:\/\/i0.wp.com\/ae01.alicdn.com\/kf\/Sff71600968b7473088874701c61492afT.jpg?w=1200&#038;ssl=1\"><img data-recalc-dims=\"1\" decoding=\"async\" src=\"https:\/\/i0.wp.com\/ae01.alicdn.com\/kf\/Sb129cd772f06459da9d3e0765bd608200.jpg?w=1200&#038;ssl=1\"><img data-recalc-dims=\"1\" decoding=\"async\" src=\"https:\/\/i0.wp.com\/ae01.alicdn.com\/kf\/Sa273094048064d6ba6c58f84ab187e4bY.jpg?w=1200&#038;ssl=1\"><img data-recalc-dims=\"1\" decoding=\"async\" src=\"https:\/\/i0.wp.com\/ae01.alicdn.com\/kf\/S7d7afc9a7eda42fbbfe9d9d1dc728a61h.jpg?w=1200&#038;ssl=1\"><\/p>\n<\/div>\n<\/div>\n","protected":false},"excerpt":{"rendered":"<p>Caracter\u00edsticas: 100% novo e de alta qualidade A p\u00f3s-press\u00e3o do rebite expande as pernas para uma fixa\u00e7\u00e3o r\u00e1pida e permanente. Amplamente utilizado para p\u00e1ra-lamas de carro, p\u00e1ra-choques, porta, placa de folha ou outra superf\u00edcie de carro. Esses rebites s\u00e3o feitos de material pl\u00e1stico Aplica\u00e7\u00e3o: adequado para muitos carros.F\u00e1cil de usar. Podem ser usados em \u00f4nibus,&hellip;&nbsp;<\/p>\n","protected":false},"featured_media":27688,"template":"","meta":{"neve_meta_sidebar":"","neve_meta_container":"","neve_meta_enable_content_width":"","neve_meta_content_width":0,"neve_meta_title_alignment":"","neve_meta_author_avatar":"","neve_post_elements_order":"","neve_meta_disable_header":"","neve_meta_disable_footer":"","neve_meta_disable_title":""},"product_brand":[],"product_cat":[25,17,105],"product_tag":[],"class_list":{"0":"post-27694","1":"product","2":"type-product","3":"status-publish","4":"has-post-thumbnail","6":"product_cat-acessorios-do-interior","7":"product_cat-pecas-e-acessorios-automotivos","8":"product_cat-prendedor-automatico-e-clipe","10":"first","11":"outofstock","12":"shipping-taxable","13":"purchasable","14":"product-type-variable","15":"has-default-attributes"},"jetpack_sharing_enabled":true,"_links":{"self":[{"href":"https:\/\/listman.shop\/autoparts-br\/wp-json\/wp\/v2\/product\/27694","targetHints":{"allow":["GET"]}}],"collection":[{"href":"https:\/\/listman.shop\/autoparts-br\/wp-json\/wp\/v2\/product"}],"about":[{"href":"https:\/\/listman.shop\/autoparts-br\/wp-json\/wp\/v2\/types\/product"}],"wp:featuredmedia":[{"embeddable":true,"href":"https:\/\/listman.shop\/autoparts-br\/wp-json\/wp\/v2\/media\/27688"}],"wp:attachment":[{"href":"https:\/\/listman.shop\/autoparts-br\/wp-json\/wp\/v2\/media?parent=27694"}],"wp:term":[{"taxonomy":"product_brand","embeddable":true,"href":"https:\/\/listman.shop\/autoparts-br\/wp-json\/wp\/v2\/product_brand?post=27694"},{"taxonomy":"product_cat","embeddable":true,"href":"https:\/\/listman.shop\/autoparts-br\/wp-json\/wp\/v2\/product_cat?post=27694"},{"taxonomy":"product_tag","embeddable":true,"href":"https:\/\/listman.shop\/autoparts-br\/wp-json\/wp\/v2\/product_tag?post=27694"}],"curies":[{"name":"wp","href":"https:\/\/api.w.org\/{rel}","templated":true}]}}