{"id":27965,"date":"2025-03-10T11:28:26","date_gmt":"2025-03-10T02:28:26","guid":{"rendered":"https:\/\/listman.shop\/autoparts-br\/product\/1005008059641379\/"},"modified":"2026-04-07T18:08:08","modified_gmt":"2026-04-07T09:08:08","slug":"1005008059641379","status":"publish","type":"product","link":"https:\/\/listman.shop\/autoparts-br\/product\/1005008059641379\/","title":{"rendered":"LFOTPP Caixa de arruma\u00e7\u00e3o do apoio de bra\u00e7o central do carro para Toyota C-HR Hybrid 2024 2025 2026 Contentor antiderrapante Auto Toyota C-HR Acess\u00f3rios"},"content":{"rendered":"<div class=\"detailmodule_html\">\n<div class=\"detail-desc-decorate-richtext\">\n<div class=\"detailmodule_text\">\n<p style=\"font-family:OpenSans;font-size:20px;font-weight:900;line-height:28px;white-space:pre-wrap;margin-bottom:12px\" class=\"detail-desc-decorate-title\">Descri\u00e7\u00e3o do produto:<\/p>\n<p style=\"font-family:OpenSans;font-size:14px;font-weight:300;line-height:20px;white-space:pre-wrap;margin-bottom:12px\" class=\"detail-desc-decorate-content\">\ud83d\ude97<strong>1.\u3010Carro especial dedicado\u3011: Projetado para o 2024 2025 2026 Toyota C-HR II AX20 \/ H\u00edbrido \/ Plug-in H\u00edbrido \/ GR Sport \/ Premiere volante \u00e0 esquerda.<\/strong><br \/>\ud83d\ude972.\u3010Espa\u00e7o m\u00e1ximo de armazenamento\u3011: Aumento de 20% na \u00e1rea de armazenamento, h\u00e1 velcro no produto, que pode ser fixado na posi\u00e7\u00e3o de instala\u00e7\u00e3o para evitar movimentos.Organiza pequenos itens e deixa o carro arrumado.<br \/>\ud83d\ude973.\u3010Material ABS\u3011: polimento, alta resist\u00eancia ao impacto, resist\u00eancia ao calor, resist\u00eancia a baixas temperaturas e excelentes propriedades el\u00e9tricas.<br \/>\ud83d\ude974.\u3010Ambientalmente amig\u00e1vel e dur\u00e1vel\u3011: O tapete \u00e9 feito de l\u00e1tex de alta qualidade, ecologicamente correto e dur\u00e1vel.<br \/>\ud83d\ude975.\u3010F\u00e1cil de limpar e instalar\u3011: Se ficar sujo, voc\u00ea pode levantar o tapete e limp\u00e1-lo com \u00e1gua.<\/p>\n<\/div>\n<div class=\"detailmodule_text\">\n<p style=\"font-family:OpenSans;font-size:20px;font-weight:900;line-height:28px;white-space:pre-wrap;margin-bottom:12px\" class=\"detail-desc-decorate-title\">Dica importante:<\/p>\n<p style=\"font-family:OpenSans;font-size:14px;font-weight:300;line-height:20px;white-space:pre-wrap;margin-bottom:12px\" class=\"detail-desc-decorate-content\">\ud83d\ude97 Consulte a exibi\u00e7\u00e3o da imagem do produto. Se voc\u00ea n\u00e3o tiver certeza sobre o produto, entre em contato conosco a tempo de informar o ano do modelo do seu carro. Responderemos prontamente. muito obrigado!<\/p>\n<\/div>\n<div class=\"detailmodule_text-image\"><img data-recalc-dims=\"1\" decoding=\"async\" class=\"detail-desc-decorate-image\" src=\"https:\/\/i0.wp.com\/ae01.alicdn.com\/kf\/S61898b07e4854be290f1c29f234c7333v.jpg?w=1200&#038;ssl=1\"><img data-recalc-dims=\"1\" decoding=\"async\" class=\"detail-desc-decorate-image\" src=\"https:\/\/i0.wp.com\/ae01.alicdn.com\/kf\/Sd90f99d356fb4331a2addf601c68f8f99.jpg?w=1200&#038;ssl=1\"><img data-recalc-dims=\"1\" decoding=\"async\" class=\"detail-desc-decorate-image\" src=\"https:\/\/i0.wp.com\/ae01.alicdn.com\/kf\/S1678371202b7494cbb99166a7a635051t.jpg?w=1200&#038;ssl=1\"><img data-recalc-dims=\"1\" decoding=\"async\" class=\"detail-desc-decorate-image\" src=\"https:\/\/i0.wp.com\/ae01.alicdn.com\/kf\/Sc4b79c6534a947948cda792a46e71a6aZ.jpg?w=1200&#038;ssl=1\"><img data-recalc-dims=\"1\" decoding=\"async\" class=\"detail-desc-decorate-image\" src=\"https:\/\/i0.wp.com\/ae01.alicdn.com\/kf\/S2f2f417632c34d6e80d745bf23c86b43Y.jpg?w=1200&#038;ssl=1\"><img data-recalc-dims=\"1\" decoding=\"async\" class=\"detail-desc-decorate-image\" src=\"https:\/\/i0.wp.com\/ae01.alicdn.com\/kf\/Sc8b1610b341243adad3f4991aa1aa123M.jpg?w=1200&#038;ssl=1\"><img data-recalc-dims=\"1\" decoding=\"async\" class=\"detail-desc-decorate-image\" src=\"https:\/\/i0.wp.com\/ae01.alicdn.com\/kf\/S4cf8661249c14ea68ff2465a855639b3d.jpg?w=1200&#038;ssl=1\"><img data-recalc-dims=\"1\" decoding=\"async\" class=\"detail-desc-decorate-image\" src=\"https:\/\/i0.wp.com\/ae01.alicdn.com\/kf\/S5dbb368803e346159d3310c985dcfb372.jpg?w=1200&#038;ssl=1\"><img data-recalc-dims=\"1\" decoding=\"async\" class=\"detail-desc-decorate-image\" src=\"https:\/\/i0.wp.com\/ae01.alicdn.com\/kf\/Se7126ea212d74cf88133158526cb70d84.png?w=1200&#038;ssl=1\"><img data-recalc-dims=\"1\" decoding=\"async\" class=\"detail-desc-decorate-image\" src=\"https:\/\/i0.wp.com\/ae01.alicdn.com\/kf\/S520fe474804e41a59e898f5be2584e1fG.png?w=1200&#038;ssl=1\"><\/div>\n<div class=\"detailmodule_image\"><img data-recalc-dims=\"1\" decoding=\"async\" class=\"detail-desc-decorate-image\" src=\"https:\/\/i0.wp.com\/ae01.alicdn.com\/kf\/S8483393b9b9c4096a0d2859dce9b8841w.jpg?w=1200&#038;ssl=1\"><\/div>\n<p><\/div>\n<\/div>\n","protected":false},"excerpt":{"rendered":"<p>Descri\u00e7\u00e3o do produto: \ud83d\ude971.\u3010Carro especial dedicado\u3011: Projetado para o 2024 2025 2026 Toyota C-HR II AX20 \/ H\u00edbrido \/ Plug-in H\u00edbrido \/ GR Sport \/ Premiere volante \u00e0 esquerda.\ud83d\ude972.\u3010Espa\u00e7o m\u00e1ximo de armazenamento\u3011: Aumento de 20% na \u00e1rea de armazenamento, h\u00e1 velcro no produto, que pode ser fixado na posi\u00e7\u00e3o de instala\u00e7\u00e3o para evitar movimentos.Organiza pequenos&hellip;&nbsp;<\/p>\n","protected":false},"featured_media":27959,"template":"","meta":{"neve_meta_sidebar":"","neve_meta_container":"","neve_meta_enable_content_width":"","neve_meta_content_width":0,"neve_meta_title_alignment":"","neve_meta_author_avatar":"","neve_post_elements_order":"","neve_meta_disable_header":"","neve_meta_disable_footer":"","neve_meta_disable_title":""},"product_brand":[],"product_cat":[25,81,17],"product_tag":[],"class_list":{"0":"post-27965","1":"product","2":"type-product","3":"status-publish","4":"has-post-thumbnail","6":"product_cat-acessorios-do-interior","7":"product_cat-armazenamento-interior-do-carro","8":"product_cat-pecas-e-acessorios-automotivos","10":"first","11":"instock","12":"shipping-taxable","13":"purchasable","14":"product-type-variable","15":"has-default-attributes"},"jetpack_sharing_enabled":true,"_links":{"self":[{"href":"https:\/\/listman.shop\/autoparts-br\/wp-json\/wp\/v2\/product\/27965","targetHints":{"allow":["GET"]}}],"collection":[{"href":"https:\/\/listman.shop\/autoparts-br\/wp-json\/wp\/v2\/product"}],"about":[{"href":"https:\/\/listman.shop\/autoparts-br\/wp-json\/wp\/v2\/types\/product"}],"wp:featuredmedia":[{"embeddable":true,"href":"https:\/\/listman.shop\/autoparts-br\/wp-json\/wp\/v2\/media\/27959"}],"wp:attachment":[{"href":"https:\/\/listman.shop\/autoparts-br\/wp-json\/wp\/v2\/media?parent=27965"}],"wp:term":[{"taxonomy":"product_brand","embeddable":true,"href":"https:\/\/listman.shop\/autoparts-br\/wp-json\/wp\/v2\/product_brand?post=27965"},{"taxonomy":"product_cat","embeddable":true,"href":"https:\/\/listman.shop\/autoparts-br\/wp-json\/wp\/v2\/product_cat?post=27965"},{"taxonomy":"product_tag","embeddable":true,"href":"https:\/\/listman.shop\/autoparts-br\/wp-json\/wp\/v2\/product_tag?post=27965"}],"curies":[{"name":"wp","href":"https:\/\/api.w.org\/{rel}","templated":true}]}}