{"id":27987,"date":"2025-03-10T11:28:56","date_gmt":"2025-03-10T02:28:56","guid":{"rendered":"https:\/\/listman.shop\/autoparts-br\/product\/1005008101500692\/"},"modified":"2026-04-14T10:05:24","modified_gmt":"2026-04-14T01:05:24","slug":"1005008101500692","status":"publish","type":"product","link":"https:\/\/listman.shop\/autoparts-br\/product\/1005008101500692\/","title":{"rendered":"Capa de couro para volante de carro, para toyota chr rav4 corolla highlander prius yaris prius raize reutiliza\u00e7\u00e3o auris camry acess\u00f3rios"},"content":{"rendered":"<div class=\"detailmodule_html\">\n<div class=\"detail-desc-decorate-richtext\"><img data-recalc-dims=\"1\" loading=\"lazy\" decoding=\"async\" height=\"1052\" src=\"https:\/\/i0.wp.com\/ae-pic-a1.aliexpress-media.com\/kf\/S05595240eaf0417bab27bfd4cb662efcW.jpg?resize=790%2C1052&#038;ssl=1\" style=\"width: 100%;height: auto;vertical-align: middle\" width=\"790\" \/><img data-recalc-dims=\"1\" loading=\"lazy\" decoding=\"async\" height=\"1162\" src=\"https:\/\/i0.wp.com\/ae-pic-a1.aliexpress-media.com\/kf\/Sb8ca080cb22f41e797bbd1c92448ce1f7.jpg?resize=790%2C1162&#038;ssl=1\" style=\"width: 100%;height: auto;vertical-align: middle\" width=\"790\" \/><img data-recalc-dims=\"1\" loading=\"lazy\" decoding=\"async\" height=\"725\" src=\"https:\/\/i0.wp.com\/ae-pic-a1.aliexpress-media.com\/kf\/Sc982e0b01ca144ecb5428d4edfd24327P.jpg?resize=790%2C725&#038;ssl=1\" style=\"width: 100%;height: auto;vertical-align: middle\" width=\"790\" \/><img data-recalc-dims=\"1\" loading=\"lazy\" decoding=\"async\" height=\"888\" src=\"https:\/\/i0.wp.com\/ae-pic-a1.aliexpress-media.com\/kf\/S7682db3ad65b4eda974248da9d5e947cw.jpg?resize=790%2C888&#038;ssl=1\" style=\"width: 100%;height: auto;vertical-align: middle\" width=\"790\" \/><img data-recalc-dims=\"1\" loading=\"lazy\" decoding=\"async\" height=\"1174\" src=\"https:\/\/i0.wp.com\/ae-pic-a1.aliexpress-media.com\/kf\/Sd634cbcab8244bc480086e74917e6d0dl.jpg?resize=790%2C1174&#038;ssl=1\" style=\"width: 100%;height: auto;vertical-align: middle\" width=\"790\" \/><img data-recalc-dims=\"1\" loading=\"lazy\" decoding=\"async\" height=\"1858\" src=\"https:\/\/i0.wp.com\/ae-pic-a1.aliexpress-media.com\/kf\/S50cc4977d6084d15964c808bd31ce94cU.jpg?resize=1200%2C1858&#038;ssl=1\" style=\"width: 100%;height: auto;vertical-align: middle\" width=\"1200\" \/><img data-recalc-dims=\"1\" loading=\"lazy\" decoding=\"async\" height=\"1858\" src=\"https:\/\/i0.wp.com\/ae-pic-a1.aliexpress-media.com\/kf\/S5aba6f528a5b474eb428c3ada62f84eap.jpg?resize=1200%2C1858&#038;ssl=1\" style=\"width: 100%;height: auto;vertical-align: middle\" width=\"1200\" \/><img data-recalc-dims=\"1\" loading=\"lazy\" decoding=\"async\" height=\"1150\" src=\"https:\/\/i0.wp.com\/ae-pic-a1.aliexpress-media.com\/kf\/Se06231e3e3054a5e96ad10b7a81df5c9i.jpg?resize=790%2C1150&#038;ssl=1\" style=\"width: 100%;height: auto;vertical-align: middle\" width=\"790\" \/><\/div>\n<\/div>\n","protected":false},"excerpt":{"rendered":"","protected":false},"featured_media":27981,"template":"","meta":{"neve_meta_sidebar":"","neve_meta_container":"","neve_meta_enable_content_width":"","neve_meta_content_width":0,"neve_meta_title_alignment":"","neve_meta_author_avatar":"","neve_post_elements_order":"","neve_meta_disable_header":"","neve_meta_disable_footer":"","neve_meta_disable_title":""},"product_brand":[],"product_cat":[25,17,89],"product_tag":[],"class_list":{"0":"post-27987","1":"product","2":"type-product","3":"status-publish","4":"has-post-thumbnail","6":"product_cat-acessorios-do-interior","7":"product_cat-pecas-e-acessorios-automotivos","8":"product_cat-volantes-e-acessorios","10":"first","11":"instock","12":"shipping-taxable","13":"purchasable","14":"product-type-variable","15":"has-default-attributes"},"jetpack_sharing_enabled":true,"_links":{"self":[{"href":"https:\/\/listman.shop\/autoparts-br\/wp-json\/wp\/v2\/product\/27987","targetHints":{"allow":["GET"]}}],"collection":[{"href":"https:\/\/listman.shop\/autoparts-br\/wp-json\/wp\/v2\/product"}],"about":[{"href":"https:\/\/listman.shop\/autoparts-br\/wp-json\/wp\/v2\/types\/product"}],"wp:featuredmedia":[{"embeddable":true,"href":"https:\/\/listman.shop\/autoparts-br\/wp-json\/wp\/v2\/media\/27981"}],"wp:attachment":[{"href":"https:\/\/listman.shop\/autoparts-br\/wp-json\/wp\/v2\/media?parent=27987"}],"wp:term":[{"taxonomy":"product_brand","embeddable":true,"href":"https:\/\/listman.shop\/autoparts-br\/wp-json\/wp\/v2\/product_brand?post=27987"},{"taxonomy":"product_cat","embeddable":true,"href":"https:\/\/listman.shop\/autoparts-br\/wp-json\/wp\/v2\/product_cat?post=27987"},{"taxonomy":"product_tag","embeddable":true,"href":"https:\/\/listman.shop\/autoparts-br\/wp-json\/wp\/v2\/product_tag?post=27987"}],"curies":[{"name":"wp","href":"https:\/\/api.w.org\/{rel}","templated":true}]}}