{"id":28229,"date":"2025-03-10T11:35:48","date_gmt":"2025-03-10T02:35:48","guid":{"rendered":"https:\/\/listman.shop\/autoparts-br\/product\/1005008189763010\/"},"modified":"2026-04-07T17:22:06","modified_gmt":"2026-04-07T08:22:06","slug":"1005008189763010","status":"publish","type":"product","link":"https:\/\/listman.shop\/autoparts-br\/product\/1005008189763010\/","title":{"rendered":"Um 90686003699051   Fivela de cinto de seguran\u00e7a dianteira de seguran\u00e7a do carro para mercedes benz sprinter at\u00e9 2018 p\u00e9s esquerdo fivela de cinto de seguran\u00e7a acess\u00f3rios do carro"},"content":{"rendered":"<div class=\"detailmodule_text\">\n<p style=\"font-family:OpenSans;font-size:20px;font-weight:900;line-height:28px;white-space:pre-wrap;margin-bottom:12px\" class=\"detail-desc-decorate-title\">A90686003699051 Car Safety Front Seat Belt Buckle For Mercedes Benz Sprinter UP TO 2018 Left Ft Seat Belt Buckle Car Accessories<\/p>\n<\/div>\n<div class=\"detailmodule_image\"><img data-recalc-dims=\"1\" decoding=\"async\" class=\"detail-desc-decorate-image\" src=\"https:\/\/i0.wp.com\/ae01.alicdn.com\/kf\/HTB1ynvdcL1G3KVjSZFkq6yK4XXaF.jpg?w=1200\" \/><\/div>\n<div class=\"detailmodule_text\"><\/div>\n<div class=\"detailmodule_text\">\n<p style=\"font-family:OpenSans;font-size:20px;font-weight:900;line-height:28px;white-space:pre-wrap;margin-bottom:12px\" class=\"detail-desc-decorate-title\">OEM Part Number:<\/p>\n<p style=\"font-family:OpenSans;font-size:14px;font-weight:300;line-height:20px;white-space:pre-wrap;margin-bottom:12px\" class=\"detail-desc-decorate-content\">A90686003699051<\/p>\n<p>Note: Please compare your item carefully with photo and OE Number to avoid mistake!!!<\/p>\n<\/div>\n<div class=\"detailmodule_text\">\n<p style=\"font-family:OpenSans;font-size:20px;font-weight:900;line-height:28px;white-space:pre-wrap;margin-bottom:12px\" class=\"detail-desc-decorate-title\">Fit For the Following Models:<\/p>\n<p style=\"font-family:OpenSans;font-size:14px;font-weight:300;line-height:20px;white-space:pre-wrap;margin-bottom:12px\" class=\"detail-desc-decorate-content\">2007-2018 Fit for Sprinter 2500 3500<\/p>\n<\/div>\n<div class=\"detailmodule_text\">\n<p style=\"font-family:OpenSans;font-size:20px;font-weight:900;line-height:28px;white-space:pre-wrap;margin-bottom:12px\" class=\"detail-desc-decorate-title\">Feature:<\/p>\n<p style=\"font-family:OpenSans;font-size:14px;font-weight:300;line-height:20px;white-space:pre-wrap;margin-bottom:12px\" class=\"detail-desc-decorate-content\">* 100% brand new and high quality<br \/>* Solidly made, Advanced manufacturing technology and work well<br \/>* Stable characteristic, high reliability<br \/>* Easy to install<br \/>* It is a good choice to replace an old one<br \/>* Brand New<br \/>* For Mercedes-Benz<br \/>* Driver&#x27;s Side Seat Belt Buckle<br \/>* (Left Side) without Luxury Seats<br \/>* 2007-2018 Sprinter 2500 3500<br \/>* Direct replacement for Mercedes-Benz driver&#x27;s side seatbelt buckle.<\/p>\n<\/div>\n<div class=\"detailmodule_text\">\n<p style=\"font-family:OpenSans;font-size:20px;font-weight:900;line-height:28px;white-space:pre-wrap;margin-bottom:12px\" class=\"detail-desc-decorate-title\">Package included:<\/p>\n<p style=\"font-family:OpenSans;font-size:14px;font-weight:300;line-height:20px;white-space:pre-wrap;margin-bottom:12px\" class=\"detail-desc-decorate-content\">1X Seat Belt Buckle<\/p>\n<\/div>\n<div class=\"detailmodule_text\">\n<p style=\"font-family:OpenSans;font-size:20px;font-weight:900;line-height:28px;white-space:pre-wrap;margin-bottom:12px\" class=\"detail-desc-decorate-title\">Notes:<\/p>\n<p style=\"font-family:OpenSans;font-size:14px;font-weight:300;line-height:20px;white-space:pre-wrap;margin-bottom:12px\" class=\"detail-desc-decorate-content\">1.Please allow 1-3mm error due to manual measurement. pls make sure you do not mind before you bid.<\/p>\n<p>2.Due to the difference between different monitors, the picture may not reflect the actual color of the item. Thank you!<\/p>\n<\/div>\n<div class=\"detailmodule_text\">\n<p style=\"font-family:OpenSans;font-size:20px;font-weight:900;line-height:28px;white-space:pre-wrap;margin-bottom:12px\" class=\"detail-desc-decorate-title\">Wholesale and Drop shipping<\/p>\n<p style=\"font-family:OpenSans;font-size:14px;font-weight:300;line-height:20px;white-space:pre-wrap;margin-bottom:12px\" class=\"detail-desc-decorate-content\">&#8211; For wholesale, we will offer the discount or free express shipping which only takes 3-7 days to arrive.<\/p>\n<p>&#8211; For drop shipping, We could send the goods to your customers directly and won&#x27;t leave information about us if youd like to.<\/p>\n<\/div>\n<div class=\"detailmodule_image\"><img data-recalc-dims=\"1\" decoding=\"async\" class=\"detail-desc-decorate-image\" src=\"https:\/\/i0.wp.com\/ae01.alicdn.com\/kf\/HTB1Q4nccLWG3KVjSZFPq6xaiXXaL.jpg?w=1200\" \/><\/div>\n<div class=\"detailmodule_text-image\"><img data-recalc-dims=\"1\" decoding=\"async\" class=\"detail-desc-decorate-image\" src=\"https:\/\/i0.wp.com\/ae01.alicdn.com\/kf\/Saf88e4cb15c24b8fa871e6ba47f4c53cL.jpg?w=1200&#038;ssl=1\" \/><img data-recalc-dims=\"1\" decoding=\"async\" class=\"detail-desc-decorate-image\" src=\"https:\/\/i0.wp.com\/ae01.alicdn.com\/kf\/S5fa0833d4f8b44699b310266b48a0a9b6.jpg?w=1200&#038;ssl=1\" \/><img data-recalc-dims=\"1\" decoding=\"async\" class=\"detail-desc-decorate-image\" src=\"https:\/\/i0.wp.com\/ae01.alicdn.com\/kf\/S4ff7494f902d4df2b3f0ad55de4bb49cN.jpg?w=1200&#038;ssl=1\" \/><img data-recalc-dims=\"1\" decoding=\"async\" class=\"detail-desc-decorate-image\" src=\"https:\/\/i0.wp.com\/ae01.alicdn.com\/kf\/S3effd1b05e844eb6b353958149180838H.jpg?w=1200&#038;ssl=1\" \/><img data-recalc-dims=\"1\" decoding=\"async\" class=\"detail-desc-decorate-image\" src=\"https:\/\/i0.wp.com\/ae01.alicdn.com\/kf\/S5375ca8bf44c4a3392fef5904346b643O.jpg?w=1200&#038;ssl=1\" \/><img data-recalc-dims=\"1\" decoding=\"async\" class=\"detail-desc-decorate-image\" src=\"https:\/\/i0.wp.com\/ae01.alicdn.com\/kf\/Sd6b81203b85e4ba59087ff9ab5c4399ep.jpg?w=1200&#038;ssl=1\" \/><img data-recalc-dims=\"1\" decoding=\"async\" class=\"detail-desc-decorate-image\" src=\"https:\/\/i0.wp.com\/ae01.alicdn.com\/kf\/S81f5613ed6d7422399470e36f296fcf28.jpg?w=1200&#038;ssl=1\" \/><\/div>\n<div class=\"detailmodule_text\">\n<p style=\"font-family:OpenSans;font-size:20px;font-weight:900;line-height:28px;white-space:pre-wrap;margin-bottom:12px\" class=\"detail-desc-decorate-title\">About Payment<\/p>\n<\/div>\n<div class=\"detailmodule_text\">\n<p style=\"font-family:OpenSans;font-size:14px;font-weight:300;line-height:20px;white-space:pre-wrap;margin-bottom:12px\" class=\"detail-desc-decorate-content\">* We accept Alipay, West Union, TT. All major credit cards are accepted through secure payment process or ESCROW.<\/p>\n<p>* Payment must be made within 3 days of order.<\/p>\n<p>* If you can&#x27;t check out immediately after auction close, please wait for a few minutes and retry Payments must be completed within 3 days.<\/p>\n<\/div>\n<div class=\"detailmodule_text\">\n<p style=\"font-family:OpenSans;font-size:20px;font-weight:900;line-height:28px;white-space:pre-wrap;margin-bottom:12px\" class=\"detail-desc-decorate-title\">About Shipment<\/p>\n<\/div>\n<div class=\"detailmodule_text\">\n<p style=\"font-family:OpenSans;font-size:14px;font-weight:300;line-height:20px;white-space:pre-wrap;margin-bottom:12px\" class=\"detail-desc-decorate-content\">** WORLDWIDE SHIPPING.<\/p>\n<p>** Orders processed timely after the payment verification.<\/p>\n<p>** We only ship to confirmed order addresses. Your order address must match your Shipping address.<\/p>\n<p>** The images shown are not the actual item and are for your reference only.<\/p>\n<p>** SERVICE TRANSIT TIME is provided by the carrier and excludes weekends and holidays. Transit times may vary, particularly during the holiday season.<\/p>\n<p>** If you have not received your shipment within 30 days from payment, please contact us. We will track the shipment and get back to you as soon as possible with a reply. Our goal is customer satisfaction!<\/p>\n<\/div>\n<div class=\"detailmodule_text\">\n<p style=\"font-family:OpenSans;font-size:20px;font-weight:900;line-height:28px;white-space:pre-wrap;margin-bottom:12px\" class=\"detail-desc-decorate-title\">Return &amp; Refund<\/p>\n<\/div>\n<div class=\"detailmodule_text\">\n<p style=\"font-family:OpenSans;font-size:14px;font-weight:300;line-height:20px;white-space:pre-wrap;margin-bottom:12px\" class=\"detail-desc-decorate-content\">*** You have 7 days to contact us and 30 days to return it from the date it was received. If this item is in your possession more than 7 days, it is considered used and WE WILL NOT ISSUE YOU A REFUND OR REPLACEMENT. There are NO EXCEPTIONS! Shipping cost is bear by both seller and buyer in half.<\/p>\n<p>*** All returned items MUST BE in the original packaging and you MUST PROVIDE us with the shipping tracking number, specific reason for the return.<\/p>\n<p>*** We will refund YOUR FULL WINNING BID AMOUNT, upon receipt of the item in its original condition and packaging with all components and accessories included, AFTER BOTH Buyer and Seller cancel the transaction from aliexpress. OR, you may choose to have a replacement.<\/p>\n<\/div>\n<div class=\"detailmodule_text\">\n<p style=\"font-family:OpenSans;font-size:20px;font-weight:900;line-height:28px;white-space:pre-wrap;margin-bottom:12px\" class=\"detail-desc-decorate-title\">About Feedback<\/p>\n<\/div>\n<div class=\"detailmodule_text\">\n<p style=\"font-family:OpenSans;font-size:14px;font-weight:300;line-height:20px;white-space:pre-wrap;margin-bottom:12px\" class=\"detail-desc-decorate-content\">*** We maintain high standards of excellence and strive for 100% customer satisfaction! Feedback is very important We request that you contact us immediately BEFORE you give us neutral or negative feedback, so that we can satisfactorily address your concerns.<\/p>\n<p>*** It is impossible to address issues if we do not know about them!<\/p>\n<\/div>\n<div class=\"detailmodule_image\"><img data-recalc-dims=\"1\" decoding=\"async\" class=\"detail-desc-decorate-image\" src=\"https:\/\/i0.wp.com\/ae01.alicdn.com\/kf\/HTB12N_qbUuF3KVjSZK9q6zVtXXaT.jpg?w=1200\" \/><\/div>\n<p><\/p>\n","protected":false},"excerpt":{"rendered":"<p>A90686003699051 Car Safety Front Seat Belt Buckle For Mercedes Benz Sprinter UP TO 2018 Left Ft Seat Belt Buckle Car Accessories OEM Part Number: A90686003699051 Note: Please compare your item carefully with photo and OE Number to avoid mistake!!! Fit For the Following Models: 2007-2018 Fit for Sprinter 2500 3500 Feature: * 100% brand new&hellip;&nbsp;<\/p>\n","protected":false},"featured_media":28223,"template":"","meta":{"neve_meta_sidebar":"","neve_meta_container":"","neve_meta_enable_content_width":"","neve_meta_content_width":0,"neve_meta_title_alignment":"","neve_meta_author_avatar":"","neve_post_elements_order":"","neve_meta_disable_header":"","neve_meta_disable_footer":"","neve_meta_disable_title":""},"product_brand":[],"product_cat":[25,93,17],"product_tag":[],"class_list":{"0":"post-28229","1":"product","2":"type-product","3":"status-publish","4":"has-post-thumbnail","6":"product_cat-acessorios-do-interior","7":"product_cat-decoracao-interior-do-carro-acessorios","8":"product_cat-pecas-e-acessorios-automotivos","10":"first","11":"outofstock","12":"shipping-taxable","13":"purchasable","14":"product-type-variable"},"jetpack_sharing_enabled":true,"_links":{"self":[{"href":"https:\/\/listman.shop\/autoparts-br\/wp-json\/wp\/v2\/product\/28229","targetHints":{"allow":["GET"]}}],"collection":[{"href":"https:\/\/listman.shop\/autoparts-br\/wp-json\/wp\/v2\/product"}],"about":[{"href":"https:\/\/listman.shop\/autoparts-br\/wp-json\/wp\/v2\/types\/product"}],"wp:featuredmedia":[{"embeddable":true,"href":"https:\/\/listman.shop\/autoparts-br\/wp-json\/wp\/v2\/media\/28223"}],"wp:attachment":[{"href":"https:\/\/listman.shop\/autoparts-br\/wp-json\/wp\/v2\/media?parent=28229"}],"wp:term":[{"taxonomy":"product_brand","embeddable":true,"href":"https:\/\/listman.shop\/autoparts-br\/wp-json\/wp\/v2\/product_brand?post=28229"},{"taxonomy":"product_cat","embeddable":true,"href":"https:\/\/listman.shop\/autoparts-br\/wp-json\/wp\/v2\/product_cat?post=28229"},{"taxonomy":"product_tag","embeddable":true,"href":"https:\/\/listman.shop\/autoparts-br\/wp-json\/wp\/v2\/product_tag?post=28229"}],"curies":[{"name":"wp","href":"https:\/\/api.w.org\/{rel}","templated":true}]}}