{"id":28355,"date":"2025-03-10T11:38:57","date_gmt":"2025-03-10T02:38:57","guid":{"rendered":"https:\/\/listman.shop\/autoparts-br\/product\/1005008244947211\/"},"modified":"2026-04-14T09:19:13","modified_gmt":"2026-04-14T00:19:13","slug":"1005008244947211","status":"publish","type":"product","link":"https:\/\/listman.shop\/autoparts-br\/product\/1005008244947211\/","title":{"rendered":"100% para bmw m sport g20 g21 f40 f44 g22 g23 g30 g31 g32 g11 costurado \u00e0 m\u00e3o preto couro genu\u00edno camur\u00e7a capa de volante do carro"},"content":{"rendered":"<div class=\"detailmodule_html\">\n<div class=\"detail-desc-decorate-richtext\"><span style=\"font-size:26px;, Roboto, Arial, Helvetica, sans-serif, SimSun\">Nota<\/span><\/p>\n<p><span style=\"font-size:26px;, Roboto, Arial, Helvetica, sans-serif, SimSun\">1: certifique-se de que o volante do seu carro seja igual &agrave; imagem antes de fazer o pedido. Se forem iguais, compre diretamente<\/span><\/p>\n<p><span style=\"font-size:26px;, Roboto, Arial, Helvetica, sans-serif, SimSun\">2: Material: couro genu&iacute;no de camur&ccedil;a<\/span><\/p>\n<p><span style=\"font-size:26px;, Roboto, Arial, Helvetica, sans-serif, SimSun\">3:Este produto &eacute; uma capa de volante, n&atilde;o um volante!<\/span><\/p>\n<p><span style=\"font-size:26px;, Roboto, Arial, Helvetica, sans-serif, SimSun\">Nossa loja tem uma variedade de cores de couro, uma variedade de cores de camur&ccedil;a, imita&ccedil;&atilde;o de gr&atilde;o de madeira de p&ecirc;ssego<\/span><\/p>\n<p><span style=\"font-size:26px;, Roboto, Arial, Helvetica, sans-serif, SimSun\">Descri&ccedil;&atilde;o do Produto;<\/span><br \/><span style=\"font-size:26px;, Roboto, Arial, Helvetica, sans-serif, SimSun\">Melhore a al&ccedil;a do carro original, melhore a qualidade do interior e proteja o volante do carro original contra desgaste<\/span><br \/><span style=\"font-size:26px;, Roboto, Arial, Helvetica, sans-serif, SimSun\">Acess&oacute;rios:<\/span><br \/><span style=\"font-size:26px;, Roboto, Arial, Helvetica, sans-serif, SimSun\">*1 x capa de volante<\/span><br \/><span style=\"font-size:26px;, Roboto, Arial, Helvetica, sans-serif, SimSun\">*1 x agulha e linha<\/span><br \/><span style=\"font-size:26px;, Roboto, Arial, Helvetica, sans-serif, SimSun\">*1 x fita dupla face<br \/><\/span><img data-recalc-dims=\"1\" decoding=\"async\" src=\"https:\/\/i0.wp.com\/ae01.alicdn.com\/kf\/Sb75a8e1984d14112ab40adeeca4f902br.jpg?w=1200&#038;ssl=1\" \/><img data-recalc-dims=\"1\" decoding=\"async\" src=\"https:\/\/i0.wp.com\/ae01.alicdn.com\/kf\/S052106a37a6e4cc28aedeb24d69c38988.jpg?w=1200&#038;ssl=1\" \/><img data-recalc-dims=\"1\" decoding=\"async\" src=\"https:\/\/i0.wp.com\/ae01.alicdn.com\/kf\/S4e5dd854f9954a69807ea3022732acb2O.jpg?w=1200&#038;ssl=1\" \/><img data-recalc-dims=\"1\" decoding=\"async\" src=\"https:\/\/i0.wp.com\/ae01.alicdn.com\/kf\/S722ae2ced9b44a34ba18206ab5ca9dc8v.jpg?w=1200&#038;ssl=1\" \/><img data-recalc-dims=\"1\" decoding=\"async\" src=\"https:\/\/i0.wp.com\/ae01.alicdn.com\/kf\/S6173d6b6a53143c0a3d19053c4835800i.jpg?w=1200&#038;ssl=1\" \/><img data-recalc-dims=\"1\" decoding=\"async\" src=\"https:\/\/i0.wp.com\/ae01.alicdn.com\/kf\/S20dd4693f440495ea100a5b3ade559b7v.jpg?w=1200&#038;ssl=1\" \/><img data-recalc-dims=\"1\" decoding=\"async\" src=\"https:\/\/i0.wp.com\/ae01.alicdn.com\/kf\/S119290c376c444059f4bd243bb66a039g.jpg?w=1200&#038;ssl=1\" \/><img data-recalc-dims=\"1\" decoding=\"async\" src=\"https:\/\/i0.wp.com\/ae01.alicdn.com\/kf\/S0fd79cb09ac542558df2dce404d70990v.jpg?w=1200&#038;ssl=1\" \/><img data-recalc-dims=\"1\" decoding=\"async\" src=\"https:\/\/i0.wp.com\/ae01.alicdn.com\/kf\/S2b0e9c9ac68149c99f208628a43c03d11.jpg?w=1200&#038;ssl=1\" \/><\/p>\n<p><\/p>\n<\/div>\n<\/div>\n","protected":false},"excerpt":{"rendered":"<p>Nota 1: certifique-se de que o volante do seu carro seja igual &agrave; imagem antes de fazer o pedido. Se forem iguais, compre diretamente 2: Material: couro genu&iacute;no de camur&ccedil;a 3:Este produto &eacute; uma capa de volante, n&atilde;o um volante! Nossa loja tem uma variedade de cores de couro, uma variedade de cores de camur&ccedil;a,&hellip;&nbsp;<\/p>\n","protected":false},"featured_media":28349,"template":"","meta":{"neve_meta_sidebar":"","neve_meta_container":"","neve_meta_enable_content_width":"","neve_meta_content_width":0,"neve_meta_title_alignment":"","neve_meta_author_avatar":"","neve_post_elements_order":"","neve_meta_disable_header":"","neve_meta_disable_footer":"","neve_meta_disable_title":""},"product_brand":[],"product_cat":[25,17,89],"product_tag":[],"class_list":{"0":"post-28355","1":"product","2":"type-product","3":"status-publish","4":"has-post-thumbnail","6":"product_cat-acessorios-do-interior","7":"product_cat-pecas-e-acessorios-automotivos","8":"product_cat-volantes-e-acessorios","10":"first","11":"instock","12":"shipping-taxable","13":"purchasable","14":"product-type-variable","15":"has-default-attributes"},"jetpack_sharing_enabled":true,"_links":{"self":[{"href":"https:\/\/listman.shop\/autoparts-br\/wp-json\/wp\/v2\/product\/28355","targetHints":{"allow":["GET"]}}],"collection":[{"href":"https:\/\/listman.shop\/autoparts-br\/wp-json\/wp\/v2\/product"}],"about":[{"href":"https:\/\/listman.shop\/autoparts-br\/wp-json\/wp\/v2\/types\/product"}],"wp:featuredmedia":[{"embeddable":true,"href":"https:\/\/listman.shop\/autoparts-br\/wp-json\/wp\/v2\/media\/28349"}],"wp:attachment":[{"href":"https:\/\/listman.shop\/autoparts-br\/wp-json\/wp\/v2\/media?parent=28355"}],"wp:term":[{"taxonomy":"product_brand","embeddable":true,"href":"https:\/\/listman.shop\/autoparts-br\/wp-json\/wp\/v2\/product_brand?post=28355"},{"taxonomy":"product_cat","embeddable":true,"href":"https:\/\/listman.shop\/autoparts-br\/wp-json\/wp\/v2\/product_cat?post=28355"},{"taxonomy":"product_tag","embeddable":true,"href":"https:\/\/listman.shop\/autoparts-br\/wp-json\/wp\/v2\/product_tag?post=28355"}],"curies":[{"name":"wp","href":"https:\/\/api.w.org\/{rel}","templated":true}]}}