{"id":28391,"date":"2025-03-10T11:39:55","date_gmt":"2025-03-10T02:39:55","guid":{"rendered":"https:\/\/listman.shop\/autoparts-br\/product\/1005008268322928\/"},"modified":"2026-04-11T01:43:06","modified_gmt":"2026-04-10T16:43:06","slug":"1005008268322928","status":"publish","type":"product","link":"https:\/\/listman.shop\/autoparts-br\/product\/1005008268322928\/","title":{"rendered":"RUIYA para 2024 Dacia Duster 3 2025 2026 Armazenamento do carro Caixa de armazenamento do controlo central contentor Auto Interior Dacia Duster 3 Acess\u00f3rios 2024"},"content":{"rendered":"<div class=\"detailmodule_html\">\n<div class=\"detail-desc-decorate-richtext\">\n<div class=\"detailmodule_text\">\n<p style=\"font-family:OpenSans;font-size:20px;font-weight:900;line-height:28px;white-space:pre-wrap;margin-bottom:12px\" class=\"detail-desc-decorate-title\">Descri\u00e7\u00e3o do produto:<\/p>\n<p style=\"font-family:OpenSans;font-size:14px;font-weight:300;line-height:20px;white-space:pre-wrap;margin-bottom:12px\" class=\"detail-desc-decorate-content\">\ud83d\ude97<strong>1.Dedicado para: 2024 2025 2026 Dacia Duster 3 SUV \/ H\u00edbrido \/ 4X2 4X4 \/ Extremo \/ Viagem \/ Express\u00e3o \/ ECO-G \/ TCe \/ Essencial.<\/strong><br \/>\ud83d\ude972. material: material abs, adequado para local de instala\u00e7\u00e3o como original.<br \/>\ud83d\ude97 3. se voc\u00ea n\u00e3o tiver certeza sobre o produto, entre em contato conosco para verifica\u00e7\u00e3o a tempo antes de comprar. muito obrigado!<\/p>\n<\/div>\n<div class=\"detailmodule_image\"><img data-recalc-dims=\"1\" decoding=\"async\" class=\"detail-desc-decorate-image\" src=\"https:\/\/i0.wp.com\/ae01.alicdn.com\/kf\/S67e85946ee874a38a020f4548276cd8cv.jpg?w=1200&#038;ssl=1\"><img data-recalc-dims=\"1\" decoding=\"async\" class=\"detail-desc-decorate-image\" src=\"https:\/\/i0.wp.com\/ae01.alicdn.com\/kf\/S27f4a7ea5f3842cabf3a169ad0d5834dZ.jpg?w=1200&#038;ssl=1\"><img data-recalc-dims=\"1\" decoding=\"async\" class=\"detail-desc-decorate-image\" src=\"https:\/\/i0.wp.com\/ae01.alicdn.com\/kf\/S398778b78ee5475c9f6846e2ccce7313u.jpg?w=1200&#038;ssl=1\"><img data-recalc-dims=\"1\" decoding=\"async\" class=\"detail-desc-decorate-image\" src=\"https:\/\/i0.wp.com\/ae01.alicdn.com\/kf\/Sa2539bc6b6f9481c974af11ba3f5c200j.jpg?w=1200&#038;ssl=1\"><img data-recalc-dims=\"1\" decoding=\"async\" class=\"detail-desc-decorate-image\" src=\"https:\/\/i0.wp.com\/ae01.alicdn.com\/kf\/S0752ddda44664dd98f5e83876e093aeaB.jpg?w=1200&#038;ssl=1\"><img data-recalc-dims=\"1\" decoding=\"async\" class=\"detail-desc-decorate-image\" src=\"https:\/\/i0.wp.com\/ae01.alicdn.com\/kf\/S95e6cfd1650c42f3858d02988fd57d18j.jpg?w=1200&#038;ssl=1\"><img data-recalc-dims=\"1\" decoding=\"async\" class=\"detail-desc-decorate-image\" src=\"https:\/\/i0.wp.com\/ae01.alicdn.com\/kf\/Sf5dfd373aefc4529ac080f83a3d2a60ep.jpg?w=1200&#038;ssl=1\"><\/div>\n<p><\/p>\n<\/div>\n<\/div>\n","protected":false},"excerpt":{"rendered":"<p>Descri\u00e7\u00e3o do produto: \ud83d\ude971.Dedicado para: 2024 2025 2026 Dacia Duster 3 SUV \/ H\u00edbrido \/ 4X2 4X4 \/ Extremo \/ Viagem \/ Express\u00e3o \/ ECO-G \/ TCe \/ Essencial.\ud83d\ude972. material: material abs, adequado para local de instala\u00e7\u00e3o como original.\ud83d\ude97 3. se voc\u00ea n\u00e3o tiver certeza sobre o produto, entre em contato conosco para verifica\u00e7\u00e3o a&hellip;&nbsp;<\/p>\n","protected":false},"featured_media":28385,"template":"","meta":{"neve_meta_sidebar":"","neve_meta_container":"","neve_meta_enable_content_width":"","neve_meta_content_width":0,"neve_meta_title_alignment":"","neve_meta_author_avatar":"","neve_post_elements_order":"","neve_meta_disable_header":"","neve_meta_disable_footer":"","neve_meta_disable_title":""},"product_brand":[],"product_cat":[25,81,17],"product_tag":[],"class_list":{"0":"post-28391","1":"product","2":"type-product","3":"status-publish","4":"has-post-thumbnail","6":"product_cat-acessorios-do-interior","7":"product_cat-armazenamento-interior-do-carro","8":"product_cat-pecas-e-acessorios-automotivos","10":"first","11":"instock","12":"shipping-taxable","13":"purchasable","14":"product-type-variable","15":"has-default-attributes"},"jetpack_sharing_enabled":true,"_links":{"self":[{"href":"https:\/\/listman.shop\/autoparts-br\/wp-json\/wp\/v2\/product\/28391","targetHints":{"allow":["GET"]}}],"collection":[{"href":"https:\/\/listman.shop\/autoparts-br\/wp-json\/wp\/v2\/product"}],"about":[{"href":"https:\/\/listman.shop\/autoparts-br\/wp-json\/wp\/v2\/types\/product"}],"wp:featuredmedia":[{"embeddable":true,"href":"https:\/\/listman.shop\/autoparts-br\/wp-json\/wp\/v2\/media\/28385"}],"wp:attachment":[{"href":"https:\/\/listman.shop\/autoparts-br\/wp-json\/wp\/v2\/media?parent=28391"}],"wp:term":[{"taxonomy":"product_brand","embeddable":true,"href":"https:\/\/listman.shop\/autoparts-br\/wp-json\/wp\/v2\/product_brand?post=28391"},{"taxonomy":"product_cat","embeddable":true,"href":"https:\/\/listman.shop\/autoparts-br\/wp-json\/wp\/v2\/product_cat?post=28391"},{"taxonomy":"product_tag","embeddable":true,"href":"https:\/\/listman.shop\/autoparts-br\/wp-json\/wp\/v2\/product_tag?post=28391"}],"curies":[{"name":"wp","href":"https:\/\/api.w.org\/{rel}","templated":true}]}}