{"id":2854,"date":"2024-10-13T01:13:50","date_gmt":"2024-10-12T16:13:50","guid":{"rendered":"https:\/\/listman.shop\/autoparts-br\/product\/1005006166967299\/"},"modified":"2026-04-14T13:02:08","modified_gmt":"2026-04-14T04:02:08","slug":"1005006166967299","status":"publish","type":"product","link":"https:\/\/listman.shop\/autoparts-br\/product\/1005006166967299\/","title":{"rendered":"9x kit de ferramentas de remo\u00e7\u00e3o terminal do carro fio plug conector pino extrator libera\u00e7\u00e3o para dutsch terminal plug dt dtm dtp s\u00e9rie"},"content":{"rendered":"<div class=\"detailmodule_html\">\n<div class=\"detail-desc-decorate-richtext\">\n<div class=\"detailmodule_text-image\"><img data-recalc-dims=\"1\" decoding=\"async\" class=\"detail-desc-decorate-image\" src=\"https:\/\/i0.wp.com\/ae01.alicdn.com\/kf\/Scd6ffb898bf34e6692575ec7bfa0437db.jpg?w=1200&#038;ssl=1\"><\/div>\n<div class=\"detailmodule_text-image\">\n<p style=\"font-size:24px;font-weight:bold\">Kit de ferramentas extrator de pino URMECCH &#8211; 9 em 1<\/p>\n<p style=\"font-size:16px;font-weight:bold\">Conjunto de 9 ferramentas extratoras de pinos de crimpagem, para remo\u00e7\u00e3o de pinos crimpados e terminais de soquete<\/p>\n<div><img data-recalc-dims=\"1\" decoding=\"async\" class=\"detail-desc-decorate-image\" src=\"https:\/\/i0.wp.com\/ae01.alicdn.com\/kf\/Sbd4c0a12fa2d4f089b266f10ad8f5b896.jpg?w=1200&#038;ssl=1\"><img data-recalc-dims=\"1\" decoding=\"async\" class=\"detail-desc-decorate-image\" src=\"https:\/\/i0.wp.com\/ae01.alicdn.com\/kf\/Saa284ae89d09445c9fbfc1dab8c228e5M.jpg?w=1200&#038;ssl=1\"><\/div>\n<\/div>\n<div class=\"detailmodule_text-image\">\n<p style=\"font-size:24px;font-weight:bold\">F\u00e1cil de usar<\/p>\n<p style=\"font-size:16px;font-weight:bold\">Amplamente adequado para conectores de outras s\u00e9ries da s\u00e9rie DT, AEC, DTV, DRB, HD.<\/p>\n<div><img data-recalc-dims=\"1\" decoding=\"async\" class=\"detail-desc-decorate-image\" src=\"https:\/\/i0.wp.com\/ae01.alicdn.com\/kf\/S35dc6131c4b54175982221ba2a29cf4cn.jpg?w=1200&#038;ssl=1\"><img data-recalc-dims=\"1\" decoding=\"async\" class=\"detail-desc-decorate-image\" src=\"https:\/\/i0.wp.com\/ae01.alicdn.com\/kf\/S7b6d6056ce2143109f2cfe86c87d88f07.jpg?w=1200&#038;ssl=1\"><img data-recalc-dims=\"1\" decoding=\"async\" class=\"detail-desc-decorate-image\" src=\"https:\/\/i0.wp.com\/ae01.alicdn.com\/kf\/Sba4d9a736f7c4ef689becb2f5def98fbv.jpg?w=1200&#038;ssl=1\"><img data-recalc-dims=\"1\" decoding=\"async\" class=\"detail-desc-decorate-image\" src=\"https:\/\/i0.wp.com\/ae01.alicdn.com\/kf\/S84607d22cbaa4d4aa5a71320650128daF.jpg?w=1200&#038;ssl=1\"><\/div>\n<\/div>\n<div class=\"detailmodule_text-image\">\n<p style=\"font-family:OpenSans;font-size:20px;font-weight:900;line-height:28px;white-space:pre-wrap;margin-bottom:12px\" class=\"detail-desc-decorate-title\">Para 10pcs-alicate de cabo, voc\u00ea pode comprar este conjunto:<\/p>\n<p style=\"font-family:OpenSans;font-size:14px;font-weight:300;line-height:20px;white-space:pre-wrap;margin-bottom:12px\" class=\"detail-desc-decorate-content\">Verifique o tamanho antes de compr\u00e1-lo!<\/p>\n<div><img data-recalc-dims=\"1\" decoding=\"async\" class=\"detail-desc-decorate-image\" src=\"https:\/\/i0.wp.com\/ae01.alicdn.com\/kf\/Sa61c6d421a2e4b0aa71691c73fb45abax.jpg?w=1200&#038;ssl=1\"><img data-recalc-dims=\"1\" decoding=\"async\" class=\"detail-desc-decorate-image\" src=\"https:\/\/i0.wp.com\/ae01.alicdn.com\/kf\/Sd54e5c4cccfb44c0a6f235c2c257a6b1u.jpg?w=1200&#038;ssl=1\"><\/div>\n<\/div>\n<div class=\"detailmodule_text-image\">\n<p style=\"font-family:OpenSans;font-size:20px;font-weight:900;line-height:28px;white-space:pre-wrap;margin-bottom:12px\" class=\"detail-desc-decorate-title\">Com caixa de armazenamento<\/p>\n<div><img data-recalc-dims=\"1\" decoding=\"async\" style=\"margin-bottom:10px\" class=\"detail-desc-decorate-image\" src=\"https:\/\/i0.wp.com\/ae01.alicdn.com\/kf\/Se8b54753502e43bbbe6fd98cfd25f443J.jpg?w=1200&#038;ssl=1\"><\/div>\n<\/div>\n<div class=\"detailmodule_text-image\">\n<p style=\"font-family:OpenSans;font-size:20px;font-weight:900;line-height:28px;white-space:pre-wrap;margin-bottom:12px\" class=\"detail-desc-decorate-title\">Com um presente &#8211; Caneta Marcadora Branca<\/p>\n<p style=\"font-weight:bold\">A caneta de marca\u00e7\u00e3o branca n\u00e3o desbota e \u00e9 \u00e0 prova d&#8217;\u00e1gua! Voc\u00ea escreve seu nome e &#8220;Kit de ferramentas de remo\u00e7\u00e3o de pinos&#8221; na bolsa de lona!<\/p>\n<div><img data-recalc-dims=\"1\" decoding=\"async\" style=\"margin-bottom:10px\" class=\"detail-desc-decorate-image\" src=\"https:\/\/i0.wp.com\/ae01.alicdn.com\/kf\/S0b9d8b23bf2a44e68c8cb129f3114148z.jpg?w=1200&#038;ssl=1\"><\/div>\n<\/div>\n<p><\/div>\n<\/div>\n","protected":false},"excerpt":{"rendered":"<p>Kit de ferramentas extrator de pino URMECCH &#8211; 9 em 1 Conjunto de 9 ferramentas extratoras de pinos de crimpagem, para remo\u00e7\u00e3o de pinos crimpados e terminais de soquete F\u00e1cil de usar Amplamente adequado para conectores de outras s\u00e9ries da s\u00e9rie DT, AEC, DTV, DRB, HD. Para 10pcs-alicate de cabo, voc\u00ea pode comprar este conjunto:&hellip;&nbsp;<\/p>\n","protected":false},"featured_media":2848,"template":"","meta":{"neve_meta_sidebar":"","neve_meta_container":"","neve_meta_enable_content_width":"","neve_meta_content_width":0,"neve_meta_title_alignment":"","neve_meta_author_avatar":"","neve_post_elements_order":"","neve_meta_disable_header":"","neve_meta_disable_footer":"","neve_meta_disable_title":""},"product_brand":[],"product_cat":[197,198,17],"product_tag":[],"class_list":{"0":"post-2854","1":"product","2":"type-product","3":"status-publish","4":"has-post-thumbnail","6":"product_cat-ferramentas-de-manutencao-de-automoveis","7":"product_cat-ferramentas-para-placas-metalicas-ferramentas-de-manutencao-de-automoveis","8":"product_cat-pecas-e-acessorios-automotivos","10":"first","11":"instock","12":"shipping-taxable","13":"purchasable","14":"product-type-variable","15":"has-default-attributes"},"jetpack_sharing_enabled":true,"_links":{"self":[{"href":"https:\/\/listman.shop\/autoparts-br\/wp-json\/wp\/v2\/product\/2854","targetHints":{"allow":["GET"]}}],"collection":[{"href":"https:\/\/listman.shop\/autoparts-br\/wp-json\/wp\/v2\/product"}],"about":[{"href":"https:\/\/listman.shop\/autoparts-br\/wp-json\/wp\/v2\/types\/product"}],"wp:featuredmedia":[{"embeddable":true,"href":"https:\/\/listman.shop\/autoparts-br\/wp-json\/wp\/v2\/media\/2848"}],"wp:attachment":[{"href":"https:\/\/listman.shop\/autoparts-br\/wp-json\/wp\/v2\/media?parent=2854"}],"wp:term":[{"taxonomy":"product_brand","embeddable":true,"href":"https:\/\/listman.shop\/autoparts-br\/wp-json\/wp\/v2\/product_brand?post=2854"},{"taxonomy":"product_cat","embeddable":true,"href":"https:\/\/listman.shop\/autoparts-br\/wp-json\/wp\/v2\/product_cat?post=2854"},{"taxonomy":"product_tag","embeddable":true,"href":"https:\/\/listman.shop\/autoparts-br\/wp-json\/wp\/v2\/product_tag?post=2854"}],"curies":[{"name":"wp","href":"https:\/\/api.w.org\/{rel}","templated":true}]}}