{"id":28570,"date":"2025-03-10T11:44:07","date_gmt":"2025-03-10T02:44:07","guid":{"rendered":"https:\/\/listman.shop\/autoparts-br\/product\/1005008494629343\/"},"modified":"2026-04-14T09:44:07","modified_gmt":"2026-04-14T00:44:07","slug":"1005008494629343","status":"publish","type":"product","link":"https:\/\/listman.shop\/autoparts-br\/product\/1005008494629343\/","title":{"rendered":"RUIYA para Dacia Sandero 3 \/ Sandero Stepway III \/ Dacia Jogger 2021-2025 Caixa de arruma\u00e7\u00e3o da consola central do autom\u00f3vel Dacia Sandero 3 Acess\u00f3rios"},"content":{"rendered":"<div class=\"detailmodule_html\">\n<div class=\"detail-desc-decorate-richtext\">\n<div class=\"detailmodule_text\">\n<p style=\"font-family:OpenSans;font-size:20px;font-weight:900;line-height:28px;white-space:pre-wrap;margin-bottom:12px\" class=\"detail-desc-decorate-title\" id=\"tl_1\">\n  Descri&ccedil;&atilde;o do produto:<\/p>\n<p style=\"font-family:OpenSans;font-size:14px;font-weight:300;line-height:20px;white-space:pre-wrap;margin-bottom:12px\" class=\"detail-desc-decorate-content\" id=\"tl_2\">\ud83d\ude97 <strong>1.Dedicado a: 2021 2022 2023 2024 2025 Renault Dacia Sandero 3 \/ Sandero Stepway III \/ 2021 2022 2023 2024 2025 Dacia Jogger \/ Jogger Extreme.<\/strong> <br \/>\ud83d\ude972.Material: material ABS, adequado para local de instala&ccedil;&atilde;o como original. <br \/>\ud83d\ude97 3. Se voc&ecirc; n&atilde;o tiver certeza sobre o produto, entre em contato conosco para verifica&ccedil;&atilde;o a tempo antes de comprar. muito obrigado!<\/p>\n<\/div>\n<div class=\"detailmodule_image\">\n <img data-recalc-dims=\"1\" decoding=\"async\" class=\"detail-desc-decorate-image\" src=\"https:\/\/i0.wp.com\/ae01.alicdn.com\/kf\/Sd75c5e6938724040adb7128e58e5d146i.jpg?w=1200&#038;ssl=1\" \/><br \/>\n <img data-recalc-dims=\"1\" decoding=\"async\" class=\"detail-desc-decorate-image\" src=\"https:\/\/i0.wp.com\/ae01.alicdn.com\/kf\/S2462c65d2d3b43e7932ed905fe8f7c197.jpg?w=1200&#038;ssl=1\" \/><br \/>\n <img data-recalc-dims=\"1\" decoding=\"async\" class=\"detail-desc-decorate-image\" src=\"https:\/\/i0.wp.com\/ae01.alicdn.com\/kf\/Sb628998a78484c0983a61c2a70564e1by.jpg?w=1200&#038;ssl=1\" \/><br \/>\n <img data-recalc-dims=\"1\" decoding=\"async\" class=\"detail-desc-decorate-image\" src=\"https:\/\/i0.wp.com\/ae01.alicdn.com\/kf\/S1d26ef5efeaa4e47bea89493dfc49f4dX.jpg?w=1200&#038;ssl=1\" \/><br \/>\n <img data-recalc-dims=\"1\" decoding=\"async\" class=\"detail-desc-decorate-image\" src=\"https:\/\/i0.wp.com\/ae01.alicdn.com\/kf\/S09e67539a7ec443a97f956548ca19ed6b.jpg?w=1200&#038;ssl=1\" \/><br \/>\n <img data-recalc-dims=\"1\" decoding=\"async\" class=\"detail-desc-decorate-image\" src=\"https:\/\/i0.wp.com\/ae01.alicdn.com\/kf\/S2c6915d0d47645529e282e583c3d88cdc.jpg?w=1200&#038;ssl=1\" \/><br \/>\n <img data-recalc-dims=\"1\" decoding=\"async\" class=\"detail-desc-decorate-image\" src=\"https:\/\/i0.wp.com\/ae01.alicdn.com\/kf\/S9165b182685b423cb426bc710d13e3b92.jpg?w=1200&#038;ssl=1\" \/><br \/>\n <img data-recalc-dims=\"1\" decoding=\"async\" class=\"detail-desc-decorate-image\" src=\"https:\/\/i0.wp.com\/ae01.alicdn.com\/kf\/Sba8d730a390e4e1289991b324fcf64420.jpg?w=1200&#038;ssl=1\" \/><br \/>\n <img data-recalc-dims=\"1\" decoding=\"async\" class=\"detail-desc-decorate-image\" src=\"https:\/\/i0.wp.com\/ae01.alicdn.com\/kf\/S65a3449089b54d1fa62bffe1592d0f9by.jpg?w=1200&#038;ssl=1\" \/><br \/>\n <img data-recalc-dims=\"1\" decoding=\"async\" class=\"detail-desc-decorate-image\" src=\"https:\/\/i0.wp.com\/ae01.alicdn.com\/kf\/S44a0efd50c3344238708b2d21fecf34fg.jpg?w=1200&#038;ssl=1\" \/>\n<\/div>\n<div class=\"detailmodule_image\">\n <img data-recalc-dims=\"1\" decoding=\"async\" class=\"detail-desc-decorate-image\" src=\"https:\/\/i0.wp.com\/ae01.alicdn.com\/kf\/S9974174ddc9043a7b00b2039ef905212g.jpg?w=1200&#038;ssl=1\" \/>\n<\/div>\n<p><\/p>\n<\/div>\n<\/div>\n","protected":false},"excerpt":{"rendered":"<p>Descri&ccedil;&atilde;o do produto: \ud83d\ude97 1.Dedicado a: 2021 2022 2023 2024 2025 Renault Dacia Sandero 3 \/ Sandero Stepway III \/ 2021 2022 2023 2024 2025 Dacia Jogger \/ Jogger Extreme. \ud83d\ude972.Material: material ABS, adequado para local de instala&ccedil;&atilde;o como original. \ud83d\ude97 3. Se voc&ecirc; n&atilde;o tiver certeza sobre o produto, entre em contato conosco para&hellip;&nbsp;<\/p>\n","protected":false},"featured_media":28564,"template":"","meta":{"neve_meta_sidebar":"","neve_meta_container":"","neve_meta_enable_content_width":"","neve_meta_content_width":0,"neve_meta_title_alignment":"","neve_meta_author_avatar":"","neve_post_elements_order":"","neve_meta_disable_header":"","neve_meta_disable_footer":"","neve_meta_disable_title":""},"product_brand":[],"product_cat":[25,81,17],"product_tag":[],"class_list":{"0":"post-28570","1":"product","2":"type-product","3":"status-publish","4":"has-post-thumbnail","6":"product_cat-acessorios-do-interior","7":"product_cat-armazenamento-interior-do-carro","8":"product_cat-pecas-e-acessorios-automotivos","10":"first","11":"instock","12":"shipping-taxable","13":"purchasable","14":"product-type-variable","15":"has-default-attributes"},"jetpack_sharing_enabled":true,"_links":{"self":[{"href":"https:\/\/listman.shop\/autoparts-br\/wp-json\/wp\/v2\/product\/28570","targetHints":{"allow":["GET"]}}],"collection":[{"href":"https:\/\/listman.shop\/autoparts-br\/wp-json\/wp\/v2\/product"}],"about":[{"href":"https:\/\/listman.shop\/autoparts-br\/wp-json\/wp\/v2\/types\/product"}],"wp:featuredmedia":[{"embeddable":true,"href":"https:\/\/listman.shop\/autoparts-br\/wp-json\/wp\/v2\/media\/28564"}],"wp:attachment":[{"href":"https:\/\/listman.shop\/autoparts-br\/wp-json\/wp\/v2\/media?parent=28570"}],"wp:term":[{"taxonomy":"product_brand","embeddable":true,"href":"https:\/\/listman.shop\/autoparts-br\/wp-json\/wp\/v2\/product_brand?post=28570"},{"taxonomy":"product_cat","embeddable":true,"href":"https:\/\/listman.shop\/autoparts-br\/wp-json\/wp\/v2\/product_cat?post=28570"},{"taxonomy":"product_tag","embeddable":true,"href":"https:\/\/listman.shop\/autoparts-br\/wp-json\/wp\/v2\/product_tag?post=28570"}],"curies":[{"name":"wp","href":"https:\/\/api.w.org\/{rel}","templated":true}]}}