{"id":28589,"date":"2025-03-10T11:45:02","date_gmt":"2025-03-10T02:45:02","guid":{"rendered":"https:\/\/listman.shop\/autoparts-br\/product\/32963972319\/"},"modified":"2026-04-07T17:14:17","modified_gmt":"2026-04-07T08:14:17","slug":"32963972319","status":"publish","type":"product","link":"https:\/\/listman.shop\/autoparts-br\/product\/32963972319\/","title":{"rendered":"Para mini cooper r55 r56 r57 gps suporte do telefone estilo do carro suporte interior para mini r50 r52 r53 r60 r61 suporte de navega\u00e7\u00e3o m\u00f3vel"},"content":{"rendered":"<div class=\"detailmodule_html\">\n<div class=\"detail-desc-decorate-richtext\">\n<div>\n<div>\n<div>\n<div>\n<div>\n<div>\n<div>\n<div>\n<div>\n<div>\n<div>\n<div>\n<div>\n<div>\n<div>\n<div>\n<div>\n<div>\n<div>\n<div>\n<div>\n                        &nbsp;\n                      <\/div>\n<\/p><\/div>\n<\/p><\/div>\n<\/p><\/div>\n<\/p><\/div>\n<\/p><\/div>\n<\/p><\/div>\n<\/p><\/div>\n<\/p><\/div>\n<\/p><\/div>\n<\/p><\/div>\n<\/p><\/div>\n<\/p><\/div>\n<\/p><\/div>\n<\/p><\/div>\n<\/p><\/div>\n<\/p><\/div>\n<\/p><\/div>\n<\/p><\/div>\n<\/p><\/div>\n<\/p><\/div>\n<div>\n    &nbsp;\n  <\/div>\n<div>\n    &nbsp;\n  <\/div>\n<div>\n    &nbsp;\n  <\/div>\n<div>\n    &nbsp;\n  <\/div>\n<div>\n    &nbsp;\n  <\/div>\n<div class=\"detailmodule_dynamic\"><\/div>\n<div class=\"detailmodule_dynamic\">\n<div class=\"detailmodule_dynamic\"><\/div>\n<\/p><\/div>\n<p>  <span style=\"font-size:20px\"><strong id=\"tl_1\">For MINI Cooper R55 R56 R57 GPS Phone Holder Car Styling Interior Bracket For MINI R50 R52 R53 R60 R61 Mobile Navigation Holder<\/strong><\/span> <\/p>\n<p>  <span style=\"font-size:16px\"><span style=\"color:#000000\" id=\"tl_2\">Fitment<br \/> For MINI Cooper R55<br \/> For MINI Cooper R56<br \/> For MINI R57<br \/> <span style=\"font-size:16px\"><span style=\"color:#000000\">For MINI R58<br \/> <span style=\"font-size:16px\"><span style=\"color:#000000\">For MINI R60<br \/> <span style=\"font-size:16px\"><span style=\"color:#000000\">For MINI R61<br \/> <span style=\"font-size:16px\"><span style=\"color:#000000\"><span style=\"font-size:16px\"><span style=\"color:#000000\"><span style=\"font-size:16px\"><span style=\"color:#000000\"><span style=\"font-size:16px\"><span style=\"color:#000000\">For MINI R50<br \/> <span style=\"font-size:16px\"><span style=\"color:#000000\"><span style=\"font-size:16px\"><span style=\"color:#000000\"><span style=\"font-size:16px\"><span style=\"color:#000000\"><span style=\"font-size:16px\"><span style=\"color:#000000\">For MINI R52<br \/> <span style=\"font-size:16px\"><span style=\"color:#000000\"><span style=\"font-size:16px\"><span style=\"color:#000000\"><span style=\"font-size:16px\"><span style=\"color:#000000\"><span style=\"font-size:16px\"><span style=\"color:#000000\">For MINI R53<\/span><\/span><\/span><\/span><\/span><\/span><\/span><\/span><\/span><\/span><\/span><\/span><\/span><\/span><\/span><\/span><\/span><\/span><\/span><\/span><\/span><\/span><\/span><\/span><\/span><\/span><\/span><\/span><\/span><\/span><br \/> Quantity: 1 Piece<\/span><\/span><br \/>\n  <br \/> <br \/>\n  <img data-recalc-dims=\"1\" decoding=\"async\" src=\"https:\/\/i0.wp.com\/ae01.alicdn.com\/kf\/H5524e7111f0f42c6bb4f5787663dbcb4a.jpg?w=1200&#038;ssl=1\" \/><br \/>\n  <img data-recalc-dims=\"1\" decoding=\"async\" src=\"https:\/\/i0.wp.com\/ae01.alicdn.com\/kf\/H1d5de0a949814c56ad50bf5cc196ed765.jpg?w=1200&#038;ssl=1\" \/> <\/p>\n<p style=\"text-align: left;margin: 0\"><img data-recalc-dims=\"1\" decoding=\"async\" src=\"https:\/\/i0.wp.com\/ae01.alicdn.com\/kf\/HTB1Gl1iacfrK1Rjy1Xdq6yemFXai.jpg?w=1200\" \/><\/p>\n<div>\n<div>\n<div>\n<div>\n<div>\n<div>\n<div>\n<div>\n<div>\n<div>\n<div>\n<div>\n<div>\n<div>\n<div>\n<div>\n<div>\n<div>\n<div>\n<div>\n<div>\n<div>\n<div>\n<div>\n<div>\n<div>\n<div>\n<div class=\"detailmodule_dynamic\">\n<div class=\"detailmodule_dynamic\">\n<div class=\"detailmodule_dynamic\"><\/div>\n<\/p><\/div>\n<\/p><\/div>\n<\/p><\/div>\n<\/p><\/div>\n<\/p><\/div>\n<\/p><\/div>\n<\/p><\/div>\n<\/p><\/div>\n<\/p><\/div>\n<\/p><\/div>\n<\/p><\/div>\n<\/p><\/div>\n<\/p><\/div>\n<\/p><\/div>\n<\/p><\/div>\n<\/p><\/div>\n<\/p><\/div>\n<\/p><\/div>\n<\/p><\/div>\n<\/p><\/div>\n<\/p><\/div>\n<\/p><\/div>\n<\/p><\/div>\n<\/p><\/div>\n<\/p><\/div>\n<\/p><\/div>\n<\/p><\/div>\n<\/p><\/div>\n<\/p><\/div>\n<\/p><\/div>\n<\/div>\n","protected":false},"excerpt":{"rendered":"<p>&nbsp; &nbsp; &nbsp; &nbsp; &nbsp; &nbsp; For MINI Cooper R55 R56 R57 GPS Phone Holder Car Styling Interior Bracket For MINI R50 R52 R53 R60 R61 Mobile Navigation Holder Fitment For MINI Cooper R55 For MINI Cooper R56 For MINI R57 For MINI R58 For MINI R60 For MINI R61 For MINI R50 For MINI&hellip;&nbsp;<\/p>\n","protected":false},"featured_media":28583,"template":"","meta":{"neve_meta_sidebar":"","neve_meta_container":"","neve_meta_enable_content_width":"","neve_meta_content_width":0,"neve_meta_title_alignment":"","neve_meta_author_avatar":"","neve_post_elements_order":"","neve_meta_disable_header":"","neve_meta_disable_footer":"","neve_meta_disable_title":""},"product_brand":[],"product_cat":[25,17,96],"product_tag":[],"class_list":{"0":"post-28589","1":"product","2":"type-product","3":"status-publish","4":"has-post-thumbnail","6":"product_cat-acessorios-do-interior","7":"product_cat-pecas-e-acessorios-automotivos","8":"product_cat-suportes","10":"first","11":"instock","12":"shipping-taxable","13":"purchasable","14":"product-type-variable","15":"has-default-attributes"},"jetpack_sharing_enabled":true,"_links":{"self":[{"href":"https:\/\/listman.shop\/autoparts-br\/wp-json\/wp\/v2\/product\/28589","targetHints":{"allow":["GET"]}}],"collection":[{"href":"https:\/\/listman.shop\/autoparts-br\/wp-json\/wp\/v2\/product"}],"about":[{"href":"https:\/\/listman.shop\/autoparts-br\/wp-json\/wp\/v2\/types\/product"}],"wp:featuredmedia":[{"embeddable":true,"href":"https:\/\/listman.shop\/autoparts-br\/wp-json\/wp\/v2\/media\/28583"}],"wp:attachment":[{"href":"https:\/\/listman.shop\/autoparts-br\/wp-json\/wp\/v2\/media?parent=28589"}],"wp:term":[{"taxonomy":"product_brand","embeddable":true,"href":"https:\/\/listman.shop\/autoparts-br\/wp-json\/wp\/v2\/product_brand?post=28589"},{"taxonomy":"product_cat","embeddable":true,"href":"https:\/\/listman.shop\/autoparts-br\/wp-json\/wp\/v2\/product_cat?post=28589"},{"taxonomy":"product_tag","embeddable":true,"href":"https:\/\/listman.shop\/autoparts-br\/wp-json\/wp\/v2\/product_tag?post=28589"}],"curies":[{"name":"wp","href":"https:\/\/api.w.org\/{rel}","templated":true}]}}