{"id":28654,"date":"2025-03-10T13:24:09","date_gmt":"2025-03-10T04:24:09","guid":{"rendered":"https:\/\/listman.shop\/autoparts-br\/product\/1005001708755940\/"},"modified":"2026-04-18T07:27:12","modified_gmt":"2026-04-17T22:27:12","slug":"1005001708755940","status":"publish","type":"product","link":"https:\/\/listman.shop\/autoparts-br\/product\/1005001708755940\/","title":{"rendered":"Capa para porta-malas traseiro de carro, interruptor de desbloqueio, al\u00e7a de substitui\u00e7\u00e3o para bmw 2 3 4 5 x3 x4 x5 x6 s\u00e9rie f30 f35 f10 f11 f15 f16 f25 f26"},"content":{"rendered":"<div class=\"detailmodule_html\">\n<div class=\"detail-desc-decorate-richtext\">\n<div class=\"detailmodule_text\">\n<p style=\"font-family:OpenSans;font-size:20px;font-weight:900;line-height:28px;white-space:pre-wrap;margin-bottom:12px\" class=\"detail-desc-decorate-title\" id=\"tl_1\">Substitui&ccedil;&atilde;o da al&ccedil;a do interruptor de abertura da tampa do porta-malas da bota traseira do carro para BMW 2 3 4 5 X3 X4 X5 X6 Series F30 F35 F10 F11 F15 F16 F25 F26<\/p>\n<\/div>\n<div class=\"detailmodule_text\">\n<p id=\"tl_2\">OE N&Atilde;O.: <br \/>Modelo A:5124 7368 752 5124 7463 161 <br \/>Modelo B:5124 7368 753 <br \/>Modelo C:5124 7463 163 5124 7345 700 <br \/>Modelo D: Para carros com c&acirc;mera modificada personalizados. <br \/>Modelo E (com c&acirc;mera): Para BMW ALL S&eacute;rie F <\/p>\n<p>Material: PC e ABS, revestimento emborrachado. <\/p>\n<p>Aplica&ccedil;&atilde;o: <br \/>Modelo A: <br \/>2014-2019 2S F22 F23 F87 F45 F46 <br \/>2013-2019 3S F30 F31 F35 F80 GT\/F34 <br \/>2013-2019 4S F32 F33 F36 F82 F83 <br \/>2011-2017 5S F10 F11 F18 <br \/>2016-2021 X1 F48 F49 <br \/>2011-2017 X3 F25 <br \/>2013-2018 X4 F26 <br \/>2014-2018 X5 F15 F85 <br \/>2015-2019 X6 F16 F86 <\/p>\n<p>Modelo B: <br \/>2014-2019 2S F22 F23 F87 <br \/>2013-2019 3S F30 F31 F35 F80 GT\/F34 <br \/>2013-2019 4S F32 F33 F36 F82 F83 <br \/>2011-2017 5S F10 F11 F18 <br \/>2011-2017 X3 F25 <\/p>\n<p>Modelo C: <br \/>2014-2019 2S F45 F46 <br \/>2016-2021 X1 F48 F49 <br \/>2011-2017 X3 F25 <br \/>2013-2018 X4 F26 <br \/>2014-2018 X5 F15 F85 <br \/>2015-2019 X6 F16 F86 <\/p>\n<p>Modelo D: <br \/>Para carros com c&acirc;mera modificada personalizados. <\/p>\n<p>Modelo E: <br \/>Com c&acirc;mera.(Para BMW TODAS AS s&eacute;ries F)<\/p>\n<\/div>\n<div class=\"detailmodule_image\">\n <img data-recalc-dims=\"1\" decoding=\"async\" style=\"margin-bottom:10px\" class=\"detail-desc-decorate-image\" src=\"https:\/\/i0.wp.com\/ae01.alicdn.com\/kf\/H14efdb95a9f84eba98a4dd7d4a2a1dd3F.jpg?w=1200&#038;ssl=1\" \/><br \/>\n <img data-recalc-dims=\"1\" decoding=\"async\" style=\"margin-bottom:10px\" class=\"detail-desc-decorate-image\" src=\"https:\/\/i0.wp.com\/ae01.alicdn.com\/kf\/H548cc402b221409ebdf82bb52aeeadc6j.jpg?w=1200&#038;ssl=1\" \/><br \/>\n <img data-recalc-dims=\"1\" decoding=\"async\" style=\"margin-bottom:10px\" class=\"detail-desc-decorate-image\" src=\"https:\/\/i0.wp.com\/ae01.alicdn.com\/kf\/Hb11dbf2ce1c443ad8aea310af365ae592.jpg?w=1200&#038;ssl=1\" \/><br \/>\n <img data-recalc-dims=\"1\" decoding=\"async\" style=\"margin-bottom:10px\" class=\"detail-desc-decorate-image\" src=\"https:\/\/i0.wp.com\/ae01.alicdn.com\/kf\/Hfda560828ee14afab76089e5d8016077m.jpg?w=1200&#038;ssl=1\" \/><br \/>\n <img data-recalc-dims=\"1\" decoding=\"async\" style=\"margin-bottom:10px\" class=\"detail-desc-decorate-image\" src=\"https:\/\/i0.wp.com\/ae01.alicdn.com\/kf\/H3610dd0ca1904618a4fdb8b6a977f8edS.jpg?w=1200&#038;ssl=1\" \/><br \/>\n <img data-recalc-dims=\"1\" decoding=\"async\" style=\"margin-bottom:10px\" class=\"detail-desc-decorate-image\" src=\"https:\/\/i0.wp.com\/ae01.alicdn.com\/kf\/H621d353f06824afebc5731e3ec71c5b33.jpg?w=1200&#038;ssl=1\" \/><br \/>\n <img data-recalc-dims=\"1\" decoding=\"async\" style=\"margin-bottom:10px\" class=\"detail-desc-decorate-image\" src=\"https:\/\/i0.wp.com\/ae01.alicdn.com\/kf\/H95eaf255c488482bbc660d3697300516j.jpg?w=1200&#038;ssl=1\" \/>\n<\/div>\n<div class=\"detailmodule_text-image\">\n<p style=\"font-family:OpenSans;font-size:20px;font-weight:900;line-height:28px;white-space:pre-wrap;margin-bottom:12px\" class=\"detail-desc-decorate-title\" id=\"tl_3\">Se voc&ecirc; n&atilde;o conseguir confirmar qual modelo precisa, entre em contato conosco.<\/p>\n<div>\n  <img data-recalc-dims=\"1\" decoding=\"async\" style=\"margin-bottom:10px\" class=\"detail-desc-decorate-image\" src=\"https:\/\/i0.wp.com\/ae01.alicdn.com\/kf\/Hdd8767ff78774fc5bc19b1fcfa4f12b1L.jpg?w=1200&#038;ssl=1\" \/><br \/>\n  <img data-recalc-dims=\"1\" decoding=\"async\" style=\"margin-bottom:10px\" class=\"detail-desc-decorate-image\" src=\"https:\/\/i0.wp.com\/ae01.alicdn.com\/kf\/Hbbf4667f35244957ae7268824df1fdefn.jpg?w=1200&#038;ssl=1\" \/><br \/>\n  <img data-recalc-dims=\"1\" decoding=\"async\" style=\"margin-bottom:10px\" class=\"detail-desc-decorate-image\" src=\"https:\/\/i0.wp.com\/ae01.alicdn.com\/kf\/Hdb194769b912494192cf1bb98e3a42d3M.jpg?w=1200&#038;ssl=1\" \/><br \/>\n  <img data-recalc-dims=\"1\" decoding=\"async\" style=\"margin-bottom:10px\" class=\"detail-desc-decorate-image\" src=\"https:\/\/i0.wp.com\/ae01.alicdn.com\/kf\/H50e0c7ef57644330a49eb2de1ac6ef801.jpg?w=1200&#038;ssl=1\" \/>\n <\/div>\n<\/div>\n<div class=\"detailmodule_text\">\n<p id=\"tl_4\">LEMBRETE QUENTE<\/p>\n<\/div>\n<div class=\"detailmodule_text\">\n<p id=\"tl_5\">\uf06e Por favor confirme o n&uacute;mero OE.est&aacute; correto com nossas pe&ccedil;as antes de comprar para que possa caber no seu carro.<\/p>\n<\/div>\n<div class=\"detailmodule_text\">\n<p id=\"tl_6\">\uf06e Todas as fotos dos produtos s&atilde;o apenas para demonstra&ccedil;&atilde;o e talvez uma pequena diferen&ccedil;a com as pe&ccedil;as reais.As diferen&ccedil;as de cor e detalhes s&atilde;o em condi&ccedil;&otilde;es normais.<\/p>\n<\/div>\n<div class=\"detailmodule_text\">\n<p id=\"tl_7\">\uf06e Por favor confirme os endere&ccedil;os de entrega e o telefone.N&atilde;o.s&atilde;o detalhados e exatamente corretos.<\/p>\n<\/div>\n<div class=\"detailmodule_text\">\n<p id=\"tl_8\">\uf06e Se voc&ecirc; n&atilde;o conseguir substituir bem as pe&ccedil;as sozinho, poder&aacute; reajust&aacute;-las ou ir &agrave; loja de manuten&ccedil;&atilde;o profissional local para instal&aacute;-las.<\/p>\n<\/div>\n<div class=\"detailmodule_text\">\n<p id=\"tl_9\">ENVIO<\/p>\n<\/div>\n<div class=\"detailmodule_image\">\n <img data-recalc-dims=\"1\" decoding=\"async\" class=\"detail-desc-decorate-image\" src=\"https:\/\/i0.wp.com\/ae01.alicdn.com\/kf\/Hc225ea2d90a144f2b716054df6fd1e96D.jpg?w=1200&#038;ssl=1\" \/>\n<\/div>\n<p><\/div>\n<\/div>\n","protected":false},"excerpt":{"rendered":"<p>Substitui&ccedil;&atilde;o da al&ccedil;a do interruptor de abertura da tampa do porta-malas da bota traseira do carro para BMW 2 3 4 5 X3 X4 X5 X6 Series F30 F35 F10 F11 F15 F16 F25 F26 OE N&Atilde;O.: Modelo A:5124 7368 752 5124 7463 161 Modelo B:5124 7368 753 Modelo C:5124 7463 163 5124 7345 700&hellip;&nbsp;<\/p>\n","protected":false},"featured_media":28648,"template":"","meta":{"neve_meta_sidebar":"","neve_meta_container":"","neve_meta_enable_content_width":"","neve_meta_content_width":0,"neve_meta_title_alignment":"","neve_meta_author_avatar":"","neve_post_elements_order":"","neve_meta_disable_header":"","neve_meta_disable_footer":"","neve_meta_disable_title":""},"product_brand":[],"product_cat":[17,24,128],"product_tag":[],"class_list":{"0":"post-28654","1":"product","2":"type-product","3":"status-publish","4":"has-post-thumbnail","6":"product_cat-pecas-e-acessorios-automotivos","7":"product_cat-pecas-externas","8":"product_cat-tampas-e-pecas-de-porta-malas","10":"first","11":"instock","12":"shipping-taxable","13":"purchasable","14":"product-type-variable","15":"has-default-attributes"},"jetpack_sharing_enabled":true,"_links":{"self":[{"href":"https:\/\/listman.shop\/autoparts-br\/wp-json\/wp\/v2\/product\/28654","targetHints":{"allow":["GET"]}}],"collection":[{"href":"https:\/\/listman.shop\/autoparts-br\/wp-json\/wp\/v2\/product"}],"about":[{"href":"https:\/\/listman.shop\/autoparts-br\/wp-json\/wp\/v2\/types\/product"}],"wp:featuredmedia":[{"embeddable":true,"href":"https:\/\/listman.shop\/autoparts-br\/wp-json\/wp\/v2\/media\/28648"}],"wp:attachment":[{"href":"https:\/\/listman.shop\/autoparts-br\/wp-json\/wp\/v2\/media?parent=28654"}],"wp:term":[{"taxonomy":"product_brand","embeddable":true,"href":"https:\/\/listman.shop\/autoparts-br\/wp-json\/wp\/v2\/product_brand?post=28654"},{"taxonomy":"product_cat","embeddable":true,"href":"https:\/\/listman.shop\/autoparts-br\/wp-json\/wp\/v2\/product_cat?post=28654"},{"taxonomy":"product_tag","embeddable":true,"href":"https:\/\/listman.shop\/autoparts-br\/wp-json\/wp\/v2\/product_tag?post=28654"}],"curies":[{"name":"wp","href":"https:\/\/api.w.org\/{rel}","templated":true}]}}