{"id":28669,"date":"2025-03-10T13:24:40","date_gmt":"2025-03-10T04:24:40","guid":{"rendered":"https:\/\/listman.shop\/autoparts-br\/product\/1005001792065397\/"},"modified":"2026-04-14T23:09:11","modified_gmt":"2026-04-14T14:09:11","slug":"1005001792065397","status":"publish","type":"product","link":"https:\/\/listman.shop\/autoparts-br\/product\/1005001792065397\/","title":{"rendered":"Emblema de carro adesivo para pajero, acess\u00f3rios automotivos, cap\u00f4 frontal, cromo, prata, ouro, preto, letras ABS, crach\u00e1, logotipo, placa de identifica\u00e7\u00e3o"},"content":{"rendered":"<div class=\"detailmodule_html\">\n<div class=\"detail-desc-decorate-richtext\">\n<div class=\"detailmodule_html\">\n<div class=\"detail-desc-decorate-richtext\">\n<div>&nbsp;<\/div>\n<div>\n<div>\n<div><\/div>\n<\/div>\n<\/div>\n<div>\n<p class=\"detail-desc-decorate-title\" style=\"font-family:OpenSans;font-size:20px;font-weight:900;line-height:28px;white-space:pre-wrap;margin-bottom:12px\">Para pajero emblema adesivo de carro acess\u00f3rios automotivos cap\u00f4 dianteiro cromo prata ouro preto abs letras crach\u00e1 logotipo placa de identifica\u00e7\u00e3o<\/p>\n<\/div>\n<div>\n<p class=\"detail-desc-decorate-content\" style=\"font-family:OpenSans;font-size:14px;font-weight:300;line-height:20px;white-space:pre-wrap;margin-bottom:12px\"><span style=\"font-size:18px\"><span style=\"font-family:Arial,Helvetica,sans-serif\">1.Material: pl\u00e1stico macio.<br \/>2. cor ouro, prata cromada, preto<br \/>3. Lado: cerca de 68,5 * 5,1 cm<br \/>O pacote inclui: 1 pe\u00e7a<br \/>Design inovador, simples, bonito.Boa qualidade e dur\u00e1vel.<\/p>\n<p>Nota:<br \/>1) o adesivo tem remendo autoadesivo na parte traseira para colar no carro, f\u00e1cil instala\u00e7\u00e3o.<br \/>2) Use detergente para limpar a superf\u00edcie do alvo antes de col\u00e1-lo.<\/span><\/span><\/p>\n<\/div>\n<div><img data-recalc-dims=\"1\" decoding=\"async\" class=\"detail-desc-decorate-image\" src=\"https:\/\/i0.wp.com\/ae01.alicdn.com\/kf\/Hef0e4ef36a384d56ab42de17f529d456E.jpg?w=1200&#038;ssl=1\" style=\"margin-bottom:10px\"> <img data-recalc-dims=\"1\" decoding=\"async\" class=\"detail-desc-decorate-image\" src=\"https:\/\/i0.wp.com\/g02.a.alicdn.com\/kf\/H07dac552351f4309a786900b4f6b0e77Y.jpg?w=1200\" style=\"margin-bottom:10px\"> <img data-recalc-dims=\"1\" decoding=\"async\" class=\"detail-desc-decorate-image\" src=\"https:\/\/i0.wp.com\/g01.a.alicdn.com\/kf\/Hff70c3058528462cb8fa8598b9ba0aa3H.jpg?w=1200\" style=\"margin-bottom:10px\"> <img data-recalc-dims=\"1\" decoding=\"async\" class=\"detail-desc-decorate-image\" src=\"https:\/\/i0.wp.com\/g02.a.alicdn.com\/kf\/H3d40b27aed254d8e961c2bebea4a60f4b.jpg?w=1200\" style=\"margin-bottom:10px\"> <img data-recalc-dims=\"1\" decoding=\"async\" class=\"detail-desc-decorate-image\" src=\"https:\/\/i0.wp.com\/g02.a.alicdn.com\/kf\/H05b16ea30d7a46e8ba6efee032b569326.jpg?w=1200\" style=\"margin-bottom:10px\"> <img data-recalc-dims=\"1\" decoding=\"async\" class=\"detail-desc-decorate-image\" src=\"https:\/\/i0.wp.com\/ae01.alicdn.com\/kf\/H4fbb9c83874e4ef39287fe76a824bf38t.jpg?w=1200&#038;ssl=1\" style=\"margin-bottom:10px\"> <img data-recalc-dims=\"1\" decoding=\"async\" class=\"detail-desc-decorate-image\" src=\"https:\/\/i0.wp.com\/ae01.alicdn.com\/kf\/H056764a5e3484c54943eada4ea82ac80a.jpg?w=1200&#038;ssl=1\" style=\"margin-bottom:10px\"><\/div>\n<div>\n<p class=\"detail-desc-decorate-title\" style=\"font-family:OpenSans;font-size:20px;font-weight:900;line-height:28px;white-space:pre-wrap;margin-bottom:12px\">Sobre o feedback:<\/p>\n<p class=\"detail-desc-decorate-content\" style=\"font-family:OpenSans;font-size:14px;font-weight:300;line-height:20px;white-space:pre-wrap;margin-bottom:12px\">Seu bom feedback \u00e9 importante para n\u00f3s. Se voc\u00ea estiver satisfeito com nosso produto e servi\u00e7o, d\u00ea-nos um feedback positivo de cinco estrelas. Se voc\u00ea tiver alguma d\u00favida sobre nosso produto, entre em contato conosco primeiro, mas n\u00e3o abra disputa. Tentaremos ajud\u00e1-lo a resolver o problema. Muito obrigado pelo seu apoio.<\/p>\n<\/div>\n<p>&nbsp;<\/p>\n<p>&nbsp;<\/p>\n<\/div>\n<\/div>\n<\/div>\n<\/div>\n","protected":false},"excerpt":{"rendered":"<p>&nbsp; Para pajero emblema adesivo de carro acess\u00f3rios automotivos cap\u00f4 dianteiro cromo prata ouro preto abs letras crach\u00e1 logotipo placa de identifica\u00e7\u00e3o 1.Material: pl\u00e1stico macio.2. cor ouro, prata cromada, preto3. Lado: cerca de 68,5 * 5,1 cmO pacote inclui: 1 pe\u00e7aDesign inovador, simples, bonito.Boa qualidade e dur\u00e1vel. Nota:1) o adesivo tem remendo autoadesivo na parte&hellip;&nbsp;<\/p>\n","protected":false},"featured_media":28663,"template":"","meta":{"neve_meta_sidebar":"","neve_meta_container":"","neve_meta_enable_content_width":"","neve_meta_content_width":0,"neve_meta_title_alignment":"","neve_meta_author_avatar":"","neve_post_elements_order":"","neve_meta_disable_header":"","neve_meta_disable_footer":"","neve_meta_disable_title":""},"product_brand":[],"product_cat":[86,17,24],"product_tag":[],"class_list":{"0":"post-28669","1":"product","2":"type-product","3":"status-publish","4":"has-post-thumbnail","6":"product_cat-emblemas","7":"product_cat-pecas-e-acessorios-automotivos","8":"product_cat-pecas-externas","10":"first","11":"instock","12":"shipping-taxable","13":"purchasable","14":"product-type-variable","15":"has-default-attributes"},"jetpack_sharing_enabled":true,"_links":{"self":[{"href":"https:\/\/listman.shop\/autoparts-br\/wp-json\/wp\/v2\/product\/28669","targetHints":{"allow":["GET"]}}],"collection":[{"href":"https:\/\/listman.shop\/autoparts-br\/wp-json\/wp\/v2\/product"}],"about":[{"href":"https:\/\/listman.shop\/autoparts-br\/wp-json\/wp\/v2\/types\/product"}],"wp:featuredmedia":[{"embeddable":true,"href":"https:\/\/listman.shop\/autoparts-br\/wp-json\/wp\/v2\/media\/28663"}],"wp:attachment":[{"href":"https:\/\/listman.shop\/autoparts-br\/wp-json\/wp\/v2\/media?parent=28669"}],"wp:term":[{"taxonomy":"product_brand","embeddable":true,"href":"https:\/\/listman.shop\/autoparts-br\/wp-json\/wp\/v2\/product_brand?post=28669"},{"taxonomy":"product_cat","embeddable":true,"href":"https:\/\/listman.shop\/autoparts-br\/wp-json\/wp\/v2\/product_cat?post=28669"},{"taxonomy":"product_tag","embeddable":true,"href":"https:\/\/listman.shop\/autoparts-br\/wp-json\/wp\/v2\/product_tag?post=28669"}],"curies":[{"name":"wp","href":"https:\/\/api.w.org\/{rel}","templated":true}]}}