{"id":28905,"date":"2025-03-10T13:44:48","date_gmt":"2025-03-10T04:44:48","guid":{"rendered":"https:\/\/listman.shop\/autoparts-br\/product\/1005004702865146\/"},"modified":"2026-05-04T23:01:11","modified_gmt":"2026-05-04T14:01:11","slug":"1005004702865146","status":"publish","type":"product","link":"https:\/\/listman.shop\/autoparts-br\/product\/1005004702865146\/","title":{"rendered":"Capa de espelho estilo m tampa do espelho retrovisor lateral do carro para bmw 3 4 5 7 8 s\u00e9ries g20 g21 g30 g38 g22 g23 g11 g12 g15 g16 lhd rhd"},"content":{"rendered":"<div class=\"detailmodule_html\">\n<div class=\"detail-desc-decorate-richtext\">\n<div class=\"detailmodule_html\">\n<div class=\"detail-desc-decorate-richtext\">\n<p style=\"text-align:left;margin:0px;margin-bottom:0px;margin-top:0px;margin-left:0px;margin-right:0px\" align=\"left\"><img data-recalc-dims=\"1\" decoding=\"async\" src=\"https:\/\/i0.wp.com\/ae01.alicdn.com\/kf\/Sd336d83491024f99a11794ae377ed958r.jpg?w=1200&#038;ssl=1\"><br \/><img data-recalc-dims=\"1\" decoding=\"async\" src=\"https:\/\/i0.wp.com\/ae01.alicdn.com\/kf\/Sf7c9c1e189ff4bae99a8c807995b19b1q.jpg?w=1200&#038;ssl=1\"><\/p>\n<h1 style=\"letter-spacing:normal;line-height:36px;text-align:start;white-space:normal;border:0px;margin:0.67em 0px 12px;margin-bottom:12px;margin-top:0.67em;margin-left:0px;margin-right:0px;padding:0px;padding-bottom:0px;padding-top:0px;padding-left:0px;padding-right:0px\" align=\"start\"><span style=\"font-size:medium;, Arial, Helvetica, sans-serif\"><strong><span style=\"font-size:36px\">Modelos compat\u00edveis;<\/span><\/strong><\/span><br \/><span style=\"font-size:36px;, Arial, Helvetica, sans-serif, Heiti\"><strong>Para BMW S\u00e9rie 3 G20 G21 G28 2019-2023<\/strong><\/span><br \/><span style=\"font-size:36px;, Arial, Helvetica, sans-serif, Heiti\">Para BMW S\u00e9rie 4 G22 G23 2020-2023<\/span><br \/><span style=\"font-size:36px;, Arial, Helvetica, sans-serif, Heiti\"><strong>Para BMW S\u00e9rie 5 G30 G38 2017-2023<\/strong><\/span><br \/><span style=\"font-size:36px;, Arial, Helvetica, sans-serif, Heiti\"><strong>Para BMW S\u00e9rie 7 G11 G12 2016-2023<\/strong><\/span><br \/><span style=\"font-size:36px;, Arial, Helvetica, sans-serif, Heiti\"><strong>Para BMW S\u00e9rie 8 G15 G16 2017 2018-2023<\/strong><\/span><br \/><img data-recalc-dims=\"1\" decoding=\"async\" style=\", sans-serif;font-size:14px;font-weight:400;letter-spacing:normal;text-align:left;white-space:normal;border:0px none;margin:0px;margin-bottom:0px;margin-top:0px;margin-left:0px;margin-right:0px;padding:0px;padding-bottom:0px;padding-top:0px;padding-left:0px;padding-right:0px;max-width:100%;width:800px\"  src=\"https:\/\/i0.wp.com\/ae01.alicdn.com\/kf\/S46b087528d914044a43ad8a937aec6d50.jpg?w=1200&#038;ssl=1\"><img data-recalc-dims=\"1\" decoding=\"async\" style=\", sans-serif;font-size:14px;font-weight:400;letter-spacing:normal;text-align:left;white-space:normal;border:0px none;margin:0px;margin-bottom:0px;margin-top:0px;margin-left:0px;margin-right:0px;padding:0px;padding-bottom:0px;padding-top:0px;padding-left:0px;padding-right:0px;max-width:100%;width:800px\"  src=\"https:\/\/i0.wp.com\/ae01.alicdn.com\/kf\/Sdc0c9b601f84400095031d71e4deb9e1l.jpg?w=1200&#038;ssl=1\"><img data-recalc-dims=\"1\" decoding=\"async\" style=\", sans-serif;font-size:14px;font-weight:400;letter-spacing:normal;text-align:left;white-space:normal;border:0px none;margin:0px;margin-bottom:0px;margin-top:0px;margin-left:0px;margin-right:0px;padding:0px;padding-bottom:0px;padding-top:0px;padding-left:0px;padding-right:0px;max-width:100%;width:800px\"  src=\"https:\/\/i0.wp.com\/ae01.alicdn.com\/kf\/Se1a1df438a814818a3afcc1a8d505223D.jpg?w=1200&#038;ssl=1\"><img data-recalc-dims=\"1\" decoding=\"async\" style=\", sans-serif;font-size:14px;font-weight:400;letter-spacing:normal;text-align:left;white-space:normal;border:0px none;margin:0px;margin-bottom:0px;margin-top:0px;margin-left:0px;margin-right:0px;padding:0px;padding-bottom:0px;padding-top:0px;padding-left:0px;padding-right:0px;max-width:100%;width:800px\"  src=\"https:\/\/i0.wp.com\/ae01.alicdn.com\/kf\/Sceb40e4ccad64196b455ef2fd4ec3d45u.jpg?w=1200&#038;ssl=1\"><img data-recalc-dims=\"1\" decoding=\"async\" style=\", sans-serif;font-size:14px;font-weight:400;letter-spacing:normal;text-align:left;white-space:normal;border:0px none;margin:0px;margin-bottom:0px;margin-top:0px;margin-left:0px;margin-right:0px;padding:0px;padding-bottom:0px;padding-top:0px;padding-left:0px;padding-right:0px;max-width:100%;width:800px\"  src=\"https:\/\/i0.wp.com\/ae01.alicdn.com\/kf\/Sdf75930cf62546099a3c272c1b547e4eQ.jpg?w=1200&#038;ssl=1\"><br \/><img data-recalc-dims=\"1\" decoding=\"async\" src=\"https:\/\/i0.wp.com\/ae01.alicdn.com\/kf\/Saa627f33980040dcb12e9fde976821f0p.jpg?w=1200&#038;ssl=1\"><img data-recalc-dims=\"1\" decoding=\"async\" src=\"https:\/\/i0.wp.com\/ae01.alicdn.com\/kf\/S9f84ca9fd14e40c895e782da940a8026Z.jpg?w=1200&#038;ssl=1\"><img data-recalc-dims=\"1\" decoding=\"async\" src=\"https:\/\/i0.wp.com\/ae01.alicdn.com\/kf\/S8cb5bb548ec94d43a7b39414e45185853.jpg?w=1200&#038;ssl=1\"><img data-recalc-dims=\"1\" decoding=\"async\" src=\"https:\/\/i0.wp.com\/ae01.alicdn.com\/kf\/S44e3fbe75ac34b738c45f417d9ad80028.jpg?w=1200&#038;ssl=1\"><img data-recalc-dims=\"1\" decoding=\"async\" src=\"https:\/\/i0.wp.com\/ae01.alicdn.com\/kf\/S10a8b9e886f64cc6992d5ea1c208fb90n.jpg?w=1200&#038;ssl=1\"><br \/><img data-recalc-dims=\"1\" decoding=\"async\" src=\"https:\/\/i0.wp.com\/ae01.alicdn.com\/kf\/S0c99302fc4514689be90edde307aa9d4w.jpg?w=1200&#038;ssl=1\"><img data-recalc-dims=\"1\" decoding=\"async\" src=\"https:\/\/i0.wp.com\/ae01.alicdn.com\/kf\/S461c4467c71742c5b55d0057c2180cdd1.jpg?w=1200&#038;ssl=1\"><img data-recalc-dims=\"1\" decoding=\"async\" src=\"https:\/\/i0.wp.com\/ae01.alicdn.com\/kf\/Sb41bd2aa012a41edaa2b892784efc30ej.jpg?w=1200&#038;ssl=1\"><img data-recalc-dims=\"1\" decoding=\"async\" src=\"https:\/\/i0.wp.com\/ae01.alicdn.com\/kf\/Sdecfeed8343e469d9ca11fa68e717eceA.jpg?w=1200&#038;ssl=1\"><img data-recalc-dims=\"1\" decoding=\"async\" src=\"https:\/\/i0.wp.com\/ae01.alicdn.com\/kf\/S0e60fefa0ca64167ae181fd45d7de0e0y.jpg?w=1200&#038;ssl=1\"><img data-recalc-dims=\"1\" decoding=\"async\" src=\"https:\/\/i0.wp.com\/ae01.alicdn.com\/kf\/S4b7b5c8188664aac900a7b3ddee3941fg.jpg?w=1200&#038;ssl=1\"><img data-recalc-dims=\"1\" decoding=\"async\" src=\"https:\/\/i0.wp.com\/ae01.alicdn.com\/kf\/S62054e35f9ed45d0bd330502db55fc34a.jpg?w=1200&#038;ssl=1\"><img data-recalc-dims=\"1\" decoding=\"async\" src=\"https:\/\/i0.wp.com\/ae01.alicdn.com\/kf\/Sdc26289ed2a3419fb4d65cea553cc5bdC.jpg?w=1200&#038;ssl=1\"><img data-recalc-dims=\"1\" decoding=\"async\" src=\"https:\/\/i0.wp.com\/ae01.alicdn.com\/kf\/S95ced22fea174ab3b53731d443cb0874i.jpg?w=1200&#038;ssl=1\"><img data-recalc-dims=\"1\" decoding=\"async\" src=\"https:\/\/i0.wp.com\/ae01.alicdn.com\/kf\/S188bc7bcd70147a3930b3e060d892292R.jpg?w=1200&#038;ssl=1\"><img data-recalc-dims=\"1\" decoding=\"async\" src=\"https:\/\/i0.wp.com\/ae01.alicdn.com\/kf\/S3df1b3fead154e6898bd44a6f7849bd4g.jpg?w=1200&#038;ssl=1\"><img data-recalc-dims=\"1\" decoding=\"async\" src=\"https:\/\/i0.wp.com\/ae01.alicdn.com\/kf\/S0091950f8e064952bff21d78826ede2f3.jpg?w=1200&#038;ssl=1\"><img data-recalc-dims=\"1\" decoding=\"async\" src=\"https:\/\/i0.wp.com\/ae01.alicdn.com\/kf\/S7c078681ddd9436fa3e18df412d1ae38y.jpg?w=1200&#038;ssl=1\"><img data-recalc-dims=\"1\" decoding=\"async\" src=\"https:\/\/i0.wp.com\/ae01.alicdn.com\/kf\/S71098f31c9844f2fb6e319e9ad9ab6994.jpg?w=1200&#038;ssl=1\"><img data-recalc-dims=\"1\" decoding=\"async\" src=\"https:\/\/i0.wp.com\/ae01.alicdn.com\/kf\/S2e79c8b47f634e45bc4cd81cedfe09e8U.jpg?w=1200&#038;ssl=1\"><img data-recalc-dims=\"1\" decoding=\"async\" src=\"https:\/\/i0.wp.com\/ae01.alicdn.com\/kf\/S97e1f80ab5a440b199c0a24cb5e0e387k.jpg?w=1200&#038;ssl=1\"><br \/><img data-recalc-dims=\"1\" decoding=\"async\" style=\", Arial, Helvetica, sans-serif, Heiti;font-size:14px;font-weight:400;letter-spacing:normal;text-align:start;white-space:normal;border:0px none;margin:0px;margin-bottom:0px;margin-top:0px;margin-left:0px;margin-right:0px;padding:0px;padding-bottom:0px;padding-top:0px;padding-left:0px;padding-right:0px;max-width:100%\" src=\"https:\/\/i0.wp.com\/ae01.alicdn.com\/kf\/H7b92e539eb714402865b091609cdc57dU.jpg?w=1200&#038;ssl=1\"><\/h1>\n<p><\/div>\n<\/div>\n<\/div>\n<\/div>\n","protected":false},"excerpt":{"rendered":"<p>Modelos compat\u00edveis;Para BMW S\u00e9rie 3 G20 G21 G28 2019-2023Para BMW S\u00e9rie 4 G22 G23 2020-2023Para BMW S\u00e9rie 5 G30 G38 2017-2023Para BMW S\u00e9rie 7 G11 G12 2016-2023Para BMW S\u00e9rie 8 G15 G16 2017 2018-2023<\/p>\n","protected":false},"featured_media":28899,"template":"","meta":{"neve_meta_sidebar":"","neve_meta_container":"","neve_meta_enable_content_width":"","neve_meta_content_width":0,"neve_meta_title_alignment":"","neve_meta_author_avatar":"","neve_post_elements_order":"","neve_meta_disable_header":"","neve_meta_disable_footer":"","neve_meta_disable_title":""},"product_brand":[],"product_cat":[17,24,74],"product_tag":[],"class_list":{"0":"post-28905","1":"product","2":"type-product","3":"status-publish","4":"has-post-thumbnail","6":"product_cat-pecas-e-acessorios-automotivos","7":"product_cat-pecas-externas","8":"product_cat-retrovisores-e-capas","10":"first","11":"instock","12":"shipping-taxable","13":"purchasable","14":"product-type-variable","15":"has-default-attributes"},"jetpack_sharing_enabled":true,"_links":{"self":[{"href":"https:\/\/listman.shop\/autoparts-br\/wp-json\/wp\/v2\/product\/28905","targetHints":{"allow":["GET"]}}],"collection":[{"href":"https:\/\/listman.shop\/autoparts-br\/wp-json\/wp\/v2\/product"}],"about":[{"href":"https:\/\/listman.shop\/autoparts-br\/wp-json\/wp\/v2\/types\/product"}],"wp:featuredmedia":[{"embeddable":true,"href":"https:\/\/listman.shop\/autoparts-br\/wp-json\/wp\/v2\/media\/28899"}],"wp:attachment":[{"href":"https:\/\/listman.shop\/autoparts-br\/wp-json\/wp\/v2\/media?parent=28905"}],"wp:term":[{"taxonomy":"product_brand","embeddable":true,"href":"https:\/\/listman.shop\/autoparts-br\/wp-json\/wp\/v2\/product_brand?post=28905"},{"taxonomy":"product_cat","embeddable":true,"href":"https:\/\/listman.shop\/autoparts-br\/wp-json\/wp\/v2\/product_cat?post=28905"},{"taxonomy":"product_tag","embeddable":true,"href":"https:\/\/listman.shop\/autoparts-br\/wp-json\/wp\/v2\/product_tag?post=28905"}],"curies":[{"name":"wp","href":"https:\/\/api.w.org\/{rel}","templated":true}]}}