{"id":29042,"date":"2025-03-10T13:51:43","date_gmt":"2025-03-10T04:51:43","guid":{"rendered":"https:\/\/listman.shop\/autoparts-br\/product\/1005005307241410\/"},"modified":"2026-05-04T22:30:11","modified_gmt":"2026-05-04T13:30:11","slug":"1005005307241410","status":"publish","type":"product","link":"https:\/\/listman.shop\/autoparts-br\/product\/1005005307241410\/","title":{"rendered":"Amortecedores de cap\u00f4 para subaru brz zd8 toyota gr86 zn8 2021 2022 2023 2024 2025 cap\u00f4 dianteiro suportes de g\u00e1s elevador suportes haste bra\u00e7os choque"},"content":{"rendered":"<div class=\"detailmodule_html\">\n<div class=\"detail-desc-decorate-richtext\">Adequado para: Somente compat\u00edvel com Toyota GR86 ou Subaru BRZ 2021 2022 2023 2024 2025. Personalizado de acordo com o tamanho do carro especial, observe se o ano do modelo combina antes da compra.<br \/>\n Chave <\/p>\n<p> Benef\u00edcios: O mais peso de suporte para 2 suportes tem 85 libras &#8211; 100 libras, este significa se a tampa do seu projeto entre 85 libras e 100 libras, este conjunto de suporte a g\u00e1s de 100LB \u00e9 COMO! <\/p>\n<p> Praticidade: Ap\u00f3s instala\u00e7\u00e3o, esses tampa\/capa levar\u00e3o com seguran\u00e7a e suave usando SOMENTE UM dedo. <\/p>\n<p> Material: Projeto hidr\u00e1ulico, levou lentamente para melhorar a seguran\u00e7a. Usando liga de alum\u00ednio e material de a\u00e7o puro, n\u00e3o \u00e9 f\u00e1cil de enferrujar deforma\u00e7\u00e3o, sentido mais avan\u00e7ado. <\/p>\n<p> Conte\u00fado do pacote: O pacote cont\u00e9m molas a g\u00e1s x2, suportes de montagem x4. Instala\u00e7\u00e3o com chave de fenda plana, sem necessidade de perfurar furos extras e alterar o design do carro.<\/p><\/div>\n<\/div>\n","protected":false},"excerpt":{"rendered":"<p>Adequado para: Somente compat\u00edvel com Toyota GR86 ou Subaru BRZ 2021 2022 2023 2024 2025. Personalizado de acordo com o tamanho do carro especial, observe se o ano do modelo combina antes da compra. Chave Benef\u00edcios: O mais peso de suporte para 2 suportes tem 85 libras &#8211; 100 libras, este significa se a tampa&hellip;&nbsp;<\/p>\n","protected":false},"featured_media":29036,"template":"","meta":{"neve_meta_sidebar":"","neve_meta_container":"","neve_meta_enable_content_width":"","neve_meta_content_width":0,"neve_meta_title_alignment":"","neve_meta_author_avatar":"","neve_post_elements_order":"","neve_meta_disable_header":"","neve_meta_disable_footer":"","neve_meta_disable_title":""},"product_brand":[],"product_cat":[158,17,24],"product_tag":[],"class_list":{"0":"post-29042","1":"product","2":"type-product","3":"status-publish","4":"has-post-thumbnail","6":"product_cat-capo","7":"product_cat-pecas-e-acessorios-automotivos","8":"product_cat-pecas-externas","10":"first","11":"instock","12":"shipping-taxable","13":"purchasable","14":"product-type-variable","15":"has-default-attributes"},"jetpack_sharing_enabled":true,"_links":{"self":[{"href":"https:\/\/listman.shop\/autoparts-br\/wp-json\/wp\/v2\/product\/29042","targetHints":{"allow":["GET"]}}],"collection":[{"href":"https:\/\/listman.shop\/autoparts-br\/wp-json\/wp\/v2\/product"}],"about":[{"href":"https:\/\/listman.shop\/autoparts-br\/wp-json\/wp\/v2\/types\/product"}],"wp:featuredmedia":[{"embeddable":true,"href":"https:\/\/listman.shop\/autoparts-br\/wp-json\/wp\/v2\/media\/29036"}],"wp:attachment":[{"href":"https:\/\/listman.shop\/autoparts-br\/wp-json\/wp\/v2\/media?parent=29042"}],"wp:term":[{"taxonomy":"product_brand","embeddable":true,"href":"https:\/\/listman.shop\/autoparts-br\/wp-json\/wp\/v2\/product_brand?post=29042"},{"taxonomy":"product_cat","embeddable":true,"href":"https:\/\/listman.shop\/autoparts-br\/wp-json\/wp\/v2\/product_cat?post=29042"},{"taxonomy":"product_tag","embeddable":true,"href":"https:\/\/listman.shop\/autoparts-br\/wp-json\/wp\/v2\/product_tag?post=29042"}],"curies":[{"name":"wp","href":"https:\/\/api.w.org\/{rel}","templated":true}]}}