{"id":29078,"date":"2025-03-10T13:53:22","date_gmt":"2025-03-10T04:53:22","guid":{"rendered":"https:\/\/listman.shop\/autoparts-br\/product\/1005005653947468\/"},"modified":"2026-05-04T23:21:10","modified_gmt":"2026-05-04T14:21:10","slug":"1005005653947468","status":"publish","type":"product","link":"https:\/\/listman.shop\/autoparts-br\/product\/1005005653947468\/","title":{"rendered":"Amortecedor dianteiro guarda almofada inser\u00e7\u00e3o capa suporte de montagem licen\u00e7a para ford f150 2018 2019 2020"},"content":{"rendered":"<div class=\"detailmodule_html\">\n<div class=\"detail-desc-decorate-richtext\">\n<p>Amortecedor dianteiro guarda almofada inser\u00e7\u00e3o capa suporte de montagem licen\u00e7a para ford f150 2018 2019 2020<\/p>\n<\/p>\n<p>N\u00famero da pe\u00e7a:<\/p>\n<p>Almofada de prote\u00e7\u00e3o do p\u00e1ra-choque: JL3Z17E810AB, JL3Z17E810AA, JL3Z17E811AB, JL3Z-17E810-AB, JL3Z-17E810-AA, JL3Z-17E811-AB<\/p>\n<p>Suporte da placa: JL3Z17A385BA, JL3Z-17A385-BA, FO1068181<\/p>\n<p><\/p>\n<p>Para Ford F-150 2018-2020 (n\u00e3o para edi\u00e7\u00e3o Harley, SVT ou Ecoboost)<\/p>\n<\/p>\n<p><img data-recalc-dims=\"1\" decoding=\"async\" src=\"https:\/\/i0.wp.com\/ae01.alicdn.com\/kf\/S94a16c6a89b242909d088606ead1f507f.jpg?w=1200&#038;ssl=1\"><img data-recalc-dims=\"1\" decoding=\"async\" src=\"https:\/\/i0.wp.com\/ae01.alicdn.com\/kf\/Sca702d2113e24349b17536a96ee5cc78M.jpg?w=1200&#038;ssl=1\"><img data-recalc-dims=\"1\" decoding=\"async\" src=\"https:\/\/i0.wp.com\/ae01.alicdn.com\/kf\/Sc76ee033ad27489a9b09173f2ca158e7W.jpg?w=1200&#038;ssl=1\"><img data-recalc-dims=\"1\" decoding=\"async\" src=\"https:\/\/i0.wp.com\/ae01.alicdn.com\/kf\/S567d179ecc004fc0af5fc475a42d10fe6.jpg?w=1200&#038;ssl=1\"><img data-recalc-dims=\"1\" decoding=\"async\" src=\"https:\/\/i0.wp.com\/ae01.alicdn.com\/kf\/Scc283b28b61d4269a4c17997df4141b27.jpg?w=1200&#038;ssl=1\"><img data-recalc-dims=\"1\" decoding=\"async\" src=\"https:\/\/i0.wp.com\/ae01.alicdn.com\/kf\/S5b9456358393466ea48fa819374f031aL.jpg?w=1200&#038;ssl=1\"><img data-recalc-dims=\"1\" decoding=\"async\" src=\"https:\/\/i0.wp.com\/ae01.alicdn.com\/kf\/S458161822d5a4e13b6d2abed1ee67c11G.jpg?w=1200&#038;ssl=1\"><img data-recalc-dims=\"1\" decoding=\"async\" src=\"https:\/\/i0.wp.com\/ae01.alicdn.com\/kf\/Sca9986c53e56405bb9152686f671eda9g.jpg?w=1200&#038;ssl=1\"><\/p>\n<\/div>\n<\/div>\n","protected":false},"excerpt":{"rendered":"<p>Amortecedor dianteiro guarda almofada inser\u00e7\u00e3o capa suporte de montagem licen\u00e7a para ford f150 2018 2019 2020 N\u00famero da pe\u00e7a: Almofada de prote\u00e7\u00e3o do p\u00e1ra-choque: JL3Z17E810AB, JL3Z17E810AA, JL3Z17E811AB, JL3Z-17E810-AB, JL3Z-17E810-AA, JL3Z-17E811-AB Suporte da placa: JL3Z17A385BA, JL3Z-17A385-BA, FO1068181 Para Ford F-150 2018-2020 (n\u00e3o para edi\u00e7\u00e3o Harley, SVT ou Ecoboost)<\/p>\n","protected":false},"featured_media":29072,"template":"","meta":{"neve_meta_sidebar":"","neve_meta_container":"","neve_meta_enable_content_width":"","neve_meta_content_width":0,"neve_meta_title_alignment":"","neve_meta_author_avatar":"","neve_post_elements_order":"","neve_meta_disable_header":"","neve_meta_disable_footer":"","neve_meta_disable_title":""},"product_brand":[],"product_cat":[65,17,24],"product_tag":[],"class_list":{"0":"post-29078","1":"product","2":"type-product","3":"status-publish","4":"has-post-thumbnail","6":"product_cat-para-lamas","7":"product_cat-pecas-e-acessorios-automotivos","8":"product_cat-pecas-externas","10":"first","11":"instock","12":"shipping-taxable","13":"purchasable","14":"product-type-variable","15":"has-default-attributes"},"jetpack_sharing_enabled":true,"_links":{"self":[{"href":"https:\/\/listman.shop\/autoparts-br\/wp-json\/wp\/v2\/product\/29078","targetHints":{"allow":["GET"]}}],"collection":[{"href":"https:\/\/listman.shop\/autoparts-br\/wp-json\/wp\/v2\/product"}],"about":[{"href":"https:\/\/listman.shop\/autoparts-br\/wp-json\/wp\/v2\/types\/product"}],"wp:featuredmedia":[{"embeddable":true,"href":"https:\/\/listman.shop\/autoparts-br\/wp-json\/wp\/v2\/media\/29072"}],"wp:attachment":[{"href":"https:\/\/listman.shop\/autoparts-br\/wp-json\/wp\/v2\/media?parent=29078"}],"wp:term":[{"taxonomy":"product_brand","embeddable":true,"href":"https:\/\/listman.shop\/autoparts-br\/wp-json\/wp\/v2\/product_brand?post=29078"},{"taxonomy":"product_cat","embeddable":true,"href":"https:\/\/listman.shop\/autoparts-br\/wp-json\/wp\/v2\/product_cat?post=29078"},{"taxonomy":"product_tag","embeddable":true,"href":"https:\/\/listman.shop\/autoparts-br\/wp-json\/wp\/v2\/product_tag?post=29078"}],"curies":[{"name":"wp","href":"https:\/\/api.w.org\/{rel}","templated":true}]}}