{"id":29091,"date":"2025-03-10T13:53:48","date_gmt":"2025-03-10T04:53:48","guid":{"rendered":"https:\/\/listman.shop\/autoparts-br\/product\/1005005671765896\/"},"modified":"2026-05-08T06:02:35","modified_gmt":"2026-05-07T21:02:35","slug":"1005005671765896","status":"publish","type":"product","link":"https:\/\/listman.shop\/autoparts-br\/product\/1005005671765896\/","title":{"rendered":"Fibra de carbono M olhar tampa do espelho traseiro, M3 Estilo Capa, Acess\u00f3rios de carro, BMW S\u00e9rie 1, S\u00e9rie 3, E90, E91, E81, E82, E87, E88, E92, E93"},"content":{"rendered":"<div class=\"detailmodule_html\">\n<div class=\"detail-desc-decorate-richtext\">\n<div style=\", Arial, Helvetica, sans-serif, Heiti;font-size:14px;font-weight:400;letter-spacing:normal;text-align:start;white-space:normal\" align=\"start\">\n <span style=\"font-size:16px;font-family:Arial\"><span style=\"font-size:16px;font-family:arial, helvetica, sans-serif\" id=\"tl_1\">Para BMW E90 E91 2005-2007 E92 E93 2006-2009 Estilo M3 Pintado Carro Retrovisor Tampa Da Tampa Do Espelho de Substitui&ccedil;&atilde;o Esquerda Direita <\/p>\n<p>Pacote inclu&iacute;do: <br \/>2x substitui&ccedil;&atilde;o tampa do espelho retrovisor (esquerda + direita) <\/p>\n<p>Montagem: <br \/>-Para BMW E81 E82 E88 todos os modelos e modelos E87 facelifted!!!!!!!!!!!!!!!!!!!!!! <br \/>-Nota: n&atilde;o apto para modelos 1M!!!!!!!!!!!!!!!!!!!!!!!!!!!!!!!!!!!!!!!!!!!!!!!!!!!!!!!!!!!!!!!!!!!!!!!!!!!! <br \/>-Para BMW E90 E91 PRE-LCI 2005-2007 (verifique se o seu carro &eacute; pr&eacute;-modelo) <br \/>-Para BMW E92 E93 PRE-LCI 2006-2009 (verifique se o seu carro &eacute; pr&eacute;-modelo) <br \/>-Nota: Apenas Fit Para E90 E91 E92 E93 PRE-LCI Modelo!!!!!! N&Atilde;O FIT PARA MODELOS M3 REAIS!!!!!!!!!!!!!!!!!!!!!!!!!!!!!!!!!!!!!<\/span><\/span>\n<\/div>\n<div style=\", Arial, Helvetica, sans-serif, Heiti;font-size:14px;font-weight:400;letter-spacing:normal;text-align:start;white-space:normal\" align=\"start\">\n <span style=\"font-size:16px;font-family:Arial\"><span style=\"font-size:16px;font-family:arial, helvetica, sans-serif\"><span id=\"tl_2\">(Se voc&ecirc; &eacute; modelo E82 plz entre em contato conosco e envie uma foto para n&oacute;s, para verificar se &eacute; terno ou n&atilde;o, obrigado)<\/span><\/span><\/span><br \/>\n <span style=\"font-size:16px;font-family:Arial\"><span style=\"font-size:16px;font-family:arial, helvetica, sans-serif\" id=\"tl_3\"><\/p>\n<p>Especifica&ccedil;&atilde;o: <br \/>-100% Nova Marca <br \/>-Tipo: M3 estilo espelho retrovisor tampa substitui&ccedil;&atilde;o <br \/>-Tampa do tamp&atilde;o do espelho do estilo M3 para E90 E91 E92 E93 PRE-LCI Modelo!!!!!!! (N&atilde;o vai caber para REAL M3) <br \/>-Material: 100% alta qualidade Pl&aacute;stico ABS\/Fibra De Carbono <br \/>-Cor: Pintado Preto Brilhante\/Fibra De Carbono Olhar <br \/>-Coloca&ccedil;&atilde;o no ve&iacute;culo: esquerdo e direito <br \/>-Tipo Fitment: Substitui&ccedil;&atilde;o direta <\/p>\n<p>Caracter&iacute;stica: <br \/>-Feito de material pl&aacute;stico de alta qualidade, dur&aacute;vel em uso. <br \/>-Adotando o elemento de design Supercar, &eacute; mais legal do que a capa do espelho original. <br \/>-Ele pode efetivamente proteger o seu espelho retrovisor de danos. <br \/>-Vem como um par, substituto perfeito para o seu velho ou danificado. <\/p>\n<p>Nota: <br \/>-Por favor, permita 1-3CM difere devido &agrave; medi&ccedil;&atilde;o manual. <br \/>-Devido &agrave; exibi&ccedil;&atilde;o diferente e luz diferente, a imagem pode n&atilde;o refletir a cor real do item. Obrigado pela sua compreens&atilde;o.<\/span><\/span><br \/>\n <br \/> <br \/>\n <img data-recalc-dims=\"1\" decoding=\"async\" src=\"https:\/\/i0.wp.com\/ae01.alicdn.com\/kf\/H99bc5908ce5b414084c9dfd4d74558ddm.jpg?w=1200\" \/><br \/>\n <img data-recalc-dims=\"1\" decoding=\"async\" src=\"https:\/\/i0.wp.com\/ae01.alicdn.com\/kf\/Hf9777e16aaa0404987bef4b1b3cd47a2Q.jpg?w=1200\" \/><br \/>\n <img data-recalc-dims=\"1\" decoding=\"async\" src=\"https:\/\/i0.wp.com\/ae01.alicdn.com\/kf\/H90fb77f125944c31b6ab9c2062612d881.jpg?w=1200\" \/><br \/>\n <img data-recalc-dims=\"1\" decoding=\"async\" src=\"https:\/\/i0.wp.com\/ae01.alicdn.com\/kf\/Hfebf3366341a464c803b15b5b9c1c78ee.jpg?w=1200\" \/><br \/>\n <img data-recalc-dims=\"1\" decoding=\"async\" src=\"https:\/\/i0.wp.com\/ae01.alicdn.com\/kf\/H706682cb2c7b4a4ba0b11c05a2f045c1q.jpg?w=1200\" \/>\n<\/div>\n<p><\/p>\n<\/div>\n<\/div>\n","protected":false},"excerpt":{"rendered":"<p>Para BMW E90 E91 2005-2007 E92 E93 2006-2009 Estilo M3 Pintado Carro Retrovisor Tampa Da Tampa Do Espelho de Substitui&ccedil;&atilde;o Esquerda Direita Pacote inclu&iacute;do: 2x substitui&ccedil;&atilde;o tampa do espelho retrovisor (esquerda + direita) Montagem: -Para BMW E81 E82 E88 todos os modelos e modelos E87 facelifted!!!!!!!!!!!!!!!!!!!!!! -Nota: n&atilde;o apto para modelos 1M!!!!!!!!!!!!!!!!!!!!!!!!!!!!!!!!!!!!!!!!!!!!!!!!!!!!!!!!!!!!!!!!!!!!!!!!!!!! -Para BMW E90&hellip;&nbsp;<\/p>\n","protected":false},"featured_media":29085,"template":"","meta":{"neve_meta_sidebar":"","neve_meta_container":"","neve_meta_enable_content_width":"","neve_meta_content_width":0,"neve_meta_title_alignment":"","neve_meta_author_avatar":"","neve_post_elements_order":"","neve_meta_disable_header":"","neve_meta_disable_footer":"","neve_meta_disable_title":""},"product_brand":[],"product_cat":[17,24,74],"product_tag":[],"class_list":{"0":"post-29091","1":"product","2":"type-product","3":"status-publish","4":"has-post-thumbnail","6":"product_cat-pecas-e-acessorios-automotivos","7":"product_cat-pecas-externas","8":"product_cat-retrovisores-e-capas","10":"first","11":"instock","12":"shipping-taxable","13":"purchasable","14":"product-type-variable","15":"has-default-attributes"},"jetpack_sharing_enabled":true,"_links":{"self":[{"href":"https:\/\/listman.shop\/autoparts-br\/wp-json\/wp\/v2\/product\/29091","targetHints":{"allow":["GET"]}}],"collection":[{"href":"https:\/\/listman.shop\/autoparts-br\/wp-json\/wp\/v2\/product"}],"about":[{"href":"https:\/\/listman.shop\/autoparts-br\/wp-json\/wp\/v2\/types\/product"}],"wp:featuredmedia":[{"embeddable":true,"href":"https:\/\/listman.shop\/autoparts-br\/wp-json\/wp\/v2\/media\/29085"}],"wp:attachment":[{"href":"https:\/\/listman.shop\/autoparts-br\/wp-json\/wp\/v2\/media?parent=29091"}],"wp:term":[{"taxonomy":"product_brand","embeddable":true,"href":"https:\/\/listman.shop\/autoparts-br\/wp-json\/wp\/v2\/product_brand?post=29091"},{"taxonomy":"product_cat","embeddable":true,"href":"https:\/\/listman.shop\/autoparts-br\/wp-json\/wp\/v2\/product_cat?post=29091"},{"taxonomy":"product_tag","embeddable":true,"href":"https:\/\/listman.shop\/autoparts-br\/wp-json\/wp\/v2\/product_tag?post=29091"}],"curies":[{"name":"wp","href":"https:\/\/api.w.org\/{rel}","templated":true}]}}