{"id":29110,"date":"2025-03-10T13:54:29","date_gmt":"2025-03-10T04:54:29","guid":{"rendered":"https:\/\/listman.shop\/autoparts-br\/product\/1005005678027056\/"},"modified":"2026-05-04T22:35:11","modified_gmt":"2026-05-04T13:35:11","slug":"1005005678027056","status":"publish","type":"product","link":"https:\/\/listman.shop\/autoparts-br\/product\/1005005678027056\/","title":{"rendered":"Ajuste de alta qualidade de a\u00e7o inoxid\u00e1vel placa de chinelo guarni\u00e7\u00e3o do peitoril da porta pedal de boas-vindas para nissan qashqai j11 2015-2021 estilo do carro"},"content":{"rendered":"<div class=\"detailmodule_html\">\n<div class=\"detail-desc-decorate-richtext\">\n<div class=\"detailmodule_html\">\n<div class=\"detail-desc-decorate-richtext\">\n<p style=\"text-align:left;margin:0px;margin-bottom:0px;margin-top:0px;margin-left:0px;margin-right:0px\" align=\"left\"><span style=\"font-size:20px;font-family:inherit\"><span style=\"font-size:inherit;font-family:inherit\">Aviso importante.<\/p>\n<p>1, depois que o vendedor enviar as mercadorias, \u00e0s vezes o comprador n\u00e3o consegue ver as informa\u00e7\u00f5es de log\u00edstica na plataforma AliExpress, voc\u00ea pode entrar em contato conosco, n\u00f3s o ajudaremos a verificar e fornecer as informa\u00e7\u00f5es das mercadorias.Ou voc\u00ea pode consultar 17track.Links:<br \/>Https:\/\/www.17track.net\/en.<br \/>Obrigado<\/p>\n<p>2,Quando voc\u00ea receber a embalagem, haver\u00e1 uma pel\u00edcula protetora branca ou azul na superf\u00edcie do produto.Por favor, n\u00e3o confunda com a cor do produto.Isto foi projetado para proteger o produto.Depois de instal\u00e1-lo no carro, voc\u00ea pode arranc\u00e1-lo desta camada de filme, ent\u00e3o o produto \u00e9 da cor mostrada na imagem, por meio deste informe<\/p>\n<p>3, como sabemos, as vers\u00f5es dos carros ter\u00e3o algumas diferen\u00e7as em diferentes pa\u00edses.Certifique-se de que seu carro tenha o formato do nosso show de fotos antes de comprar, obrigado<\/p>\n<p>4, f\u00e1cil instala\u00e7\u00e3o, fita adesiva est\u00e1 na parte traseira.Observe que use a pistola de ar quente para aquecer a fita adesiva antes de instal\u00e1-la, para fazer com que o item grude firmemente<\/p>\n<p>5, m\u00e9todo de instala\u00e7\u00e3o: antes da instala\u00e7\u00e3o, certifique-se de comparar se a posi\u00e7\u00e3o do produto est\u00e1 correta e, em seguida, limpe as pe\u00e7as que precisam ser coladas, [sem \u00f3leo, sem poeira], e o arco original do carro pode ser colado.<\/p>\n<p>Decora\u00e7\u00e3o profissional de acess\u00f3rios para autom\u00f3veis, consulte-nos para mais produtos!<\/span><\/span><\/p>\n<div style=\", roboto, arial, helvetica, sans-serif, simsun;font-size:14px;font-weight:400;letter-spacing:normal;text-align:start;white-space:normal;margin:3px auto;margin-bottom:3px;margin-top:3px;margin-left:auto;margin-right:auto;padding:0px;padding-bottom:0px;padding-top:0px;padding-left:0px;padding-right:0px;height:auto\" align=\"start\">\n<div style=\"margin:0px;margin-bottom:0px;margin-top:0px;margin-left:0px;margin-right:0px;padding:5px;padding-bottom:5px;padding-top:5px;padding-left:5px;padding-right:5px;display:block;overflow:visible;height:auto\">\n<p style=\"font-family:arial, helvetica, sans-serif;font-size:12.8px;font-weight:400;line-height:inherit;white-space:normal;border:0px;margin:0px;margin-bottom:0px;margin-top:0px;margin-left:0px;margin-right:0px;padding:0px;padding-bottom:0px;padding-top:0px;padding-left:0px;padding-right:0px\"> <img data-recalc-dims=\"1\" decoding=\"async\" src=\"https:\/\/i0.wp.com\/ae01.alicdn.com\/kf\/S9218c627398c4c209fd4bcfe4deb9896N.jpg?w=1200&#038;ssl=1\"><img data-recalc-dims=\"1\" decoding=\"async\" src=\"https:\/\/i0.wp.com\/ae01.alicdn.com\/kf\/S7e1177c789e44bb68cde19472169d0188.jpg?w=1200&#038;ssl=1\"><img data-recalc-dims=\"1\" decoding=\"async\" src=\"https:\/\/i0.wp.com\/ae01.alicdn.com\/kf\/Sdad4291fb44047b0af1ee22693050863p.jpg?w=1200&#038;ssl=1\"><img data-recalc-dims=\"1\" decoding=\"async\" src=\"https:\/\/i0.wp.com\/ae01.alicdn.com\/kf\/S4f6355ed93be4683af502677cce919204.jpg?w=1200&#038;ssl=1\"><img data-recalc-dims=\"1\" decoding=\"async\" src=\"https:\/\/i0.wp.com\/ae01.alicdn.com\/kf\/S81782685325e489eb167b6ac98b8237bC.jpg?w=1200&#038;ssl=1\"><img data-recalc-dims=\"1\" decoding=\"async\" src=\"https:\/\/i0.wp.com\/ae01.alicdn.com\/kf\/Sd0da833477014a349494ca2626633d4fi.jpg?w=1200&#038;ssl=1\"><img data-recalc-dims=\"1\" decoding=\"async\" src=\"https:\/\/i0.wp.com\/ae01.alicdn.com\/kf\/S9004f12f3c7a4ac7be2e62b9644e565cd.jpg?w=1200&#038;ssl=1\"><\/p>\n<\/p><\/div>\n<\/div>\n<div style=\", roboto, arial, helvetica, sans-serif, simsun;font-size:14px;font-weight:400;letter-spacing:normal;text-align:start;white-space:normal;margin:3px auto;margin-bottom:3px;margin-top:3px;margin-left:auto;margin-right:auto;padding:0px;padding-bottom:0px;padding-top:0px;padding-left:0px;padding-right:0px;height:auto\" align=\"start\">\n <\/p>\n<div style=\"text-align:center;margin:0px;margin-bottom:0px;margin-top:0px;margin-left:0px;margin-right:0px;padding:5px;padding-bottom:5px;padding-top:5px;padding-left:5px;padding-right:5px;display:block;overflow:visible;height:auto\" align=\"center\"><\/div>\n<\/div>\n<div style=\", roboto, arial, helvetica, sans-serif, simsun;font-size:14px;font-weight:400;letter-spacing:normal;text-align:start;white-space:normal;margin:3px auto;margin-bottom:3px;margin-top:3px;margin-left:auto;margin-right:auto;padding:0px;padding-bottom:0px;padding-top:0px;padding-left:0px;padding-right:0px;height:auto\" align=\"start\">\n <\/p>\n<div style=\"margin:0px;margin-bottom:0px;margin-top:0px;margin-left:0px;margin-right:0px;padding:5px;padding-bottom:5px;padding-top:5px;padding-left:5px;padding-right:5px;overflow:visible;height:auto\">\n<p style=\"font-family:arial, helvetica, sans-serif;font-size:14px;font-weight:400;line-height:inherit;white-space:normal;border:0px;margin:0px;margin-bottom:0px;margin-top:0px;margin-left:0px;margin-right:0px;padding:0px;padding-bottom:0px;padding-top:0px;padding-left:0px;padding-right:0px\"><span style=\"font-family:inherit\"><span style=\"font-size:18px\">Envio:<\/span><\/span><\/p>\n<p><\/p>\n<p style=\"font-family:arial, helvetica, sans-serif;font-size:14px;font-weight:400;line-height:inherit;white-space:normal;border:0px;margin:0px;margin-bottom:0px;margin-top:0px;margin-left:0px;margin-right:0px;padding:0px;padding-bottom:0px;padding-top:0px;padding-left:0px;padding-right:0px\"><span style=\"font-size:18px\">O envio ser\u00e1 organizado dentro de 2 a 4 dias \u00fateis ap\u00f3s a confirma\u00e7\u00e3o do pagamento, desde que as informa\u00e7\u00f5es do comprador e o endere\u00e7o de entrega sejam confirmados.Forne\u00e7a o c\u00f3digo postal correto e o n\u00famero de telefone v\u00e1lido para evitar atrasos no envio.<\/span><\/p>\n<p><\/p>\n<p style=\"font-family:arial, helvetica, sans-serif;font-size:14px;font-weight:400;line-height:inherit;white-space:normal;border:0px;margin:0px;margin-bottom:0px;margin-top:0px;margin-left:0px;margin-right:0px;padding:0px;padding-bottom:0px;padding-top:0px;padding-left:0px;padding-right:0px\"><span style=\"font-size:18px\"><span style=\"font-family:inherit\">Imposto de importa\u00e7\u00e3o:<\/span><\/span><\/p>\n<p style=\"font-family:arial, helvetica, sans-serif;font-size:14px;font-weight:400;line-height:inherit;white-space:normal;border:0px;margin:0px;margin-bottom:0px;margin-top:0px;margin-left:0px;margin-right:0px;padding:0px;padding-bottom:0px;padding-top:0px;padding-left:0px;padding-right:0px\"><span style=\"font-size:18px\">N\u00e3o seremos respons\u00e1veis por quaisquer direitos aduaneiros ou impostos de importa\u00e7\u00e3o cobrados pela alf\u00e2ndega.<\/span><\/p>\n<p style=\"font-family:arial, helvetica, sans-serif;font-size:14px;font-weight:400;line-height:inherit;white-space:normal;border:0px;margin:0px;margin-bottom:0px;margin-top:0px;margin-left:0px;margin-right:0px;padding:0px;padding-bottom:0px;padding-top:0px;padding-left:0px;padding-right:0px\"><span style=\"font-size:18px\">Marcaremos se o valor do item \u00e9 de 5 a 35 d\u00f3lares no pacote, este valor \u00e9 apenas para fins de declara\u00e7\u00e3o personalizada.<\/span><\/p>\n<p style=\"font-family:arial, helvetica, sans-serif;font-size:14px;font-weight:400;line-height:inherit;white-space:normal;border:0px;margin:0px;margin-bottom:0px;margin-top:0px;margin-left:0px;margin-right:0px;padding:0px;padding-bottom:0px;padding-top:0px;padding-left:0px;padding-right:0px\"><span style=\"font-size:18px\">Se voc\u00ea tiver solicita\u00e7\u00f5es especiais sobre o valor declarado, informe-nos, faremos o poss\u00edvel para atender sua necessidade.<\/span><\/p>\n<p style=\"font-family:arial, helvetica, sans-serif;font-size:14px;font-weight:400;line-height:inherit;white-space:normal;border:0px;margin:0px;margin-bottom:0px;margin-top:0px;margin-left:0px;margin-right:0px;padding:0px;padding-bottom:0px;padding-top:0px;padding-left:0px;padding-right:0px\"><span style=\"font-family:inherit\"><span style=\"font-size:18px\">Feedback:<\/span><\/span><\/p>\n<p><\/p>\n<p style=\"font-family:arial, helvetica, sans-serif;font-size:14px;font-weight:400;line-height:inherit;white-space:normal;border:0px;margin:0px;margin-bottom:0px;margin-top:0px;margin-left:0px;margin-right:0px;padding:0px;padding-bottom:0px;padding-top:0px;padding-left:0px;padding-right:0px\"><span style=\"font-size:18px\">O feedback \u00e9 muito importante para cada loja que vende online.<\/span><\/p>\n<p style=\"font-family:arial, helvetica, sans-serif;font-size:14px;font-weight:400;line-height:inherit;white-space:normal;border:0px;margin:0px;margin-bottom:0px;margin-top:0px;margin-left:0px;margin-right:0px;padding:0px;padding-bottom:0px;padding-top:0px;padding-left:0px;padding-right:0px\"><span style=\"font-size:18px\">Esperamos que nossos compradores entre em contato conosco primeiro antes de deixar um feedback negativo\/neutro.<\/span><\/p>\n<p style=\"font-family:arial, helvetica, sans-serif;font-size:14px;font-weight:400;line-height:inherit;white-space:normal;border:0px;margin:0px;margin-bottom:0px;margin-top:0px;margin-left:0px;margin-right:0px;padding:0px;padding-bottom:0px;padding-top:0px;padding-left:0px;padding-right:0px\"><span style=\"font-size:18px\">Informe-nos o problema do produto para que possamos ganhar uma oportunidade para tentar o nosso melhor para ajudar a resolver o problema.<\/span><\/p>\n<p style=\"font-family:arial, helvetica, sans-serif;font-size:14px;font-weight:400;line-height:inherit;white-space:normal;border:0px;margin:0px;margin-bottom:0px;margin-top:0px;margin-left:0px;margin-right:0px;padding:0px;padding-bottom:0px;padding-top:0px;padding-left:0px;padding-right:0px\"><span style=\"font-size:18px\">Estamos confiantes de que ofereceremos uma boa solu\u00e7\u00e3o para o seu problema.<\/span><\/p>\n<p style=\"font-family:arial;font-size:14px;font-weight:400;line-height:inherit;white-space:normal;border:0px;margin:0px;margin-bottom:0px;margin-top:0px;margin-left:0px;margin-right:0px;padding:0px;padding-bottom:0px;padding-top:0px;padding-left:0px;padding-right:0px\"><\/p>\n<p style=\"font-family:arial;font-size:14px;font-weight:400;line-height:inherit;white-space:normal;border:0px;margin:0px;margin-bottom:0px;margin-top:0px;margin-left:0px;margin-right:0px;padding:0px;padding-bottom:0px;padding-top:0px;padding-left:0px;padding-right:0px\"><span style=\"font-size:18px;font-family:inherit\">Sua satisfa\u00e7\u00e3o \u00e9 nossa maior preocupa\u00e7\u00e3o. entre em contato conosco para resolver melhor qualquer problema antes de deixar qualquer feedback neutro ou negativo. Muito obrigado!<\/span><\/p>\n<p><\/p>\n<p style=\"font-family:arial;font-size:14px;font-weight:400;line-height:inherit;white-space:normal;border:0px;margin:0px;margin-bottom:0px;margin-top:0px;margin-left:0px;margin-right:0px;padding:0px;padding-bottom:0px;padding-top:0px;padding-left:0px;padding-right:0px\"><span style=\"font-size:18px;font-family:inherit\">* Todos os itens ser\u00e3o enviados via<\/span><span style=\"font-size:18px;font-family:inherit\"><span style=\"font-family:inherit\"><span style=\"font-family:inherit\">correio a\u00e9reo registrado<\/span><\/span><\/span><span style=\"font-size:18px;font-family:inherit\">ou<\/span><span style=\"font-size:18px;font-family:inherit\"><span style=\"font-family:inherit\"><span style=\"font-family:inherit\">envio r\u00e1pido<\/span><\/span><\/span><span style=\"font-size:18px;font-family:inherit\">servi\u00e7o, n\u00famero de rastreamento ser\u00e1 oferecido<\/span><\/p>\n<p style=\"font-family:arial;font-size:14px;font-weight:400;line-height:inherit;white-space:normal;border:0px;margin:0px;margin-bottom:0px;margin-top:0px;margin-left:0px;margin-right:0px;padding:0px;padding-bottom:0px;padding-top:0px;padding-left:0px;padding-right:0px\"><span style=\"font-size:18px;font-family:inherit\">* Todos os itens ser\u00e3o enviados<\/span><span style=\"font-size:18px;font-family:inherit\"><span style=\"font-family:inherit\"><span style=\"font-family:inherit\">dentro de 2-4 dias \u00fateis<\/span><\/span><\/span><\/p>\n<p style=\"font-family:arial;font-size:14px;font-weight:400;line-height:inherit;white-space:normal;border:0px;margin:0px;margin-bottom:0px;margin-top:0px;margin-left:0px;margin-right:0px;padding:0px;padding-bottom:0px;padding-top:0px;padding-left:0px;padding-right:0px\"><span style=\"font-size:18px;font-family:inherit\">* Se voc\u00ea n\u00e3o receber seu item a tempo, entre em contato conosco imediatamente para obter mais assist\u00eancia.Obrigado pela sua compreens\u00e3o<\/span><\/p>\n<p style=\"font-family:arial;font-size:14px;font-weight:400;line-height:inherit;white-space:normal;border:0px;margin:0px;margin-bottom:0px;margin-top:0px;margin-left:0px;margin-right:0px;padding:0px;padding-bottom:0px;padding-top:0px;padding-left:0px;padding-right:0px\"><span style=\"font-family:georgia, serif\"><span style=\"font-family:inherit\"><span style=\"font-size:24px;font-family:inherit\">Caracter\u00edstica:<\/span><\/span><\/span><\/p>\n<p style=\"font-family:arial;font-size:14px;font-weight:400;line-height:inherit;white-space:normal;border:0px;margin:0px;margin-bottom:0px;margin-top:0px;margin-left:0px;margin-right:0px;padding:0px;padding-bottom:0px;padding-top:0px;padding-left:0px;padding-right:0px\"><span style=\"font-size:24px;font-family:inherit\">1.100% novo.<\/span><\/p>\n<p style=\"font-family:arial;font-size:14px;font-weight:400;line-height:inherit;white-space:normal;border:0px;margin:0px;margin-bottom:0px;margin-top:0px;margin-left:0px;margin-right:0px;padding:0px;padding-bottom:0px;padding-top:0px;padding-left:0px;padding-right:0px\"><span style=\"font-size:24px;font-family:inherit\">2.Alta qualidade garantida.<\/span><\/p>\n<p style=\"font-family:arial;font-size:14px;font-weight:400;line-height:inherit;white-space:normal;border:0px;margin:0px;margin-bottom:0px;margin-top:0px;margin-left:0px;margin-right:0px;padding:0px;padding-bottom:0px;padding-top:0px;padding-left:0px;padding-right:0px\"><span style=\"font-size:24px;font-family:inherit\">3.F\u00e1cil instala\u00e7\u00e3o.<\/span><\/p>\n<p style=\"font-family:arial;font-size:14px;font-weight:400;line-height:inherit;white-space:normal;border:0px;margin:0px;margin-bottom:0px;margin-top:0px;margin-left:0px;margin-right:0px;padding:0px;padding-bottom:0px;padding-top:0px;padding-left:0px;padding-right:0px\"><span style=\"font-size:24px;font-family:inherit\">4. Certifique-se de que a superf\u00edcie onde o produto ser\u00e1 aplicado esteja limpa, seca e livre de todas as doen\u00e7as, graxas e ceras.<\/span><\/p>\n<p style=\"font-family:arial;font-size:14px;font-weight:400;line-height:inherit;white-space:normal;border:0px;margin:0px;margin-bottom:0px;margin-top:0px;margin-left:0px;margin-right:0px;padding:0px;padding-bottom:0px;padding-top:0px;padding-left:0px;padding-right:0px\"><span style=\"font-size:24px;font-family:inherit\">5.Determine a localiza\u00e7\u00e3o exata do produto.<\/span><\/p>\n<p style=\"font-family:arial;font-size:14px;font-weight:400;line-height:inherit;white-space:normal;border:0px;margin:0px;margin-bottom:0px;margin-top:0px;margin-left:0px;margin-right:0px;padding:0px;padding-bottom:0px;padding-top:0px;padding-left:0px;padding-right:0px\"><span style=\"font-size:24px;font-family:inherit\">6.Remova a pel\u00edcula protetora do adesivo, alinhe cuidadosamente e pressione firmemente para garantir a ades\u00e3o adequada.<\/span><\/p>\n<p style=\"font-family:arial;font-size:14px;font-weight:400;line-height:inherit;white-space:normal;border:0px;margin:0px;margin-bottom:0px;margin-top:0px;margin-left:0px;margin-right:0px;padding:0px;padding-bottom:0px;padding-top:0px;padding-left:0px;padding-right:0px\"><span style=\"font-size:24px;font-family:inherit\">7.N\u00e3o mova o produto nem lave seu carro 24 horas ap\u00f3s a instala\u00e7\u00e3o.<\/span><\/p>\n<p><\/p>\n<p style=\"font-size:14px;font-weight:400;line-height:inherit;margin:0px;margin-bottom:0px;margin-top:0px;margin-left:0px;margin-right:0px;padding:0px;padding-bottom:0px;padding-top:0px;padding-left:0px;padding-right:0px\"><img data-recalc-dims=\"1\" decoding=\"async\" src=\"https:\/\/i0.wp.com\/ae01.alicdn.com\/kf\/H3086df0c5eee492d85d797e656208e3dN.jpg?w=1200&#038;ssl=1\"><img data-recalc-dims=\"1\" decoding=\"async\" src=\"https:\/\/i0.wp.com\/ae01.alicdn.com\/kf\/Hd02676bb24f946d593c963298883740fL.jpg?w=1200&#038;ssl=1\"><img data-recalc-dims=\"1\" decoding=\"async\" src=\"https:\/\/i0.wp.com\/ae01.alicdn.com\/kf\/Hb4212fb1bbbf494bb335d011155e3ff5o.jpg?w=1200&#038;ssl=1\"><img data-recalc-dims=\"1\" decoding=\"async\" style=\"border:0px;margin:0px;margin-bottom:0px;margin-top:0px;margin-left:0px;margin-right:0px;padding:0px;padding-bottom:0px;padding-top:0px;padding-left:0px;padding-right:0px;max-width:100%\" src=\"https:\/\/i0.wp.com\/ae01.alicdn.com\/kf\/Sbc3101cd682c47d8946af1ea212a98f3I.jpg?w=1200&#038;ssl=1\"><\/p>\n<p style=\"font-size:14px;font-weight:400;line-height:inherit;margin:0px;margin-bottom:0px;margin-top:0px;margin-left:0px;margin-right:0px;padding:0px;padding-bottom:0px;padding-top:0px;padding-left:0px;padding-right:0px\"><img data-recalc-dims=\"1\" decoding=\"async\" style=\"border:0px;margin:0px;margin-bottom:0px;margin-top:0px;margin-left:0px;margin-right:0px;padding:0px;padding-bottom:0px;padding-top:0px;padding-left:0px;padding-right:0px;max-width:100%\" src=\"https:\/\/i0.wp.com\/ae01.alicdn.com\/kf\/H37dd949d016d4ecb88a2b572c4924243t.jpg?w=1200&#038;ssl=1\"><\/p>\n<\/p><\/div>\n<\/div>\n<p><\/div>\n<\/div>\n<\/div>\n<\/div>\n","protected":false},"excerpt":{"rendered":"<p>Aviso importante. 1, depois que o vendedor enviar as mercadorias, \u00e0s vezes o comprador n\u00e3o consegue ver as informa\u00e7\u00f5es de log\u00edstica na plataforma AliExpress, voc\u00ea pode entrar em contato conosco, n\u00f3s o ajudaremos a verificar e fornecer as informa\u00e7\u00f5es das mercadorias.Ou voc\u00ea pode consultar 17track.Links:Https:\/\/www.17track.net\/en.Obrigado 2,Quando voc\u00ea receber a embalagem, haver\u00e1 uma pel\u00edcula protetora branca&hellip;&nbsp;<\/p>\n","protected":false},"featured_media":29104,"template":"","meta":{"neve_meta_sidebar":"","neve_meta_container":"","neve_meta_enable_content_width":"","neve_meta_content_width":0,"neve_meta_title_alignment":"","neve_meta_author_avatar":"","neve_post_elements_order":"","neve_meta_disable_header":"","neve_meta_disable_footer":"","neve_meta_disable_title":""},"product_brand":[],"product_cat":[54,17,24],"product_tag":[],"class_list":{"0":"post-29110","1":"product","2":"type-product","3":"status-publish","4":"has-post-thumbnail","6":"product_cat-detalhamento-em-cromo","7":"product_cat-pecas-e-acessorios-automotivos","8":"product_cat-pecas-externas","10":"first","11":"instock","12":"shipping-taxable","13":"purchasable","14":"product-type-variable","15":"has-default-attributes"},"jetpack_sharing_enabled":true,"_links":{"self":[{"href":"https:\/\/listman.shop\/autoparts-br\/wp-json\/wp\/v2\/product\/29110","targetHints":{"allow":["GET"]}}],"collection":[{"href":"https:\/\/listman.shop\/autoparts-br\/wp-json\/wp\/v2\/product"}],"about":[{"href":"https:\/\/listman.shop\/autoparts-br\/wp-json\/wp\/v2\/types\/product"}],"wp:featuredmedia":[{"embeddable":true,"href":"https:\/\/listman.shop\/autoparts-br\/wp-json\/wp\/v2\/media\/29104"}],"wp:attachment":[{"href":"https:\/\/listman.shop\/autoparts-br\/wp-json\/wp\/v2\/media?parent=29110"}],"wp:term":[{"taxonomy":"product_brand","embeddable":true,"href":"https:\/\/listman.shop\/autoparts-br\/wp-json\/wp\/v2\/product_brand?post=29110"},{"taxonomy":"product_cat","embeddable":true,"href":"https:\/\/listman.shop\/autoparts-br\/wp-json\/wp\/v2\/product_cat?post=29110"},{"taxonomy":"product_tag","embeddable":true,"href":"https:\/\/listman.shop\/autoparts-br\/wp-json\/wp\/v2\/product_tag?post=29110"}],"curies":[{"name":"wp","href":"https:\/\/api.w.org\/{rel}","templated":true}]}}