{"id":29155,"date":"2025-03-10T13:56:07","date_gmt":"2025-03-10T04:56:07","guid":{"rendered":"https:\/\/listman.shop\/autoparts-br\/product\/1005005698207138\/"},"modified":"2026-05-04T22:43:08","modified_gmt":"2026-05-04T13:43:08","slug":"1005005698207138","status":"publish","type":"product","link":"https:\/\/listman.shop\/autoparts-br\/product\/1005005698207138\/","title":{"rendered":"2 p\u00e7s capa de luz traseira jk acess\u00f3rios guardas de luz traseira capa de prote\u00e7\u00e3o da l\u00e2mpada traseira montagem protetora para wrangler jk 2007-2017"},"content":{"rendered":"<div class=\"detailmodule_html\">\n<div class=\"detail-desc-decorate-richtext\">\n<div style=\"margin:10px auto 0px;margin-bottom:0px;margin-top:10px;margin-left:auto;margin-right:auto;display:inline-block;max-width:100%\">\n<div>\n  <img data-recalc-dims=\"1\" decoding=\"async\" style=\"width:932px\"  src=\"https:\/\/i0.wp.com\/ae03.alicdn.com\/kf\/S576fda0a3b76419ebac57d6b5d55a35fP.jpg?w=1200&#038;ssl=1\" \/>\n <\/div>\n<div style=\"margin-top:-66.95%\">\n<div style=\"margin-top:0%;margin-left:0%;width:25%\">\n   <a href=\"http:\/\/www.aliexpress.com\/item\/detail\/1005003325099347.html\" target=\"_blank\" class=\"\"><img data-recalc-dims=\"1\" decoding=\"async\" style=\"width:233px;height:312px\"   src=\"https:\/\/i0.wp.com\/ae01.alicdn.com\/kf\/H9623a8c577a8461c8eeeada69fb41b3c1.png?w=1200&#038;ssl=1\" \/><\/a>\n  <\/div>\n<div style=\"margin-top:-33.48%;margin-left:25%;width:25%\">\n   <a href=\"http:\/\/www.aliexpress.com\/item\/detail\/1005004059164135.html\" target=\"_blank\" class=\"\"><img data-recalc-dims=\"1\" decoding=\"async\" style=\"width:233px;height:312px\"   src=\"https:\/\/i0.wp.com\/ae01.alicdn.com\/kf\/H9623a8c577a8461c8eeeada69fb41b3c1.png?w=1200&#038;ssl=1\" \/><\/a>\n  <\/div>\n<div style=\"margin-top:-33.48%;margin-left:50%;width:25%\">\n   <a href=\"http:\/\/www.aliexpress.com\/item\/detail\/1005004033340871.html\" target=\"_blank\" class=\"\"><img data-recalc-dims=\"1\" decoding=\"async\" style=\"width:233px;height:312px\"   src=\"https:\/\/i0.wp.com\/ae01.alicdn.com\/kf\/H9623a8c577a8461c8eeeada69fb41b3c1.png?w=1200&#038;ssl=1\" \/><\/a>\n  <\/div>\n<div style=\"margin-top:-33.48%;margin-left:75%;width:25%\">\n   <a href=\"http:\/\/www.aliexpress.com\/item\/detail\/1005003839045014.html\" target=\"_blank\" class=\"\"><img data-recalc-dims=\"1\" decoding=\"async\" style=\"width:233px;height:312px\"   src=\"https:\/\/i0.wp.com\/ae01.alicdn.com\/kf\/H9623a8c577a8461c8eeeada69fb41b3c1.png?w=1200&#038;ssl=1\" \/><\/a>\n  <\/div>\n<div style=\"margin-top:0%;margin-left:0%;width:25%\">\n   <a href=\"http:\/\/www.aliexpress.com\/item\/detail\/1005003762741886.html\" target=\"_blank\" class=\"\"><img data-recalc-dims=\"1\" decoding=\"async\" style=\"width:233px;height:312px\"   src=\"https:\/\/i0.wp.com\/ae01.alicdn.com\/kf\/H9623a8c577a8461c8eeeada69fb41b3c1.png?w=1200&#038;ssl=1\" \/><\/a>\n  <\/div>\n<div style=\"margin-top:-33.48%;margin-left:25%;width:25%\">\n   <a href=\"http:\/\/www.aliexpress.com\/item\/detail\/1005003710315541.html\" target=\"_blank\" class=\"\"><img data-recalc-dims=\"1\" decoding=\"async\" style=\"width:233px;height:312px\"   src=\"https:\/\/i0.wp.com\/ae01.alicdn.com\/kf\/H9623a8c577a8461c8eeeada69fb41b3c1.png?w=1200&#038;ssl=1\" \/><\/a>\n  <\/div>\n<div style=\"margin-top:-33.48%;margin-left:50%;width:25%\">\n   <a href=\"http:\/\/www.aliexpress.com\/item\/detail\/1005003606600472.html\" target=\"_blank\" class=\"\"><img data-recalc-dims=\"1\" decoding=\"async\" style=\"width:233px;height:312px\"   src=\"https:\/\/i0.wp.com\/ae01.alicdn.com\/kf\/H9623a8c577a8461c8eeeada69fb41b3c1.png?w=1200&#038;ssl=1\" \/><\/a>\n  <\/div>\n<div style=\"margin-top:-33.48%;margin-left:75%;width:25%\">\n   <a href=\"http:\/\/www.aliexpress.com\/item\/detail\/1005003393933655.html\" target=\"_blank\" class=\"\"><img data-recalc-dims=\"1\" decoding=\"async\" style=\"width:233px;height:312px\"   src=\"https:\/\/i0.wp.com\/ae01.alicdn.com\/kf\/H9623a8c577a8461c8eeeada69fb41b3c1.png?w=1200&#038;ssl=1\" \/><\/a>\n  <\/div>\n<\/p><\/div>\n<\/div>\n<h1><strong id=\"tl_1\">2 p&ccedil;s capa de luz traseira jk acess&oacute;rios protetores de luz traseira capa prote&ccedil;&atilde;o da l&acirc;mpada traseira montagem protetora para wrangler jk 2007-2017<\/strong><\/h1>\n<p id=\"tl_2\">ALTA QUALIDADE &#8211; Constru&ccedil;&atilde;o em a&ccedil;o inoxid&aacute;vel preto fosco que ajuda na estabilidade e resist&ecirc;ncia quando montada, revestimento em p&oacute; de alta qualidade que resiste &agrave; ferrugem e sujeira<\/p>\n<p id=\"tl_3\">Fabricado em a&ccedil;o inoxid&aacute;vel polido para uma verdadeira aten&ccedil;&atilde;o aos detalhes.<\/p>\n<p id=\"tl_4\">Os protetores protegem as lanternas traseiras<\/p>\n<p id=\"tl_5\">f&aacute;cil de instalar sem necessidade de perfura&ccedil;&atilde;o.<\/p>\n<div>\n <br \/> \n<\/div>\n<h1><strong id=\"tl_6\">Pacote inclu&iacute;do:<\/strong><\/h1>\n<p id=\"tl_7\">2 unidades de prote&ccedil;&atilde;o de luz preta fosca<\/p>\n<div>\n<\/div>\n<h2 id=\"tl_8\">Adequado para Wrangler JK de 2 portas 2007-2018 e 4 portas ilimitadas (desportivo, Sahara, Liberdade e Rubicon)<\/h2>\n<div>\n <img data-recalc-dims=\"1\" loading=\"lazy\" decoding=\"async\" width=\"944\" height=\"944\" src=\"https:\/\/i0.wp.com\/ae01.alicdn.com\/kf\/Sa8a169a1be854a4eb1c1b73583dd08eaK.jpg?resize=944%2C944&#038;ssl=1\" \/><br \/>\n <img data-recalc-dims=\"1\" loading=\"lazy\" decoding=\"async\" width=\"944\" height=\"944\" src=\"https:\/\/i0.wp.com\/ae01.alicdn.com\/kf\/Hf97035b97c6d473393c1ae791dca8efdH.png?resize=944%2C944&#038;ssl=1\" \/><br \/>\n <img data-recalc-dims=\"1\" loading=\"lazy\" decoding=\"async\" width=\"944\" height=\"944\" src=\"https:\/\/i0.wp.com\/ae01.alicdn.com\/kf\/H3e1a717969cc4420932b8018a310e5b6Q.png?resize=944%2C944&#038;ssl=1\" \/><br \/>\n <img data-recalc-dims=\"1\" loading=\"lazy\" decoding=\"async\" width=\"944\" height=\"944\" src=\"https:\/\/i0.wp.com\/ae01.alicdn.com\/kf\/H868b6fb1183e48248f4a696cad85331c1.png?resize=944%2C944&#038;ssl=1\" \/><br \/>\n <img data-recalc-dims=\"1\" loading=\"lazy\" decoding=\"async\" width=\"944\" height=\"944\" src=\"https:\/\/i0.wp.com\/ae01.alicdn.com\/kf\/S32c4b9c52ff94f37b30bf6b83eda7a6cK.jpg?resize=944%2C944&#038;ssl=1\" \/><br \/>\n <img data-recalc-dims=\"1\" loading=\"lazy\" decoding=\"async\" width=\"944\" height=\"944\" src=\"https:\/\/i0.wp.com\/ae01.alicdn.com\/kf\/Sc705d72e55df4a75b3415c52ace5024ae.jpg?resize=944%2C944&#038;ssl=1\" \/><br \/>\n <img data-recalc-dims=\"1\" loading=\"lazy\" decoding=\"async\" width=\"944\" height=\"944\" src=\"https:\/\/i0.wp.com\/ae01.alicdn.com\/kf\/H54a7ce37c3014160be7bd9700c0c7f5cR.png?resize=944%2C944&#038;ssl=1\" \/>\n<\/div>\n<div>\n <br \/> \n<\/div>\n<div>\n<div class=\"detailmodule_dynamic\"><\/div>\n<\/div>\n<div>\n <br \/> \n<\/div>\n<p><\/p>\n<\/div>\n<\/div>\n","protected":false},"excerpt":{"rendered":"<p>2 p&ccedil;s capa de luz traseira jk acess&oacute;rios protetores de luz traseira capa prote&ccedil;&atilde;o da l&acirc;mpada traseira montagem protetora para wrangler jk 2007-2017 ALTA QUALIDADE &#8211; Constru&ccedil;&atilde;o em a&ccedil;o inoxid&aacute;vel preto fosco que ajuda na estabilidade e resist&ecirc;ncia quando montada, revestimento em p&oacute; de alta qualidade que resiste &agrave; ferrugem e sujeira Fabricado em a&ccedil;o&hellip;&nbsp;<\/p>\n","protected":false},"featured_media":29149,"template":"","meta":{"neve_meta_sidebar":"","neve_meta_container":"","neve_meta_enable_content_width":"","neve_meta_content_width":0,"neve_meta_title_alignment":"","neve_meta_author_avatar":"","neve_post_elements_order":"","neve_meta_disable_header":"","neve_meta_disable_footer":"","neve_meta_disable_title":""},"product_brand":[],"product_cat":[17,24,193],"product_tag":[],"class_list":{"0":"post-29155","1":"product","2":"type-product","3":"status-publish","4":"has-post-thumbnail","6":"product_cat-pecas-e-acessorios-automotivos","7":"product_cat-pecas-externas","8":"product_cat-protetores-para-lampadas","10":"first","11":"instock","12":"shipping-taxable","13":"purchasable","14":"product-type-variable","15":"has-default-attributes"},"jetpack_sharing_enabled":true,"_links":{"self":[{"href":"https:\/\/listman.shop\/autoparts-br\/wp-json\/wp\/v2\/product\/29155","targetHints":{"allow":["GET"]}}],"collection":[{"href":"https:\/\/listman.shop\/autoparts-br\/wp-json\/wp\/v2\/product"}],"about":[{"href":"https:\/\/listman.shop\/autoparts-br\/wp-json\/wp\/v2\/types\/product"}],"wp:featuredmedia":[{"embeddable":true,"href":"https:\/\/listman.shop\/autoparts-br\/wp-json\/wp\/v2\/media\/29149"}],"wp:attachment":[{"href":"https:\/\/listman.shop\/autoparts-br\/wp-json\/wp\/v2\/media?parent=29155"}],"wp:term":[{"taxonomy":"product_brand","embeddable":true,"href":"https:\/\/listman.shop\/autoparts-br\/wp-json\/wp\/v2\/product_brand?post=29155"},{"taxonomy":"product_cat","embeddable":true,"href":"https:\/\/listman.shop\/autoparts-br\/wp-json\/wp\/v2\/product_cat?post=29155"},{"taxonomy":"product_tag","embeddable":true,"href":"https:\/\/listman.shop\/autoparts-br\/wp-json\/wp\/v2\/product_tag?post=29155"}],"curies":[{"name":"wp","href":"https:\/\/api.w.org\/{rel}","templated":true}]}}