{"id":29238,"date":"2025-03-10T13:59:33","date_gmt":"2025-03-10T04:59:33","guid":{"rendered":"https:\/\/listman.shop\/autoparts-br\/product\/1005005821115108\/"},"modified":"2026-05-08T06:46:06","modified_gmt":"2026-05-07T21:46:06","slug":"1005005821115108","status":"publish","type":"product","link":"https:\/\/listman.shop\/autoparts-br\/product\/1005005821115108\/","title":{"rendered":"Limitador da correia da dobradi\u00e7a da parada do bra\u00e7o de verifica\u00e7\u00e3o da porta do carro para Suzuki Vitara SX4 S-Cross 2014-2020"},"content":{"rendered":"<div class=\"detailmodule_html\">\n<div class=\"detail-desc-decorate-richtext\">\n<div style=\", sans-serif;font-size:14px;margin:0px;margin-bottom:0px;margin-top:0px;margin-left:0px;margin-right:0px;padding:0px;padding-bottom:0px;padding-top:0px;padding-left:0px;padding-right:0px\"><span style=\"font-size:22px\">Bra\u00e7o da cinta de verifica\u00e7\u00e3o do batente da porta do carro<\/span><\/div>\n<div style=\", sans-serif;font-size:14px;margin:0px;margin-bottom:0px;margin-top:0px;margin-left:0px;margin-right:0px;padding:0px;padding-bottom:0px;padding-top:0px;padding-left:0px;padding-right:0px\"><span style=\"font-size:22px\">Para<\/span><span style=\"font-size:22px\"><span style=\", Arial, Helvetica, sans-serif, Heiti\">Suzuki Vitara SX4 S-Cross 2014-2020 (n\u00e3o para &#8220;Grand Vitara&#8221;)<\/span><\/span><\/div>\n<div style=\", sans-serif;font-size:14px;margin:0px;margin-bottom:0px;margin-top:0px;margin-left:0px;margin-right:0px;padding:0px;padding-bottom:0px;padding-top:0px;padding-left:0px;padding-right:0px\">\n<div style=\"margin:0px;margin-bottom:0px;margin-top:0px;margin-left:0px;margin-right:0px;padding:0px;padding-bottom:0px;padding-top:0px;padding-left:0px;padding-right:0px\">\n<div style=\"margin:0px;margin-bottom:0px;margin-top:0px;margin-left:0px;margin-right:0px;padding:0px;padding-bottom:0px;padding-top:0px;padding-left:0px;padding-right:0px\"><span><span style=\"font-size:20px\">Nota: Este produto pode ser usado em qualquer uma das quatro portas<\/span><\/span><\/div>\n<div style=\"margin:0px;margin-bottom:0px;margin-top:0px;margin-left:0px;margin-right:0px;padding:0px;padding-bottom:0px;padding-top:0px;padding-left:0px;padding-right:0px\"><\/div>\n<div style=\"margin:0px;margin-bottom:0px;margin-top:0px;margin-left:0px;margin-right:0px;padding:0px;padding-bottom:0px;padding-top:0px;padding-left:0px;padding-right:0px\">FL = FR = RL = RR<\/div>\n<div style=\"margin:0px;margin-bottom:0px;margin-top:0px;margin-left:0px;margin-right:0px;padding:0px;padding-bottom:0px;padding-top:0px;padding-left:0px;padding-right:0px\"><\/div>\n<\/div>\n<\/div>\n<div style=\", sans-serif;font-size:14px;margin:0px;margin-bottom:0px;margin-top:0px;margin-left:0px;margin-right:0px;padding:0px;padding-bottom:0px;padding-top:0px;padding-left:0px;padding-right:0px\">\n<div style=\"margin:0px;margin-bottom:0px;margin-top:0px;margin-left:0px;margin-right:0px;padding:0px;padding-bottom:0px;padding-top:0px;padding-left:0px;padding-right:0px\"><span style=\"font-size:18px\">Condi\u00e7\u00e3o: novo<\/span><\/div>\n<div style=\"margin:0px;margin-bottom:0px;margin-top:0px;margin-left:0px;margin-right:0px;padding:0px;padding-bottom:0px;padding-top:0px;padding-left:0px;padding-right:0px\"><\/div>\n<div style=\"margin:0px;margin-bottom:0px;margin-top:0px;margin-left:0px;margin-right:0px;padding:0px;padding-bottom:0px;padding-top:0px;padding-left:0px;padding-right:0px\"><span style=\"font-size:18px\">F\u00e1cil de instalar<\/span><\/div>\n<div style=\"margin:0px;margin-bottom:0px;margin-top:0px;margin-left:0px;margin-right:0px;padding:0px;padding-bottom:0px;padding-top:0px;padding-left:0px;padding-right:0px\"><\/div>\n<div style=\"margin:0px;margin-bottom:0px;margin-top:0px;margin-left:0px;margin-right:0px;padding:0px;padding-bottom:0px;padding-top:0px;padding-left:0px;padding-right:0px\"><\/div>\n<div style=\"margin:0px;margin-bottom:0px;margin-top:0px;margin-left:0px;margin-right:0px;padding:0px;padding-bottom:0px;padding-top:0px;padding-left:0px;padding-right:0px\"><span style=\"font-size:18px\">Aten\u00e7\u00e3o: confirme se o produto \u00e9 adequado para o seu carro antes de comprar, obrigado!! !.<\/span><\/div>\n<\/div>\n<p style=\"text-align:left;margin:0px;margin-bottom:0px;margin-top:0px;margin-left:0px;margin-right:0px\" align=\"left\"><img data-recalc-dims=\"1\" decoding=\"async\" src=\"https:\/\/i0.wp.com\/ae01.alicdn.com\/kf\/H383ee375495b403dbe13c32172fb90871.jpg?w=1200&#038;ssl=1\"><img data-recalc-dims=\"1\" decoding=\"async\" src=\"https:\/\/i0.wp.com\/ae01.alicdn.com\/kf\/H8a68ab18df794e768e7df3fb0273470dX.jpg?w=1200&#038;ssl=1\"><img data-recalc-dims=\"1\" decoding=\"async\" src=\"https:\/\/i0.wp.com\/ae01.alicdn.com\/kf\/Hdfc934cf28d441da874a26a35f9162eb3.jpg?w=1200&#038;ssl=1\"><\/p>\n<p><\/p>\n<div style=\"font-family:arial\"><\/div>\n<div style=\"font-family:arial\"><\/div>\n<div style=\"font-family:arial\"><\/div>\n<\/p>\n<\/div>\n<\/div>\n","protected":false},"excerpt":{"rendered":"<p>Bra\u00e7o da cinta de verifica\u00e7\u00e3o do batente da porta do carro ParaSuzuki Vitara SX4 S-Cross 2014-2020 (n\u00e3o para &#8220;Grand Vitara&#8221;) Nota: Este produto pode ser usado em qualquer uma das quatro portas FL = FR = RL = RR Condi\u00e7\u00e3o: novo F\u00e1cil de instalar Aten\u00e7\u00e3o: confirme se o produto \u00e9 adequado para o seu carro&hellip;&nbsp;<\/p>\n","protected":false},"featured_media":29234,"template":"","meta":{"neve_meta_sidebar":"","neve_meta_container":"","neve_meta_enable_content_width":"","neve_meta_content_width":0,"neve_meta_title_alignment":"","neve_meta_author_avatar":"","neve_post_elements_order":"","neve_meta_disable_header":"","neve_meta_disable_footer":"","neve_meta_disable_title":""},"product_brand":[],"product_cat":[113,17,24],"product_tag":[],"class_list":{"0":"post-29238","1":"product","2":"type-product","3":"status-publish","4":"has-post-thumbnail","6":"product_cat-kits-de-dobradicas-de-portas","7":"product_cat-pecas-e-acessorios-automotivos","8":"product_cat-pecas-externas","10":"first","11":"instock","12":"shipping-taxable","13":"purchasable","14":"product-type-variable"},"jetpack_sharing_enabled":true,"_links":{"self":[{"href":"https:\/\/listman.shop\/autoparts-br\/wp-json\/wp\/v2\/product\/29238","targetHints":{"allow":["GET"]}}],"collection":[{"href":"https:\/\/listman.shop\/autoparts-br\/wp-json\/wp\/v2\/product"}],"about":[{"href":"https:\/\/listman.shop\/autoparts-br\/wp-json\/wp\/v2\/types\/product"}],"wp:featuredmedia":[{"embeddable":true,"href":"https:\/\/listman.shop\/autoparts-br\/wp-json\/wp\/v2\/media\/29234"}],"wp:attachment":[{"href":"https:\/\/listman.shop\/autoparts-br\/wp-json\/wp\/v2\/media?parent=29238"}],"wp:term":[{"taxonomy":"product_brand","embeddable":true,"href":"https:\/\/listman.shop\/autoparts-br\/wp-json\/wp\/v2\/product_brand?post=29238"},{"taxonomy":"product_cat","embeddable":true,"href":"https:\/\/listman.shop\/autoparts-br\/wp-json\/wp\/v2\/product_cat?post=29238"},{"taxonomy":"product_tag","embeddable":true,"href":"https:\/\/listman.shop\/autoparts-br\/wp-json\/wp\/v2\/product_tag?post=29238"}],"curies":[{"name":"wp","href":"https:\/\/api.w.org\/{rel}","templated":true}]}}