{"id":29276,"date":"2025-03-10T14:00:47","date_gmt":"2025-03-10T05:00:47","guid":{"rendered":"https:\/\/listman.shop\/autoparts-br\/product\/1005005940269486\/"},"modified":"2026-05-08T06:16:27","modified_gmt":"2026-05-07T21:16:27","slug":"1005005940269486","status":"publish","type":"product","link":"https:\/\/listman.shop\/autoparts-br\/product\/1005005940269486\/","title":{"rendered":"4 p\u00e7s porta do carro anti-colis\u00e3o tira borda guarda protetor para toyota honda opel astra renault megane clio hyundai ford nissan kia"},"content":{"rendered":"<div class=\"detailmodule_html\">\n<div class=\"detail-desc-decorate-richtext\">\n<div class=\"detailmodule_html\">\n<div class=\"detail-desc-decorate-richtext\">\n<div><span style=\"font-size:22px\"><strong>Nota:<\/strong><\/span><span style=\"font-size:18px\"><br \/>Limpe completamente a \u00e1rea de colagem, sem \u00e1gua, \u00f3leo ou poeira.<br \/>Se a temperatura estiver baixa, use um secador de cabelo para aquecer o adesivo dupla-face para manter uma melhor ader\u00eancia.<\/span><\/div>\n<div>\n<p class=\"detail-desc-decorate-title\" style=\"font-family: 'OpenSans';color:'#000';white-space: pre-wrap;font-weight: 900;font-size: 20px;line-height: 28px;color: #000;margin-bottom: 12px\">Tira anticolis\u00e3o alongada da porta do carro<\/p>\n<\/div>\n<div>\n<p class=\"detail-desc-decorate-title\" style=\"font-family: 'OpenSans';color:'#000';white-space: pre-wrap;font-weight: 900;font-size: 20px;line-height: 28px;color: #000;margin-bottom: 12px\">Dimensi\u00f3n<\/p>\n<p><img data-recalc-dims=\"1\" decoding=\"async\" class=\"detail-desc-decorate-image\" src=\"https:\/\/i0.wp.com\/ae01.alicdn.com\/kf\/S310af238595e46cbb1f6b1322ad705fbE.jpg?w=1200&#038;ssl=1\" style=\"margin-bottom: 10px\"><\/div>\n<div>\n<p class=\"detail-desc-decorate-title\" style=\"font-family: 'OpenSans';color:'#000';white-space: pre-wrap;font-weight: 900;font-size: 20px;line-height: 28px;color: #000;margin-bottom: 12px\">PVC de boa qualidade<\/p>\n<p><img data-recalc-dims=\"1\" decoding=\"async\" class=\"detail-desc-decorate-image\" src=\"https:\/\/i0.wp.com\/ae01.alicdn.com\/kf\/S10b1e046778e45109a2570cba49f5389I.jpg?w=1200&#038;ssl=1\" style=\"margin-bottom: 10px\"><\/div>\n<div>\n<p class=\"detail-desc-decorate-title\" style=\"font-family: 'OpenSans';color:'#000';white-space: pre-wrap;font-weight: 900;font-size: 20px;line-height: 28px;color: #000;margin-bottom: 12px\">Macio, fique \u00e0 vontade para dobrar<\/p>\n<p><img data-recalc-dims=\"1\" decoding=\"async\" class=\"detail-desc-decorate-image\" src=\"https:\/\/i0.wp.com\/ae01.alicdn.com\/kf\/S0f38f38bca994bd69b5dc0fcabb70ab8j.jpg?w=1200&#038;ssl=1\" style=\"margin-bottom: 10px\"><\/div>\n<div>\n<p class=\"detail-desc-decorate-title\" style=\"font-family: 'OpenSans';color:'#000';white-space: pre-wrap;font-weight: 900;font-size: 20px;line-height: 28px;color: #000;margin-bottom: 12px\">Mais espesso, evita efetivamente colis\u00e3o<\/p>\n<p><img data-recalc-dims=\"1\" decoding=\"async\" class=\"detail-desc-decorate-image\" src=\"https:\/\/i0.wp.com\/ae01.alicdn.com\/kf\/Sce8fafacadbc4c14a29b3f3d0f478f5bC.jpg?w=1200&#038;ssl=1\" style=\"margin-bottom: 10px\"><\/div>\n<div>\n<p class=\"detail-desc-decorate-title\" style=\"font-family: 'OpenSans';color:'#000';white-space: pre-wrap;font-weight: 900;font-size: 20px;line-height: 28px;color: #000;margin-bottom: 12px\">Adesivo 3M, f\u00e1cil de instalar<\/p>\n<p><img data-recalc-dims=\"1\" decoding=\"async\" class=\"detail-desc-decorate-image\" src=\"https:\/\/i0.wp.com\/ae01.alicdn.com\/kf\/S6aad75759a6c4adfb671457067844a09T.jpg?w=1200&#038;ssl=1\" style=\"margin-bottom: 10px\"><\/div>\n<div>\n<p class=\"detail-desc-decorate-title\" style=\"font-family: 'OpenSans';color:'#000';white-space: pre-wrap;font-weight: 900;font-size: 20px;line-height: 28px;color: #000;margin-bottom: 12px\">Projeto 3D<\/p>\n<p><img data-recalc-dims=\"1\" decoding=\"async\" class=\"detail-desc-decorate-image\" src=\"https:\/\/i0.wp.com\/ae01.alicdn.com\/kf\/S466992b5138f4ca6ac679b4a07b5510dZ.jpg?w=1200&#038;ssl=1\" style=\"margin-bottom: 10px\"><\/div>\n<div>\n<p class=\"detail-desc-decorate-title\" style=\"font-family: 'OpenSans';color:'#000';white-space: pre-wrap;font-weight: 900;font-size: 20px;line-height: 28px;color: #000;margin-bottom: 12px\">Por que voc\u00ea precisa disso?<\/p>\n<p><img data-recalc-dims=\"1\" decoding=\"async\" class=\"detail-desc-decorate-image\" src=\"https:\/\/i0.wp.com\/ae01.alicdn.com\/kf\/Sd2f9bd502d4d4dd2a74e267d6ab71760D.jpg?w=1200&#038;ssl=1\" style=\"margin-bottom: 10px\"><\/div>\n<div>\n<p class=\"detail-desc-decorate-title\" style=\"font-family: 'OpenSans';color:'#000';white-space: pre-wrap;font-weight: 900;font-size: 20px;line-height: 28px;color: #000;margin-bottom: 12px\">Instala\u00e7\u00e3o antes e depois<\/p>\n<p><img data-recalc-dims=\"1\" decoding=\"async\" class=\"detail-desc-decorate-image\" src=\"https:\/\/i0.wp.com\/ae01.alicdn.com\/kf\/S94e12a4a725b46c49a922e65f9703159u.jpg?w=1200&#038;ssl=1\" style=\"margin-bottom: 10px\"><\/div>\n<div>\n<p class=\"detail-desc-decorate-title\" style=\"font-family: 'OpenSans';color:'#000';white-space: pre-wrap;font-weight: 900;font-size: 20px;line-height: 28px;color: #000;margin-bottom: 12px\">Voc\u00ea precisa desta tira<\/p>\n<p><img data-recalc-dims=\"1\" decoding=\"async\" class=\"detail-desc-decorate-image\" src=\"https:\/\/i0.wp.com\/ae01.alicdn.com\/kf\/Se2166616843d4fdab36d73a0530d011cz.jpg?w=1200&#038;ssl=1\" style=\"margin-bottom: 10px\"><\/div>\n<div>\n<p class=\"detail-desc-decorate-title\" style=\"font-family: 'OpenSans';color:'#000';white-space: pre-wrap;font-weight: 900;font-size: 20px;line-height: 28px;color: #000;margin-bottom: 12px\">Exibi\u00e7\u00e3o de estilo<\/p>\n<p class=\"detail-desc-decorate-content\" style=\"font-family: 'OpenSans';color:'#000';white-space: pre-wrap;font-weight: 300;font-size: 14px;line-height: 20px;color: #000;margin-bottom: 12px\">Esportes (preto e branco) Monster (preto e branco) Guarda-chuva (preto e branco) Mostro pequeno (preto e branco)<\/p>\n<p><img data-recalc-dims=\"1\" decoding=\"async\" class=\"detail-desc-decorate-image\" src=\"https:\/\/i0.wp.com\/ae01.alicdn.com\/kf\/S880bb6ac44984bbdb180ccb6dd53515aL.jpg?w=1200&#038;ssl=1\" style=\"margin-bottom: 10px\"><\/div>\n<div>\n<p class=\"detail-desc-decorate-title\" style=\"font-family: 'OpenSans';color:'#000';white-space: pre-wrap;font-weight: 900;font-size: 20px;line-height: 28px;color: #000;margin-bottom: 12px\">Diagrama de efeitos<\/p>\n<p><img data-recalc-dims=\"1\" decoding=\"async\" class=\"detail-desc-decorate-image\" src=\"https:\/\/i0.wp.com\/ae01.alicdn.com\/kf\/S4058e4553cc948dd93f8d503a0f2dbddj.jpg?w=1200&#038;ssl=1\" style=\"margin-bottom: 10px\"> <img data-recalc-dims=\"1\" decoding=\"async\" class=\"detail-desc-decorate-image\" src=\"https:\/\/i0.wp.com\/ae01.alicdn.com\/kf\/S01ade6a0569146369194654bc3c3032b5.jpg?w=1200&#038;ssl=1\" style=\"margin-bottom: 10px\"> <img data-recalc-dims=\"1\" decoding=\"async\" class=\"detail-desc-decorate-image\" src=\"https:\/\/i0.wp.com\/ae01.alicdn.com\/kf\/S29835dd190784ef8acf6e890e380da873.jpg?w=1200&#038;ssl=1\" style=\"margin-bottom: 10px\"> <img data-recalc-dims=\"1\" decoding=\"async\" class=\"detail-desc-decorate-image\" src=\"https:\/\/i0.wp.com\/ae01.alicdn.com\/kf\/S12a3a7c2f21f4141b9e38f9e083d71d8m.jpg?w=1200&#038;ssl=1\" style=\"margin-bottom: 10px\"> <img data-recalc-dims=\"1\" decoding=\"async\" class=\"detail-desc-decorate-image\" src=\"https:\/\/i0.wp.com\/ae01.alicdn.com\/kf\/S96f81587abfb467189be7d5decd32013p.jpg?w=1200&#038;ssl=1\" style=\"margin-bottom: 10px\"> <img data-recalc-dims=\"1\" decoding=\"async\" class=\"detail-desc-decorate-image\" src=\"https:\/\/i0.wp.com\/ae01.alicdn.com\/kf\/S2fd7fe910450412287c2b8a2232734fc2.jpg?w=1200&#038;ssl=1\" style=\"margin-bottom: 10px\"> <img data-recalc-dims=\"1\" decoding=\"async\" class=\"detail-desc-decorate-image\" src=\"https:\/\/i0.wp.com\/ae01.alicdn.com\/kf\/S6eddaedc4aff4a8897bf4288d17819ebY.jpg?w=1200&#038;ssl=1\" style=\"margin-bottom: 10px\"><\/div>\n<div>\n<p class=\"detail-desc-decorate-content\" style=\"font-family: 'OpenSans';color:'#000';white-space: pre-wrap;font-weight: 300;font-size: 14px;line-height: 20px;color: #000;margin-bottom: 12px\">Se voc\u00ea gostar, por favor nos d\u00ea um feedback de cinco estrelas, obrigado. Se voc\u00ea tiver alguma d\u00favida, entre em contato conosco, lhe daremos uma resposta satisfat\u00f3ria, obrigado.<\/p>\n<p><img data-recalc-dims=\"1\" decoding=\"async\" class=\"detail-desc-decorate-image\" src=\"https:\/\/i0.wp.com\/ae01.alicdn.com\/kf\/Se6cb248629cb4f56ae0ab2b00997b3688.jpg?w=1200&#038;ssl=1\" style=\"margin-bottom: 10px\"><\/div>\n<\/div>\n<\/div>\n<\/div>\n<\/div>\n","protected":false},"excerpt":{"rendered":"<p>Nota:Limpe completamente a \u00e1rea de colagem, sem \u00e1gua, \u00f3leo ou poeira.Se a temperatura estiver baixa, use um secador de cabelo para aquecer o adesivo dupla-face para manter uma melhor ader\u00eancia. Tira anticolis\u00e3o alongada da porta do carro Dimensi\u00f3n PVC de boa qualidade Macio, fique \u00e0 vontade para dobrar Mais espesso, evita efetivamente colis\u00e3o Adesivo 3M,&hellip;&nbsp;<\/p>\n","protected":false},"featured_media":29270,"template":"","meta":{"neve_meta_sidebar":"","neve_meta_container":"","neve_meta_enable_content_width":"","neve_meta_content_width":0,"neve_meta_title_alignment":"","neve_meta_author_avatar":"","neve_post_elements_order":"","neve_meta_disable_header":"","neve_meta_disable_footer":"","neve_meta_disable_title":""},"product_brand":[],"product_cat":[109,17,24],"product_tag":[],"class_list":{"0":"post-29276","1":"product","2":"type-product","3":"status-publish","4":"has-post-thumbnail","6":"product_cat-molduras-esteticas","7":"product_cat-pecas-e-acessorios-automotivos","8":"product_cat-pecas-externas","10":"first","11":"instock","12":"shipping-taxable","13":"purchasable","14":"product-type-variable","15":"has-default-attributes"},"jetpack_sharing_enabled":true,"_links":{"self":[{"href":"https:\/\/listman.shop\/autoparts-br\/wp-json\/wp\/v2\/product\/29276","targetHints":{"allow":["GET"]}}],"collection":[{"href":"https:\/\/listman.shop\/autoparts-br\/wp-json\/wp\/v2\/product"}],"about":[{"href":"https:\/\/listman.shop\/autoparts-br\/wp-json\/wp\/v2\/types\/product"}],"wp:featuredmedia":[{"embeddable":true,"href":"https:\/\/listman.shop\/autoparts-br\/wp-json\/wp\/v2\/media\/29270"}],"wp:attachment":[{"href":"https:\/\/listman.shop\/autoparts-br\/wp-json\/wp\/v2\/media?parent=29276"}],"wp:term":[{"taxonomy":"product_brand","embeddable":true,"href":"https:\/\/listman.shop\/autoparts-br\/wp-json\/wp\/v2\/product_brand?post=29276"},{"taxonomy":"product_cat","embeddable":true,"href":"https:\/\/listman.shop\/autoparts-br\/wp-json\/wp\/v2\/product_cat?post=29276"},{"taxonomy":"product_tag","embeddable":true,"href":"https:\/\/listman.shop\/autoparts-br\/wp-json\/wp\/v2\/product_tag?post=29276"}],"curies":[{"name":"wp","href":"https:\/\/api.w.org\/{rel}","templated":true}]}}