{"id":29303,"date":"2025-03-10T14:01:35","date_gmt":"2025-03-10T05:01:35","guid":{"rendered":"https:\/\/listman.shop\/autoparts-br\/product\/1005005948208743\/"},"modified":"2026-05-04T23:23:08","modified_gmt":"2026-05-04T14:23:08","slug":"1005005948208743","status":"publish","type":"product","link":"https:\/\/listman.shop\/autoparts-br\/product\/1005005948208743\/","title":{"rendered":"Para kia pregio bongo iii 1997 1998 &#8211; 2002 2003 2004 2005 porta deslizante direita ma\u00e7aneta externa lado direito ma\u00e7aneta da porta el\u00e9trica 0k7aa72410"},"content":{"rendered":"<div class=\"detailmodule_dynamic\"><\/div>\n<div class=\"detailmodule_html\">\n<div class=\"detail-desc-decorate-richtext\">\n<div class=\"detailmodule_dynamic\"><\/div>\n<div class=\"detailmodule_html\">\n<div class=\"detail-desc-decorate-richtext\">\n<p><strong><span style=\"font-size:18px;font-family:arial, helvetica, sans-serif\">Descri\u00e7\u00e3o<\/span><\/strong><span style=\"font-size:18px;font-family:arial, helvetica, sans-serif\"> <\/span><\/p>\n<p><span style=\"font-size:18px;font-family:arial, helvetica, sans-serif\">Condi\u00e7\u00e3o: 100% novo<\/span><\/p>\n<p><span style=\"font-size:18px;font-family:arial, helvetica, sans-serif\">Nome do item: al\u00e7a externa da porta deslizante do lado direito<\/span><\/p>\n<p><span style=\"font-size:18px;font-family:arial, helvetica, sans-serif\">N\u00famero da pe\u00e7a OEM:<\/span><span style=\"font-size:18px;font-family:arial, helvetica, sans-serif\">0K7AA72410<\/span><span style=\"font-size:18px;font-family:arial, helvetica, sans-serif\"> <\/span><\/p>\n<p><span style=\"font-size:18px;font-family:arial, helvetica, sans-serif\">Cor: Preto<\/span><\/p>\n<p><span style=\"font-size:18px;font-family:arial, helvetica, sans-serif\"> <\/span><\/p>\n<p><\/p>\n<p><strong><span style=\"font-size:18px;font-family:arial, helvetica, sans-serif\">Montagem<\/span><\/strong><span style=\"font-size:18px;font-family:arial, helvetica, sans-serif\"> <\/span><\/p>\n<p><span style=\"font-size:18px;font-family:arial, helvetica, sans-serif\">Para Kia Pregio Bongo III 1997 1998 1999 2000 2001 2003 2004 2005<\/span><span style=\"font-size:18px;font-family:arial, helvetica, sans-serif\"> <\/span><\/p>\n<p><span style=\"font-size:18px;font-family:arial, helvetica, sans-serif\"> <\/span><\/p>\n<p><\/p>\n<p><strong><span style=\"font-size:18px;font-family:arial, helvetica, sans-serif\">O pacote inclui<\/span><\/strong><span style=\"font-size:18px;font-family:arial, helvetica, sans-serif\"> <\/span><\/p>\n<p><span style=\"font-size:18px;font-family:arial, helvetica, sans-serif\">1\/2pcs x ma\u00e7aneta da porta<\/span><\/p>\n<p><span style=\"font-size:18px;font-family:arial, helvetica, sans-serif\"><\/span><img data-recalc-dims=\"1\" decoding=\"async\" src=\"https:\/\/i0.wp.com\/ae01.alicdn.com\/kf\/Sad93effbf4a441d6adf7924e6dd05a20a.jpg?w=1200&#038;ssl=1\"><span style=\"font-size:18px;font-family:arial, helvetica, sans-serif\"><\/span><img data-recalc-dims=\"1\" decoding=\"async\" src=\"https:\/\/i0.wp.com\/ae01.alicdn.com\/kf\/Sb7d8ccddd60847c0b28b0c4a7119fcf0n.jpg?w=1200&#038;ssl=1\"><span style=\"font-size:18px;font-family:arial, helvetica, sans-serif\"><\/span><img data-recalc-dims=\"1\" decoding=\"async\" src=\"https:\/\/i0.wp.com\/ae01.alicdn.com\/kf\/S0649d6e3d1c94283aa040c55e309b826R.jpg?w=1200&#038;ssl=1\"><span style=\"font-size:18px;font-family:arial, helvetica, sans-serif\"><\/span><img data-recalc-dims=\"1\" decoding=\"async\" src=\"https:\/\/i0.wp.com\/ae01.alicdn.com\/kf\/S6bac8d7622c940eb884290ae97b0de7fc.jpg?w=1200&#038;ssl=1\"><span style=\"font-size:18px;font-family:arial, helvetica, sans-serif\"><\/span><img data-recalc-dims=\"1\" decoding=\"async\" src=\"https:\/\/i0.wp.com\/ae01.alicdn.com\/kf\/Sad8a3daed85e481e8c4538015a6d7c4dR.jpg?w=1200&#038;ssl=1\"><span style=\"font-size:18px;font-family:arial, helvetica, sans-serif\"><\/span><img data-recalc-dims=\"1\" decoding=\"async\" src=\"https:\/\/i0.wp.com\/ae01.alicdn.com\/kf\/S817ea805f3364fde9083aeec728e590bp.jpg?w=1200&#038;ssl=1\"><span style=\"font-size:18px;font-family:arial, helvetica, sans-serif\"><\/span><img data-recalc-dims=\"1\" decoding=\"async\" src=\"https:\/\/i0.wp.com\/ae01.alicdn.com\/kf\/S84714bcac5de4b67b0e665ad0b111fd0p.jpg?w=1200&#038;ssl=1\"><span style=\"font-size:18px;font-family:arial, helvetica, sans-serif\"><\/span><img data-recalc-dims=\"1\" decoding=\"async\" src=\"https:\/\/i0.wp.com\/ae01.alicdn.com\/kf\/S9f8e63319e83470d9b44136cf4cfa9f8U.jpg?w=1200&#038;ssl=1\"><span style=\"font-size:18px;font-family:arial, helvetica, sans-serif\"><\/span><img data-recalc-dims=\"1\" decoding=\"async\" src=\"https:\/\/i0.wp.com\/ae01.alicdn.com\/kf\/S7eef7de1a1ad4fcfaa2b3c4a72613b55S.jpg?w=1200&#038;ssl=1\"><span style=\"font-size:18px;font-family:arial, helvetica, sans-serif\"><\/span><img data-recalc-dims=\"1\" decoding=\"async\" src=\"https:\/\/i0.wp.com\/ae01.alicdn.com\/kf\/S878ceb57875e4ed19619ed92eb69b18dQ.jpg?w=1200&#038;ssl=1\"><span style=\"font-size:18px;font-family:arial, helvetica, sans-serif\"><\/span><img data-recalc-dims=\"1\" decoding=\"async\" src=\"https:\/\/i0.wp.com\/ae01.alicdn.com\/kf\/S3a9bbbd7e8dc42e1a1decc04ee88855fJ.jpg?w=1200&#038;ssl=1\"><span style=\"font-size:18px;font-family:arial, helvetica, sans-serif\"><\/span><img data-recalc-dims=\"1\" decoding=\"async\" src=\"https:\/\/i0.wp.com\/ae01.alicdn.com\/kf\/Sf198aed48e8647e98d7a0d0b82989db30.jpg?w=1200&#038;ssl=1\"><span style=\"font-size:18px;font-family:arial, helvetica, sans-serif\"><\/span><img data-recalc-dims=\"1\" decoding=\"async\" src=\"https:\/\/i0.wp.com\/ae01.alicdn.com\/kf\/S24323ac97bbf4e7c8c9936ed1bb73fd23.jpg?w=1200&#038;ssl=1\"><span style=\"font-size:18px;font-family:arial, helvetica, sans-serif\"><\/span><img data-recalc-dims=\"1\" decoding=\"async\" src=\"https:\/\/i0.wp.com\/ae01.alicdn.com\/kf\/Sb7347a97ac5a49bb89c7c9045ce9787aM.jpg?w=1200&#038;ssl=1\"><span style=\"font-size:18px;font-family:arial, helvetica, sans-serif\"><\/span><img data-recalc-dims=\"1\" decoding=\"async\" src=\"https:\/\/i0.wp.com\/ae01.alicdn.com\/kf\/S2c11f801e5bf41dc894b65c1a1294543s.jpg?w=1200&#038;ssl=1\"><span style=\"font-size:18px;font-family:arial, helvetica, sans-serif\"><\/span><img data-recalc-dims=\"1\" decoding=\"async\" src=\"https:\/\/i0.wp.com\/ae01.alicdn.com\/kf\/S36b0a4b7597e4faab9c6a01fdf7f9502O.jpg?w=1200&#038;ssl=1\"><span style=\"font-size:18px;font-family:arial, helvetica, sans-serif\"><\/span><img data-recalc-dims=\"1\" decoding=\"async\" src=\"https:\/\/i0.wp.com\/ae01.alicdn.com\/kf\/S220ba79fab8e492389884bcc3bd85ac5J.jpg?w=1200&#038;ssl=1\"><span style=\"font-size:18px;font-family:arial, helvetica, sans-serif\"><\/span><\/p>\n<\/div>\n<\/div>\n<\/div>\n<\/div>\n","protected":false},"excerpt":{"rendered":"<p>Descri\u00e7\u00e3o Condi\u00e7\u00e3o: 100% novo Nome do item: al\u00e7a externa da porta deslizante do lado direito N\u00famero da pe\u00e7a OEM:0K7AA72410 Cor: Preto Montagem Para Kia Pregio Bongo III 1997 1998 1999 2000 2001 2003 2004 2005 O pacote inclui 1\/2pcs x ma\u00e7aneta da porta<\/p>\n","protected":false},"featured_media":29297,"template":"","meta":{"neve_meta_sidebar":"","neve_meta_container":"","neve_meta_enable_content_width":"","neve_meta_content_width":0,"neve_meta_title_alignment":"","neve_meta_author_avatar":"","neve_post_elements_order":"","neve_meta_disable_header":"","neve_meta_disable_footer":"","neve_meta_disable_title":""},"product_brand":[],"product_cat":[124,17,24],"product_tag":[],"class_list":{"0":"post-29303","1":"product","2":"type-product","3":"status-publish","4":"has-post-thumbnail","6":"product_cat-macanetas-de-portas-exteriores","7":"product_cat-pecas-e-acessorios-automotivos","8":"product_cat-pecas-externas","10":"first","11":"instock","12":"shipping-taxable","13":"purchasable","14":"product-type-variable","15":"has-default-attributes"},"jetpack_sharing_enabled":true,"_links":{"self":[{"href":"https:\/\/listman.shop\/autoparts-br\/wp-json\/wp\/v2\/product\/29303","targetHints":{"allow":["GET"]}}],"collection":[{"href":"https:\/\/listman.shop\/autoparts-br\/wp-json\/wp\/v2\/product"}],"about":[{"href":"https:\/\/listman.shop\/autoparts-br\/wp-json\/wp\/v2\/types\/product"}],"wp:featuredmedia":[{"embeddable":true,"href":"https:\/\/listman.shop\/autoparts-br\/wp-json\/wp\/v2\/media\/29297"}],"wp:attachment":[{"href":"https:\/\/listman.shop\/autoparts-br\/wp-json\/wp\/v2\/media?parent=29303"}],"wp:term":[{"taxonomy":"product_brand","embeddable":true,"href":"https:\/\/listman.shop\/autoparts-br\/wp-json\/wp\/v2\/product_brand?post=29303"},{"taxonomy":"product_cat","embeddable":true,"href":"https:\/\/listman.shop\/autoparts-br\/wp-json\/wp\/v2\/product_cat?post=29303"},{"taxonomy":"product_tag","embeddable":true,"href":"https:\/\/listman.shop\/autoparts-br\/wp-json\/wp\/v2\/product_tag?post=29303"}],"curies":[{"name":"wp","href":"https:\/\/api.w.org\/{rel}","templated":true}]}}