{"id":29359,"date":"2025-03-10T14:06:17","date_gmt":"2025-03-10T05:06:17","guid":{"rendered":"https:\/\/listman.shop\/autoparts-br\/product\/1005005989213198\/"},"modified":"2026-05-04T22:13:11","modified_gmt":"2026-05-04T13:13:11","slug":"1005005989213198","status":"publish","type":"product","link":"https:\/\/listman.shop\/autoparts-br\/product\/1005005989213198\/","title":{"rendered":"Ma\u00e7aneta externa da porta do carro dianteira esquerda para Nissan Sentra 2013-2018;Murano Maxima 2009-2014;Folha 2011-2017 806469 N00A"},"content":{"rendered":"<div class=\"detailmodule_html\">\n<div class=\"detail-desc-decorate-richtext\">\n<div class=\"detailmodule_html\">\n<div class=\"detail-desc-decorate-richtext\">\n<table style=\"border-collapse:collapse\" border=\"0\" cellpadding=\"0\" cellspacing=\"0\">\n<tbody>\n<tr>\n<td style=\"border:none;padding:0px\" colspan=\"4\">\n<p><img data-recalc-dims=\"1\" decoding=\"async\" style=\"display:block\" src=\"https:\/\/i0.wp.com\/ae01.alicdn.com\/kf\/S228201af02ac4ce58fe6005ac40f4f575.jpg?w=1200&#038;ssl=1\"><\/p>\n<\/td>\n<\/tr>\n<tr>\n<td style=\"border:none;padding:0px\">\n<p><a href=\"http:\/\/www.aliexpress.com\/item\/Car-Exterior-Door-Handle-Front-Left-for-Nissan-Livina%2c-Lationissan-Tiida-Rear-2004-2011-82640-EL12A-82641-EL12A\/1005005483837724.html\" target=\"_blank\" class=\"\"><img data-recalc-dims=\"1\" decoding=\"async\" style=\"display:block\" src=\"https:\/\/i0.wp.com\/ae01.alicdn.com\/kf\/S47e2eef8fb1d4159ba60e85f1f5b3bb4t.jpg?w=1200&#038;ssl=1\"><\/a><\/p>\n<\/td>\n<td style=\"border:none;padding:0px\">\n<p><a href=\"http:\/\/www.aliexpress.com\/item\/BA1Z78218B08A-BB5Z7822404BA-1PCS-Exterior-Outside-Door-Handle-Chrome-Front-LH-Driver-Side-for-Ford-Explorer-Edge-2011-2014\/1005005481488995.html\" target=\"_blank\" class=\"\"><img data-recalc-dims=\"1\" decoding=\"async\" style=\"display:block\" src=\"https:\/\/i0.wp.com\/ae01.alicdn.com\/kf\/S17ce634c3b33422690fa51a46dae5d65v.jpg?w=1200&#038;ssl=1\"><\/a><\/p>\n<\/td>\n<td style=\"border:none;padding:0px\">\n<p><a href=\"http:\/\/www.aliexpress.com\/item\/15214502-15214503-Car-Interior-Front-Left-Inner-Door-Trim-Handle-Bezel-for-Chevrolet-Trailblazer-2002-2009\/1005005461859266.html\" target=\"_blank\" class=\"\"><img data-recalc-dims=\"1\" decoding=\"async\" style=\"display:block\" src=\"https:\/\/i0.wp.com\/ae01.alicdn.com\/kf\/Sdd0b59fd01ea49f6af3dde0b3c558c11b.jpg?w=1200&#038;ssl=1\"><\/a><\/p>\n<\/td>\n<td style=\"border:none;padding:0px\">\n<p><a href=\"http:\/\/www.aliexpress.com\/item\/LHD-Front-LeftRight-Black-Exterior-Door-Handles-For-Kia-Sorento-2003-2004-2005-2006-2007-2008-2009-826503E021-826603E021\/1005005461533971.html\" target=\"_blank\" class=\"\"><img data-recalc-dims=\"1\" decoding=\"async\" style=\"display:block\" src=\"https:\/\/i0.wp.com\/ae01.alicdn.com\/kf\/S7fd91969d2794bebb36cdcba10d529d9e.jpg?w=1200&#038;ssl=1\"><\/a><\/p>\n<\/td>\n<\/tr>\n<tr>\n<td style=\"border:none;padding:0px\">\n<p><a href=\"http:\/\/www.aliexpress.com\/item\/Front-%26-rear-driver-passenger-Pull-Grab-Assist-Handle-for-Ford-Escape-2013-2019-7S7Z-5831406-AA-CJ5Z-7831406-AA\/1005005449027631.html\" target=\"_blank\" class=\"\"><img data-recalc-dims=\"1\" decoding=\"async\" style=\"display:block\" src=\"https:\/\/i0.wp.com\/ae01.alicdn.com\/kf\/S460d2b1dfb67478ea5f8e8953ef77180Q.jpg?w=1200&#038;ssl=1\"><\/a><\/p>\n<\/td>\n<td style=\"border:none;padding:0px\">\n<p><a href=\"http:\/\/www.aliexpress.com\/item\/Interior-Roof-Safety-Handle-Ceiling-Armrest-Handrail-Pull-Hand-For-Toyota-Corolla-2008-2013Yaris-Vios-2008-2013Rav4-2005-2012\/1005005425471998.html\" target=\"_blank\" class=\"\"><img data-recalc-dims=\"1\" decoding=\"async\" style=\"display:block\" src=\"https:\/\/i0.wp.com\/ae01.alicdn.com\/kf\/Sca33a6226efc45adbedf1f117e72f2c2j.jpg?w=1200&#038;ssl=1\"><\/a><\/p>\n<\/td>\n<td style=\"border:none;padding:0px\">\n<p><a href=\"http:\/\/www.aliexpress.com\/item\/Car-door-handle-shell-door-handle-decorative-plate-outer-cover-for-Audi-A6-C6-2005-2011-4F0837205B\/1005005731448307.html\" target=\"_blank\" class=\"\"><img data-recalc-dims=\"1\" decoding=\"async\" style=\"display:block\" src=\"https:\/\/i0.wp.com\/ae01.alicdn.com\/kf\/S7fdc4257180f4dab8fc2437c5a88357cX.jpg?w=1200&#038;ssl=1\"><\/a><\/p>\n<\/td>\n<td style=\"border:none;padding:0px\">\n<p><a href=\"http:\/\/www.aliexpress.com\/item\/Car-Inside-Door-Handle-Trim-Grey-and-Black-For-Ford-Ranger-T6-2012-2021-%26-Everest-2015-2021-%26-Mazda-BT-50-2012-2020\/1005005621835577.html\" target=\"_blank\" class=\"\"><img data-recalc-dims=\"1\" decoding=\"async\" style=\"display:block\" src=\"https:\/\/i0.wp.com\/ae01.alicdn.com\/kf\/S4f7599f0218945ddb9f5b1890b530bae6.jpg?w=1200&#038;ssl=1\"><\/a><\/p>\n<\/td>\n<\/tr>\n<tr>\n<td style=\"border:none;padding:0px\">\n<p><a href=\"http:\/\/www.aliexpress.com\/item\/Car-Interior-Roof-Safety-Handle-Ceiling-Armrest-Grab-Grip-Pull-For-Montero-2008-2015-For-Mitsubishi-L200-Triton-2005---2015\/1005005556034954.html\" target=\"_blank\" class=\"\"><img data-recalc-dims=\"1\" decoding=\"async\" style=\"display:block\" src=\"https:\/\/i0.wp.com\/ae01.alicdn.com\/kf\/S16dcd52b7ff54265ad90dddd1de9c03b9.jpg?w=1200&#038;ssl=1\"><\/a><\/p>\n<\/td>\n<td style=\"border:none;padding:0px\">\n<p><a href=\"http:\/\/www.aliexpress.com\/item\/1pcs-Car-Inner-Roof-Armrest-Ceiling-Pull-Handle-Arm-Rest-Door-Safety-Hand-For-Toyota-Camry-2006%7e2011-For-PRADO-2010-2019\/1005005552359373.html\" target=\"_blank\" class=\"\"><img data-recalc-dims=\"1\" decoding=\"async\" style=\"display:block\" src=\"https:\/\/i0.wp.com\/ae01.alicdn.com\/kf\/S7080aa8af9ad4a4ba202dea9834ccfc8J.jpg?w=1200&#038;ssl=1\"><\/a><\/p>\n<\/td>\n<td style=\"border:none;padding:0px\">\n<p><a href=\"http:\/\/www.aliexpress.com\/item\/Front-rear-Left-Right-outside-Door-Handle-For-Chevy-Avalanche-Silverado-Surburban-Tahoe-GMC-Sierra-1500-2500-3500-Yukon-15034985\/1005005544402027.html\" target=\"_blank\" class=\"\"><img data-recalc-dims=\"1\" decoding=\"async\" style=\"display:block\" src=\"https:\/\/i0.wp.com\/ae01.alicdn.com\/kf\/S9c372d9f2b8f4bb0aaf017dc151c81584.jpg?w=1200&#038;ssl=1\"><\/a><\/p>\n<\/td>\n<td style=\"border:none;padding:0px\">\n<p><a href=\"http:\/\/www.aliexpress.com\/item\/1PCS-Five-styles-of-car-front-and-rear-door-exterior-handle-For-Toyota-Alphard-ANH10-MNH10-2003-2004-2005-2006-2007-2008\/1005005514505026.html\" target=\"_blank\" class=\"\"><img data-recalc-dims=\"1\" decoding=\"async\" style=\"display:block\" src=\"https:\/\/i0.wp.com\/ae01.alicdn.com\/kf\/Se198aeaa236d4ff2a3db7d58b2a1467cp.jpg?w=1200&#038;ssl=1\"><\/a><\/p>\n<\/td>\n<\/tr>\n<\/tbody>\n<\/table>\n<\/div>\n<\/div>\n<div class=\"detailmodule_html\">\n<div class=\"detail-desc-decorate-richtext\">\n<div class=\"detailmodule_text\">\n<p style=\"font-family:OpenSans;font-size:14px;font-weight:300;line-height:20px;white-space:pre-wrap;margin-bottom:12px\" class=\"detail-desc-decorate-content\">OEM:806469N00A;12459871;806469N00A;<br \/>806451AA0A<\/p>\n<p>Compat\u00edvel com Nissan Folha S 2013 2014 2015 2016 2017<br \/>Compat\u00edvel com Nissan Leaf (submodelo: SL, SV) 2011 2012 2013 2014 2015 2016 2017<br \/>Compat\u00edvel com Nissan Maxima (submodelo: S, SV) 2009 2010 2011 2012 2013 2014<br \/>Compat\u00edvel com Nissan Murano (submodelo: LE, S, SL) 2009 2010 2011 2012 2013 2014<br \/>Compat\u00edvel com Nissan Murano (submodelo: CrossCabriolet, SV) 2011 2012 2013 2014<br \/>Compat\u00edvel com Nissan Sentra FE+S 2013 2014 2015 2016<br \/>Compat\u00edvel com Nissan Sentra FE+SV 2013 2014<br \/>Compat\u00edvel com Nissan Sentra (submodelo: S, SL, SR, SV) 2013 2014 2015 2016 2017 2018<br \/>Compat\u00edvel com Nissan Sentra 2017 2018<\/p>\n<\/div>\n<div><\/div>\n<\/div>\n<\/div>\n<p><\/p>\n<\/div>\n<\/div>\n","protected":false},"excerpt":{"rendered":"<p>OEM:806469N00A;12459871;806469N00A;806451AA0A Compat\u00edvel com Nissan Folha S 2013 2014 2015 2016 2017Compat\u00edvel com Nissan Leaf (submodelo: SL, SV) 2011 2012 2013 2014 2015 2016 2017Compat\u00edvel com Nissan Maxima (submodelo: S, SV) 2009 2010 2011 2012 2013 2014Compat\u00edvel com Nissan Murano (submodelo: LE, S, SL) 2009 2010 2011 2012 2013 2014Compat\u00edvel com Nissan Murano (submodelo: CrossCabriolet, SV)&hellip;&nbsp;<\/p>\n","protected":false},"featured_media":29353,"template":"","meta":{"neve_meta_sidebar":"","neve_meta_container":"","neve_meta_enable_content_width":"","neve_meta_content_width":0,"neve_meta_title_alignment":"","neve_meta_author_avatar":"","neve_post_elements_order":"","neve_meta_disable_header":"","neve_meta_disable_footer":"","neve_meta_disable_title":""},"product_brand":[],"product_cat":[124,17,24],"product_tag":[],"class_list":{"0":"post-29359","1":"product","2":"type-product","3":"status-publish","4":"has-post-thumbnail","6":"product_cat-macanetas-de-portas-exteriores","7":"product_cat-pecas-e-acessorios-automotivos","8":"product_cat-pecas-externas","10":"first","11":"instock","12":"shipping-taxable","13":"purchasable","14":"product-type-variable","15":"has-default-attributes"},"jetpack_sharing_enabled":true,"_links":{"self":[{"href":"https:\/\/listman.shop\/autoparts-br\/wp-json\/wp\/v2\/product\/29359","targetHints":{"allow":["GET"]}}],"collection":[{"href":"https:\/\/listman.shop\/autoparts-br\/wp-json\/wp\/v2\/product"}],"about":[{"href":"https:\/\/listman.shop\/autoparts-br\/wp-json\/wp\/v2\/types\/product"}],"wp:featuredmedia":[{"embeddable":true,"href":"https:\/\/listman.shop\/autoparts-br\/wp-json\/wp\/v2\/media\/29353"}],"wp:attachment":[{"href":"https:\/\/listman.shop\/autoparts-br\/wp-json\/wp\/v2\/media?parent=29359"}],"wp:term":[{"taxonomy":"product_brand","embeddable":true,"href":"https:\/\/listman.shop\/autoparts-br\/wp-json\/wp\/v2\/product_brand?post=29359"},{"taxonomy":"product_cat","embeddable":true,"href":"https:\/\/listman.shop\/autoparts-br\/wp-json\/wp\/v2\/product_cat?post=29359"},{"taxonomy":"product_tag","embeddable":true,"href":"https:\/\/listman.shop\/autoparts-br\/wp-json\/wp\/v2\/product_tag?post=29359"}],"curies":[{"name":"wp","href":"https:\/\/api.w.org\/{rel}","templated":true}]}}