{"id":29390,"date":"2025-03-10T14:08:04","date_gmt":"2025-03-10T05:08:04","guid":{"rendered":"https:\/\/listman.shop\/autoparts-br\/product\/1005006019513542\/"},"modified":"2026-05-04T22:55:08","modified_gmt":"2026-05-04T13:55:08","slug":"1005006019513542","status":"publish","type":"product","link":"https:\/\/listman.shop\/autoparts-br\/product\/1005006019513542\/","title":{"rendered":"Para mercedes-benz e glc s c classe w205 w213 x253 w222 w238 lhd espelho retrovisor lateral capa asa tampa porta exterior vista traseira guarni\u00e7\u00e3o"},"content":{"rendered":"<div class=\"detailmodule_html\">\n<div class=\"detail-desc-decorate-richtext\">\n<div class=\"detailmodule_html\">\n<div class=\"detail-desc-decorate-richtext\">\n<div id=\"simple\">\n<div>\n<div id=\"banner\"><span style=\"font-size:16px\"><span style=\", Helvetica, Arial, sans-serif\"><span>Caracter\u00edstica:<\/span><\/span><\/span><br \/>\n<span style=\"font-size:16px\">100% novo e de alta qualidade.<\/span><br \/>\n<span style=\"font-size:16px\"><span>F\u00e1cil de ser instalado com firmeza, n\u00e3o \u00e9 f\u00e1cil de cair.<\/span><\/span><br \/>\n<span style=\"font-size:16px\">A tampa protetora pode proteger eficazmente seu espelho retrovisor contra arranh\u00f5es, manchas e outros danos.<\/span><br \/>\n<span style=\"font-size:16px\">Vem como um par, permite substituir as capas dos espelhos laterais esquerdo e direito.<\/span><br \/>\n<span style=\"font-size:16px\">Substitui\u00e7\u00e3o direta das capas dos espelhos desgastadas ou quebradas.<\/span><\/p>\n<p><span style=\"font-size:16px\"><span style=\", Helvetica, Arial, sans-serif\"><span>Especifica\u00e7\u00e3o:<\/span><\/span><\/span><br \/>\n<span style=\"font-size:16px\">Material: Pl\u00e1stico ABS<\/span><br \/>\n<span style=\"font-size:16px\">Cor: Fibra de Carbono<\/span><br \/>\n<span style=\"font-size:16px\">Quantidade: 1 par (esquerda e direita)<\/span><br \/>\n<span style=\"font-size:16px\"><span><span>Montagem:<\/span><\/span><\/span><br \/>Para Mercedes Benz CLASSE C W205 2014-on (somente LHD)<\/div>\n<div>Para Mercedes Benz Classe E W213 2016-on (somente LHD)<\/div>\n<div>Para Mercedes Benz Classe E W238 2016-on (somente LHD)<\/div>\n<div>Para Mercedes Benz classe G W463 2018-on (somente LHD)<\/div>\n<div>Para Mercedes Benz CLASSE S W222 2014-on (somente LHD)<\/div>\n<div>Para Mercedes Benz Classe S Coupe C217 2015-2018 (somente LHD)<\/div>\n<div>Para Mercedes Benz GLC Classe C C253 (somente LHD)<\/div>\n<div>Para Mercedes Benz Classe GLC X205 2014-on (somente LHD)<\/div>\n<div>Para Mercedes Benz classe GLC W253 2016-on (somente LHD)<\/div>\n<div>Para Mercedes Benz GLC X253 2016-2018 (somente LHD)<\/div>\n<div>E outros novos modelos com o mesmo formato de espelho.<\/div>\n<div>Nota: isso \u00e9 adequado apenas para o modelo de carro com volante \u00e0 esquerda.<br \/>\n<span style=\"font-size:16px\"><span><span style=\", Helvetica, Arial, sans-serif\">Nota: Use detergente para limpar a superf\u00edcie do alvo antes de col\u00e1-lo.<\/span><\/span><\/span><\/p>\n<p><span style=\"font-size:16px\"><span style=\", Helvetica, Arial, sans-serif\"><span>Pacote inclu\u00eddo:<\/span><\/span><\/span><br \/>\n<span style=\"font-size:16px\">1 par de capa de espelho retrovisor (esquerda e direita)<\/span><\/div>\n<div><img data-recalc-dims=\"1\" decoding=\"async\" src=\"https:\/\/i0.wp.com\/ae01.alicdn.com\/kf\/Sa5ca2d53c10b4a2f8ba0aa7571338100K.jpg?w=1200&#038;ssl=1\"> <img data-recalc-dims=\"1\" decoding=\"async\" src=\"https:\/\/i0.wp.com\/ae01.alicdn.com\/kf\/Sfe44ae4810914903a97e35b77dd473fe6.jpg?w=1200&#038;ssl=1\"> <img data-recalc-dims=\"1\" decoding=\"async\" src=\"https:\/\/i0.wp.com\/ae01.alicdn.com\/kf\/Sc6c669bf01774dfba8a84eb9bbc658b30.jpg?w=1200&#038;ssl=1\"> <img data-recalc-dims=\"1\" loading=\"lazy\" decoding=\"async\" height=\"800\" src=\"https:\/\/i0.wp.com\/ae01.alicdn.com\/kf\/Sef9caf75bb50488682ef723aef2f73d2g.jpg?resize=800%2C800&#038;ssl=1\" width=\"800\"> <img data-recalc-dims=\"1\" loading=\"lazy\" decoding=\"async\" height=\"801\" src=\"https:\/\/i0.wp.com\/ae01.alicdn.com\/kf\/Sd2639e8dba2a423aa3e875de52056dc0S.jpg?resize=801%2C801&#038;ssl=1\" width=\"801\"><\/div>\n<\/div>\n<\/div>\n<p>&nbsp;<\/p>\n<\/div>\n<\/div>\n<\/div>\n<\/div>\n","protected":false},"excerpt":{"rendered":"<p>Caracter\u00edstica: 100% novo e de alta qualidade. F\u00e1cil de ser instalado com firmeza, n\u00e3o \u00e9 f\u00e1cil de cair. A tampa protetora pode proteger eficazmente seu espelho retrovisor contra arranh\u00f5es, manchas e outros danos. Vem como um par, permite substituir as capas dos espelhos laterais esquerdo e direito. Substitui\u00e7\u00e3o direta das capas dos espelhos desgastadas ou&hellip;&nbsp;<\/p>\n","protected":false},"featured_media":29384,"template":"","meta":{"neve_meta_sidebar":"","neve_meta_container":"","neve_meta_enable_content_width":"","neve_meta_content_width":0,"neve_meta_title_alignment":"","neve_meta_author_avatar":"","neve_post_elements_order":"","neve_meta_disable_header":"","neve_meta_disable_footer":"","neve_meta_disable_title":""},"product_brand":[],"product_cat":[17,24,74],"product_tag":[],"class_list":{"0":"post-29390","1":"product","2":"type-product","3":"status-publish","4":"has-post-thumbnail","6":"product_cat-pecas-e-acessorios-automotivos","7":"product_cat-pecas-externas","8":"product_cat-retrovisores-e-capas","10":"first","11":"instock","12":"shipping-taxable","13":"purchasable","14":"product-type-variable","15":"has-default-attributes"},"jetpack_sharing_enabled":true,"_links":{"self":[{"href":"https:\/\/listman.shop\/autoparts-br\/wp-json\/wp\/v2\/product\/29390","targetHints":{"allow":["GET"]}}],"collection":[{"href":"https:\/\/listman.shop\/autoparts-br\/wp-json\/wp\/v2\/product"}],"about":[{"href":"https:\/\/listman.shop\/autoparts-br\/wp-json\/wp\/v2\/types\/product"}],"wp:featuredmedia":[{"embeddable":true,"href":"https:\/\/listman.shop\/autoparts-br\/wp-json\/wp\/v2\/media\/29384"}],"wp:attachment":[{"href":"https:\/\/listman.shop\/autoparts-br\/wp-json\/wp\/v2\/media?parent=29390"}],"wp:term":[{"taxonomy":"product_brand","embeddable":true,"href":"https:\/\/listman.shop\/autoparts-br\/wp-json\/wp\/v2\/product_brand?post=29390"},{"taxonomy":"product_cat","embeddable":true,"href":"https:\/\/listman.shop\/autoparts-br\/wp-json\/wp\/v2\/product_cat?post=29390"},{"taxonomy":"product_tag","embeddable":true,"href":"https:\/\/listman.shop\/autoparts-br\/wp-json\/wp\/v2\/product_tag?post=29390"}],"curies":[{"name":"wp","href":"https:\/\/api.w.org\/{rel}","templated":true}]}}