{"id":29453,"date":"2025-03-10T14:11:21","date_gmt":"2025-03-10T05:11:21","guid":{"rendered":"https:\/\/listman.shop\/autoparts-br\/product\/1005006082667848\/"},"modified":"2026-05-04T23:09:07","modified_gmt":"2026-05-04T14:09:07","slug":"1005006082667848","status":"publish","type":"product","link":"https:\/\/listman.shop\/autoparts-br\/product\/1005006082667848\/","title":{"rendered":"Traseiro Do Carro Tronco Porta Bloqueio Trava Atuador Motor, bagageira Boot, Acess\u00f3rios de inicializa\u00e7\u00e3o, Ford Ecosport 2013-2017"},"content":{"rendered":"<div class=\"detailmodule_html\">\n<div class=\"detail-desc-decorate-richtext\">\n<p id=\"tl_1\">Especifica&ccedil;&atilde;o<\/p>\n<p id=\"tl_2\">-Condi&ccedil;&atilde;o: 100% Brand New<\/p>\n<p id=\"tl_3\">&#8212; Modelo adequado: para Ford Ecosport 2013-2017<\/p>\n<p id=\"tl_4\">&#8212; Material: ABS<\/p>\n<p id=\"tl_5\">&#8212; Cor: Preto<\/p>\n<p id=\"tl_6\">&#8212; Pacote: 1 Pc\/set<\/p>\n<p id=\"tl_7\">&#8212; Caracter&iacute;sticas:<\/p>\n<p id=\"tl_8\">Alta qualidade material e acabamento requintado<\/p>\n<p id=\"tl_9\">Anti-corrosivo e resistente ao desgaste<\/p>\n<p id=\"tl_10\">Personalizado e elegante<\/p>\n<p id=\"tl_11\">F&aacute;cil de instalar e dur&aacute;vel em uso <img data-recalc-dims=\"1\" decoding=\"async\" src=\"https:\/\/i0.wp.com\/ae03.alicdn.com\/kf\/Sa6e9b5da08ae4f01b40c9c35971e9e78I.jpg?w=1200&#038;ssl=1\" \/> <img data-recalc-dims=\"1\" decoding=\"async\" src=\"https:\/\/i0.wp.com\/ae03.alicdn.com\/kf\/S3814e12878ae46b0aee6b376850d3330S.jpg?w=1200&#038;ssl=1\" \/> <img data-recalc-dims=\"1\" decoding=\"async\" src=\"https:\/\/i0.wp.com\/ae03.alicdn.com\/kf\/S1b161bdf11f3438aa25a718535f9c2c69.jpg?w=1200&#038;ssl=1\" \/> <img data-recalc-dims=\"1\" decoding=\"async\" src=\"https:\/\/i0.wp.com\/ae03.alicdn.com\/kf\/Sa353a0cc4fc0454282bc528be16ff87aR.jpg?w=1200&#038;ssl=1\" \/><\/p>\n<p><\/div>\n<\/div>\n","protected":false},"excerpt":{"rendered":"<p>Especifica&ccedil;&atilde;o -Condi&ccedil;&atilde;o: 100% Brand New &#8212; Modelo adequado: para Ford Ecosport 2013-2017 &#8212; Material: ABS &#8212; Cor: Preto &#8212; Pacote: 1 Pc\/set &#8212; Caracter&iacute;sticas: Alta qualidade material e acabamento requintado Anti-corrosivo e resistente ao desgaste Personalizado e elegante F&aacute;cil de instalar e dur&aacute;vel em uso<\/p>\n","protected":false},"featured_media":29448,"template":"","meta":{"neve_meta_sidebar":"","neve_meta_container":"","neve_meta_enable_content_width":"","neve_meta_content_width":0,"neve_meta_title_alignment":"","neve_meta_author_avatar":"","neve_post_elements_order":"","neve_meta_disable_header":"","neve_meta_disable_footer":"","neve_meta_disable_title":""},"product_brand":[],"product_cat":[17,24,60],"product_tag":[],"class_list":{"0":"post-29453","1":"product","2":"type-product","3":"status-publish","4":"has-post-thumbnail","6":"product_cat-pecas-e-acessorios-automotivos","7":"product_cat-pecas-externas","8":"product_cat-trancas-e-ferragens","10":"first","11":"instock","12":"shipping-taxable","13":"purchasable","14":"product-type-variable"},"jetpack_sharing_enabled":true,"_links":{"self":[{"href":"https:\/\/listman.shop\/autoparts-br\/wp-json\/wp\/v2\/product\/29453","targetHints":{"allow":["GET"]}}],"collection":[{"href":"https:\/\/listman.shop\/autoparts-br\/wp-json\/wp\/v2\/product"}],"about":[{"href":"https:\/\/listman.shop\/autoparts-br\/wp-json\/wp\/v2\/types\/product"}],"wp:featuredmedia":[{"embeddable":true,"href":"https:\/\/listman.shop\/autoparts-br\/wp-json\/wp\/v2\/media\/29448"}],"wp:attachment":[{"href":"https:\/\/listman.shop\/autoparts-br\/wp-json\/wp\/v2\/media?parent=29453"}],"wp:term":[{"taxonomy":"product_brand","embeddable":true,"href":"https:\/\/listman.shop\/autoparts-br\/wp-json\/wp\/v2\/product_brand?post=29453"},{"taxonomy":"product_cat","embeddable":true,"href":"https:\/\/listman.shop\/autoparts-br\/wp-json\/wp\/v2\/product_cat?post=29453"},{"taxonomy":"product_tag","embeddable":true,"href":"https:\/\/listman.shop\/autoparts-br\/wp-json\/wp\/v2\/product_tag?post=29453"}],"curies":[{"name":"wp","href":"https:\/\/api.w.org\/{rel}","templated":true}]}}