{"id":29469,"date":"2025-03-10T14:11:51","date_gmt":"2025-03-10T05:11:51","guid":{"rendered":"https:\/\/listman.shop\/autoparts-br\/product\/1005006084206609\/"},"modified":"2026-05-04T22:24:08","modified_gmt":"2026-05-04T13:24:08","slug":"1005006084206609","status":"publish","type":"product","link":"https:\/\/listman.shop\/autoparts-br\/product\/1005006084206609\/","title":{"rendered":"Forma de chifre abs estilo fibra carbono vista traseira espelho lateral capa tampas retrovisor para honda civic 10th 2016 2017 2018 2019 2020"},"content":{"rendered":"<div class=\"detailmodule_html\">\n<div class=\"detail-desc-decorate-richtext\">\n<p style=\"font-family:tahoma, arial, helvetica, sans-serif;font-size:12px;font-weight:400;letter-spacing:normal;line-height:inherit;text-align:start;white-space:normal;border:0px;margin:0px;margin-bottom:0px;margin-top:0px;margin-left:0px;margin-right:0px;padding:0px;padding-bottom:0px;padding-top:0px;padding-left:0px;padding-right:0px\" class=\"eb_subtitle\" align=\"start\"><span style=\"font-size:16px\">Especifica\u00e7\u00e3o:<\/span><\/p>\n<ul style=\"font-family:tahoma, arial, helvetica, sans-serif;font-size:12px;font-weight:400;letter-spacing:normal;text-align:start;white-space:normal;border:0px;margin:1em 0px;margin-bottom:1em;margin-top:1em;margin-left:0px;margin-right:0px;padding:0px;padding-bottom:0px;padding-top:0px;padding-left:0px;padding-right:0px\" class=\"eb_list\">\n<li style=\"border:0px;margin:0px;margin-bottom:0px;margin-top:0px;margin-left:0px;margin-right:0px;padding:0px;padding-bottom:0px;padding-top:0px;padding-left:0px;padding-right:0px\">\n<p style=\"line-height:inherit;border:0px;margin:0px;margin-bottom:0px;margin-top:0px;margin-left:0px;margin-right:0px;padding:0px;padding-bottom:0px;padding-top:0px;padding-left:0px;padding-right:0px\"><span style=\"font-size:16px\">Material: ABS<\/span><\/p>\n<\/li>\n<li style=\"border:0px;margin:0px;margin-bottom:0px;margin-top:0px;margin-left:0px;margin-right:0px;padding:0px;padding-bottom:0px;padding-top:0px;padding-left:0px;padding-right:0px\">\n<p style=\"line-height:inherit;border:0px;margin:0px;margin-bottom:0px;margin-top:0px;margin-left:0px;margin-right:0px;padding:0px;padding-bottom:0px;padding-top:0px;padding-left:0px;padding-right:0px\"><span style=\"font-size:16px\">Cor: preto, padr\u00e3o de fibra de carbono<\/span><\/p>\n<\/li>\n<li style=\"border:0px;margin:0px;margin-bottom:0px;margin-top:0px;margin-left:0px;margin-right:0px;padding:0px;padding-bottom:0px;padding-top:0px;padding-left:0px;padding-right:0px\">\n<p style=\"line-height:inherit;border:0px;margin:0px;margin-bottom:0px;margin-top:0px;margin-left:0px;margin-right:0px;padding:0px;padding-bottom:0px;padding-top:0px;padding-left:0px;padding-right:0px\"><span style=\"font-size:16px\">Montagem: adequado para honda civic 10th 2016 2017 2018 2019<\/span><img data-recalc-dims=\"1\" decoding=\"async\" src=\"https:\/\/i0.wp.com\/ae01.alicdn.com\/kf\/S22e5bcf61ce649448bfffdda2a93670bL.jpg?w=1200&#038;ssl=1\"><img data-recalc-dims=\"1\" decoding=\"async\" src=\"https:\/\/i0.wp.com\/ae01.alicdn.com\/kf\/S195e84bc6281418b8a21f1eeb792be0cd.jpg?w=1200&#038;ssl=1\"><img data-recalc-dims=\"1\" decoding=\"async\" src=\"https:\/\/i0.wp.com\/ae01.alicdn.com\/kf\/S1b398856bc8d4ee7a127097bc1096c6eN.jpg?w=1200&#038;ssl=1\"><\/p>\n<\/li>\n<\/ul>\n<p><\/p>\n<\/div>\n<\/div>\n","protected":false},"excerpt":{"rendered":"<p>Especifica\u00e7\u00e3o: Material: ABS Cor: preto, padr\u00e3o de fibra de carbono Montagem: adequado para honda civic 10th 2016 2017 2018 2019<\/p>\n","protected":false},"featured_media":29463,"template":"","meta":{"neve_meta_sidebar":"","neve_meta_container":"","neve_meta_enable_content_width":"","neve_meta_content_width":0,"neve_meta_title_alignment":"","neve_meta_author_avatar":"","neve_post_elements_order":"","neve_meta_disable_header":"","neve_meta_disable_footer":"","neve_meta_disable_title":""},"product_brand":[],"product_cat":[17,24,74],"product_tag":[],"class_list":{"0":"post-29469","1":"product","2":"type-product","3":"status-publish","4":"has-post-thumbnail","6":"product_cat-pecas-e-acessorios-automotivos","7":"product_cat-pecas-externas","8":"product_cat-retrovisores-e-capas","10":"first","11":"instock","12":"shipping-taxable","13":"purchasable","14":"product-type-variable","15":"has-default-attributes"},"jetpack_sharing_enabled":true,"_links":{"self":[{"href":"https:\/\/listman.shop\/autoparts-br\/wp-json\/wp\/v2\/product\/29469","targetHints":{"allow":["GET"]}}],"collection":[{"href":"https:\/\/listman.shop\/autoparts-br\/wp-json\/wp\/v2\/product"}],"about":[{"href":"https:\/\/listman.shop\/autoparts-br\/wp-json\/wp\/v2\/types\/product"}],"wp:featuredmedia":[{"embeddable":true,"href":"https:\/\/listman.shop\/autoparts-br\/wp-json\/wp\/v2\/media\/29463"}],"wp:attachment":[{"href":"https:\/\/listman.shop\/autoparts-br\/wp-json\/wp\/v2\/media?parent=29469"}],"wp:term":[{"taxonomy":"product_brand","embeddable":true,"href":"https:\/\/listman.shop\/autoparts-br\/wp-json\/wp\/v2\/product_brand?post=29469"},{"taxonomy":"product_cat","embeddable":true,"href":"https:\/\/listman.shop\/autoparts-br\/wp-json\/wp\/v2\/product_cat?post=29469"},{"taxonomy":"product_tag","embeddable":true,"href":"https:\/\/listman.shop\/autoparts-br\/wp-json\/wp\/v2\/product_tag?post=29469"}],"curies":[{"name":"wp","href":"https:\/\/api.w.org\/{rel}","templated":true}]}}