{"id":29480,"date":"2025-03-10T14:12:15","date_gmt":"2025-03-10T05:12:15","guid":{"rendered":"https:\/\/listman.shop\/autoparts-br\/product\/1005006094468356\/"},"modified":"2026-05-04T23:22:07","modified_gmt":"2026-05-04T14:22:07","slug":"1005006094468356","status":"publish","type":"product","link":"https:\/\/listman.shop\/autoparts-br\/product\/1005006094468356\/","title":{"rendered":"Artudatech tampa de espelho lateral de carbono preto para BMW E46 E65 E66 745i 750i 51167074236 51167074235"},"content":{"rendered":"<div class=\"detailmodule_html\">\n<div class=\"detail-desc-decorate-richtext\">\n<p>1 par de tampa de espelho compat\u00edvel com BMW E46 E65 E66 745i 750i51167074236+51167074235<\/p>\n<\/p>\n<p>Caracter\u00edstica:<\/p>\n<p>1: Este item \u00e9 feito de ABS de qualidade, leve, antiferrugem, resistente \u00e0 cor e dur\u00e1vel.<\/p>\n<p>2: Cada produto \u00e9 protegido com um revestimento UV para evitar o amarelecimento e manter seu acabamento de alto brilho que brilha como uma joia (dica: aplique um pouco de cera idealmente).<\/p>\n<p>3: Uma apar\u00eancia mais agressiva e um produto leve de fibra de carbono.Vamos classificar seu espelho e seu carro se destacar da multid\u00e3o<\/p>\n<p>4: O processamento fino da superf\u00edcie cria uma apar\u00eancia brilhante, adicionando luxo e eleg\u00e2ncia a ele.<\/p>\n<p>5: F\u00e1cil de instalar.<\/p>\n<\/p>\n<p>Espec\u00edficos:<\/p>\n<p>Condi\u00e7\u00e3o: 100% novo<\/p>\n<p>Material: Pl\u00e1stico ABS<\/p>\n<p>Cor: Fibra de Carbono<\/p>\n<p>N\u00famero da pe\u00e7a do fabricante:51167074236,51167074235<\/p>\n<p>N\u00famero da pe\u00e7a de interc\u00e2mbio:51167074236,51167074235<\/p>\n<p>Outro n\u00famero da pe\u00e7a:51167074236,51167074235<\/p>\n<p>Tipo: capa de espelho<\/p>\n<p>Coloca\u00e7\u00e3o no ve\u00edculo: esquerda, direita, frente<\/p>\n<p>Tipo de montagem: substitui\u00e7\u00e3o direta<\/p>\n<p>Tamanho: conforme mostrado na imagem<\/p>\n<p>(Por favor, permita um desvio de medi\u00e7\u00e3o de 1-3mm devido \u00e0 medi\u00e7\u00e3o manual.)<\/p>\n<\/p>\n<p>Montagem:<\/p>\n<p>Adequado para BMW s\u00e9rie 7 E65 2001-2008<\/p>\n<p>Adequado para BMW s\u00e9rie 7 E66 2001-2008<\/p>\n<p>Adequado para BMW s\u00e9rie 7 E67 2002-2008<\/p>\n<p>Adequado para BMW S\u00e9rie 3 E46 Coupe 1999-2006<\/p>\n<p>Adequado para BMW S\u00e9rie 3 E46 Cabrio 2000-2006<\/p>\n<p>(A compatibilidade \u00e9 apenas para refer\u00eancia.Compare o n\u00famero da pe\u00e7a com o original antes de comprar!)<\/p>\n<\/p>\n<p>O pacote inclui:<\/p>\n<p>Como voc\u00ea escolhe!(manual de instru\u00e7\u00f5es n\u00e3o inclu\u00eddo)<\/p>\n<\/p>\n<p>Nota:<\/p>\n<p>Verifique a descri\u00e7\u00e3o ou use o localizador de verifica\u00e7\u00e3o de ano\/marca\/modelo e substitua os n\u00fameros das pe\u00e7as para confirmar a compatibilidade antes de comprar.<\/p>\n<p><img data-recalc-dims=\"1\" decoding=\"async\" src=\"https:\/\/i0.wp.com\/ae01.alicdn.com\/kf\/S5cb094df01f04a08bdce3709e7e68d53G.jpg?w=1200&#038;ssl=1\"><img data-recalc-dims=\"1\" decoding=\"async\" src=\"https:\/\/i0.wp.com\/ae01.alicdn.com\/kf\/S98d8075a13c7442c8df0990c876255e9C.jpg?w=1200&#038;ssl=1\"><img data-recalc-dims=\"1\" decoding=\"async\" src=\"https:\/\/i0.wp.com\/ae01.alicdn.com\/kf\/S25ce148f27454f0b8ac84ff6b9205f09K.jpg?w=1200&#038;ssl=1\"><img data-recalc-dims=\"1\" decoding=\"async\" src=\"https:\/\/i0.wp.com\/ae01.alicdn.com\/kf\/S6eaff61445034d32849d7da106f218f26.jpg?w=1200&#038;ssl=1\"><img data-recalc-dims=\"1\" decoding=\"async\" src=\"https:\/\/i0.wp.com\/ae01.alicdn.com\/kf\/S1f02ede2678b43e09fb4b70a12505ec2F.jpg?w=1200&#038;ssl=1\"><img data-recalc-dims=\"1\" decoding=\"async\" src=\"https:\/\/i0.wp.com\/ae01.alicdn.com\/kf\/Se0ea13b4d65b4fa98768e76442e8f660Z.jpg?w=1200&#038;ssl=1\"><\/p>\n<\/div>\n<\/div>\n","protected":false},"excerpt":{"rendered":"<p>1 par de tampa de espelho compat\u00edvel com BMW E46 E65 E66 745i 750i51167074236+51167074235 Caracter\u00edstica: 1: Este item \u00e9 feito de ABS de qualidade, leve, antiferrugem, resistente \u00e0 cor e dur\u00e1vel. 2: Cada produto \u00e9 protegido com um revestimento UV para evitar o amarelecimento e manter seu acabamento de alto brilho que brilha como uma&hellip;&nbsp;<\/p>\n","protected":false},"featured_media":29474,"template":"","meta":{"neve_meta_sidebar":"","neve_meta_container":"","neve_meta_enable_content_width":"","neve_meta_content_width":0,"neve_meta_title_alignment":"","neve_meta_author_avatar":"","neve_post_elements_order":"","neve_meta_disable_header":"","neve_meta_disable_footer":"","neve_meta_disable_title":""},"product_brand":[],"product_cat":[17,24,74],"product_tag":[],"class_list":{"0":"post-29480","1":"product","2":"type-product","3":"status-publish","4":"has-post-thumbnail","6":"product_cat-pecas-e-acessorios-automotivos","7":"product_cat-pecas-externas","8":"product_cat-retrovisores-e-capas","10":"first","11":"instock","12":"shipping-taxable","13":"purchasable","14":"product-type-variable","15":"has-default-attributes"},"jetpack_sharing_enabled":true,"_links":{"self":[{"href":"https:\/\/listman.shop\/autoparts-br\/wp-json\/wp\/v2\/product\/29480","targetHints":{"allow":["GET"]}}],"collection":[{"href":"https:\/\/listman.shop\/autoparts-br\/wp-json\/wp\/v2\/product"}],"about":[{"href":"https:\/\/listman.shop\/autoparts-br\/wp-json\/wp\/v2\/types\/product"}],"wp:featuredmedia":[{"embeddable":true,"href":"https:\/\/listman.shop\/autoparts-br\/wp-json\/wp\/v2\/media\/29474"}],"wp:attachment":[{"href":"https:\/\/listman.shop\/autoparts-br\/wp-json\/wp\/v2\/media?parent=29480"}],"wp:term":[{"taxonomy":"product_brand","embeddable":true,"href":"https:\/\/listman.shop\/autoparts-br\/wp-json\/wp\/v2\/product_brand?post=29480"},{"taxonomy":"product_cat","embeddable":true,"href":"https:\/\/listman.shop\/autoparts-br\/wp-json\/wp\/v2\/product_cat?post=29480"},{"taxonomy":"product_tag","embeddable":true,"href":"https:\/\/listman.shop\/autoparts-br\/wp-json\/wp\/v2\/product_tag?post=29480"}],"curies":[{"name":"wp","href":"https:\/\/api.w.org\/{rel}","templated":true}]}}