{"id":29521,"date":"2025-03-10T14:14:01","date_gmt":"2025-03-10T05:14:01","guid":{"rendered":"https:\/\/listman.shop\/autoparts-br\/product\/1005006136773158\/"},"modified":"2026-05-04T22:33:12","modified_gmt":"2026-05-04T13:33:12","slug":"1005006136773158","status":"publish","type":"product","link":"https:\/\/listman.shop\/autoparts-br\/product\/1005006136773158\/","title":{"rendered":"2 p\u00e7s grade dianteira inser\u00e7\u00f5es capa guarni\u00e7\u00e3o para dodge challenger 2015-2022 preto vermelho azul amarelo"},"content":{"rendered":"<div class=\"detailmodule_html\">\n<div class=\"detail-desc-decorate-richtext\">\n<div style=\", sans-serif;font-size:14px;font-weight:normal;letter-spacing:normal;line-height:26px;text-align:start;white-space:normal;margin:0px;margin-bottom:0px;margin-top:0px;margin-left:0px;margin-right:0px;padding:0px;padding-bottom:0px;padding-top:0px;padding-left:0px;padding-right:0px\" align=\"start\"><span style=\"font-size:28px\"><strong>Caracter\u00edsticas:<\/strong><\/span><\/div>\n<div style=\", sans-serif;font-size:14px;font-weight:normal;letter-spacing:normal;line-height:26px;text-align:start;white-space:normal;margin:0px;margin-bottom:0px;margin-top:0px;margin-left:0px;margin-right:0px;padding:0px;padding-bottom:0px;padding-top:0px;padding-left:0px;padding-right:0px\" align=\"start\"><span style=\"font-size:16px\">Feito de material de alta qualidade, \u00e9 dur\u00e1vel em uso.<br \/><\/span><\/div>\n<div style=\", sans-serif;font-size:14px;font-weight:normal;letter-spacing:normal;line-height:26px;text-align:start;white-space:normal;margin:0px;margin-bottom:0px;margin-top:0px;margin-left:0px;margin-right:0px;padding:0px;padding-bottom:0px;padding-top:0px;padding-left:0px;padding-right:0px\" align=\"start\"><span style=\"font-size:16px\">F\u00e1cil instala\u00e7\u00e3o com fita dupla-face.<br \/><\/span><\/div>\n<div style=\", sans-serif;font-size:14px;font-weight:normal;letter-spacing:normal;line-height:26px;text-align:start;white-space:normal;margin:0px;margin-bottom:0px;margin-top:0px;margin-left:0px;margin-right:0px;padding:0px;padding-bottom:0px;padding-top:0px;padding-left:0px;padding-right:0px\" align=\"start\"><span style=\"font-size:16px\">Fornece um estilo de decora\u00e7\u00e3o moderno para o seu carro, altera o design comum e adiciona cores exclusivas.Ele pode cobrir arranh\u00f5es existentes e evitar arranh\u00f5es e abras\u00e3o em seu carro.<\/span><\/div>\n<div style=\", sans-serif;font-size:14px;font-weight:normal;letter-spacing:normal;line-height:26px;text-align:start;white-space:normal;margin:0px;margin-bottom:0px;margin-top:0px;margin-left:0px;margin-right:0px;padding:0px;padding-bottom:0px;padding-top:0px;padding-left:0px;padding-right:0px\" align=\"start\"><span style=\"font-size:16px\">Especifica\u00e7\u00f5es:<\/span><\/div>\n<div style=\", sans-serif;font-size:14px;font-weight:normal;letter-spacing:normal;line-height:26px;text-align:start;white-space:normal;margin:0px;margin-bottom:0px;margin-top:0px;margin-left:0px;margin-right:0px;padding:0px;padding-bottom:0px;padding-top:0px;padding-left:0px;padding-right:0px\" align=\"start\"><\/div>\n<div style=\", sans-serif;font-size:14px;font-weight:normal;letter-spacing:normal;line-height:26px;text-align:start;white-space:normal;margin:0px;margin-bottom:0px;margin-top:0px;margin-left:0px;margin-right:0px;padding:0px;padding-bottom:0px;padding-top:0px;padding-left:0px;padding-right:0px\" align=\"start\">Nome do produto: tampa de acabamento de inser\u00e7\u00e3o de grade de grade de grade frontal<\/div>\n<div style=\", sans-serif;font-size:14px;font-weight:normal;letter-spacing:normal;line-height:26px;text-align:start;white-space:normal;margin:0px;margin-bottom:0px;margin-top:0px;margin-left:0px;margin-right:0px;padding:0px;padding-bottom:0px;padding-top:0px;padding-left:0px;padding-right:0px\" align=\"start\">Coloca\u00e7\u00e3o: na frente do ve\u00edculo<\/div>\n<div style=\", sans-serif;font-size:14px;font-weight:normal;letter-spacing:normal;line-height:26px;text-align:start;white-space:normal;margin:0px;margin-bottom:0px;margin-top:0px;margin-left:0px;margin-right:0px;padding:0px;padding-bottom:0px;padding-top:0px;padding-left:0px;padding-right:0px\" align=\"start\">Condi\u00e7\u00e3o: Novo<\/div>\n<div style=\", sans-serif;font-size:14px;font-weight:normal;letter-spacing:normal;line-height:26px;text-align:start;white-space:normal;margin:0px;margin-bottom:0px;margin-top:0px;margin-left:0px;margin-right:0px;padding:0px;padding-bottom:0px;padding-top:0px;padding-left:0px;padding-right:0px\" align=\"start\">Peso l\u00edquido: 345g<\/div>\n<div style=\", sans-serif;font-size:14px;font-weight:normal;letter-spacing:normal;line-height:26px;text-align:start;white-space:normal;margin:0px;margin-bottom:0px;margin-top:0px;margin-left:0px;margin-right:0px;padding:0px;padding-bottom:0px;padding-top:0px;padding-left:0px;padding-right:0px\" align=\"start\">Material: Pl\u00e1stico ABS<\/div>\n<div style=\", sans-serif;font-size:14px;font-weight:normal;letter-spacing:normal;line-height:26px;text-align:start;white-space:normal;margin:0px;margin-bottom:0px;margin-top:0px;margin-left:0px;margin-right:0px;padding:0px;padding-bottom:0px;padding-top:0px;padding-left:0px;padding-right:0px\" align=\"start\">Cor: Preto Vermelho Azul Amarelo<\/div>\n<div style=\", sans-serif;font-size:14px;font-weight:normal;letter-spacing:normal;line-height:26px;text-align:start;white-space:normal;margin:0px;margin-bottom:0px;margin-top:0px;margin-left:0px;margin-right:0px;padding:0px;padding-bottom:0px;padding-top:0px;padding-left:0px;padding-right:0px\" align=\"start\">Montagem: para Dodge Challenger 2015 2016 2017 2018 2019 2020 2021 2022<\/div>\n<div style=\", sans-serif;font-size:14px;font-weight:normal;letter-spacing:normal;line-height:26px;text-align:start;white-space:normal;margin:0px;margin-bottom:0px;margin-top:0px;margin-left:0px;margin-right:0px;padding:0px;padding-bottom:0px;padding-top:0px;padding-left:0px;padding-right:0px\" align=\"start\"><span style=\"font-size:28px\"><strong>M\u00e9todo de instala\u00e7\u00e3o:<\/strong><\/span><\/div>\n<div style=\", sans-serif;font-size:14px;font-weight:normal;letter-spacing:normal;line-height:26px;text-align:start;white-space:normal;margin:0px;margin-bottom:0px;margin-top:0px;margin-left:0px;margin-right:0px;padding:0px;padding-bottom:0px;padding-top:0px;padding-left:0px;padding-right:0px\" align=\"start\">1: Limpe a superf\u00edcie, mantenha seca e limpa.<\/div>\n<div style=\", sans-serif;font-size:14px;font-weight:normal;letter-spacing:normal;line-height:26px;text-align:start;white-space:normal;margin:0px;margin-bottom:0px;margin-top:0px;margin-left:0px;margin-right:0px;padding:0px;padding-bottom:0px;padding-top:0px;padding-left:0px;padding-right:0px\" align=\"start\">2: Cole e instale.(H\u00e1 fita adesiva na parte traseira da guarni\u00e7\u00e3o)<\/div>\n<div style=\", sans-serif;font-size:14px;font-weight:normal;letter-spacing:normal;line-height:26px;text-align:start;white-space:normal;margin:0px;margin-bottom:0px;margin-top:0px;margin-left:0px;margin-right:0px;padding:0px;padding-bottom:0px;padding-top:0px;padding-left:0px;padding-right:0px\" align=\"start\">3: Pressione com for\u00e7a, especialmente nas bordas, pelo menos 1 minuto ap\u00f3s a instala\u00e7\u00e3o.<\/div>\n<div style=\", sans-serif;font-size:14px;font-weight:normal;letter-spacing:normal;line-height:26px;text-align:start;white-space:normal;margin:0px;margin-bottom:0px;margin-top:0px;margin-left:0px;margin-right:0px;padding:0px;padding-bottom:0px;padding-top:0px;padding-left:0px;padding-right:0px\" align=\"start\">4: Usando secador de cabelo (sopro de ar quente) em climas frios.<\/div>\n<div style=\", sans-serif;font-size:14px;font-weight:normal;letter-spacing:normal;line-height:26px;text-align:start;white-space:normal;margin:0px;margin-bottom:0px;margin-top:0px;margin-left:0px;margin-right:0px;padding:0px;padding-bottom:0px;padding-top:0px;padding-left:0px;padding-right:0px\" align=\"start\">5: Mantenha longe da \u00e1gua e mantenha-o seco ap\u00f3s a instala\u00e7\u00e3o dentro de 72 horas\/3 dias.<\/div>\n<div style=\", sans-serif;font-size:14px;font-weight:normal;letter-spacing:normal;line-height:26px;text-align:start;white-space:normal;margin:0px;margin-bottom:0px;margin-top:0px;margin-left:0px;margin-right:0px;padding:0px;padding-bottom:0px;padding-top:0px;padding-left:0px;padding-right:0px\" align=\"start\"><span style=\"font-size:28px\"><strong>Pacote inclu\u00eddo:<\/strong><\/span><\/div>\n<div style=\", sans-serif;font-size:14px;font-weight:normal;letter-spacing:normal;line-height:26px;text-align:start;white-space:normal;margin:0px;margin-bottom:0px;margin-top:0px;margin-left:0px;margin-right:0px;padding:0px;padding-bottom:0px;padding-top:0px;padding-left:0px;padding-right:0px\" align=\"start\">1 conjunto x tampa de acabamento de inser\u00e7\u00e3o de grade de grade de grade frontal<\/div>\n<p><img data-recalc-dims=\"1\" decoding=\"async\" src=\"https:\/\/i0.wp.com\/ae01.alicdn.com\/kf\/S61b8d113695944b59c19ce2f0f478da75.jpg?w=1200&#038;ssl=1\"><img data-recalc-dims=\"1\" decoding=\"async\" src=\"https:\/\/i0.wp.com\/ae01.alicdn.com\/kf\/S5c55419368154f3b887e19686f402103g.jpg?w=1200&#038;ssl=1\"><img data-recalc-dims=\"1\" decoding=\"async\" src=\"https:\/\/i0.wp.com\/ae01.alicdn.com\/kf\/S8e94da6004f943c5a38df0a3864dd380B.jpg?w=1200&#038;ssl=1\"><img data-recalc-dims=\"1\" decoding=\"async\" src=\"https:\/\/i0.wp.com\/ae01.alicdn.com\/kf\/S910a962030e143e38343c214c1d520c1T.jpg?w=1200&#038;ssl=1\"><img data-recalc-dims=\"1\" decoding=\"async\" src=\"https:\/\/i0.wp.com\/ae01.alicdn.com\/kf\/S0f2d85200ba74fefa7a6a3411d1b1826T.jpg?w=1200&#038;ssl=1\"><img data-recalc-dims=\"1\" decoding=\"async\" src=\"https:\/\/i0.wp.com\/ae01.alicdn.com\/kf\/S1bc44d01169247478a67e4499e2f48ffl.jpg?w=1200&#038;ssl=1\"><\/p>\n<\/div>\n<\/div>\n","protected":false},"excerpt":{"rendered":"<p>Caracter\u00edsticas: Feito de material de alta qualidade, \u00e9 dur\u00e1vel em uso. F\u00e1cil instala\u00e7\u00e3o com fita dupla-face. Fornece um estilo de decora\u00e7\u00e3o moderno para o seu carro, altera o design comum e adiciona cores exclusivas.Ele pode cobrir arranh\u00f5es existentes e evitar arranh\u00f5es e abras\u00e3o em seu carro. Especifica\u00e7\u00f5es: Nome do produto: tampa de acabamento de inser\u00e7\u00e3o&hellip;&nbsp;<\/p>\n","protected":false},"featured_media":29515,"template":"","meta":{"neve_meta_sidebar":"","neve_meta_container":"","neve_meta_enable_content_width":"","neve_meta_content_width":0,"neve_meta_title_alignment":"","neve_meta_author_avatar":"","neve_post_elements_order":"","neve_meta_disable_header":"","neve_meta_disable_footer":"","neve_meta_disable_title":""},"product_brand":[],"product_cat":[98,17,24],"product_tag":[],"class_list":{"0":"post-29521","1":"product","2":"type-product","3":"status-publish","4":"has-post-thumbnail","6":"product_cat-grades-frontais-para-corrida","7":"product_cat-pecas-e-acessorios-automotivos","8":"product_cat-pecas-externas","10":"first","11":"instock","12":"shipping-taxable","13":"purchasable","14":"product-type-variable","15":"has-default-attributes"},"jetpack_sharing_enabled":true,"_links":{"self":[{"href":"https:\/\/listman.shop\/autoparts-br\/wp-json\/wp\/v2\/product\/29521","targetHints":{"allow":["GET"]}}],"collection":[{"href":"https:\/\/listman.shop\/autoparts-br\/wp-json\/wp\/v2\/product"}],"about":[{"href":"https:\/\/listman.shop\/autoparts-br\/wp-json\/wp\/v2\/types\/product"}],"wp:featuredmedia":[{"embeddable":true,"href":"https:\/\/listman.shop\/autoparts-br\/wp-json\/wp\/v2\/media\/29515"}],"wp:attachment":[{"href":"https:\/\/listman.shop\/autoparts-br\/wp-json\/wp\/v2\/media?parent=29521"}],"wp:term":[{"taxonomy":"product_brand","embeddable":true,"href":"https:\/\/listman.shop\/autoparts-br\/wp-json\/wp\/v2\/product_brand?post=29521"},{"taxonomy":"product_cat","embeddable":true,"href":"https:\/\/listman.shop\/autoparts-br\/wp-json\/wp\/v2\/product_cat?post=29521"},{"taxonomy":"product_tag","embeddable":true,"href":"https:\/\/listman.shop\/autoparts-br\/wp-json\/wp\/v2\/product_tag?post=29521"}],"curies":[{"name":"wp","href":"https:\/\/api.w.org\/{rel}","templated":true}]}}