{"id":29639,"date":"2025-03-10T14:18:02","date_gmt":"2025-03-10T05:18:02","guid":{"rendered":"https:\/\/listman.shop\/autoparts-br\/product\/1005006191278428\/"},"modified":"2026-05-04T22:15:08","modified_gmt":"2026-05-04T13:15:08","slug":"1005006191278428","status":"publish","type":"product","link":"https:\/\/listman.shop\/autoparts-br\/product\/1005006191278428\/","title":{"rendered":"Tampas de espelho lateral exterior com padr\u00e3o de carbono preto brilhante para vw volkswagen polo aw bz 2017-2023 substitui\u00e7\u00e3o"},"content":{"rendered":"<div class=\"detailmodule_html\">\n<div class=\"detail-desc-decorate-richtext\">\n<p style=\"text-align:left;margin:0px;margin-bottom:0px;margin-top:0px;margin-left:0px;margin-right:0px\" align=\"left\"><img data-recalc-dims=\"1\" decoding=\"async\" src=\"https:\/\/i0.wp.com\/ae01.alicdn.com\/kf\/Sfaeb30054f5047b9bb160dce9fa29ea1x.jpg?w=1200&#038;ssl=1\" \/><\/p>\n<div>\n <span style=\"font-size:22px\"><span style=\", Helvetica, sans-serif\"><span><span style=\"font-size:16px;font-family:georgia, serif\"><strong>Caro comprador:<\/strong><\/span><\/span><\/span><\/span><br \/>\n <br \/>\n <span style=\"font-size:22px\"><span style=\", Helvetica, sans-serif\"><span><span>-Garantimos que todos os produtos da nossa loja sejam de alta qualidade.<\/span><\/span><\/span><\/span><br \/>\n <br \/>\n <span style=\"font-size:22px\"><span style=\", Helvetica, sans-serif\"><span><span>-E fornecer um servi&ccedil;o p&oacute;s-venda perfeito.<\/span><\/span><\/span><\/span><br \/>\n <br \/>\n <span style=\"font-size:22px\"><span style=\", Helvetica, sans-serif\"><span><span>-Tenha certeza de comprar!<\/span><\/span><\/span><\/span><br \/>\n <br \/>\n <span style=\"font-size:22px\"><span style=\", Helvetica, sans-serif\"><span><span><span>Capas de espelho de alta qualidade<br \/>Ajuste perfeito<br \/>Nome da marca: Stplrgecp<br \/>Pe&ccedil;as de reposi&ccedil;&atilde;o reais!!!<br \/>1 Esquerda + 1 Direita+1 ferramenta<br \/>D&ecirc; um upgrade ao seu carro<br \/>Essas tampas s&atilde;o pe&ccedil;as de reposi&ccedil;&atilde;o reais, SEM tampas de bast&atilde;o baratas!!!<br \/>As pe&ccedil;as s&atilde;o feitas de pl&aacute;stico ABS de alta qualidade e receberam seu incr&iacute;vel acabamento atrav&eacute;s de um processo industrial.<br \/>Tampas de espelho novas e completas para:<br \/>Para Volkswagen Polo AW BZ 2017-2023<\/span><\/span><\/span><\/span><\/span><br \/>\n <br \/>\n <img data-recalc-dims=\"1\" decoding=\"async\" style=\"border:0px;margin:0px;margin-bottom:0px;margin-top:0px;margin-left:0px;margin-right:0px;padding:0px;padding-bottom:0px;padding-top:0px;padding-left:0px;padding-right:0px;max-width:100%\" src=\"https:\/\/i0.wp.com\/ae01.alicdn.com\/kf\/S80125efccfcf48d69d280f2e5b2a82c4R.jpg?w=1200&#038;ssl=1\" \/>\n<\/div>\n<p style=\"text-align:left;margin:0px;margin-bottom:0px;margin-top:0px;margin-left:0px;margin-right:0px\" align=\"left\"><img data-recalc-dims=\"1\" decoding=\"async\" src=\"https:\/\/i0.wp.com\/ae01.alicdn.com\/kf\/S97259059ec28403f98b0c5d0714d3e059.jpg?w=1200&#038;ssl=1\" \/><\/p>\n<div>\n <span style=\", Times, serif\"><span style=\"font-size:26px\"><span><span>Obrigado por visitar nossa loja, confirme se o espelho retrovisor do seu carro &eacute; igual &agrave; imagem antes de comprar.Se for diferente, entre em contato com nosso atendimento ao cliente.Obrigado.<br \/><\/span><\/span><\/span><\/span><br \/>\n <img data-recalc-dims=\"1\" decoding=\"async\" src=\"https:\/\/i0.wp.com\/ae01.alicdn.com\/kf\/Sef4e2a43269e40d3a547e7afc60dcb3dp.jpg?w=1200&#038;ssl=1\" \/><br \/>\n <img data-recalc-dims=\"1\" decoding=\"async\" src=\"https:\/\/i0.wp.com\/ae01.alicdn.com\/kf\/S481e7eec42f74f76b671498d1724b9ff4.jpg?w=1200&#038;ssl=1\" \/><br \/>\n <img data-recalc-dims=\"1\" decoding=\"async\" src=\"https:\/\/i0.wp.com\/ae01.alicdn.com\/kf\/Sbb50f422b9c24c4ba7271b2b683ba741U.jpg?w=1200&#038;ssl=1\" \/><br \/>\n <img data-recalc-dims=\"1\" decoding=\"async\" src=\"https:\/\/i0.wp.com\/ae01.alicdn.com\/kf\/S0f0d4243e05743e592f3a756d0d29c6cM.jpg?w=1200&#038;ssl=1\" \/><br \/>\n <img data-recalc-dims=\"1\" decoding=\"async\" src=\"https:\/\/i0.wp.com\/ae01.alicdn.com\/kf\/S1d337b84e6034540bdd994ae38812f4a7.jpg?w=1200&#038;ssl=1\" \/><br \/>\n <br \/>\n <img data-recalc-dims=\"1\" decoding=\"async\" src=\"https:\/\/i0.wp.com\/ae01.alicdn.com\/kf\/S200a4ffe01cc4c21acc8fad3d86d782ae.jpg?w=1200&#038;ssl=1\" \/>\n<\/div>\n<p style=\"margin:0px;margin-bottom:0px;margin-top:0px;margin-left:0px;margin-right:0px;display:block;width:100%\"><img data-recalc-dims=\"1\" decoding=\"async\" src=\"https:\/\/i0.wp.com\/ae01.alicdn.com\/kf\/S0b0d5f2d265b4d238eeb61cb57e663bf6.jpg?w=1200&#038;ssl=1\" \/><img data-recalc-dims=\"1\" decoding=\"async\" src=\"https:\/\/i0.wp.com\/ae01.alicdn.com\/kf\/S3c7aa96af65842638e9cb43d7b2795b7O.jpg?w=1200&#038;ssl=1\" \/><img data-recalc-dims=\"1\" decoding=\"async\" src=\"https:\/\/i0.wp.com\/ae01.alicdn.com\/kf\/S261aaba1bdab4a75b641566a78c4c867Q.jpg?w=1200&#038;ssl=1\" \/><img data-recalc-dims=\"1\" decoding=\"async\" src=\"https:\/\/i0.wp.com\/ae01.alicdn.com\/kf\/Sf9004803dc794007b3c4d242563b677eH.jpg?w=1200&#038;ssl=1\" \/><img data-recalc-dims=\"1\" decoding=\"async\" src=\"https:\/\/i0.wp.com\/ae01.alicdn.com\/kf\/S4398205aa602468889d3a0097eb18f22n.jpg?w=1200&#038;ssl=1\" \/><img data-recalc-dims=\"1\" decoding=\"async\" src=\"https:\/\/i0.wp.com\/ae01.alicdn.com\/kf\/S8937d2ae5fed4321a4a59db9327e44bbh.jpg?w=1200&#038;ssl=1\" \/><img data-recalc-dims=\"1\" decoding=\"async\" src=\"https:\/\/i0.wp.com\/ae01.alicdn.com\/kf\/S6026bb5ab29f49cbbf6917ab73ab20594.jpg?w=1200&#038;ssl=1\" \/><img data-recalc-dims=\"1\" decoding=\"async\" src=\"https:\/\/i0.wp.com\/ae01.alicdn.com\/kf\/Sbafb33f2073d4aa8821f32485eaa36car.jpg?w=1200&#038;ssl=1\" \/><img data-recalc-dims=\"1\" decoding=\"async\" src=\"https:\/\/i0.wp.com\/ae01.alicdn.com\/kf\/S31e23f526358426997f97f6fda160a68s.jpg?w=1200&#038;ssl=1\" \/><img data-recalc-dims=\"1\" decoding=\"async\" src=\"https:\/\/i0.wp.com\/ae01.alicdn.com\/kf\/Sc3bd90cb9728474c9914c0867f7f755ck.jpg?w=1200&#038;ssl=1\" \/><img data-recalc-dims=\"1\" decoding=\"async\" src=\"https:\/\/i0.wp.com\/ae01.alicdn.com\/kf\/Sba26d44be37442d0b79b4d038f47290eX.jpg?w=1200&#038;ssl=1\" \/><img data-recalc-dims=\"1\" decoding=\"async\" src=\"https:\/\/i0.wp.com\/ae01.alicdn.com\/kf\/S9918f1ddafb741b7987b12266d3176fe0.jpg?w=1200&#038;ssl=1\" \/><img data-recalc-dims=\"1\" decoding=\"async\" src=\"https:\/\/i0.wp.com\/ae01.alicdn.com\/kf\/Sd71b2aa217f74ca8b3f167b92d758170m.jpg?w=1200&#038;ssl=1\" \/><img data-recalc-dims=\"1\" decoding=\"async\" src=\"https:\/\/i0.wp.com\/ae01.alicdn.com\/kf\/S42b8e198b7cf496bbf50d78f056a4c43n.jpg?w=1200&#038;ssl=1\" \/><img data-recalc-dims=\"1\" decoding=\"async\" src=\"https:\/\/i0.wp.com\/ae01.alicdn.com\/kf\/Sacf9742fddbd466a91eeb048054b5499c.jpg?w=1200&#038;ssl=1\" \/><img data-recalc-dims=\"1\" decoding=\"async\" src=\"https:\/\/i0.wp.com\/ae01.alicdn.com\/kf\/Sb4d05a2898cf4ce881e906bc178d371fo.jpg?w=1200&#038;ssl=1\" \/><img data-recalc-dims=\"1\" decoding=\"async\" src=\"https:\/\/i0.wp.com\/ae01.alicdn.com\/kf\/Sad7a6dd94efd441fa9af1b9dc287e0e2c.jpg?w=1200&#038;ssl=1\" \/><br \/> <img data-recalc-dims=\"1\" decoding=\"async\" src=\"https:\/\/i0.wp.com\/ae01.alicdn.com\/kf\/S586d348712d64b3a8b769bffc53ad63aX.jpg?w=1200&#038;ssl=1\" \/><br \/> <img data-recalc-dims=\"1\" decoding=\"async\" src=\"https:\/\/i0.wp.com\/ae01.alicdn.com\/kf\/S9ba9162c767048e7bb8a7d39589d3fb5T.jpg?w=1200&#038;ssl=1\" \/><br \/> <img data-recalc-dims=\"1\" decoding=\"async\" src=\"https:\/\/i0.wp.com\/ae01.alicdn.com\/kf\/Scab95598312840dcb90fcecd457b961eI.jpg?w=1200&#038;ssl=1\" \/><br \/> <img data-recalc-dims=\"1\" decoding=\"async\" src=\"https:\/\/i0.wp.com\/ae01.alicdn.com\/kf\/S1ddbbb3b8fa84629aa88ad90c2ba901dI.jpg?w=1200&#038;ssl=1\" \/><img data-recalc-dims=\"1\" decoding=\"async\" src=\"https:\/\/i0.wp.com\/ae01.alicdn.com\/kf\/S357d7c45b5554982b9670d2c08edfbe82.jpg?w=1200&#038;ssl=1\" \/><img data-recalc-dims=\"1\" decoding=\"async\" src=\"https:\/\/i0.wp.com\/ae01.alicdn.com\/kf\/Sef5a5ee955e24f4393805b453ab47ee2X.jpg?w=1200&#038;ssl=1\" \/><img data-recalc-dims=\"1\" decoding=\"async\" src=\"https:\/\/i0.wp.com\/ae01.alicdn.com\/kf\/S270314727f8f4d4da73e39b74ff8ca9ds.jpg?w=1200&#038;ssl=1\" \/><img data-recalc-dims=\"1\" decoding=\"async\" src=\"https:\/\/i0.wp.com\/ae01.alicdn.com\/kf\/S319b84ed95db42bbbd4643f7ef26fc15U.jpg?w=1200&#038;ssl=1\" \/><img data-recalc-dims=\"1\" decoding=\"async\" src=\"https:\/\/i0.wp.com\/ae01.alicdn.com\/kf\/Sd5edc4799acb4c369ceddfa91f012471M.jpg?w=1200&#038;ssl=1\" \/><br \/> <img data-recalc-dims=\"1\" decoding=\"async\" style=\"width:800px\"  src=\"https:\/\/i0.wp.com\/ae01.alicdn.com\/kf\/S54637fa255ab409f9e27d658aeb9c082N.jpg?w=1200&#038;ssl=1\" \/><\/p>\n<h2 style=\", sans-serif;font-size:20px;font-weight:500;letter-spacing:normal;line-height:30px;text-align:start;white-space:normal;border-bottom:0px;border-left:0px;border-right:0px;border-top:0px;margin:0px 0px 0.75em;margin-bottom:0.75em;margin-top:0px;margin-left:0px;margin-right:0px;padding:0px;padding-bottom:0px;padding-top:0px;padding-left:0px;padding-right:0px\" align=\"start\"><span style=\", Times, serif\">Envio:<\/span><\/h2>\n<p style=\", sans-serif;font-size:14px;font-weight:400;letter-spacing:normal;line-height:inherit;text-align:start;white-space:normal;border-bottom:0px;border-left:0px;border-right:0px;border-top:0px;margin:0px;margin-bottom:0px;margin-top:0px;margin-left:0px;margin-right:0px;padding:0px;padding-bottom:0px;padding-top:0px;padding-left:0px;padding-right:0px\" align=\"start\"><span style=\", Times, serif\">1.Enviamos para todo o mundo, exceto algumas &aacute;reas remotas.<\/span><\/p>\n<p style=\", sans-serif;font-size:14px;font-weight:400;letter-spacing:normal;line-height:inherit;text-align:start;white-space:normal;border-bottom:0px;border-left:0px;border-right:0px;border-top:0px;margin:0px;margin-bottom:0px;margin-top:0px;margin-left:0px;margin-right:0px;padding:0px;padding-bottom:0px;padding-top:0px;padding-left:0px;padding-right:0px\" align=\"start\"><span style=\", Times, serif\">2.Pedidos processados dentro de 24 a 48 horas ap&oacute;s a verifica&ccedil;&atilde;o do pagamento.<\/span><\/p>\n<p style=\", sans-serif;font-size:14px;font-weight:400;letter-spacing:normal;line-height:inherit;text-align:start;white-space:normal;border-bottom:0px;border-left:0px;border-right:0px;border-top:0px;margin:0px;margin-bottom:0px;margin-top:0px;margin-left:0px;margin-right:0px;padding:0px;padding-bottom:0px;padding-top:0px;padding-left:0px;padding-right:0px\" align=\"start\"><span style=\", Times, serif\">3.Antes de comprar, verifique se seu endere&ccedil;o est&aacute; correto.Ou n&atilde;o, corrija antes do pagamento.<\/span><\/p>\n<p style=\", sans-serif;font-size:14px;font-weight:400;letter-spacing:normal;line-height:inherit;text-align:start;white-space:normal;border-bottom:0px;border-left:0px;border-right:0px;border-top:0px;margin:0px;margin-bottom:0px;margin-top:0px;margin-left:0px;margin-right:0px;padding:0px;padding-bottom:0px;padding-top:0px;padding-left:0px;padding-right:0px\" align=\"start\"><span style=\", Times, serif\">4.Se voc&ecirc; n&atilde;o recebeu sua remessa dentro de 30 dias ap&oacute;s o pagamento, entre em contato conosco.Rastrearemos o envio e entraremos em contato com voc&ecirc; o mais breve poss&iacute;vel<\/span><\/p>\n<p style=\", sans-serif;font-size:14px;font-weight:400;letter-spacing:normal;line-height:inherit;text-align:start;white-space:normal;border-bottom:0px;border-left:0px;border-right:0px;border-top:0px;margin:0px;margin-bottom:0px;margin-top:0px;margin-left:0px;margin-right:0px;padding:0px;padding-bottom:0px;padding-top:0px;padding-left:0px;padding-right:0px\" align=\"start\"><span style=\", Times, serif\">o mais poss&iacute;vel com uma resposta.Nosso objetivo &eacute; a satisfa&ccedil;&atilde;o do cliente!<\/span><\/p>\n<p style=\", sans-serif;font-size:14px;font-weight:400;letter-spacing:normal;line-height:inherit;text-align:start;white-space:normal;border-bottom:0px;border-left:0px;border-right:0px;border-top:0px;margin:0px;margin-bottom:0px;margin-top:0px;margin-left:0px;margin-right:0px;padding:0px;padding-bottom:0px;padding-top:0px;padding-left:0px;padding-right:0px\" align=\"start\"><span style=\", Times, serif\">5.Devido ao status do estoque e &agrave;s diferen&ccedil;as de hor&aacute;rio, optaremos por enviar seu item do nosso primeiro armaz&eacute;m dispon&iacute;vel para entrega r&aacute;pida.<\/span><\/p>\n<h2 style=\", sans-serif;font-size:20px;font-weight:500;letter-spacing:normal;line-height:30px;text-align:start;white-space:normal;border-bottom:0px;border-left:0px;border-right:0px;border-top:0px;margin:0px 0px 0.75em;margin-bottom:0.75em;margin-top:0px;margin-left:0px;margin-right:0px;padding:0px;padding-bottom:0px;padding-top:0px;padding-left:0px;padding-right:0px\" align=\"start\"><span style=\", Times, serif\">Pagamento:<\/span><\/h2>\n<p style=\", sans-serif;font-size:14px;font-weight:400;letter-spacing:normal;line-height:inherit;text-align:start;white-space:normal;border-bottom:0px;border-left:0px;border-right:0px;border-top:0px;margin:0px;margin-bottom:0px;margin-top:0px;margin-left:0px;margin-right:0px;padding:0px;padding-bottom:0px;padding-top:0px;padding-left:0px;padding-right:0px\" align=\"start\"><span style=\", Times, serif\">1.Aceitamos Alipay.Todos os principais cart&otilde;es de cr&eacute;dito s&atilde;o aceitos atrav&eacute;s do COMPROMISSO seguro do processador de pagamento.<\/span><\/p>\n<p style=\", sans-serif;font-size:14px;font-weight:400;letter-spacing:normal;line-height:inherit;text-align:start;white-space:normal;border-bottom:0px;border-left:0px;border-right:0px;border-top:0px;margin:0px;margin-bottom:0px;margin-top:0px;margin-left:0px;margin-right:0px;padding:0px;padding-bottom:0px;padding-top:0px;padding-left:0px;padding-right:0px\" align=\"start\"><span style=\", Times, serif\">2.O pagamento deve ser feito dentro de 3 dias ap&oacute;s o pedido.<\/span><\/p>\n<p style=\", sans-serif;font-size:14px;font-weight:400;letter-spacing:normal;line-height:inherit;text-align:start;white-space:normal;border-bottom:0px;border-left:0px;border-right:0px;border-top:0px;margin:0px;margin-bottom:0px;margin-top:0px;margin-left:0px;margin-right:0px;padding:0px;padding-bottom:0px;padding-top:0px;padding-left:0px;padding-right:0px\" align=\"start\"><span style=\", Times, serif\">3.Se voc&ecirc; puder finalizar a compra imediatamente ap&oacute;s o t&eacute;rmino do leil&atilde;o, aguarde alguns minutos e o novo pagamento de teste dever&aacute; ser conclu&iacute;do dentro de 3 dias.<\/span><\/p>\n<h2 style=\", sans-serif;font-size:20px;font-weight:500;letter-spacing:normal;line-height:30px;text-align:start;white-space:normal;border-bottom:0px;border-left:0px;border-right:0px;border-top:0px;margin:0px 0px 0.75em;margin-bottom:0.75em;margin-top:0px;margin-left:0px;margin-right:0px;padding:0px;padding-bottom:0px;padding-top:0px;padding-left:0px;padding-right:0px\" align=\"start\"><span style=\", Times, serif\">Garantia:<\/span><\/h2>\n<p style=\", sans-serif;font-size:14px;font-weight:400;letter-spacing:normal;line-height:inherit;text-align:start;white-space:normal;border-bottom:0px;border-left:0px;border-right:0px;border-top:0px;margin:0px;margin-bottom:0px;margin-top:0px;margin-left:0px;margin-right:0px;padding:0px;padding-bottom:0px;padding-top:0px;padding-left:0px;padding-right:0px\" align=\"start\"><span style=\", Times, serif\">1.12 meses de garantia do fabricante.Compre com confian&ccedil;a!<\/span><\/p>\n<p style=\", sans-serif;font-size:14px;font-weight:400;letter-spacing:normal;line-height:inherit;text-align:start;white-space:normal;border-bottom:0px;border-left:0px;border-right:0px;border-top:0px;margin:0px;margin-bottom:0px;margin-top:0px;margin-left:0px;margin-right:0px;padding:0px;padding-bottom:0px;padding-top:0px;padding-left:0px;padding-right:0px\" align=\"start\"><span style=\", Times, serif\">2.Se voc&ecirc; n&atilde;o ficar satisfeito ao receber seu item, devolva-o dentro de 30 dias para substitui&ccedil;&atilde;o ou devolu&ccedil;&atilde;o do dinheiro.Entre em contato comigo antes de devolv&ecirc;-lo.<\/span><\/p>\n<p style=\", sans-serif;font-size:14px;font-weight:400;letter-spacing:normal;line-height:inherit;text-align:start;white-space:normal;border-bottom:0px;border-left:0px;border-right:0px;border-top:0px;margin:0px;margin-bottom:0px;margin-top:0px;margin-left:0px;margin-right:0px;padding:0px;padding-bottom:0px;padding-top:0px;padding-left:0px;padding-right:0px\" align=\"start\"><span style=\", Times, serif\">3.Itens defeituosos DEVEM SER relatados e devolvidos dentro do per&iacute;odo de garantia (e na embalagem original, se poss&iacute;vel).Voc&ecirc; deve nos informar qual &eacute; o defeito e nos fornecer o n&uacute;mero do seu pedido.<\/span><\/p>\n<p style=\", sans-serif;font-size:14px;font-weight:400;letter-spacing:normal;line-height:inherit;text-align:start;white-space:normal;border-bottom:0px;border-left:0px;border-right:0px;border-top:0px;margin:0px;margin-bottom:0px;margin-top:0px;margin-left:0px;margin-right:0px;padding:0px;padding-bottom:0px;padding-top:0px;padding-left:0px;padding-right:0px\" align=\"start\"><span style=\", Times, serif\">4.O frete de devolu&ccedil;&atilde;o ser&aacute; pago pelo Comprador.<\/p>\n<p>Obrigado pela sua coopera&ccedil;&atilde;o.<\/span><\/p>\n<div>\n &nbsp;\n<\/div>\n<p><\/p>\n<\/div>\n<\/div>\n","protected":false},"excerpt":{"rendered":"<p>Caro comprador: -Garantimos que todos os produtos da nossa loja sejam de alta qualidade. -E fornecer um servi&ccedil;o p&oacute;s-venda perfeito. -Tenha certeza de comprar! Capas de espelho de alta qualidadeAjuste perfeitoNome da marca: StplrgecpPe&ccedil;as de reposi&ccedil;&atilde;o reais!!!1 Esquerda + 1 Direita+1 ferramentaD&ecirc; um upgrade ao seu carroEssas tampas s&atilde;o pe&ccedil;as de reposi&ccedil;&atilde;o reais, SEM tampas&hellip;&nbsp;<\/p>\n","protected":false},"featured_media":29633,"template":"","meta":{"neve_meta_sidebar":"","neve_meta_container":"","neve_meta_enable_content_width":"","neve_meta_content_width":0,"neve_meta_title_alignment":"","neve_meta_author_avatar":"","neve_post_elements_order":"","neve_meta_disable_header":"","neve_meta_disable_footer":"","neve_meta_disable_title":""},"product_brand":[],"product_cat":[17,24,74],"product_tag":[],"class_list":{"0":"post-29639","1":"product","2":"type-product","3":"status-publish","4":"has-post-thumbnail","6":"product_cat-pecas-e-acessorios-automotivos","7":"product_cat-pecas-externas","8":"product_cat-retrovisores-e-capas","10":"first","11":"instock","12":"shipping-taxable","13":"purchasable","14":"product-type-variable","15":"has-default-attributes"},"jetpack_sharing_enabled":true,"_links":{"self":[{"href":"https:\/\/listman.shop\/autoparts-br\/wp-json\/wp\/v2\/product\/29639","targetHints":{"allow":["GET"]}}],"collection":[{"href":"https:\/\/listman.shop\/autoparts-br\/wp-json\/wp\/v2\/product"}],"about":[{"href":"https:\/\/listman.shop\/autoparts-br\/wp-json\/wp\/v2\/types\/product"}],"wp:featuredmedia":[{"embeddable":true,"href":"https:\/\/listman.shop\/autoparts-br\/wp-json\/wp\/v2\/media\/29633"}],"wp:attachment":[{"href":"https:\/\/listman.shop\/autoparts-br\/wp-json\/wp\/v2\/media?parent=29639"}],"wp:term":[{"taxonomy":"product_brand","embeddable":true,"href":"https:\/\/listman.shop\/autoparts-br\/wp-json\/wp\/v2\/product_brand?post=29639"},{"taxonomy":"product_cat","embeddable":true,"href":"https:\/\/listman.shop\/autoparts-br\/wp-json\/wp\/v2\/product_cat?post=29639"},{"taxonomy":"product_tag","embeddable":true,"href":"https:\/\/listman.shop\/autoparts-br\/wp-json\/wp\/v2\/product_tag?post=29639"}],"curies":[{"name":"wp","href":"https:\/\/api.w.org\/{rel}","templated":true}]}}