{"id":29650,"date":"2025-03-10T14:18:20","date_gmt":"2025-03-10T05:18:20","guid":{"rendered":"https:\/\/listman.shop\/autoparts-br\/product\/1005006196635189\/"},"modified":"2026-05-04T22:58:08","modified_gmt":"2026-05-04T13:58:08","slug":"1005006196635189","status":"publish","type":"product","link":"https:\/\/listman.shop\/autoparts-br\/product\/1005006196635189\/","title":{"rendered":"Tampa do tanque de combust\u00edvel do carro para mercedes benz a c e s classe w203 w204 w205 w211 w212 w220 w221 tampa de enchimento de g\u00e1s a 2214700605   Um 2214700705"},"content":{"rendered":"<div class=\"detailmodule_html\">\n<div class=\"detail-desc-decorate-richtext\">\n<div class=\"detailmodule_html\">\n<div class=\"detail-desc-decorate-richtext\">\n<div>\n<p style=\"font-family:OpenSans;font-size:20px;font-weight:900;line-height:28px;white-space:pre-wrap;margin-bottom:12px\" class=\"detail-desc-decorate-title\">Caracter\u00edsticas do produto<\/p>\n<\/div>\n<div>\n<p style=\"font-family:OpenSans;font-size:14px;font-weight:300;line-height:20px;white-space:pre-wrap;margin-bottom:12px\" class=\"detail-desc-decorate-content\">Especifica\u00e7\u00e3o do item:<\/p>\n<p>1) 100% NOVO com alta qualidade<br \/>2) Combina\u00e7\u00e3o perfeita para o carro original.<br \/>3) N\u00famero da pe\u00e7a: A2214700605, A2214700705, A2224700205<br \/>4) Pacote inclu\u00eddo: 1X tampa de enchimento de g\u00e1s do tanque de combust\u00edvel<\/p>\n<\/div>\n<div>\n<p>Observa\u00e7\u00e3o:<br \/>&#8211; Verifique o n\u00famero da pe\u00e7a do fabricante antes de fazer o pedido.O n\u00famero OE \u00e9 um n\u00famero caracter\u00edstico que identifica sua pe\u00e7a.Voc\u00ea pode encontr\u00e1-lo em sua pe\u00e7a antiga ou na loja do revendedor local.<\/p>\n<\/div>\n<div>\n<p style=\"font-family:OpenSans;font-size:20px;font-weight:900;line-height:28px;white-space:pre-wrap;margin-bottom:12px\" class=\"detail-desc-decorate-title\">Modelo compat\u00edvel:<\/p>\n<\/div>\n<div>\n<p style=\"font-family:OpenSans;font-size:14px;font-weight:300;line-height:20px;white-space:pre-wrap;margin-bottom:12px\" class=\"detail-desc-decorate-content\">Modelo antigo adequado para:<br \/>2002-2007 Mercedes-Benz C230<br \/>2001-2005 Mercedes-Benz C240<br \/>2006-2007 Mercedes-Benz C280<br \/>2008-2013 Mercedes-Benz C300<br \/>2002 2004 Mercedes-Benz C32 AMG<br \/>2001-2005 Mercedes-Benz C320<br \/>2006-2013 Mercedes-Benz C350<br \/>2006 Mercedes-Benz C55 AMG<br \/>2008-2013 Mercedes-Benz C63 AMG<br \/>2007-2013 Mercedes-Benz CL550<br \/>2007 2009-2013 Mercedes-Benz CL600<br \/>2008-2010 2012-2013 Mercedes-Benz CL63 AMG<br \/>2008-2013 Mercedes-Benz CL65 AMG<br \/>2003-2005 Mercedes-Benz CLK320<br \/>2007-2009 Mercedes-Benz CLK350\/CLK550<br \/>2003-2006 Mercedes-Benz CLK500<br \/>2003-2005 Mercedes-Benz CLK55 AMG<br \/>2006 Mercedes-Benz CLS55 AMG<br \/>2007-2008 Mercedes-Benz CLK63 AMG<br \/>2010-2013 Mercedes-Benz CLS550<br \/>2007 2009-2013 Mercedes-Benz CLS63 AMG<br \/>2004-2005 mercedes-benz e320<br \/>2006-2013 Mercedes-Benz E350<br \/>2003-2006 Mercedes-Benz E500<br \/>2003-2006 Mercedes-Benz E55 AMG<br \/>2007-2009 2011-2013 Mercedes-Benz E550<br \/>2007-2013 Mercedes-Benz E63 AMG<br \/>2002-2007 Mercedes-Benz G500<br \/>2003-2007 2009-2011 Mercedes-Benz G55 AMG<br \/>2009 2011-2012 mercedes-benz g550<br \/>2010-2013 Mercedes-Benz GLK350<br \/>2010-2011 2013 mercedes-benz s400<br \/>2008-2012 mercedes-benz s600<br \/>2008-2013 Mercedes-Benz S63 AMG\/S550<br \/>2008-2011 2013 Mercedes-Benz S65 AMG<br \/>2003-2006 Mercedes-Benz SL500<br \/>2003-2008 Mercedes-Benz SL55 AMG<br \/>2007-2008 2011 mercedes-benz sl550<br \/>2004-2009 Mercedes-Benz SL600<br \/>2009 2011-2013 Mercedes-Benz SL63 AMG<br \/>2005-2007 2009 2011 2013 Mercedes-Benz SL65 AMG<br \/>2006-2008 Mercedes-Benz SLK280<br \/>2009 2011 mercedes-benz slk300<br \/>2005-2013 Mercedes-Benz SLK350<br \/>2006-2013 Mercedes-Benz SLK55 AMG<br \/>2005 2007-2009 Mercedes-Benz SLR McLaren<\/p>\n<p>Novo modelo:<br \/>Para W176 2013-2019<br \/>Para W246 2012-2019<br \/>Para W205 2015-2019<br \/>Para W213 2016-2019<br \/>Para W222 2014-2019<br \/>Para W117 2013-2019<br \/>Para W253 2016-2019<br \/>Para X156 2015-2019<\/p>\n<\/div>\n<div>\n<p style=\"font-family:OpenSans;font-size:20px;font-weight:900;line-height:28px;white-space:pre-wrap;margin-bottom:12px\" class=\"detail-desc-decorate-title\">Exposi\u00e7\u00e3o de produtos<\/p>\n<\/div>\n<div><img data-recalc-dims=\"1\" decoding=\"async\" style=\"margin-bottom:10px\" class=\"detail-desc-decorate-image\" src=\"https:\/\/i0.wp.com\/ae01.alicdn.com\/kf\/S7fd87bac8022495eb2e045b9ece6e4ccN.jpg?w=1200&#038;ssl=1\"> <img data-recalc-dims=\"1\" decoding=\"async\" style=\"margin-bottom:10px\" class=\"detail-desc-decorate-image\" src=\"https:\/\/i0.wp.com\/ae01.alicdn.com\/kf\/S8592037969eb49dc8e5d357ef529fe34u.jpg?w=1200&#038;ssl=1\"> <img data-recalc-dims=\"1\" decoding=\"async\" style=\"margin-bottom:10px\" class=\"detail-desc-decorate-image\" src=\"https:\/\/i0.wp.com\/ae01.alicdn.com\/kf\/S031635d8fb034fdaa2dc499f12adca3a8.jpg?w=1200&#038;ssl=1\"> <img data-recalc-dims=\"1\" decoding=\"async\" style=\"margin-bottom:10px\" class=\"detail-desc-decorate-image\" src=\"https:\/\/i0.wp.com\/ae01.alicdn.com\/kf\/S0bf6a48e5dd24d8db2d6515d399d1e9a3.jpg?w=1200&#038;ssl=1\"> <img data-recalc-dims=\"1\" decoding=\"async\" style=\"margin-bottom:10px\" class=\"detail-desc-decorate-image\" src=\"https:\/\/i0.wp.com\/ae01.alicdn.com\/kf\/S36c108cc5dd344e9bccd272b9dc61a22t.jpg?w=1200&#038;ssl=1\"> <img data-recalc-dims=\"1\" decoding=\"async\" style=\"margin-bottom:10px\" class=\"detail-desc-decorate-image\" src=\"https:\/\/i0.wp.com\/ae01.alicdn.com\/kf\/S17b3e2a3a7534950a101a73d41b9e1efH.jpg?w=1200&#038;ssl=1\"> <img data-recalc-dims=\"1\" decoding=\"async\" style=\"margin-bottom:10px\" class=\"detail-desc-decorate-image\" src=\"https:\/\/i0.wp.com\/ae01.alicdn.com\/kf\/Sfc9c456bb50048c1a77060f420649b72Q.jpg?w=1200&#038;ssl=1\"> <img data-recalc-dims=\"1\" decoding=\"async\" style=\"margin-bottom:10px\" class=\"detail-desc-decorate-image\" src=\"https:\/\/i0.wp.com\/ae01.alicdn.com\/kf\/S954902531e214865a2023583350c8be37.jpg?w=1200&#038;ssl=1\"><\/div>\n<div>\n<p style=\"font-family:OpenSans;font-size:20px;font-weight:900;line-height:28px;white-space:pre-wrap;margin-bottom:12px\" class=\"detail-desc-decorate-title\">Sobre o envio<\/p>\n<\/div>\n<div>\n<p style=\"font-family:OpenSans;font-size:14px;font-weight:300;line-height:20px;white-space:pre-wrap;margin-bottom:12px\" class=\"detail-desc-decorate-content\">1.Envio para todo o mundo.(exceto alguns pa\u00edses e APO\/FPO)<br \/>2.O pedido ser\u00e1 processado a tempo ap\u00f3s a confirma\u00e7\u00e3o do pagamento.<br \/>3.N\u00f3s enviamos apenas para o endere\u00e7o do pedido confirmado.O endere\u00e7o do seu pedido deve corresponder ao seu endere\u00e7o de entrega.<br \/>4.O TEMPO DE TR\u00c2NSITO DO SERVI\u00c7O \u00e9 fornecido pela transportadora, excluindo fins de semana e feriados.Os tempos de envio podem variar, especialmente durante feriados.<br \/>5.Se voc\u00ea n\u00e3o receber sua mercadoria dentro de 40 dias ap\u00f3s o pagamento, entre em contato conosco.Rastrearemos as mercadorias e entraremos em contato com voc\u00ea o mais breve poss\u00edvel<br \/>6.Ap\u00f3s o pagamento, o AliExpress leva cerca de 12 a 48 horas para confirmar a seguran\u00e7a do canal de financiamento.Ap\u00f3s aprova\u00e7\u00e3o, o pacote ser\u00e1 enviado em at\u00e9 3 dias.Enviado da China pelo AliExpress.Assim que o pacote chegar ao seu pa\u00eds, voc\u00ea poder\u00e1 verificar os detalhes de rastreamento no site postal local.<\/p>\n<\/div>\n<div>\n<p style=\"font-family:OpenSans;font-size:20px;font-weight:900;line-height:28px;white-space:pre-wrap;margin-bottom:12px\" class=\"detail-desc-decorate-title\">Trilha:https:\/\/www.17track.net\/en.<\/p>\n<\/div>\n<div><img data-recalc-dims=\"1\" decoding=\"async\" class=\"detail-desc-decorate-image\" src=\"https:\/\/i0.wp.com\/ae01.alicdn.com\/kf\/S75bc67105ce94d10945760a150022a0cO.jpg?w=1200&#038;ssl=1\"><\/div>\n<div>\n<p style=\"font-family:OpenSans;font-size:20px;font-weight:900;line-height:28px;white-space:pre-wrap;margin-bottom:12px\" class=\"detail-desc-decorate-title\">Em rela\u00e7\u00e3o ao feedback<\/p>\n<\/div>\n<div>\n<p style=\"font-family:OpenSans;font-size:14px;font-weight:300;line-height:20px;white-space:pre-wrap;margin-bottom:12px\" class=\"detail-desc-decorate-content\">Seu feedback \u00e9 muito importante para n\u00f3s.Ent\u00e3o, se voc\u00ea estiver satisfeito com nossos produtos, deixe uma \u201creview\u201d, muito obrigado.<br \/>Se voc\u00ea tiver alguma d\u00favida, entre em contato conosco primeiro. Antes de deixar um feedback neutro ou negativo, entre em contato conosco para uma solu\u00e7\u00e3o melhor. Responderemos a todas as mensagens o mais r\u00e1pido poss\u00edvel. Obrigado pela sua paci\u00eancia.<\/p>\n<\/div>\n<\/div>\n<\/div>\n<p><\/p>\n<\/div>\n<\/div>\n","protected":false},"excerpt":{"rendered":"<p>Caracter\u00edsticas do produto Especifica\u00e7\u00e3o do item: 1) 100% NOVO com alta qualidade2) Combina\u00e7\u00e3o perfeita para o carro original.3) N\u00famero da pe\u00e7a: A2214700605, A2214700705, A22247002054) Pacote inclu\u00eddo: 1X tampa de enchimento de g\u00e1s do tanque de combust\u00edvel Observa\u00e7\u00e3o:&#8211; Verifique o n\u00famero da pe\u00e7a do fabricante antes de fazer o pedido.O n\u00famero OE \u00e9 um n\u00famero caracter\u00edstico&hellip;&nbsp;<\/p>\n","protected":false},"featured_media":29644,"template":"","meta":{"neve_meta_sidebar":"","neve_meta_container":"","neve_meta_enable_content_width":"","neve_meta_content_width":0,"neve_meta_title_alignment":"","neve_meta_author_avatar":"","neve_post_elements_order":"","neve_meta_disable_header":"","neve_meta_disable_footer":"","neve_meta_disable_title":""},"product_brand":[],"product_cat":[17,24,67],"product_tag":[],"class_list":{"0":"post-29650","1":"product","2":"type-product","3":"status-publish","4":"has-post-thumbnail","6":"product_cat-pecas-e-acessorios-automotivos","7":"product_cat-pecas-externas","8":"product_cat-tampas-para-tanque","10":"first","11":"instock","12":"shipping-taxable","13":"purchasable","14":"product-type-variable","15":"has-default-attributes"},"jetpack_sharing_enabled":true,"_links":{"self":[{"href":"https:\/\/listman.shop\/autoparts-br\/wp-json\/wp\/v2\/product\/29650","targetHints":{"allow":["GET"]}}],"collection":[{"href":"https:\/\/listman.shop\/autoparts-br\/wp-json\/wp\/v2\/product"}],"about":[{"href":"https:\/\/listman.shop\/autoparts-br\/wp-json\/wp\/v2\/types\/product"}],"wp:featuredmedia":[{"embeddable":true,"href":"https:\/\/listman.shop\/autoparts-br\/wp-json\/wp\/v2\/media\/29644"}],"wp:attachment":[{"href":"https:\/\/listman.shop\/autoparts-br\/wp-json\/wp\/v2\/media?parent=29650"}],"wp:term":[{"taxonomy":"product_brand","embeddable":true,"href":"https:\/\/listman.shop\/autoparts-br\/wp-json\/wp\/v2\/product_brand?post=29650"},{"taxonomy":"product_cat","embeddable":true,"href":"https:\/\/listman.shop\/autoparts-br\/wp-json\/wp\/v2\/product_cat?post=29650"},{"taxonomy":"product_tag","embeddable":true,"href":"https:\/\/listman.shop\/autoparts-br\/wp-json\/wp\/v2\/product_tag?post=29650"}],"curies":[{"name":"wp","href":"https:\/\/api.w.org\/{rel}","templated":true}]}}