{"id":29742,"date":"2025-03-10T14:21:21","date_gmt":"2025-03-10T05:21:21","guid":{"rendered":"https:\/\/listman.shop\/autoparts-br\/product\/1005006371060878\/"},"modified":"2026-05-04T22:47:07","modified_gmt":"2026-05-04T13:47:07","slug":"1005006371060878","status":"publish","type":"product","link":"https:\/\/listman.shop\/autoparts-br\/product\/1005006371060878\/","title":{"rendered":"Kit de prote\u00e7\u00e3o do peitoril da porta do carro, 4 unidades, para jeep wrangler jl jlu 2018-2024\/jeep gladiador jt 2020-2022"},"content":{"rendered":"<div class=\"detailmodule_html\">\n<div class=\"detail-desc-decorate-richtext\">\n<p style=\", Roboto, Arial, Helvetica, sans-serif, SimSun;font-size:14px;font-weight:400;letter-spacing:normal;line-height:inherit;text-align:start;white-space:normal;margin:0px 0px 10px;margin-bottom:10px;margin-top:0px;margin-left:0px;margin-right:0px;padding:0px;padding-bottom:0px;padding-top:0px;padding-left:0px;padding-right:0px\" align=\"start\"><span style=\"font-size:15px\"><span><strong><span style=\"font-size:14pt\"><span><span style=\", serif\">Caracter\u00edsticas:<\/span><\/span><\/span><\/strong><\/span><\/span><\/p>\n<p style=\", Roboto, Arial, Helvetica, sans-serif, SimSun;font-size:14px;font-weight:400;letter-spacing:normal;line-height:inherit;text-align:start;white-space:normal;margin:0px 0px 10px;margin-bottom:10px;margin-top:0px;margin-left:0px;margin-right:0px;padding:0px;padding-bottom:0px;padding-top:0px;padding-left:0px;padding-right:0px\" align=\"start\"><span style=\"font-size:15px\"><span><span style=\"font-size:14pt\"><span>\u3010<\/span><\/span><\/span><\/span><span style=\"font-size:15px\"><span><span style=\"font-size:14pt\"><span><span style=\", serif\">Proteja seu limite<\/span><\/span><\/span><\/span><\/span><span style=\"font-size:15px\"><span><span style=\"font-size:14pt\"><span>\u3011<\/span><\/span><\/span><\/span><span style=\"font-size:15px\"><span><span style=\"font-size:14pt\"><span><span style=\", serif\">Os protetores de entrada do peitoril protegem os peitoris internos contra arranh\u00f5es, abras\u00f5es e outros danos.E os protetores de soleira das portas escondem danos existentes e s\u00e3o um \u00f3timo complemento para os solos das portas.<\/span><\/span><\/span><\/span><\/span><\/p>\n<p style=\", Roboto, Arial, Helvetica, sans-serif, SimSun;font-size:14px;font-weight:400;letter-spacing:normal;line-height:inherit;text-align:start;white-space:normal;margin:0px 0px 10px;margin-bottom:10px;margin-top:0px;margin-left:0px;margin-right:0px;padding:0px;padding-bottom:0px;padding-top:0px;padding-left:0px;padding-right:0px\" align=\"start\"><span style=\"font-size:15px\"><span><span style=\"font-size:14pt\"><span>\u3010<\/span><\/span><\/span><\/span><span style=\"font-size:15px\"><span><span style=\"font-size:14pt\"><span><span style=\", serif\">MATERIAL DE ALTA QUALIDADE<\/span><\/span><\/span><\/span><\/span><span style=\"font-size:15px\"><span><span style=\"font-size:14pt\"><span>\u3011<\/span><\/span><\/span><\/span><span style=\"font-size:15px\"><span><span style=\"font-size:14pt\"><span><span style=\", serif\">O protetor do soleira da porta \u00e9 feito de borracha preta, que \u00e9 dur\u00e1vel e resistente a arranh\u00f5es.A borracha dobr\u00e1vel tem melhor tenacidade e resist\u00eancia \u00e0 abras\u00e3o do que o pl\u00e1stico.<\/span><\/span><\/span><\/span><\/span><\/p>\n<p style=\", Roboto, Arial, Helvetica, sans-serif, SimSun;font-size:14px;font-weight:400;letter-spacing:normal;line-height:inherit;text-align:start;white-space:normal;margin:0px 0px 10px;margin-bottom:10px;margin-top:0px;margin-left:0px;margin-right:0px;padding:0px;padding-bottom:0px;padding-top:0px;padding-left:0px;padding-right:0px\" align=\"start\"><span style=\"font-size:15px\"><span><span style=\"font-size:14pt\"><span>\u3010<\/span><\/span><\/span><\/span><span style=\"font-size:15px\"><span><span style=\"font-size:14pt\"><span><span style=\", serif\">F\u00e1cil de instalar<\/span><\/span><\/span><\/span><\/span><span style=\"font-size:15px\"><span><span style=\"font-size:14pt\"><span>\u3011<\/span><\/span><\/span><\/span><span style=\"font-size:15px\"><span><span style=\"font-size:14pt\"><span><span style=\", serif\">Nossos protetores de soleira de porta t\u00eam fita dupla-face na parte traseira, basta col\u00e1-los diretamente no soleira da porta limpa.N\u00e3o \u00e9 necess\u00e1rio cortar ou perfurar.Instala\u00e7\u00e3o r\u00e1pida em 5 minutos.<\/span><\/span><\/span><\/span><\/span><\/p>\n<p style=\", Roboto, Arial, Helvetica, sans-serif, SimSun;font-size:14px;font-weight:400;letter-spacing:normal;line-height:inherit;text-align:start;white-space:normal;margin:0px 0px 10px;margin-bottom:10px;margin-top:0px;margin-left:0px;margin-right:0px;padding:0px;padding-bottom:0px;padding-top:0px;padding-left:0px;padding-right:0px\" align=\"start\"><span style=\"font-size:15px\"><span><span style=\"font-size:14pt\"><span>\u3010<\/span><\/span><\/span><\/span><span style=\"font-size:15px\"><span><span style=\"font-size:14pt\"><span><span style=\", serif\">Pacote inclu\u00eddo<\/span><\/span><\/span><\/span><\/span><span style=\"font-size:15px\"><span><span style=\"font-size:14pt\"><span>\u3011<\/span><\/span><\/span><\/span><span style=\"font-size:15px\"><span><span style=\"font-size:14pt\"><span><span style=\", serif\">2 protetores de soleira da porta da frente e 2 protetores de soleira da porta traseira.<\/span><\/span><\/span><\/span><\/span><\/p>\n<p><\/p>\n<p style=\", Roboto, Arial, Helvetica, sans-serif, SimSun;font-size:14px;font-weight:400;letter-spacing:normal;line-height:inherit;text-align:start;white-space:normal;margin:0px 0px 10px;margin-bottom:10px;margin-top:0px;margin-left:0px;margin-right:0px;padding:0px;padding-bottom:0px;padding-top:0px;padding-left:0px;padding-right:0px\" align=\"start\"><span style=\"font-size:15px\"><span><strong><span style=\"font-size:14pt\"><span><span style=\", serif\">Especifica\u00e7\u00e3o:<\/span><\/span><\/span><\/strong><\/span><\/span><\/p>\n<p style=\", Roboto, Arial, Helvetica, sans-serif, SimSun;font-size:14px;font-weight:400;letter-spacing:normal;line-height:inherit;text-align:start;white-space:normal;margin:0px 0px 10px;margin-bottom:10px;margin-top:0px;margin-left:0px;margin-right:0px;padding:0px;padding-bottom:0px;padding-top:0px;padding-left:0px;padding-right:0px\" align=\"start\"><span style=\"font-size:15px\"><span><span style=\"font-size:14pt\"><span><span style=\", serif\">Nome: kit de protetores de peitoril de porta<\/span><\/span><\/span><\/span><\/span><\/p>\n<p style=\", Roboto, Arial, Helvetica, sans-serif, SimSun;font-size:14px;font-weight:400;letter-spacing:normal;line-height:inherit;text-align:start;white-space:normal;margin:0px 0px 10px;margin-bottom:10px;margin-top:0px;margin-left:0px;margin-right:0px;padding:0px;padding-bottom:0px;padding-top:0px;padding-left:0px;padding-right:0px\" align=\"start\"><span style=\"font-size:15px\"><span><span style=\"font-size:14pt\"><span><span style=\", serif\">Material: TPE<\/span><\/span><\/span><\/span><\/span><\/p>\n<p style=\", Roboto, Arial, Helvetica, sans-serif, SimSun;font-size:14px;font-weight:400;letter-spacing:normal;line-height:inherit;text-align:start;white-space:normal;margin:0px 0px 10px;margin-bottom:10px;margin-top:0px;margin-left:0px;margin-right:0px;padding:0px;padding-bottom:0px;padding-top:0px;padding-left:0px;padding-right:0px\" align=\"start\"><span style=\"font-size:15px\"><span><span style=\"font-size:14pt\"><span><span style=\", serif\">Quantidade: 4 unidades\/conjunto<\/span><\/span><\/span><\/span><\/span><\/p>\n<p style=\", Roboto, Arial, Helvetica, sans-serif, SimSun;font-size:14px;font-weight:400;letter-spacing:normal;line-height:inherit;text-align:start;white-space:normal;margin:0px 0px 10px;margin-bottom:10px;margin-top:0px;margin-left:0px;margin-right:0px;padding:0px;padding-bottom:0px;padding-top:0px;padding-left:0px;padding-right:0px\" align=\"start\"><span style=\"font-size:15px\"><span><span style=\"font-size:14pt\"><span><span style=\", serif\">Cor: Preto<\/span><\/span><\/span><\/span><\/span><\/p>\n<p><\/p>\n<p style=\", Roboto, Arial, Helvetica, sans-serif, SimSun;font-size:14px;font-weight:400;letter-spacing:normal;line-height:inherit;text-align:start;white-space:normal;margin:0px 0px 10px;margin-bottom:10px;margin-top:0px;margin-left:0px;margin-right:0px;padding:0px;padding-bottom:0px;padding-top:0px;padding-left:0px;padding-right:0px\" align=\"start\"><span style=\"font-size:15px\"><span><strong><span style=\"font-size:14pt\"><span><span style=\", serif\">Embalagem inclu\u00edda:<\/span><\/span><\/span><\/strong><\/span><\/span><\/p>\n<p style=\", Roboto, Arial, Helvetica, sans-serif, SimSun;font-size:14px;font-weight:400;letter-spacing:normal;line-height:inherit;text-align:start;white-space:normal;margin:0px 0px 10px;margin-bottom:10px;margin-top:0px;margin-left:0px;margin-right:0px;padding:0px;padding-bottom:0px;padding-top:0px;padding-left:0px;padding-right:0px\" align=\"start\"><span style=\"font-size:15px\"><span><span style=\"font-size:14pt\"><span><span style=\", serif\">1 * conjunto de kit de protetores de soleira de porta (4 unidades)<\/span><\/span><\/span><\/span><\/span><\/p>\n<p style=\", Roboto, Arial, Helvetica, sans-serif, SimSun;font-size:14px;font-weight:400;letter-spacing:normal;line-height:inherit;text-align:start;white-space:normal;margin:0px 0px 10px;margin-bottom:10px;margin-top:0px;margin-left:0px;margin-right:0px;padding:0px;padding-bottom:0px;padding-top:0px;padding-left:0px;padding-right:0px\" align=\"start\"><img data-recalc-dims=\"1\" decoding=\"async\" src=\"https:\/\/i0.wp.com\/ae01.alicdn.com\/kf\/S68bdebff3cde47b7be6653b13fa7a869W.jpg?w=1200&#038;ssl=1\"><img data-recalc-dims=\"1\" decoding=\"async\" src=\"https:\/\/i0.wp.com\/ae01.alicdn.com\/kf\/S0d21611414134657a03492014463424dP.jpg?w=1200&#038;ssl=1\"><img data-recalc-dims=\"1\" decoding=\"async\" src=\"https:\/\/i0.wp.com\/ae01.alicdn.com\/kf\/S028a73d5ed3649f7aad9e2672c446d44L.jpg?w=1200&#038;ssl=1\"><img data-recalc-dims=\"1\" decoding=\"async\" src=\"https:\/\/i0.wp.com\/ae01.alicdn.com\/kf\/S4218fa79ff5449959f71a9b7ee17c1daM.jpg?w=1200&#038;ssl=1\"><img data-recalc-dims=\"1\" decoding=\"async\" src=\"https:\/\/i0.wp.com\/ae01.alicdn.com\/kf\/Sc7f19102332c493e87bc633f889d9572q.jpg?w=1200&#038;ssl=1\"><img data-recalc-dims=\"1\" decoding=\"async\" src=\"https:\/\/i0.wp.com\/ae01.alicdn.com\/kf\/S016926a7afba4e389fb49f6f2ef0f126I.jpg?w=1200&#038;ssl=1\"><img data-recalc-dims=\"1\" decoding=\"async\" src=\"https:\/\/i0.wp.com\/ae01.alicdn.com\/kf\/Sf8d48c6380d343d8b7c8ff6277f6a043O.jpg?w=1200&#038;ssl=1\"><\/p>\n<\/div>\n<\/div>\n","protected":false},"excerpt":{"rendered":"<p>Caracter\u00edsticas: \u3010Proteja seu limite\u3011Os protetores de entrada do peitoril protegem os peitoris internos contra arranh\u00f5es, abras\u00f5es e outros danos.E os protetores de soleira das portas escondem danos existentes e s\u00e3o um \u00f3timo complemento para os solos das portas. \u3010MATERIAL DE ALTA QUALIDADE\u3011O protetor do soleira da porta \u00e9 feito de borracha preta, que \u00e9 dur\u00e1vel&hellip;&nbsp;<\/p>\n","protected":false},"featured_media":29736,"template":"","meta":{"neve_meta_sidebar":"","neve_meta_container":"","neve_meta_enable_content_width":"","neve_meta_content_width":0,"neve_meta_title_alignment":"","neve_meta_author_avatar":"","neve_post_elements_order":"","neve_meta_disable_header":"","neve_meta_disable_footer":"","neve_meta_disable_title":""},"product_brand":[],"product_cat":[109,17,24],"product_tag":[],"class_list":{"0":"post-29742","1":"product","2":"type-product","3":"status-publish","4":"has-post-thumbnail","6":"product_cat-molduras-esteticas","7":"product_cat-pecas-e-acessorios-automotivos","8":"product_cat-pecas-externas","10":"first","11":"instock","12":"shipping-taxable","13":"purchasable","14":"product-type-variable","15":"has-default-attributes"},"jetpack_sharing_enabled":true,"_links":{"self":[{"href":"https:\/\/listman.shop\/autoparts-br\/wp-json\/wp\/v2\/product\/29742","targetHints":{"allow":["GET"]}}],"collection":[{"href":"https:\/\/listman.shop\/autoparts-br\/wp-json\/wp\/v2\/product"}],"about":[{"href":"https:\/\/listman.shop\/autoparts-br\/wp-json\/wp\/v2\/types\/product"}],"wp:featuredmedia":[{"embeddable":true,"href":"https:\/\/listman.shop\/autoparts-br\/wp-json\/wp\/v2\/media\/29736"}],"wp:attachment":[{"href":"https:\/\/listman.shop\/autoparts-br\/wp-json\/wp\/v2\/media?parent=29742"}],"wp:term":[{"taxonomy":"product_brand","embeddable":true,"href":"https:\/\/listman.shop\/autoparts-br\/wp-json\/wp\/v2\/product_brand?post=29742"},{"taxonomy":"product_cat","embeddable":true,"href":"https:\/\/listman.shop\/autoparts-br\/wp-json\/wp\/v2\/product_cat?post=29742"},{"taxonomy":"product_tag","embeddable":true,"href":"https:\/\/listman.shop\/autoparts-br\/wp-json\/wp\/v2\/product_tag?post=29742"}],"curies":[{"name":"wp","href":"https:\/\/api.w.org\/{rel}","templated":true}]}}