{"id":29751,"date":"2025-03-10T14:21:35","date_gmt":"2025-03-10T05:21:35","guid":{"rendered":"https:\/\/listman.shop\/autoparts-br\/product\/1005006374514482\/"},"modified":"2026-05-04T23:10:23","modified_gmt":"2026-05-04T14:10:23","slug":"1005006374514482","status":"publish","type":"product","link":"https:\/\/listman.shop\/autoparts-br\/product\/1005006374514482\/","title":{"rendered":"Espelho retrovisor capa habita\u00e7\u00e3o para toyota yaris 2012 2013 2014 2015 2016-2020 asa lateral espelho tampa substitui\u00e7\u00e3o acess\u00f3rios do carro"},"content":{"rendered":"<div class=\"detailmodule_html\">\n<div class=\"detail-desc-decorate-richtext\">\n<div class=\"detailmodule_html\">\n<div class=\"detail-desc-decorate-richtext\">\n<p><img data-recalc-dims=\"1\" decoding=\"async\" src=\"https:\/\/i0.wp.com\/ae01.alicdn.com\/kf\/S4114d3b540b34f2095a992d6406a545cD.jpg?w=1200&#038;ssl=1\" \/><\/p>\n<h2><span style=\"font-size:26px;font-family:arial, helvetica, sans-serif\"><strong id=\"tl_1\">Montagem:<\/strong><\/span><\/h2>\n<h2 style=\", Helvetica, Arial, sans-serif;font-size:14.4px;font-weight:400;letter-spacing:normal;text-align:start;white-space:normal;margin:0px 0px 10px;margin-bottom:10px;margin-top:0px;margin-left:0px;margin-right:0px\" align=\"start\"><strong><span style=\"font-size:22px;font-family:arial, helvetica, sans-serif\"><span style=\"font-size:22px;font-family:arial, helvetica, sans-serif\"><span style=\"font-size:22px;font-family:arial, helvetica, sans-serif\" id=\"tl_2\">Adequado para Toyota Yaris 2012-2020 <br \/><\/span><\/span><\/span><\/strong><span style=\"font-size:22px;font-family:arial, helvetica, sans-serif\"><span style=\"font-size:22px;font-family:arial, helvetica, sans-serif\"><span style=\"font-size:22px;font-family:arial, helvetica, sans-serif\" id=\"tl_3\">Apenas para refer&ecirc;ncia, confirme o produto se ele corresponde ao seu carro antes de comprar.<\/span><\/span><\/span><\/h2>\n<h2 style=\", Helvetica, Arial, sans-serif;font-size:14.4px;font-weight:400;letter-spacing:normal;text-align:start;white-space:normal;margin:0px 0px 10px;margin-bottom:10px;margin-top:0px;margin-left:0px;margin-right:0px\" align=\"start\"><span style=\"font-size:26px;font-family:arial, helvetica, sans-serif\"><strong id=\"tl_4\">Especifica&ccedil;&atilde;o:<\/strong><\/span><\/h2>\n<h2 style=\", Helvetica, Arial, sans-serif;font-size:14.4px;font-weight:400;letter-spacing:normal;text-align:start;white-space:normal;margin:0px 0px 10px;margin-bottom:10px;margin-top:0px;margin-left:0px;margin-right:0px\" align=\"start\"><span style=\"font-size:22px;font-family:arial, helvetica, sans-serif\" id=\"tl_5\">-100% novo<\/span><\/h2>\n<h2 style=\", Helvetica, Arial, sans-serif;font-size:14.4px;font-weight:400;letter-spacing:normal;text-align:start;white-space:normal;margin:0px 0px 10px;margin-bottom:10px;margin-top:0px;margin-left:0px;margin-right:0px\" align=\"start\"><span style=\"font-size:22px;font-family:arial, helvetica, sans-serif\" id=\"tl_6\">-Tipo: tampa do espelho retrovisor<\/span><\/h2>\n<h2 style=\", Helvetica, Arial, sans-serif;font-size:14.4px;font-weight:400;letter-spacing:normal;text-align:start;white-space:normal;margin:0px 0px 10px;margin-bottom:10px;margin-top:0px;margin-left:0px;margin-right:0px\" align=\"start\"><span style=\"font-size:22px;font-family:arial, helvetica, sans-serif\" id=\"tl_7\">-Material: Pl&aacute;stico ABS<\/span><\/h2>\n<h2 style=\", Helvetica, Arial, sans-serif;font-size:14.4px;font-weight:400;letter-spacing:normal;text-align:start;white-space:normal;margin:0px 0px 10px;margin-bottom:10px;margin-top:0px;margin-left:0px;margin-right:0px\" align=\"start\"><span style=\"font-size:22px;font-family:arial, helvetica, sans-serif\" id=\"tl_8\">-Cor: preto brilhante\/cinza\/branco\/vermelho\/cor primer<\/span><\/h2>\n<h2 style=\", Helvetica, Arial, sans-serif;font-size:14.4px;font-weight:400;letter-spacing:normal;text-align:start;white-space:normal;margin:0px 0px 10px;margin-bottom:10px;margin-top:0px;margin-left:0px;margin-right:0px\" align=\"start\"><span style=\"font-size:22px;font-family:arial, helvetica, sans-serif\" id=\"tl_9\">-Coloca&ccedil;&atilde;o no ve&iacute;culo: esquerda\/direita, frente<\/span><\/h2>\n<h2 style=\", Helvetica, Arial, sans-serif;font-size:14.4px;font-weight:400;letter-spacing:normal;text-align:start;white-space:normal;margin:0px 0px 10px;margin-bottom:10px;margin-top:0px;margin-left:0px;margin-right:0px\" align=\"start\"><span style=\"font-size:22px;font-family:arial, helvetica, sans-serif\" id=\"tl_10\">-Tipo de montagem: substitui&ccedil;&atilde;o direta <br \/><\/span><\/h2>\n<h2 style=\", Helvetica, Arial, sans-serif;font-size:14.4px;font-weight:400;letter-spacing:normal;text-align:start;white-space:normal;margin:0px 0px 10px;margin-bottom:10px;margin-top:0px;margin-left:0px;margin-right:0px\" align=\"start\"><span style=\"font-size:26px;font-family:arial, helvetica, sans-serif\"><strong id=\"tl_11\">Caracter&iacute;stica:<\/strong><\/span><\/h2>\n<h2 style=\", Helvetica, Arial, sans-serif;font-size:14.4px;font-weight:400;letter-spacing:normal;text-align:start;white-space:normal;margin:0px 0px 10px;margin-bottom:10px;margin-top:0px;margin-left:0px;margin-right:0px\" align=\"start\"><span style=\"font-size:22px;font-family:arial, helvetica, sans-serif\" id=\"tl_12\">-Feito de material pl&aacute;stico de alta qualidade, dur&aacute;vel em uso.<\/span><\/h2>\n<h2 style=\", Helvetica, Arial, sans-serif;font-size:14.4px;font-weight:400;letter-spacing:normal;text-align:start;white-space:normal;margin:0px 0px 10px;margin-bottom:10px;margin-top:0px;margin-left:0px;margin-right:0px\" align=\"start\"><span style=\"font-size:22px;font-family:arial, helvetica, sans-serif\" id=\"tl_13\">-Adotando o elemento de design Supercar, &eacute; mais legal do que a capa de espelho original.<\/span><\/h2>\n<h2 style=\", Helvetica, Arial, sans-serif;font-size:14.4px;font-weight:400;letter-spacing:normal;text-align:start;white-space:normal;margin:0px 0px 10px;margin-bottom:10px;margin-top:0px;margin-left:0px;margin-right:0px\" align=\"start\"><span style=\"font-size:22px;font-family:arial, helvetica, sans-serif\" id=\"tl_14\">-Pode proteger eficazmente seu espelho retrovisor contra danos.<\/span><\/h2>\n<h2 style=\", Helvetica, Arial, sans-serif;font-size:14.4px;font-weight:400;letter-spacing:normal;text-align:start;white-space:normal;margin:0px 0px 10px;margin-bottom:10px;margin-top:0px;margin-left:0px;margin-right:0px\" align=\"start\"><span style=\"font-size:22px;font-family:arial, helvetica, sans-serif\" id=\"tl_15\">-Vem como um par, substituto perfeito para o seu antigo ou danificado. <br \/><\/span><\/h2>\n<h2 style=\", Helvetica, Arial, sans-serif;font-size:14.4px;font-weight:400;letter-spacing:normal;text-align:start;white-space:normal;margin:0px 0px 10px;margin-bottom:10px;margin-top:0px;margin-left:0px;margin-right:0px\" align=\"start\"><span style=\"font-size:26px;font-family:arial, helvetica, sans-serif\"><strong id=\"tl_16\">Nota:<\/strong><\/span><\/h2>\n<h2 style=\", Helvetica, Arial, sans-serif;font-size:14.4px;font-weight:400;letter-spacing:normal;text-align:start;white-space:normal;margin:0px 0px 10px;margin-bottom:10px;margin-top:0px;margin-left:0px;margin-right:0px\" align=\"start\"><span style=\"font-size:22px;font-family:arial, helvetica, sans-serif\" id=\"tl_17\">-Por favor, permita uma diferen&ccedil;a de 1-3cm devido &agrave; medi&ccedil;&atilde;o manual.<\/span><\/h2>\n<h2 style=\", Helvetica, Arial, sans-serif;font-size:14.4px;font-weight:400;letter-spacing:normal;text-align:start;white-space:normal;margin:0px 0px 10px;margin-bottom:10px;margin-top:0px;margin-left:0px;margin-right:0px\" align=\"start\"><span style=\"font-size:22px;font-family:arial, helvetica, sans-serif\" id=\"tl_18\">&#8211; Devido &agrave; exibi&ccedil;&atilde;o diferente e &agrave; luz diferente, a imagem pode n&atilde;o refletir a cor real do item.Obrigado pela sua compreens&atilde;o.<\/span><\/h2>\n<p style=\", Helvetica, Arial, sans-serif;font-size:14.4px;font-weight:400;letter-spacing:normal;text-align:start;white-space:normal;margin:0px 0px 10px;margin-bottom:10px;margin-top:0px;margin-left:0px;margin-right:0px\" align=\"start\"><img data-recalc-dims=\"1\" decoding=\"async\" src=\"https:\/\/i0.wp.com\/ae01.alicdn.com\/kf\/Saaa4ec71b30349978ee21d09420d7a20d.jpg?w=1200&#038;ssl=1\" \/><span style=\"font-size:26px;font-family:arial, helvetica, sans-serif\"><strong id=\"tl_19\">O pacote inclui:<\/strong><\/span><\/p>\n<div class=\"detailmodule_html\">\n<div class=\"detail-desc-decorate-richtext\">\n<h2 style=\", Helvetica, Arial, sans-serif;font-size:14.4px;font-weight:400;letter-spacing:normal;text-align:start;white-space:normal;margin:0px 0px 10px;margin-bottom:10px;margin-top:0px;margin-left:0px;margin-right:0px\" align=\"start\"><strong><span style=\"font-size:22px;font-family:arial, helvetica, sans-serif\" id=\"tl_20\">1 par\/pc capa de espelho lateral (conforme sua escolha)<\/span><\/strong><\/h2>\n<p style=\", Helvetica, Arial, sans-serif;font-size:14.4px;font-weight:400;letter-spacing:normal;text-align:start;white-space:normal;margin:0px 0px 10px;margin-bottom:10px;margin-top:0px;margin-left:0px;margin-right:0px\" align=\"start\"><img data-recalc-dims=\"1\" decoding=\"async\" src=\"https:\/\/i0.wp.com\/ae01.alicdn.com\/kf\/Se5446ad5db124f64858cd19aaf69f09f9.jpg?w=1200&#038;ssl=1\" \/><img data-recalc-dims=\"1\" decoding=\"async\" src=\"https:\/\/i0.wp.com\/ae01.alicdn.com\/kf\/Se0cc0733a11144538a37519020787700q.jpg?w=1200&#038;ssl=1\" \/><img data-recalc-dims=\"1\" decoding=\"async\" src=\"https:\/\/i0.wp.com\/ae01.alicdn.com\/kf\/Se394d827ac7e47a084522f654e176731x.jpg?w=1200&#038;ssl=1\" \/><img data-recalc-dims=\"1\" decoding=\"async\" src=\"https:\/\/i0.wp.com\/ae01.alicdn.com\/kf\/Sbfb2c84738b147bc815e2e4226c1bb06g.jpg?w=1200&#038;ssl=1\" \/><img data-recalc-dims=\"1\" decoding=\"async\" src=\"https:\/\/i0.wp.com\/ae01.alicdn.com\/kf\/S50b4b1dc6d63458aa4cf3b2434d712ee1.jpg?w=1200&#038;ssl=1\" \/><img data-recalc-dims=\"1\" decoding=\"async\" src=\"https:\/\/i0.wp.com\/ae01.alicdn.com\/kf\/Saeb4bc33e33f4bcca829f3ae3827054bz.jpg?w=1200&#038;ssl=1\" \/><img data-recalc-dims=\"1\" decoding=\"async\" src=\"https:\/\/i0.wp.com\/ae01.alicdn.com\/kf\/S7be0c8f368994ffc8ca8809beadf74b9i.jpg?w=1200&#038;ssl=1\" \/><img data-recalc-dims=\"1\" decoding=\"async\" src=\"https:\/\/i0.wp.com\/ae01.alicdn.com\/kf\/S16ec9a0876c94ac6be9d551e7652a6c2X.jpg?w=1200&#038;ssl=1\" \/><img data-recalc-dims=\"1\" decoding=\"async\" src=\"https:\/\/i0.wp.com\/ae01.alicdn.com\/kf\/S3e2463cb45074964b4a232b0c89f1ff9Y.jpg?w=1200&#038;ssl=1\" \/><img data-recalc-dims=\"1\" decoding=\"async\" src=\"https:\/\/i0.wp.com\/ae01.alicdn.com\/kf\/S042cca460ec44fdc8c3fc97124e8aae6p.jpg?w=1200&#038;ssl=1\" \/><\/p>\n<\/p><\/div>\n<\/p><\/div>\n<\/p><\/div>\n<\/div>\n<p><img data-recalc-dims=\"1\" decoding=\"async\" src=\"https:\/\/i0.wp.com\/ae01.alicdn.com\/kf\/S37556d856e6b4ec191eb3e9d51511ac0p.jpg?w=1200&#038;ssl=1\" \/><img data-recalc-dims=\"1\" decoding=\"async\" src=\"https:\/\/i0.wp.com\/ae01.alicdn.com\/kf\/Sddd04e4494184e548a74237da6c8d01es.jpg?w=1200&#038;ssl=1\" \/><\/p>\n<\/div>\n<\/div>\n","protected":false},"excerpt":{"rendered":"<p>Montagem: Adequado para Toyota Yaris 2012-2020 Apenas para refer&ecirc;ncia, confirme o produto se ele corresponde ao seu carro antes de comprar. Especifica&ccedil;&atilde;o: -100% novo -Tipo: tampa do espelho retrovisor -Material: Pl&aacute;stico ABS -Cor: preto brilhante\/cinza\/branco\/vermelho\/cor primer -Coloca&ccedil;&atilde;o no ve&iacute;culo: esquerda\/direita, frente -Tipo de montagem: substitui&ccedil;&atilde;o direta Caracter&iacute;stica: -Feito de material pl&aacute;stico de alta qualidade, dur&aacute;vel&hellip;&nbsp;<\/p>\n","protected":false},"featured_media":29745,"template":"","meta":{"neve_meta_sidebar":"","neve_meta_container":"","neve_meta_enable_content_width":"","neve_meta_content_width":0,"neve_meta_title_alignment":"","neve_meta_author_avatar":"","neve_post_elements_order":"","neve_meta_disable_header":"","neve_meta_disable_footer":"","neve_meta_disable_title":""},"product_brand":[],"product_cat":[17,24,74],"product_tag":[],"class_list":{"0":"post-29751","1":"product","2":"type-product","3":"status-publish","4":"has-post-thumbnail","6":"product_cat-pecas-e-acessorios-automotivos","7":"product_cat-pecas-externas","8":"product_cat-retrovisores-e-capas","10":"first","11":"instock","12":"shipping-taxable","13":"purchasable","14":"product-type-variable","15":"has-default-attributes"},"jetpack_sharing_enabled":true,"_links":{"self":[{"href":"https:\/\/listman.shop\/autoparts-br\/wp-json\/wp\/v2\/product\/29751","targetHints":{"allow":["GET"]}}],"collection":[{"href":"https:\/\/listman.shop\/autoparts-br\/wp-json\/wp\/v2\/product"}],"about":[{"href":"https:\/\/listman.shop\/autoparts-br\/wp-json\/wp\/v2\/types\/product"}],"wp:featuredmedia":[{"embeddable":true,"href":"https:\/\/listman.shop\/autoparts-br\/wp-json\/wp\/v2\/media\/29745"}],"wp:attachment":[{"href":"https:\/\/listman.shop\/autoparts-br\/wp-json\/wp\/v2\/media?parent=29751"}],"wp:term":[{"taxonomy":"product_brand","embeddable":true,"href":"https:\/\/listman.shop\/autoparts-br\/wp-json\/wp\/v2\/product_brand?post=29751"},{"taxonomy":"product_cat","embeddable":true,"href":"https:\/\/listman.shop\/autoparts-br\/wp-json\/wp\/v2\/product_cat?post=29751"},{"taxonomy":"product_tag","embeddable":true,"href":"https:\/\/listman.shop\/autoparts-br\/wp-json\/wp\/v2\/product_tag?post=29751"}],"curies":[{"name":"wp","href":"https:\/\/api.w.org\/{rel}","templated":true}]}}