{"id":29778,"date":"2025-03-10T14:22:08","date_gmt":"2025-03-10T05:22:08","guid":{"rendered":"https:\/\/listman.shop\/autoparts-br\/product\/1005006432940234\/"},"modified":"2026-05-04T22:44:09","modified_gmt":"2026-05-04T13:44:09","slug":"1005006432940234","status":"publish","type":"product","link":"https:\/\/listman.shop\/autoparts-br\/product\/1005006432940234\/","title":{"rendered":"1 par de tampas de cobertura de espelho retrovisor lateral para BMW 1 2 3 4 s\u00e9ries F20 F30 F31 F32 F34 F36 E84 2014 -2018 ABS preto brilhante"},"content":{"rendered":"<div class=\"detailmodule_html\">\n<div class=\"detail-desc-decorate-richtext\">\n<div class=\"detailmodule_html\">\n<div class=\"detail-desc-decorate-richtext\">\n<div>\n<div>\n<h1 style=\", Arial, Helvetica, sans-serif, Heiti;font-size:24px;font-weight:500;letter-spacing:normal;line-height:36px;text-align:start;white-space:normal;margin:0.67em 0px 12px;margin-bottom:12px;margin-top:0.67em;margin-left:0px;margin-right:0px;padding:0px;padding-bottom:0px;padding-top:0px;padding-left:0px;padding-right:0px\" align=\"start\"><span style=\"font-size:26px;font-family:tahoma\">Observa\u00e7\u00e3o: certifique-se de que a capa do espelho seja igual \u00e0 foto. Ao solicitar este produto, muito obrigado.<\/span><br \/><span style=\"font-size:26px;, Roboto, Arial, Helvetica, sans-serif, SimSun\"><span style=\"font-family:tahoma\">Modelos dispon\u00edveis;<\/span><\/span><br \/><span style=\"font-size:26px;, Roboto, Arial, Helvetica, sans-serif, SimSun\"><span style=\"font-family:tahoma\">Para BMW S\u00e9rie 1 F20 F21 116i 118i 120i 125i 130i Hatchback 2012-2016<br \/>Para BMW S\u00e9rie 2 F22 F23 218i 220i 228i Coupe e convers\u00edvel 2014-up<br \/>Para BMW S\u00e9rie 3 F30 F31 320i 328i 330i 335i Sedan e Touring 2012 em diante<br \/>Para BMW S\u00e9rie 3 GT 3GT F34 2013-2018<br \/>Para BMW S\u00e9rie 4 F32 F33 F36 420i 428i 435i Coupe &amp; convers\u00edvel &amp; Gran Coupe 2014-up<\/p>\n<p>Para BMW S\u00e9rie X X1 E84 2013-2015<br \/>Para BMW S\u00e9rie M F87 M2 2014-2018<br \/>Para BMW i3 i3s s\u00e9rie 2014-2018<\/span><\/span><img data-recalc-dims=\"1\" decoding=\"async\" src=\"https:\/\/i0.wp.com\/ae01.alicdn.com\/kf\/S9b4aa6712eb44dd3b4c57c87f1b563a24.jpg?w=1200&#038;ssl=1\"><img data-recalc-dims=\"1\" decoding=\"async\" src=\"https:\/\/i0.wp.com\/ae01.alicdn.com\/kf\/S1ef756d4abd54741aff11ae599db7a38T.jpg?w=1200&#038;ssl=1\"><img data-recalc-dims=\"1\" decoding=\"async\" src=\"https:\/\/i0.wp.com\/ae01.alicdn.com\/kf\/Sa67b6da9dfd7480ab8f05a6e5c6b00316.jpg?w=1200&#038;ssl=1\"><img data-recalc-dims=\"1\" decoding=\"async\" src=\"https:\/\/i0.wp.com\/ae01.alicdn.com\/kf\/S8a6ece2ee6d74ad7b9d75cd2dfb09e93A.jpg?w=1200&#038;ssl=1\"><\/h1>\n<div class=\"detailmodule_html\">\n<div class=\"detail-desc-decorate-richtext\"><\/div>\n<\/div>\n<div><\/div>\n<\/div>\n<\/div>\n<\/div>\n<\/div>\n<p><\/p>\n<\/div>\n<\/div>\n","protected":false},"excerpt":{"rendered":"<p>Observa\u00e7\u00e3o: certifique-se de que a capa do espelho seja igual \u00e0 foto. Ao solicitar este produto, muito obrigado.Modelos dispon\u00edveis;Para BMW S\u00e9rie 1 F20 F21 116i 118i 120i 125i 130i Hatchback 2012-2016Para BMW S\u00e9rie 2 F22 F23 218i 220i 228i Coupe e convers\u00edvel 2014-upPara BMW S\u00e9rie 3 F30 F31 320i 328i 330i 335i Sedan e Touring&hellip;&nbsp;<\/p>\n","protected":false},"featured_media":29772,"template":"","meta":{"neve_meta_sidebar":"","neve_meta_container":"","neve_meta_enable_content_width":"","neve_meta_content_width":0,"neve_meta_title_alignment":"","neve_meta_author_avatar":"","neve_post_elements_order":"","neve_meta_disable_header":"","neve_meta_disable_footer":"","neve_meta_disable_title":""},"product_brand":[],"product_cat":[17,24,74],"product_tag":[],"class_list":{"0":"post-29778","1":"product","2":"type-product","3":"status-publish","4":"has-post-thumbnail","6":"product_cat-pecas-e-acessorios-automotivos","7":"product_cat-pecas-externas","8":"product_cat-retrovisores-e-capas","10":"first","11":"instock","12":"shipping-taxable","13":"purchasable","14":"product-type-variable","15":"has-default-attributes"},"jetpack_sharing_enabled":true,"_links":{"self":[{"href":"https:\/\/listman.shop\/autoparts-br\/wp-json\/wp\/v2\/product\/29778","targetHints":{"allow":["GET"]}}],"collection":[{"href":"https:\/\/listman.shop\/autoparts-br\/wp-json\/wp\/v2\/product"}],"about":[{"href":"https:\/\/listman.shop\/autoparts-br\/wp-json\/wp\/v2\/types\/product"}],"wp:featuredmedia":[{"embeddable":true,"href":"https:\/\/listman.shop\/autoparts-br\/wp-json\/wp\/v2\/media\/29772"}],"wp:attachment":[{"href":"https:\/\/listman.shop\/autoparts-br\/wp-json\/wp\/v2\/media?parent=29778"}],"wp:term":[{"taxonomy":"product_brand","embeddable":true,"href":"https:\/\/listman.shop\/autoparts-br\/wp-json\/wp\/v2\/product_brand?post=29778"},{"taxonomy":"product_cat","embeddable":true,"href":"https:\/\/listman.shop\/autoparts-br\/wp-json\/wp\/v2\/product_cat?post=29778"},{"taxonomy":"product_tag","embeddable":true,"href":"https:\/\/listman.shop\/autoparts-br\/wp-json\/wp\/v2\/product_tag?post=29778"}],"curies":[{"name":"wp","href":"https:\/\/api.w.org\/{rel}","templated":true}]}}