{"id":29806,"date":"2025-03-10T14:23:03","date_gmt":"2025-03-10T05:23:03","guid":{"rendered":"https:\/\/listman.shop\/autoparts-br\/product\/1005006463656110\/"},"modified":"2026-05-04T22:49:08","modified_gmt":"2026-05-04T13:49:08","slug":"1005006463656110","status":"publish","type":"product","link":"https:\/\/listman.shop\/autoparts-br\/product\/1005006463656110\/","title":{"rendered":"Espelho retrovisor conchas asa lateral espelho capa de fibra carbono estilo par substitui\u00e7\u00e3o para bmw f32 f30 f31 f33 f36"},"content":{"rendered":"<div class=\"detailmodule_html\">\n<div class=\"detail-desc-decorate-richtext\">\n<p><strong>Caracter\u00edsticas:<\/strong><br \/>Esta tampa do espelho retrovisor oferece ao seu carro uma apar\u00eancia de corrida mais agressiva, mostrando sua caracter\u00edstica ao dirigir.<br \/>Feito de ABS, leve, resistente \u00e0 cor e dur\u00e1vel.Pode durar muito tempo sob qualquer condi\u00e7\u00e3o clim\u00e1tica.<br \/>Fornecendo \u00f3tima conserva\u00e7\u00e3o para o seu carro e evitando arranh\u00f5es e poeira na superf\u00edcie do espelho retrovisor lateral.<br \/>N\u00e3o deixa res\u00edduos de adesivo atr\u00e1s da superf\u00edcie do carro quando removido e \u00e9 resistente ao desgaste, n\u00e3o prejudica o seu carro,<br \/>Um substituto direto para a tampa do espelho antigo e d\u00e1 um estilo mais fresco ao seu carro.<\/p>\n<p><strong>Montagem:<\/strong><br \/>Substitui\u00e7\u00e3o para BMW S\u00e9rie 3 F30 F31 320i 328i 330i 335i Sedan &amp; Touring 2012 &#8211; em<br \/>Substitui\u00e7\u00e3o para BMW S\u00e9rie 4 F32 F33 F36 420i 428i 435i Coupe e convers\u00edvel e Gran Coupe 2014 &#8211; em<\/p>\n<p><strong>Especifica\u00e7\u00f5es<\/strong><br \/>Cor: preto brilhante, preto fosco, fibra de carbono (opcional)<br \/>Material: ABS<br \/>OE:51167292745,51167292746,51162222543,51162222544<br \/>Tamanho do pacote: 39*16,5*12cm\/15,35*6,5*4,72 pol.<br \/>Peso do pacote: 425g\/14,99 on\u00e7as<\/p>\n<p><strong>Lista de pacotes:<\/strong><br \/>1 * par de tampa de espelho retrovisor<\/p>\n<p><img data-recalc-dims=\"1\" decoding=\"async\" src=\"https:\/\/i0.wp.com\/ae01.alicdn.com\/kf\/Sb8bd450cbabd4fb78f94122c793008afY.jpg?w=1200&#038;ssl=1\"><img data-recalc-dims=\"1\" decoding=\"async\" src=\"https:\/\/i0.wp.com\/ae01.alicdn.com\/kf\/S90738e4c48234ce2a1081303c5f0aaadk.jpg?w=1200&#038;ssl=1\"><img data-recalc-dims=\"1\" decoding=\"async\" src=\"https:\/\/i0.wp.com\/ae01.alicdn.com\/kf\/Sb8bd450cbabd4fb78f94122c793008afY.jpg?w=1200&#038;ssl=1\"><img data-recalc-dims=\"1\" decoding=\"async\" src=\"https:\/\/i0.wp.com\/ae01.alicdn.com\/kf\/S3965ad0c8e8e4b87997f0e9acefc231dH.jpg?w=1200&#038;ssl=1\"><img data-recalc-dims=\"1\" decoding=\"async\" src=\"https:\/\/i0.wp.com\/ae01.alicdn.com\/kf\/Sf3f3389a3149450abc1a4b82d994685bO.jpg?w=1200&#038;ssl=1\"><img data-recalc-dims=\"1\" decoding=\"async\" src=\"https:\/\/i0.wp.com\/ae01.alicdn.com\/kf\/S8cadeee8ba634382957b9deab9d9fe831.jpg?w=1200&#038;ssl=1\"><img data-recalc-dims=\"1\" decoding=\"async\" src=\"https:\/\/i0.wp.com\/ae01.alicdn.com\/kf\/Sb17bd265ce5241d19fa9652d3ad94d16d.jpg?w=1200&#038;ssl=1\"><img data-recalc-dims=\"1\" decoding=\"async\" src=\"https:\/\/i0.wp.com\/ae01.alicdn.com\/kf\/S1e2f9d7c728a498891d54aa501832219v.jpg?w=1200&#038;ssl=1\"><img data-recalc-dims=\"1\" decoding=\"async\" src=\"https:\/\/i0.wp.com\/ae01.alicdn.com\/kf\/Sa380fab7cf49410fbdfeeb66373b6673S.jpg?w=1200&#038;ssl=1\"><img data-recalc-dims=\"1\" decoding=\"async\" src=\"https:\/\/i0.wp.com\/ae01.alicdn.com\/kf\/Sa1844474aee2416da1ace02db98fc0893.jpg?w=1200&#038;ssl=1\"><img data-recalc-dims=\"1\" decoding=\"async\" src=\"https:\/\/i0.wp.com\/ae01.alicdn.com\/kf\/Se209612ce6404ac08e189371c74275f7d.jpg?w=1200&#038;ssl=1\"><img data-recalc-dims=\"1\" decoding=\"async\" src=\"https:\/\/i0.wp.com\/ae01.alicdn.com\/kf\/S0f3b5561668e4e3f8b25322e96de1e42O.jpg?w=1200&#038;ssl=1\"><img data-recalc-dims=\"1\" decoding=\"async\" src=\"https:\/\/i0.wp.com\/ae01.alicdn.com\/kf\/S9d790afed44c46bdb014261c8fa1c2653.jpg?w=1200&#038;ssl=1\"><\/p>\n<\/div>\n<\/div>\n","protected":false},"excerpt":{"rendered":"<p>Caracter\u00edsticas:Esta tampa do espelho retrovisor oferece ao seu carro uma apar\u00eancia de corrida mais agressiva, mostrando sua caracter\u00edstica ao dirigir.Feito de ABS, leve, resistente \u00e0 cor e dur\u00e1vel.Pode durar muito tempo sob qualquer condi\u00e7\u00e3o clim\u00e1tica.Fornecendo \u00f3tima conserva\u00e7\u00e3o para o seu carro e evitando arranh\u00f5es e poeira na superf\u00edcie do espelho retrovisor lateral.N\u00e3o deixa res\u00edduos de&hellip;&nbsp;<\/p>\n","protected":false},"featured_media":29800,"template":"","meta":{"neve_meta_sidebar":"","neve_meta_container":"","neve_meta_enable_content_width":"","neve_meta_content_width":0,"neve_meta_title_alignment":"","neve_meta_author_avatar":"","neve_post_elements_order":"","neve_meta_disable_header":"","neve_meta_disable_footer":"","neve_meta_disable_title":""},"product_brand":[],"product_cat":[17,24,74],"product_tag":[],"class_list":{"0":"post-29806","1":"product","2":"type-product","3":"status-publish","4":"has-post-thumbnail","6":"product_cat-pecas-e-acessorios-automotivos","7":"product_cat-pecas-externas","8":"product_cat-retrovisores-e-capas","10":"first","11":"instock","12":"shipping-taxable","13":"purchasable","14":"product-type-variable","15":"has-default-attributes"},"jetpack_sharing_enabled":true,"_links":{"self":[{"href":"https:\/\/listman.shop\/autoparts-br\/wp-json\/wp\/v2\/product\/29806","targetHints":{"allow":["GET"]}}],"collection":[{"href":"https:\/\/listman.shop\/autoparts-br\/wp-json\/wp\/v2\/product"}],"about":[{"href":"https:\/\/listman.shop\/autoparts-br\/wp-json\/wp\/v2\/types\/product"}],"wp:featuredmedia":[{"embeddable":true,"href":"https:\/\/listman.shop\/autoparts-br\/wp-json\/wp\/v2\/media\/29800"}],"wp:attachment":[{"href":"https:\/\/listman.shop\/autoparts-br\/wp-json\/wp\/v2\/media?parent=29806"}],"wp:term":[{"taxonomy":"product_brand","embeddable":true,"href":"https:\/\/listman.shop\/autoparts-br\/wp-json\/wp\/v2\/product_brand?post=29806"},{"taxonomy":"product_cat","embeddable":true,"href":"https:\/\/listman.shop\/autoparts-br\/wp-json\/wp\/v2\/product_cat?post=29806"},{"taxonomy":"product_tag","embeddable":true,"href":"https:\/\/listman.shop\/autoparts-br\/wp-json\/wp\/v2\/product_tag?post=29806"}],"curies":[{"name":"wp","href":"https:\/\/api.w.org\/{rel}","templated":true}]}}