{"id":29901,"date":"2025-03-10T14:55:54","date_gmt":"2025-03-10T05:55:54","guid":{"rendered":"https:\/\/listman.shop\/autoparts-br\/product\/1005006847134351\/"},"modified":"2026-05-04T23:25:08","modified_gmt":"2026-05-04T14:25:08","slug":"1005006847134351","status":"publish","type":"product","link":"https:\/\/listman.shop\/autoparts-br\/product\/1005006847134351\/","title":{"rendered":"Capa para espelho retrovisor lateral, padr\u00e3o de fibra de carbono, substitui\u00e7\u00e3o preta para vw golf 7 mk7 mk7.5 gti r gte gtd 13-20"},"content":{"rendered":"<div class=\"detailmodule_html\">\n<div class=\"detail-desc-decorate-richtext\">\n<div>\n<div>\n<div>\n<div>\n<div>\n<div>\n<div>\n<div>\n<h1 style=\", Arial, Helvetica, sans-serif, Heiti;font-size:24px;font-weight:500;letter-spacing:normal;line-height:36px;text-align:start;white-space:normal;margin:0.67em 0px 12px;margin-bottom:12px;margin-top:0.67em;margin-left:0px;margin-right:0px\" align=\"start\"><img data-recalc-dims=\"1\" decoding=\"async\" style=\"font-family:arial, helvetica, sans-serif;font-size:16px;font-weight:400;letter-spacing:normal;text-align:start;white-space:normal;margin:0px;margin-bottom:0px;margin-top:0px;margin-left:0px;margin-right:0px;padding:0px;padding-bottom:0px;padding-top:0px;padding-left:0px;padding-right:0px;max-width:100%\" src=\"https:\/\/i0.wp.com\/ae01.alicdn.com\/kf\/S96e4090125c7402599c84c1ba746330cx.jpg?w=1200&#038;ssl=1\" \/><br \/><img data-recalc-dims=\"1\" decoding=\"async\" src=\"https:\/\/i0.wp.com\/ae01.alicdn.com\/kf\/S85e4f2604a3c4651848b3dba29cffaa7e.jpg?w=1200&#038;ssl=1\" \/><br \/>Para o caro comprador:<\/h1>\n<p style=\", Arial, Helvetica, sans-serif, Heiti;font-size:14px;font-weight:400;letter-spacing:normal;line-height:inherit;text-align:start;white-space:normal;margin:0px;margin-bottom:0px;margin-top:0px;margin-left:0px;margin-right:0px\" align=\"start\">Bem-vindo &agrave; nossa loja!!!<\/p>\n<p style=\", Arial, Helvetica, sans-serif, Heiti;font-size:14px;font-weight:400;letter-spacing:normal;line-height:inherit;text-align:start;white-space:normal;margin:0px;margin-bottom:0px;margin-top:0px;margin-left:0px;margin-right:0px\" align=\"start\">Garantimos fornecer o melhor servi&ccedil;o e a melhor qualidade do produto.<\/p>\n<p style=\", Arial, Helvetica, sans-serif, Heiti;font-size:14px;font-weight:400;letter-spacing:normal;line-height:inherit;text-align:start;white-space:normal;margin:0px;margin-bottom:0px;margin-top:0px;margin-left:0px;margin-right:0px\" align=\"start\">Feliz todos os dias.Obrigado.<\/p>\n<p style=\", Arial, Helvetica, sans-serif, Heiti;font-size:14px;font-weight:400;letter-spacing:normal;line-height:inherit;text-align:start;white-space:normal;margin:0px;margin-bottom:0px;margin-top:0px;margin-left:0px;margin-right:0px\" align=\"start\">Se o item apresentar problemas de qualidade em 6 meses, prometemos que voc&ecirc; poder&aacute; trocar por um novo.<\/p>\n<p style=\", Arial, Helvetica, sans-serif, Heiti;font-size:14px;font-weight:400;letter-spacing:normal;line-height:inherit;text-align:start;white-space:normal;margin:0px;margin-bottom:0px;margin-top:0px;margin-left:0px;margin-right:0px\" align=\"start\"><strong><span style=\"font-family:arial\">Montagem:<\/span><\/strong><br \/><span style=\"font-size:16px;font-family:arial, helvetica, sans-serif\">Modelos dispon&iacute;veis;<br \/>Para Volkswagen Golf 7 2014 2015 2016 2017 2018 2019<br \/>Para Volkswagen Golf 7,5 2014 2015 2016 2017 2018 2019<br \/>Para Volkswagen Golf GTI 2014 2015 2016 2017 2018 2019<br \/>Para Volkswagen Golf R 2014 2015 2016 2017 2018 2019<br \/>Para Volkswagen Golf R-Line 2014-2019<br \/>Para Volkswagen Touran 2016-2021<\/p>\n<p>N&uacute;mero da pe&ccedil;a: 5G0 857 537, 5G0 857 538<\/span><\/p>\n<p><span style=\"font-size:16px;font-family:arial, helvetica, sans-serif\">Apenas para refer&ecirc;ncia, por favor confirme o produto se ele corresponde ao seu carro antes de comprar.<br \/>Marca: HochiTech Stplrgecp<\/span><\/p>\n<p style=\", Arial, Helvetica, sans-serif, Heiti;font-size:14px;font-weight:400;letter-spacing:normal;line-height:inherit;text-align:start;white-space:normal;margin:0px;margin-bottom:0px;margin-top:0px;margin-left:0px;margin-right:0px\" align=\"start\"><span style=\"font-size:16px;font-family:arial, helvetica, sans-serif\"><span style=\"font-family:tahoma\"><span style=\"font-size:20px\">Certifique-se de que a capa do espelho seja igual &agrave; foto ao solicitar este produto.obrigado<\/span><\/span><\/span><span style=\"font-size:16px;font-family:arial, helvetica, sans-serif\"><span style=\"font-family:tahoma\"><span style=\"font-size:x-small\">.<\/span><\/span><\/span><\/p>\n<p style=\"text-align:left;margin:0px;margin-bottom:0px;margin-top:0px;margin-left:0px;margin-right:0px\" align=\"left\"><img data-recalc-dims=\"1\" decoding=\"async\" src=\"https:\/\/i0.wp.com\/ae01.alicdn.com\/kf\/Sdf4ddf9add874720848d50967521b7cfW.jpg?w=1200&#038;ssl=1\" \/><img data-recalc-dims=\"1\" decoding=\"async\" src=\"https:\/\/i0.wp.com\/ae01.alicdn.com\/kf\/S07602cb1a20b42789989dd75568d9283M.jpg?w=1200&#038;ssl=1\" \/><br \/><img data-recalc-dims=\"1\" decoding=\"async\" src=\"https:\/\/i0.wp.com\/ae01.alicdn.com\/kf\/Sd9d91ff6ccbe424c80312506dbf88bb6S.jpg?w=1200&#038;ssl=1\" \/><img data-recalc-dims=\"1\" decoding=\"async\" src=\"https:\/\/i0.wp.com\/ae01.alicdn.com\/kf\/S0804896aaf1e4ea986f49de8acb33fc1D.jpg?w=1200&#038;ssl=1\" \/><br \/><img data-recalc-dims=\"1\" decoding=\"async\" src=\"https:\/\/i0.wp.com\/ae01.alicdn.com\/kf\/S73044863e8dd4e3aa9df817e7556bc76P.jpg?w=1200&#038;ssl=1\" \/><img data-recalc-dims=\"1\" decoding=\"async\" src=\"https:\/\/i0.wp.com\/ae01.alicdn.com\/kf\/Se114453d2303421aa53f8a8e3760f255U.jpg?w=1200&#038;ssl=1\" \/><img data-recalc-dims=\"1\" decoding=\"async\" src=\"https:\/\/i0.wp.com\/ae01.alicdn.com\/kf\/S5a0e53a344834f8aa389e02bee085de3b.jpg?w=1200&#038;ssl=1\" \/><img data-recalc-dims=\"1\" decoding=\"async\" src=\"https:\/\/i0.wp.com\/ae01.alicdn.com\/kf\/S6499cb370cbd43caae0fbbff90c97130o.jpg?w=1200&#038;ssl=1\" \/><img data-recalc-dims=\"1\" decoding=\"async\" src=\"https:\/\/i0.wp.com\/ae01.alicdn.com\/kf\/S9d769b2987d64174ad714125b71ea04cf.jpg?w=1200&#038;ssl=1\" \/><img data-recalc-dims=\"1\" decoding=\"async\" src=\"https:\/\/i0.wp.com\/ae01.alicdn.com\/kf\/Sd7eb078ab6894be6b82e7809a6ff50c8z.jpg?w=1200&#038;ssl=1\" \/><img data-recalc-dims=\"1\" decoding=\"async\" src=\"https:\/\/i0.wp.com\/ae01.alicdn.com\/kf\/Sbae6825e4ac44219b34c90e892b21321r.jpg?w=1200&#038;ssl=1\" \/><img data-recalc-dims=\"1\" decoding=\"async\" src=\"https:\/\/i0.wp.com\/ae01.alicdn.com\/kf\/S9b4be647b44441029e320e32edbb03efe.jpg?w=1200&#038;ssl=1\" \/><img data-recalc-dims=\"1\" decoding=\"async\" src=\"https:\/\/i0.wp.com\/ae01.alicdn.com\/kf\/S16820b0ecb484715934c464af08437d4k.jpg?w=1200&#038;ssl=1\" \/><img data-recalc-dims=\"1\" decoding=\"async\" src=\"https:\/\/i0.wp.com\/ae01.alicdn.com\/kf\/S14db619c508344f7b8c72dfc1ce56dbbO.jpg?w=1200&#038;ssl=1\" \/><img data-recalc-dims=\"1\" decoding=\"async\" src=\"https:\/\/i0.wp.com\/ae01.alicdn.com\/kf\/Sf0aa4aac3ec24fe48d8764ab633b8fccG.jpg?w=1200&#038;ssl=1\" \/><img data-recalc-dims=\"1\" decoding=\"async\" src=\"https:\/\/i0.wp.com\/ae01.alicdn.com\/kf\/Sd0040d90450149e19175aea14f17c4755.jpg?w=1200&#038;ssl=1\" \/><img data-recalc-dims=\"1\" decoding=\"async\" src=\"https:\/\/i0.wp.com\/ae01.alicdn.com\/kf\/Sbeac4192bf11440a80a8b571bfc3ea6el.jpg?w=1200&#038;ssl=1\" \/><br \/><img data-recalc-dims=\"1\" decoding=\"async\" src=\"https:\/\/i0.wp.com\/ae01.alicdn.com\/kf\/S6faee4cef20642b69678ad6ee8d5f0e8U.jpg?w=1200&#038;ssl=1\" \/><br \/><img data-recalc-dims=\"1\" decoding=\"async\" src=\"https:\/\/i0.wp.com\/ae01.alicdn.com\/kf\/S39273fa24cac4cb78938944f688d877e8.jpg?w=1200&#038;ssl=1\" \/><\/p>\n<\/p><\/div>\n<\/p><\/div>\n<\/p><\/div>\n<\/p><\/div>\n<\/p><\/div>\n<\/p><\/div>\n<\/p><\/div>\n<\/div>\n<p><\/p>\n<\/div>\n<\/div>\n","protected":false},"excerpt":{"rendered":"<p>Para o caro comprador: Bem-vindo &agrave; nossa loja!!! Garantimos fornecer o melhor servi&ccedil;o e a melhor qualidade do produto. Feliz todos os dias.Obrigado. Se o item apresentar problemas de qualidade em 6 meses, prometemos que voc&ecirc; poder&aacute; trocar por um novo. Montagem:Modelos dispon&iacute;veis;Para Volkswagen Golf 7 2014 2015 2016 2017 2018 2019Para Volkswagen Golf 7,5&hellip;&nbsp;<\/p>\n","protected":false},"featured_media":29896,"template":"","meta":{"neve_meta_sidebar":"","neve_meta_container":"","neve_meta_enable_content_width":"","neve_meta_content_width":0,"neve_meta_title_alignment":"","neve_meta_author_avatar":"","neve_post_elements_order":"","neve_meta_disable_header":"","neve_meta_disable_footer":"","neve_meta_disable_title":""},"product_brand":[],"product_cat":[17,24,74],"product_tag":[],"class_list":{"0":"post-29901","1":"product","2":"type-product","3":"status-publish","4":"has-post-thumbnail","6":"product_cat-pecas-e-acessorios-automotivos","7":"product_cat-pecas-externas","8":"product_cat-retrovisores-e-capas","10":"first","11":"instock","12":"shipping-taxable","13":"purchasable","14":"product-type-variable","15":"has-default-attributes"},"jetpack_sharing_enabled":true,"_links":{"self":[{"href":"https:\/\/listman.shop\/autoparts-br\/wp-json\/wp\/v2\/product\/29901","targetHints":{"allow":["GET"]}}],"collection":[{"href":"https:\/\/listman.shop\/autoparts-br\/wp-json\/wp\/v2\/product"}],"about":[{"href":"https:\/\/listman.shop\/autoparts-br\/wp-json\/wp\/v2\/types\/product"}],"wp:featuredmedia":[{"embeddable":true,"href":"https:\/\/listman.shop\/autoparts-br\/wp-json\/wp\/v2\/media\/29896"}],"wp:attachment":[{"href":"https:\/\/listman.shop\/autoparts-br\/wp-json\/wp\/v2\/media?parent=29901"}],"wp:term":[{"taxonomy":"product_brand","embeddable":true,"href":"https:\/\/listman.shop\/autoparts-br\/wp-json\/wp\/v2\/product_brand?post=29901"},{"taxonomy":"product_cat","embeddable":true,"href":"https:\/\/listman.shop\/autoparts-br\/wp-json\/wp\/v2\/product_cat?post=29901"},{"taxonomy":"product_tag","embeddable":true,"href":"https:\/\/listman.shop\/autoparts-br\/wp-json\/wp\/v2\/product_tag?post=29901"}],"curies":[{"name":"wp","href":"https:\/\/api.w.org\/{rel}","templated":true}]}}