{"id":29927,"date":"2025-03-10T15:01:05","date_gmt":"2025-03-10T06:01:05","guid":{"rendered":"https:\/\/listman.shop\/autoparts-br\/product\/1005006873753072\/"},"modified":"2026-05-04T22:25:07","modified_gmt":"2026-05-04T13:25:07","slug":"1005006873753072","status":"publish","type":"product","link":"https:\/\/listman.shop\/autoparts-br\/product\/1005006873753072\/","title":{"rendered":"2024 nova fibra de carbono olhar preto espelho lateral capa tampas para bmw s\u00e9rie 5 e60 e61 e63 e64 2004-2008 520i 525i 528i 528xi 530i"},"content":{"rendered":"<div class=\"detailmodule_html\">\n<div class=\"detail-desc-decorate-richtext\">\n<div class=\"detailmodule_html\">\n<div class=\"detail-desc-decorate-richtext\">\n<p style=\"text-align:left;margin:0px;margin-bottom:0px;margin-top:0px;margin-left:0px;margin-right:0px\" align=\"left\"><img data-recalc-dims=\"1\" decoding=\"async\" src=\"https:\/\/i0.wp.com\/ae01.alicdn.com\/kf\/Hb38de24c605a4aa68dfa6ea4ac725c3a4.jpg?w=1200&#038;ssl=1\"><\/p>\n<div><span style=\"font-size:22px\"><span style=\", Helvetica, sans-serif\"><span><span style=\"font-size:16px;font-family:georgia, serif\"><strong>Caro comprador:<\/strong><\/span><\/span><\/span><\/span> <br \/><span style=\"font-size:22px\"><span style=\", Helvetica, sans-serif\"><span><span>-Garantimos que todos os produtos da nossa loja sejam de alta qualidade.<\/span><\/span><\/span><\/span> <br \/><span style=\"font-size:22px\"><span style=\", Helvetica, sans-serif\"><span><span>-E fornecer um servi\u00e7o p\u00f3s-venda perfeito.<\/span><\/span><\/span><\/span> <br \/><span style=\"font-size:22px\"><span style=\", Helvetica, sans-serif\"><span><span>-Tenha certeza de comprar!<\/span><\/span><\/span><\/span> <br \/><span style=\"font-size:22px\"><span style=\", Helvetica, sans-serif\"><span><span><span>Capas de espelho de alta qualidade<br \/>Ajuste perfeito<br \/>Nome da marca: Stplrgecp<br \/>Plug &amp; Play<br \/>Pe\u00e7as de reposi\u00e7\u00e3o reais!!!<br \/>Definir esquerda + direita<br \/>D\u00ea uma atualiza\u00e7\u00e3o ao seu carro e obtenha o visual S real<br \/>Essas tampas s\u00e3o pe\u00e7as de reposi\u00e7\u00e3o reais, SEM tampas de bast\u00e3o baratas!!!<br \/>As pe\u00e7as s\u00e3o feitas de pl\u00e1stico ABS de alta qualidade e receberam seu incr\u00edvel acabamento atrav\u00e9s de um processo industrial.<br \/>Tampas de espelho novas e completas para:<br \/>Para BMW s\u00e9rie 6 E63 E64 630ci 630i 645ci 650i 635d 2003-2010<br \/>Para BMW s\u00e9rie 5 E60 E61 520i 523i 525i 528i 530i 535i 540i 545i 550i 520d 525d 530d 535d 2003-2010<\/span><\/span><\/span><\/span><\/span><br \/><img data-recalc-dims=\"1\" decoding=\"async\" style=\"border:0px;margin:0px;margin-bottom:0px;margin-top:0px;margin-left:0px;margin-right:0px;padding:0px;padding-bottom:0px;padding-top:0px;padding-left:0px;padding-right:0px;max-width:100%\" src=\"https:\/\/i0.wp.com\/ae01.alicdn.com\/kf\/Hd3db5a13b0c346988bd96151695539bfN.jpg?w=1200&#038;ssl=1\"><\/div>\n<p style=\"text-align:left;margin:0px;margin-bottom:0px;margin-top:0px;margin-left:0px;margin-right:0px\" align=\"left\"><img data-recalc-dims=\"1\" decoding=\"async\" src=\"https:\/\/i0.wp.com\/ae01.alicdn.com\/kf\/Hd9dc004ff684471f87a870314b81f3dbX.jpg?w=1200&#038;ssl=1\"><\/p>\n<div><span style=\", Times, serif\"><span style=\"font-size:26px\"><span><span>Obrigado por visitar nossa loja, confirme se o espelho retrovisor do seu carro \u00e9 igual \u00e0 imagem antes de comprar.Se for diferente, entre em contato com nosso atendimento ao cliente.Obrigado.<\/span><\/span><\/span><\/span><\/div>\n<p style=\"margin:0px;margin-bottom:0px;margin-top:0px;margin-left:0px;margin-right:0px;display:block;width:100%\"><img data-recalc-dims=\"1\" decoding=\"async\" src=\"https:\/\/i0.wp.com\/ae01.alicdn.com\/kf\/S917e997091b54f6194a1e8cfd7c1dbc4r.jpg?w=1200&#038;ssl=1\"><img data-recalc-dims=\"1\" decoding=\"async\" src=\"https:\/\/i0.wp.com\/ae01.alicdn.com\/kf\/S829f2f2053c34308b55538bcfaed8163Y.jpg?w=1200&#038;ssl=1\"><img data-recalc-dims=\"1\" decoding=\"async\" src=\"https:\/\/i0.wp.com\/ae01.alicdn.com\/kf\/Sd35f7902f92d4474bfa43f22353fd0c0X.jpg?w=1200&#038;ssl=1\"><img data-recalc-dims=\"1\" decoding=\"async\" src=\"https:\/\/i0.wp.com\/ae01.alicdn.com\/kf\/S652777a8fa424d0f887f24a602a68ebaW.jpg?w=1200&#038;ssl=1\"><br \/><img data-recalc-dims=\"1\" decoding=\"async\" src=\"https:\/\/i0.wp.com\/ae01.alicdn.com\/kf\/Hc22799fb937245f797f9c8c7c1833449K.jpg?w=1200&#038;ssl=1\"><img data-recalc-dims=\"1\" decoding=\"async\" src=\"https:\/\/i0.wp.com\/ae01.alicdn.com\/kf\/S47d5fc83b5dd497693a5fd6d9f8ddc73w.jpg?w=1200&#038;ssl=1\"><img data-recalc-dims=\"1\" decoding=\"async\" src=\"https:\/\/i0.wp.com\/ae01.alicdn.com\/kf\/Sc3ff63b5f58b4b03a4e9112d6a6f3701j.jpg?w=1200&#038;ssl=1\"><img data-recalc-dims=\"1\" decoding=\"async\" src=\"https:\/\/i0.wp.com\/ae01.alicdn.com\/kf\/S86e47b4762314fff8a6e08ce8925a1f6P.jpg?w=1200&#038;ssl=1\"><img data-recalc-dims=\"1\" decoding=\"async\" src=\"https:\/\/i0.wp.com\/ae01.alicdn.com\/kf\/S442e85e084f64fb6bc0b39c0c7805935P.jpg?w=1200&#038;ssl=1\"><img data-recalc-dims=\"1\" decoding=\"async\" src=\"https:\/\/i0.wp.com\/ae01.alicdn.com\/kf\/Sb7fcb20812ce41879ec406edc6c8edd3K.jpg?w=1200&#038;ssl=1\"><img data-recalc-dims=\"1\" decoding=\"async\" src=\"https:\/\/i0.wp.com\/ae01.alicdn.com\/kf\/S44c07c53e4764308b9efef61b34587b74.jpg?w=1200&#038;ssl=1\"><img data-recalc-dims=\"1\" decoding=\"async\" src=\"https:\/\/i0.wp.com\/ae01.alicdn.com\/kf\/S16811878d1c4460cb011e5b66b8a131bK.jpg?w=1200&#038;ssl=1\"><img data-recalc-dims=\"1\" decoding=\"async\" src=\"https:\/\/i0.wp.com\/ae01.alicdn.com\/kf\/Se88ffa83ce37469b9f34cc3b7a622086C.jpg?w=1200&#038;ssl=1\"><img data-recalc-dims=\"1\" decoding=\"async\" src=\"https:\/\/i0.wp.com\/ae01.alicdn.com\/kf\/S71470fb4279a4f7388094ba168bc1ae06.jpg?w=1200&#038;ssl=1\"><img data-recalc-dims=\"1\" decoding=\"async\" src=\"https:\/\/i0.wp.com\/ae01.alicdn.com\/kf\/Se907d254258743ff830d93dfd917949fo.jpg?w=1200&#038;ssl=1\"><img data-recalc-dims=\"1\" decoding=\"async\" src=\"https:\/\/i0.wp.com\/ae01.alicdn.com\/kf\/S6cfa64bf18674bbd8b80e0e66060161db.jpg?w=1200&#038;ssl=1\"><img data-recalc-dims=\"1\" decoding=\"async\" src=\"https:\/\/i0.wp.com\/ae01.alicdn.com\/kf\/S7a388285cfb64dfe9ae09e63f3db3ab62.jpg?w=1200&#038;ssl=1\"><img data-recalc-dims=\"1\" decoding=\"async\" src=\"https:\/\/i0.wp.com\/ae01.alicdn.com\/kf\/S63240bf5f52c4e33ad1cbe13f6e4341cY.jpg?w=1200&#038;ssl=1\"><img data-recalc-dims=\"1\" decoding=\"async\" src=\"https:\/\/i0.wp.com\/ae01.alicdn.com\/kf\/Sb1985ebceb6548019244d31e0c5e2898Q.jpg?w=1200&#038;ssl=1\"><img data-recalc-dims=\"1\" decoding=\"async\" src=\"https:\/\/i0.wp.com\/ae01.alicdn.com\/kf\/Sff0d4e716d6848bca39ceccd74bde4e8x.jpg?w=1200&#038;ssl=1\"><img data-recalc-dims=\"1\" decoding=\"async\" src=\"https:\/\/i0.wp.com\/ae01.alicdn.com\/kf\/S2918bfc4b8dd4cecb17dc0587a3cfd37z.jpg?w=1200&#038;ssl=1\"><img data-recalc-dims=\"1\" decoding=\"async\" src=\"https:\/\/i0.wp.com\/ae01.alicdn.com\/kf\/Sfb550f92b2de4506b1cfd246e8f8d9c7E.jpg?w=1200&#038;ssl=1\"><img data-recalc-dims=\"1\" decoding=\"async\" src=\"https:\/\/i0.wp.com\/ae01.alicdn.com\/kf\/S7b4fbbc2f18042a4af832743744f1271B.jpg?w=1200&#038;ssl=1\"><br \/><img data-recalc-dims=\"1\" decoding=\"async\" src=\"https:\/\/i0.wp.com\/ae01.alicdn.com\/kf\/Hdae16896ec3544cda724af5d6771f6e7j.jpg?w=1200&#038;ssl=1\"><br \/><img data-recalc-dims=\"1\" decoding=\"async\" src=\"https:\/\/i0.wp.com\/ae01.alicdn.com\/kf\/Hfa581b6d0a2c4672a79cf583fcd5789ci.jpg?w=1200&#038;ssl=1\"><br \/><img data-recalc-dims=\"1\" decoding=\"async\" src=\"https:\/\/i0.wp.com\/ae01.alicdn.com\/kf\/H4f58e4cd44f54cd79df415f6262f0a3cG.jpg?w=1200&#038;ssl=1\"><br \/><img data-recalc-dims=\"1\" decoding=\"async\" src=\"https:\/\/i0.wp.com\/ae01.alicdn.com\/kf\/Sa223d62dd15f4a8d87bd9368ed438bf0k.jpg?w=1200&#038;ssl=1\"><img data-recalc-dims=\"1\" decoding=\"async\" src=\"https:\/\/i0.wp.com\/ae01.alicdn.com\/kf\/Sdd2066c51347460c8dad9b0376c76a40W.jpg?w=1200&#038;ssl=1\"><img data-recalc-dims=\"1\" decoding=\"async\" src=\"https:\/\/i0.wp.com\/ae01.alicdn.com\/kf\/S8c9ab5561606408d8bcdab650f70546cp.jpg?w=1200&#038;ssl=1\"><img data-recalc-dims=\"1\" decoding=\"async\" src=\"https:\/\/i0.wp.com\/ae01.alicdn.com\/kf\/Sa05de50a9324432db6f1354b397ba72ac.jpg?w=1200&#038;ssl=1\"><img data-recalc-dims=\"1\" decoding=\"async\" src=\"https:\/\/i0.wp.com\/ae01.alicdn.com\/kf\/S22de9a020abc4e4fa063f8018120fb31Z.jpg?w=1200&#038;ssl=1\"><img data-recalc-dims=\"1\" decoding=\"async\" src=\"https:\/\/i0.wp.com\/ae01.alicdn.com\/kf\/S4d46a71ae4e34da08e5c09383c29b68da.jpg?w=1200&#038;ssl=1\"><img data-recalc-dims=\"1\" decoding=\"async\" src=\"https:\/\/i0.wp.com\/ae01.alicdn.com\/kf\/Sf8b190c9f9964fb7861e6b064a3020aft.jpg?w=1200&#038;ssl=1\"><img data-recalc-dims=\"1\" decoding=\"async\" src=\"https:\/\/i0.wp.com\/ae01.alicdn.com\/kf\/S183a65e73d464e41973186b6437ed054C.jpg?w=1200&#038;ssl=1\"><img data-recalc-dims=\"1\" decoding=\"async\" src=\"https:\/\/i0.wp.com\/ae01.alicdn.com\/kf\/S001844d84c81456491431327ea86af90t.jpg?w=1200&#038;ssl=1\"><img data-recalc-dims=\"1\" decoding=\"async\" src=\"https:\/\/i0.wp.com\/ae01.alicdn.com\/kf\/S4be235fc3bcc4332934bc456fa6a3586J.jpg?w=1200&#038;ssl=1\"><img data-recalc-dims=\"1\" decoding=\"async\" src=\"https:\/\/i0.wp.com\/ae01.alicdn.com\/kf\/S5f80f93cc19c417587793eda463ddf56T.jpg?w=1200&#038;ssl=1\"><br \/><img data-recalc-dims=\"1\" decoding=\"async\" src=\"https:\/\/i0.wp.com\/ae01.alicdn.com\/kf\/H7680f79b94124e20b285a47e7537953dr.jpg?w=1200&#038;ssl=1\"><br \/><img data-recalc-dims=\"1\" decoding=\"async\" style=\"width:800px\"  src=\"https:\/\/i0.wp.com\/ae01.alicdn.com\/kf\/H3ad947fffd574f3781190dadc074ba5c7.jpg?w=1200&#038;ssl=1\"><\/p>\n<h2 style=\", sans-serif;font-size:20px;font-weight:500;letter-spacing:normal;line-height:30px;text-align:start;white-space:normal;border-bottom:0px;border-left:0px;border-right:0px;border-top:0px;margin:0px 0px 0.75em;margin-bottom:0.75em;margin-top:0px;margin-left:0px;margin-right:0px;padding:0px;padding-bottom:0px;padding-top:0px;padding-left:0px;padding-right:0px\" align=\"start\"><span style=\", Times, serif\">Envio:<\/span><\/h2>\n<p style=\", sans-serif;font-size:14px;font-weight:400;letter-spacing:normal;line-height:inherit;text-align:start;white-space:normal;border-bottom:0px;border-left:0px;border-right:0px;border-top:0px;margin:0px;margin-bottom:0px;margin-top:0px;margin-left:0px;margin-right:0px;padding:0px;padding-bottom:0px;padding-top:0px;padding-left:0px;padding-right:0px\" align=\"start\"><span style=\", Times, serif\">1.Enviamos para todo o mundo, exceto algumas \u00e1reas remotas.<\/span><\/p>\n<p style=\", sans-serif;font-size:14px;font-weight:400;letter-spacing:normal;line-height:inherit;text-align:start;white-space:normal;border-bottom:0px;border-left:0px;border-right:0px;border-top:0px;margin:0px;margin-bottom:0px;margin-top:0px;margin-left:0px;margin-right:0px;padding:0px;padding-bottom:0px;padding-top:0px;padding-left:0px;padding-right:0px\" align=\"start\"><span style=\", Times, serif\">2.Pedidos processados dentro de 24 a 48 horas ap\u00f3s a verifica\u00e7\u00e3o do pagamento.<\/span><\/p>\n<p style=\", sans-serif;font-size:14px;font-weight:400;letter-spacing:normal;line-height:inherit;text-align:start;white-space:normal;border-bottom:0px;border-left:0px;border-right:0px;border-top:0px;margin:0px;margin-bottom:0px;margin-top:0px;margin-left:0px;margin-right:0px;padding:0px;padding-bottom:0px;padding-top:0px;padding-left:0px;padding-right:0px\" align=\"start\"><span style=\", Times, serif\">3.Antes de comprar, verifique se seu endere\u00e7o est\u00e1 correto.Ou n\u00e3o, corrija antes do pagamento.<\/span><\/p>\n<p style=\", sans-serif;font-size:14px;font-weight:400;letter-spacing:normal;line-height:inherit;text-align:start;white-space:normal;border-bottom:0px;border-left:0px;border-right:0px;border-top:0px;margin:0px;margin-bottom:0px;margin-top:0px;margin-left:0px;margin-right:0px;padding:0px;padding-bottom:0px;padding-top:0px;padding-left:0px;padding-right:0px\" align=\"start\"><span style=\", Times, serif\">4.Se voc\u00ea n\u00e3o recebeu sua remessa dentro de 30 dias ap\u00f3s o pagamento, entre em contato conosco.Rastrearemos o envio e entraremos em contato com voc\u00ea o mais breve poss\u00edvel<\/span><\/p>\n<p style=\", sans-serif;font-size:14px;font-weight:400;letter-spacing:normal;line-height:inherit;text-align:start;white-space:normal;border-bottom:0px;border-left:0px;border-right:0px;border-top:0px;margin:0px;margin-bottom:0px;margin-top:0px;margin-left:0px;margin-right:0px;padding:0px;padding-bottom:0px;padding-top:0px;padding-left:0px;padding-right:0px\" align=\"start\"><span style=\", Times, serif\">o mais poss\u00edvel com uma resposta.Nosso objetivo \u00e9 a satisfa\u00e7\u00e3o do cliente!<\/span><\/p>\n<p style=\", sans-serif;font-size:14px;font-weight:400;letter-spacing:normal;line-height:inherit;text-align:start;white-space:normal;border-bottom:0px;border-left:0px;border-right:0px;border-top:0px;margin:0px;margin-bottom:0px;margin-top:0px;margin-left:0px;margin-right:0px;padding:0px;padding-bottom:0px;padding-top:0px;padding-left:0px;padding-right:0px\" align=\"start\"><span style=\", Times, serif\">5.Devido ao status do estoque e \u00e0s diferen\u00e7as de hor\u00e1rio, optaremos por enviar seu item do nosso primeiro armaz\u00e9m dispon\u00edvel para entrega r\u00e1pida.<\/span><\/p>\n<h2 style=\", sans-serif;font-size:20px;font-weight:500;letter-spacing:normal;line-height:30px;text-align:start;white-space:normal;border-bottom:0px;border-left:0px;border-right:0px;border-top:0px;margin:0px 0px 0.75em;margin-bottom:0.75em;margin-top:0px;margin-left:0px;margin-right:0px;padding:0px;padding-bottom:0px;padding-top:0px;padding-left:0px;padding-right:0px\" align=\"start\"><span style=\", Times, serif\">Pagamento:<\/span><\/h2>\n<p style=\", sans-serif;font-size:14px;font-weight:400;letter-spacing:normal;line-height:inherit;text-align:start;white-space:normal;border-bottom:0px;border-left:0px;border-right:0px;border-top:0px;margin:0px;margin-bottom:0px;margin-top:0px;margin-left:0px;margin-right:0px;padding:0px;padding-bottom:0px;padding-top:0px;padding-left:0px;padding-right:0px\" align=\"start\"><span style=\", Times, serif\">1.Aceitamos Alipay.Todos os principais cart\u00f5es de cr\u00e9dito s\u00e3o aceitos atrav\u00e9s do COMPROMISSO seguro do processador de pagamento.<\/span><\/p>\n<p style=\", sans-serif;font-size:14px;font-weight:400;letter-spacing:normal;line-height:inherit;text-align:start;white-space:normal;border-bottom:0px;border-left:0px;border-right:0px;border-top:0px;margin:0px;margin-bottom:0px;margin-top:0px;margin-left:0px;margin-right:0px;padding:0px;padding-bottom:0px;padding-top:0px;padding-left:0px;padding-right:0px\" align=\"start\"><span style=\", Times, serif\">2.O pagamento deve ser feito dentro de 3 dias ap\u00f3s o pedido.<\/span><\/p>\n<p style=\", sans-serif;font-size:14px;font-weight:400;letter-spacing:normal;line-height:inherit;text-align:start;white-space:normal;border-bottom:0px;border-left:0px;border-right:0px;border-top:0px;margin:0px;margin-bottom:0px;margin-top:0px;margin-left:0px;margin-right:0px;padding:0px;padding-bottom:0px;padding-top:0px;padding-left:0px;padding-right:0px\" align=\"start\"><span style=\", Times, serif\">3.Se voc\u00ea puder finalizar a compra imediatamente ap\u00f3s o t\u00e9rmino do leil\u00e3o, aguarde alguns minutos e o novo pagamento de teste dever\u00e1 ser conclu\u00eddo dentro de 3 dias.<\/span><\/p>\n<h2 style=\", sans-serif;font-size:20px;font-weight:500;letter-spacing:normal;line-height:30px;text-align:start;white-space:normal;border-bottom:0px;border-left:0px;border-right:0px;border-top:0px;margin:0px 0px 0.75em;margin-bottom:0.75em;margin-top:0px;margin-left:0px;margin-right:0px;padding:0px;padding-bottom:0px;padding-top:0px;padding-left:0px;padding-right:0px\" align=\"start\"><span style=\", Times, serif\">Garantia:<\/span><\/h2>\n<p style=\", sans-serif;font-size:14px;font-weight:400;letter-spacing:normal;line-height:inherit;text-align:start;white-space:normal;border-bottom:0px;border-left:0px;border-right:0px;border-top:0px;margin:0px;margin-bottom:0px;margin-top:0px;margin-left:0px;margin-right:0px;padding:0px;padding-bottom:0px;padding-top:0px;padding-left:0px;padding-right:0px\" align=\"start\"><span style=\", Times, serif\">1.12 meses de garantia do fabricante.Compre com confian\u00e7a!<\/span><\/p>\n<p style=\", sans-serif;font-size:14px;font-weight:400;letter-spacing:normal;line-height:inherit;text-align:start;white-space:normal;border-bottom:0px;border-left:0px;border-right:0px;border-top:0px;margin:0px;margin-bottom:0px;margin-top:0px;margin-left:0px;margin-right:0px;padding:0px;padding-bottom:0px;padding-top:0px;padding-left:0px;padding-right:0px\" align=\"start\"><span style=\", Times, serif\">2.Se voc\u00ea n\u00e3o ficar satisfeito ao receber seu item, devolva-o dentro de 30 dias para substitui\u00e7\u00e3o ou devolu\u00e7\u00e3o do dinheiro.Entre em contato comigo antes de devolv\u00ea-lo.<\/span><\/p>\n<p style=\", sans-serif;font-size:14px;font-weight:400;letter-spacing:normal;line-height:inherit;text-align:start;white-space:normal;border-bottom:0px;border-left:0px;border-right:0px;border-top:0px;margin:0px;margin-bottom:0px;margin-top:0px;margin-left:0px;margin-right:0px;padding:0px;padding-bottom:0px;padding-top:0px;padding-left:0px;padding-right:0px\" align=\"start\"><span style=\", Times, serif\">3.Itens defeituosos DEVEM SER relatados e devolvidos dentro do per\u00edodo de garantia (e na embalagem original, se poss\u00edvel).Voc\u00ea deve nos informar qual \u00e9 o defeito e nos fornecer o n\u00famero do seu pedido.<\/span><\/p>\n<p style=\", sans-serif;font-size:14px;font-weight:400;letter-spacing:normal;line-height:inherit;text-align:start;white-space:normal;border-bottom:0px;border-left:0px;border-right:0px;border-top:0px;margin:0px;margin-bottom:0px;margin-top:0px;margin-left:0px;margin-right:0px;padding:0px;padding-bottom:0px;padding-top:0px;padding-left:0px;padding-right:0px\" align=\"start\"><span style=\", Times, serif\">4.O frete de devolu\u00e7\u00e3o ser\u00e1 pago pelo Comprador.<\/p>\n<p>Obrigado pela sua coopera\u00e7\u00e3o.<\/span><\/p>\n<div>&nbsp;<\/div>\n<\/div>\n<\/div>\n<p><\/p>\n<\/div>\n<\/div>\n","protected":false},"excerpt":{"rendered":"<p>Caro comprador: -Garantimos que todos os produtos da nossa loja sejam de alta qualidade. -E fornecer um servi\u00e7o p\u00f3s-venda perfeito. -Tenha certeza de comprar! Capas de espelho de alta qualidadeAjuste perfeitoNome da marca: StplrgecpPlug &amp; PlayPe\u00e7as de reposi\u00e7\u00e3o reais!!!Definir esquerda + direitaD\u00ea uma atualiza\u00e7\u00e3o ao seu carro e obtenha o visual S realEssas tampas s\u00e3o&hellip;&nbsp;<\/p>\n","protected":false},"featured_media":29921,"template":"","meta":{"neve_meta_sidebar":"","neve_meta_container":"","neve_meta_enable_content_width":"","neve_meta_content_width":0,"neve_meta_title_alignment":"","neve_meta_author_avatar":"","neve_post_elements_order":"","neve_meta_disable_header":"","neve_meta_disable_footer":"","neve_meta_disable_title":""},"product_brand":[],"product_cat":[17,24,74],"product_tag":[],"class_list":{"0":"post-29927","1":"product","2":"type-product","3":"status-publish","4":"has-post-thumbnail","6":"product_cat-pecas-e-acessorios-automotivos","7":"product_cat-pecas-externas","8":"product_cat-retrovisores-e-capas","10":"first","11":"instock","12":"shipping-taxable","13":"purchasable","14":"product-type-variable","15":"has-default-attributes"},"jetpack_sharing_enabled":true,"_links":{"self":[{"href":"https:\/\/listman.shop\/autoparts-br\/wp-json\/wp\/v2\/product\/29927","targetHints":{"allow":["GET"]}}],"collection":[{"href":"https:\/\/listman.shop\/autoparts-br\/wp-json\/wp\/v2\/product"}],"about":[{"href":"https:\/\/listman.shop\/autoparts-br\/wp-json\/wp\/v2\/types\/product"}],"wp:featuredmedia":[{"embeddable":true,"href":"https:\/\/listman.shop\/autoparts-br\/wp-json\/wp\/v2\/media\/29921"}],"wp:attachment":[{"href":"https:\/\/listman.shop\/autoparts-br\/wp-json\/wp\/v2\/media?parent=29927"}],"wp:term":[{"taxonomy":"product_brand","embeddable":true,"href":"https:\/\/listman.shop\/autoparts-br\/wp-json\/wp\/v2\/product_brand?post=29927"},{"taxonomy":"product_cat","embeddable":true,"href":"https:\/\/listman.shop\/autoparts-br\/wp-json\/wp\/v2\/product_cat?post=29927"},{"taxonomy":"product_tag","embeddable":true,"href":"https:\/\/listman.shop\/autoparts-br\/wp-json\/wp\/v2\/product_tag?post=29927"}],"curies":[{"name":"wp","href":"https:\/\/api.w.org\/{rel}","templated":true}]}}