{"id":29952,"date":"2025-03-10T15:02:50","date_gmt":"2025-03-10T06:02:50","guid":{"rendered":"https:\/\/listman.shop\/autoparts-br\/product\/1005006878369846\/"},"modified":"2026-05-04T22:08:07","modified_gmt":"2026-05-04T13:08:07","slug":"1005006878369846","status":"publish","type":"product","link":"https:\/\/listman.shop\/autoparts-br\/product\/1005006878369846\/","title":{"rendered":"Grades de para-choque dianteiro de carro, preto brilhante, para bmw e90 e91 s\u00e9rie 3 323i 328i 335i 330i 325i 05-08, grade abs, acess\u00f3rios de corrida"},"content":{"rendered":"<div class=\"detailmodule_html\">\n<div class=\"detail-desc-decorate-richtext\">\n<div class=\"detailmodule_html\">\n<div class=\"detail-desc-decorate-richtext\">\n<div>\n<div>\n<p><strong><span style=\"font-size:18px\">Caracter\u00edstica:<\/span><\/strong><\/p>\n<p><span style=\"font-size:18px\">1.100% novo e de alta qualidade.<\/span><\/p>\n<p><span style=\"font-size:18px\">2.H\u00e1 um par de grades nos lados esquerdo e direito.<\/span><\/p>\n<p><span style=\"font-size:18px\">3.Instala\u00e7\u00e3o perfeita, pe\u00e7as antigas podem ser removidas e substitu\u00eddas sem modifica\u00e7\u00e3o.<\/span><\/p>\n<p><span style=\"font-size:18px\">4. Substitui\u00e7\u00e3o direta.<\/span><\/p>\n<p><span style=\"font-size:18px\">5.F\u00e1cil instala\u00e7\u00e3o e uso dur\u00e1vel.<\/span><\/p>\n<p><span style=\"font-size:18px\">6.Conector correto Sem corte ou emenda.<\/span><\/p>\n<p><span style=\"font-size:18px\">7. Melhore a apar\u00eancia do seu ve\u00edculo<\/span><\/p>\n<p><strong><span style=\"font-size:18px\">Especifica\u00e7\u00e3o:<\/span><\/strong><\/p>\n<p><span style=\"font-size:18px\">Cor: preto fosco preto brilhante<\/span><\/p>\n<p><span style=\"font-size:18px\">Meterial: ABS<\/span><\/p>\n<p><span style=\"font-size:18px\">Quantidade: 1 par (lado esquerdo e direito)<\/span><\/p>\n<p><strong><span style=\"font-size:18px\">Modelo de carro: para BMW S\u00e9rie 3 E90 E91 05-08<\/p>\n<p>Nota:<br \/>Porque o alum\u00ednio da estrutura da carroceria de alguns modelos de autom\u00f3veis causa expans\u00e3o t\u00e9rmica, portanto a instala\u00e7\u00e3o do orif\u00edcio do parafuso n\u00e3o pode ser totalmente instalada.<br \/>M\u00e9todo de solu\u00e7\u00e3o: remova o revestimento interno da faixa decorativa original do carro e instale-o em uma nova faixa decorativa. (Como mostrado na imagem)<\/span><\/strong><br \/><img data-recalc-dims=\"1\" decoding=\"async\" src=\"https:\/\/i0.wp.com\/ae01.alicdn.com\/kf\/S734850ef9e01471ab2049236f0fedb8aX.jpg?w=1200&#038;ssl=1\"><\/p>\n<p><img data-recalc-dims=\"1\" decoding=\"async\" src=\"https:\/\/i0.wp.com\/ae01.alicdn.com\/kf\/Seff06b0427e6477db7f53fd89bc0c39ce.jpg?w=1200&#038;ssl=1\"><img data-recalc-dims=\"1\" decoding=\"async\" src=\"https:\/\/i0.wp.com\/ae01.alicdn.com\/kf\/S9d00016afbe94c668aec8f929837c5f6W.jpg?w=1200&#038;ssl=1\"><img data-recalc-dims=\"1\" decoding=\"async\" src=\"https:\/\/i0.wp.com\/ae01.alicdn.com\/kf\/S35f34c2c785f4cbb8830f3dda578b435y.jpg?w=1200&#038;ssl=1\"><img data-recalc-dims=\"1\" decoding=\"async\" src=\"https:\/\/i0.wp.com\/ae01.alicdn.com\/kf\/S9c925cd17ce84eef886097eaf2903580U.jpg?w=1200&#038;ssl=1\"><img data-recalc-dims=\"1\" decoding=\"async\" src=\"https:\/\/i0.wp.com\/ae01.alicdn.com\/kf\/S8324bba666da45bdae0661305290b237X.jpg?w=1200&#038;ssl=1\"><\/p>\n<\/div>\n<\/div>\n<\/div>\n<\/div>\n<\/div>\n<\/div>\n","protected":false},"excerpt":{"rendered":"<p>Caracter\u00edstica: 1.100% novo e de alta qualidade. 2.H\u00e1 um par de grades nos lados esquerdo e direito. 3.Instala\u00e7\u00e3o perfeita, pe\u00e7as antigas podem ser removidas e substitu\u00eddas sem modifica\u00e7\u00e3o. 4. Substitui\u00e7\u00e3o direta. 5.F\u00e1cil instala\u00e7\u00e3o e uso dur\u00e1vel. 6.Conector correto Sem corte ou emenda. 7. Melhore a apar\u00eancia do seu ve\u00edculo Especifica\u00e7\u00e3o: Cor: preto fosco preto brilhante&hellip;&nbsp;<\/p>\n","protected":false},"featured_media":29946,"template":"","meta":{"neve_meta_sidebar":"","neve_meta_container":"","neve_meta_enable_content_width":"","neve_meta_content_width":0,"neve_meta_title_alignment":"","neve_meta_author_avatar":"","neve_post_elements_order":"","neve_meta_disable_header":"","neve_meta_disable_footer":"","neve_meta_disable_title":""},"product_brand":[],"product_cat":[98,17,24],"product_tag":[],"class_list":{"0":"post-29952","1":"product","2":"type-product","3":"status-publish","4":"has-post-thumbnail","6":"product_cat-grades-frontais-para-corrida","7":"product_cat-pecas-e-acessorios-automotivos","8":"product_cat-pecas-externas","10":"first","11":"instock","12":"shipping-taxable","13":"purchasable","14":"product-type-variable","15":"has-default-attributes"},"jetpack_sharing_enabled":true,"_links":{"self":[{"href":"https:\/\/listman.shop\/autoparts-br\/wp-json\/wp\/v2\/product\/29952","targetHints":{"allow":["GET"]}}],"collection":[{"href":"https:\/\/listman.shop\/autoparts-br\/wp-json\/wp\/v2\/product"}],"about":[{"href":"https:\/\/listman.shop\/autoparts-br\/wp-json\/wp\/v2\/types\/product"}],"wp:featuredmedia":[{"embeddable":true,"href":"https:\/\/listman.shop\/autoparts-br\/wp-json\/wp\/v2\/media\/29946"}],"wp:attachment":[{"href":"https:\/\/listman.shop\/autoparts-br\/wp-json\/wp\/v2\/media?parent=29952"}],"wp:term":[{"taxonomy":"product_brand","embeddable":true,"href":"https:\/\/listman.shop\/autoparts-br\/wp-json\/wp\/v2\/product_brand?post=29952"},{"taxonomy":"product_cat","embeddable":true,"href":"https:\/\/listman.shop\/autoparts-br\/wp-json\/wp\/v2\/product_cat?post=29952"},{"taxonomy":"product_tag","embeddable":true,"href":"https:\/\/listman.shop\/autoparts-br\/wp-json\/wp\/v2\/product_tag?post=29952"}],"curies":[{"name":"wp","href":"https:\/\/api.w.org\/{rel}","templated":true}]}}