{"id":29970,"date":"2025-03-10T15:09:01","date_gmt":"2025-03-10T06:09:01","guid":{"rendered":"https:\/\/listman.shop\/autoparts-br\/product\/1005006911244832\/"},"modified":"2026-05-04T22:16:13","modified_gmt":"2026-05-04T13:16:13","slug":"1005006911244832","status":"publish","type":"product","link":"https:\/\/listman.shop\/autoparts-br\/product\/1005006911244832\/","title":{"rendered":"MANIJA DE PORTA EXTERIOR PARA HONDA ACCORD 1994-1997 EURO TIPO"},"content":{"rendered":"<div class=\"detailmodule_html\">\n<div class=\"detail-desc-decorate-richtext\">\n<p><img data-recalc-dims=\"1\" decoding=\"async\" src=\"https:\/\/i0.wp.com\/ae01.alicdn.com\/kf\/S2445bd17441c48e3b7b718c41c60f2307.jpg?w=1200&#038;ssl=1\"><img data-recalc-dims=\"1\" decoding=\"async\" src=\"https:\/\/i0.wp.com\/ae01.alicdn.com\/kf\/S59fbe2a6b9e24045b4f4339054313c933.jpg?w=1200&#038;ssl=1\"><\/p>\n<div class=\"detailmodule_text\">\n<p>1.100% novo, de alta qualidade!<\/p>\n<\/div>\n<div class=\"detailmodule_text\">\n<p>2.F\u00e1cil instala\u00e7\u00e3o, ajuste direto.<\/p>\n<\/div>\n<div class=\"detailmodule_text\">\n<p>3.Mais requisitos de acabamento, mais ajuste ao carro, bonito e pr\u00e1tico.<\/p>\n<\/div>\n<div class=\"detailmodule_text\">\n<p>4.Tinta anti-riscos e anti-frotamento.<\/p>\n<\/div>\n<div class=\"detailmodule_text\">\n<p>(A compatibilidade \u00e9 apenas para refer\u00eancia.Por favor compare com o seu antes de comprar!)<\/p>\n<\/div>\n<div class=\"detailmodule_text\">\n<p>Nota:<\/p>\n<\/div>\n<div class=\"detailmodule_text\">\n<p>Disparo leve e displays diferentes podem fazer com que a cor do item na imagem seja um pouco diferente da coisa real.O erro de medi\u00e7\u00e3o permitido \u00e9 de +\/- 1-3cm.<\/p>\n<\/div>\n<div class=\"detailmodule_text\">\n<p>Se voc\u00ea tiver alguma d\u00favida, entre em contato conosco primeiro.<\/p>\n<\/div>\n<div class=\"detailmodule_text\">\n<p>Sobre n\u00f3s:<\/p>\n<\/div>\n<div class=\"detailmodule_text\">\n<p>Geralmente enviamos dentro de 2 dias \u00fateis ap\u00f3s o pagamento.<\/p>\n<\/div>\n<div class=\"detailmodule_text\">\n<p>SJ Auto \u00e9 uma empresa especializada na venda de autope\u00e7as e com\u00e9rcio eletr\u00f4nico.<\/p>\n<\/div>\n<div class=\"detailmodule_text\">\n<p>Temos mais de 10 anos de experi\u00eancia atendendo \u00e0 ind\u00fastria automotiva e moto.<\/p>\n<\/div>\n<div class=\"detailmodule_text\">\n<p>Sua satisfa\u00e7\u00e3o \u00e9 nossa busca. Sua confian\u00e7a nos levar\u00e1 ao sucesso.<\/p>\n<\/div>\n<p><\/p>\n<\/div>\n<\/div>\n","protected":false},"excerpt":{"rendered":"<p>1.100% novo, de alta qualidade! 2.F\u00e1cil instala\u00e7\u00e3o, ajuste direto. 3.Mais requisitos de acabamento, mais ajuste ao carro, bonito e pr\u00e1tico. 4.Tinta anti-riscos e anti-frotamento. (A compatibilidade \u00e9 apenas para refer\u00eancia.Por favor compare com o seu antes de comprar!) Nota: Disparo leve e displays diferentes podem fazer com que a cor do item na imagem seja&hellip;&nbsp;<\/p>\n","protected":false},"featured_media":29964,"template":"","meta":{"neve_meta_sidebar":"","neve_meta_container":"","neve_meta_enable_content_width":"","neve_meta_content_width":0,"neve_meta_title_alignment":"","neve_meta_author_avatar":"","neve_post_elements_order":"","neve_meta_disable_header":"","neve_meta_disable_footer":"","neve_meta_disable_title":""},"product_brand":[],"product_cat":[124,17,24],"product_tag":[],"class_list":{"0":"post-29970","1":"product","2":"type-product","3":"status-publish","4":"has-post-thumbnail","6":"product_cat-macanetas-de-portas-exteriores","7":"product_cat-pecas-e-acessorios-automotivos","8":"product_cat-pecas-externas","10":"first","11":"instock","12":"shipping-taxable","13":"purchasable","14":"product-type-variable","15":"has-default-attributes"},"jetpack_sharing_enabled":true,"_links":{"self":[{"href":"https:\/\/listman.shop\/autoparts-br\/wp-json\/wp\/v2\/product\/29970","targetHints":{"allow":["GET"]}}],"collection":[{"href":"https:\/\/listman.shop\/autoparts-br\/wp-json\/wp\/v2\/product"}],"about":[{"href":"https:\/\/listman.shop\/autoparts-br\/wp-json\/wp\/v2\/types\/product"}],"wp:featuredmedia":[{"embeddable":true,"href":"https:\/\/listman.shop\/autoparts-br\/wp-json\/wp\/v2\/media\/29964"}],"wp:attachment":[{"href":"https:\/\/listman.shop\/autoparts-br\/wp-json\/wp\/v2\/media?parent=29970"}],"wp:term":[{"taxonomy":"product_brand","embeddable":true,"href":"https:\/\/listman.shop\/autoparts-br\/wp-json\/wp\/v2\/product_brand?post=29970"},{"taxonomy":"product_cat","embeddable":true,"href":"https:\/\/listman.shop\/autoparts-br\/wp-json\/wp\/v2\/product_cat?post=29970"},{"taxonomy":"product_tag","embeddable":true,"href":"https:\/\/listman.shop\/autoparts-br\/wp-json\/wp\/v2\/product_tag?post=29970"}],"curies":[{"name":"wp","href":"https:\/\/api.w.org\/{rel}","templated":true}]}}