{"id":30017,"date":"2025-03-10T15:20:07","date_gmt":"2025-03-10T06:20:07","guid":{"rendered":"https:\/\/listman.shop\/autoparts-br\/product\/1005007067110535\/"},"modified":"2026-05-04T23:26:06","modified_gmt":"2026-05-04T14:26:06","slug":"1005007067110535","status":"publish","type":"product","link":"https:\/\/listman.shop\/autoparts-br\/product\/1005007067110535\/","title":{"rendered":"812301 Y010 porta traseira do carro tronco trava tampa bloqueio controlador do atuador de libera\u00e7\u00e3o para kia picanto manh\u00e3 2011-2017"},"content":{"rendered":"<div class=\"detailmodule_html\">\n<div class=\"detail-desc-decorate-richtext\">\n<div class=\"detailmodule_html\">\n<div class=\"detail-desc-decorate-richtext\">\n<p style=\"margin-bottom:9pt;margin-top:0pt\" class=\"16\"><span><strong><span style=\"font-size:15pt\"><span style=\"font-family:OpenSans\"><span><span id=\"tl_1\">Aten&ccedil;&atilde;o:<\/span><\/span><\/span><\/span><\/strong><\/span><\/p>\n<p style=\"margin-bottom:9pt;margin-top:0pt\" class=\"15\"><span><span><span style=\"font-size:10.5pt\"><span style=\"font-family:OpenSans\"><span id=\"tl_2\">Para evitar problemas desnecess&aacute;rios entre n&oacute;s, confirme se o item cabe no seu carro quando voc&ecirc; estiver comprando!Se voc&ecirc; n&atilde;o tiver certeza, diga-me o n&uacute;mero da pe&ccedil;a ou envie-me algumas fotos, de acordo com a regra do Aliexpress, se os clientes comprarem o item errado, os clientes precisar&atilde;o devolver o item e pagar o custo de envio pela devolu&ccedil;&atilde;o e reenviar, obrigado! <\/p>\n<p><\/span><\/span><\/span><\/span><\/span><img data-recalc-dims=\"1\" decoding=\"async\" src=\"https:\/\/i0.wp.com\/ae01.alicdn.com\/kf\/S04558d474e8c4ee3a4ea1fb10bbd0af4v.jpg?w=1200&#038;ssl=1\" \/><span><span><span style=\"font-size:10.5pt\"><span style=\"font-family:OpenSans\"><\/p>\n<p><\/span><\/span><\/span><\/span><span><span><span style=\"font-size:10.5pt\"><span style=\"font-family:OpenSans\"><span><span style=\"font-size:18px\"><span id=\"tl_3\">Somos uma f&aacute;brica comercial com 20 anos de experi&ecirc;ncia.Nossa empresa fornece acess&oacute;rios para a maioria dos modelos de carros do mercado.Caso n&atilde;o encontre os acess&oacute;rios que necessita, entre em contato conosco.Ofereceremos produtos da melhor qualidade e pre&ccedil;o.<\/span><\/span><\/span><\/span><\/span><\/span><\/span><\/p>\n<p style=\"text-align:left;margin:0px;margin-bottom:0px;margin-top:0px;margin-left:0px;margin-right:0px\" align=\"left\" id=\"tl_4\"><img data-recalc-dims=\"1\" decoding=\"async\" src=\"https:\/\/i0.wp.com\/ae01.alicdn.com\/kf\/S68fb96b2ce2d40dd90d133ed4ed19260E.jpg?w=1200&#038;ssl=1\" \/> <\/p>\n<p>Descri&ccedil;&atilde;o <br \/>Item de relat&oacute;rio\/atividade suspeita <br \/>Caracter&iacute;sticas: 100% novo, nunca foi usado. <br \/>F&aacute;cil de instalar e dur&aacute;vel em uso. <br \/>&Oacute;tima qualidade e &oacute;timo ajuste.Substitui&ccedil;&atilde;o direta <br \/>Conector correto sem cortar ou emendar. <br \/>Rigorosos padr&otilde;es de controle de qualidade para construir e testar. <\/p>\n<p>Especifica&ccedil;&atilde;o: <br \/>Tipo de item: atuador de bloqueio da tampa da trava do porta-malas <br \/>N&uacute;mero da pe&ccedil;a: 81230-1Y010 <br \/>Montagem: para kia picanto morning 2011-2017 <br \/>cor: preto <br \/>Material: Metal <\/p>\n<p>Conte&uacute;do do pacote: <br \/>1 x atuador de bloqueio da tampa da trava do porta-malas <\/p>\n<p>Apenas o conte&uacute;do do pacote acima, outros produtos n&atilde;o est&atilde;o inclu&iacute;dos. <br \/>Nota: Disparo leve e displays diferentes podem fazer com que a cor do item na imagem seja um pouco diferente da coisa real.O erro de medi&ccedil;&atilde;o permitido &eacute; de +\/- 1-3cm <\/p>\n<p> <img data-recalc-dims=\"1\" decoding=\"async\" src=\"https:\/\/i0.wp.com\/ae01.alicdn.com\/kf\/Sa9464bf34f724a0cb348e9469c2bcb8dk.jpg?w=1200&#038;ssl=1\" \/> <\/p>\n<p> <img data-recalc-dims=\"1\" decoding=\"async\" src=\"https:\/\/i0.wp.com\/ae01.alicdn.com\/kf\/Sfb4482dd7dc2424896374f2781ac6034g.jpg?w=1200&#038;ssl=1\" \/> <img data-recalc-dims=\"1\" decoding=\"async\" src=\"https:\/\/i0.wp.com\/ae01.alicdn.com\/kf\/Sc9a84808c32d47c5827b3423db222735I.jpg?w=1200&#038;ssl=1\" \/> <img data-recalc-dims=\"1\" decoding=\"async\" src=\"https:\/\/i0.wp.com\/ae01.alicdn.com\/kf\/S230549e9a202447184f384011d4a87ae9.jpg?w=1200&#038;ssl=1\" \/> <img data-recalc-dims=\"1\" decoding=\"async\" src=\"https:\/\/i0.wp.com\/ae01.alicdn.com\/kf\/Seb303bc14eb14fee9ea68509c41e2b25t.jpg?w=1200&#038;ssl=1\" \/> <img data-recalc-dims=\"1\" decoding=\"async\" src=\"https:\/\/i0.wp.com\/ae01.alicdn.com\/kf\/S24d966169a834714bf89975db924f84bN.jpg?w=1200&#038;ssl=1\" \/> <img data-recalc-dims=\"1\" decoding=\"async\" src=\"https:\/\/i0.wp.com\/ae01.alicdn.com\/kf\/S460bc932ecb14efa923ae3d35b22b0f2m.jpg?w=1200&#038;ssl=1\" \/> <\/p>\n<p> <img data-recalc-dims=\"1\" decoding=\"async\" src=\"https:\/\/i0.wp.com\/ae01.alicdn.com\/kf\/S99505eec99e74a2f83a169eb2b332b196.jpg?w=1200&#038;ssl=1\" \/> <br \/> <img data-recalc-dims=\"1\" decoding=\"async\" src=\"https:\/\/i0.wp.com\/ae01.alicdn.com\/kf\/Sa6a2df90e85b48509ad904224cb540fak.jpg?w=1200&#038;ssl=1\" \/><\/p>\n<p style=\"font-size:16px;font-weight:400;letter-spacing:normal;text-align:start;white-space:pre-wrap;margin:0px 0px 1.25em;margin-bottom:1.25em;margin-top:0px;margin-left:0px;margin-right:0px\" align=\"start\" id=\"tl_5\">P: Quais pe&ccedil;as automotivas voc&ecirc; fornece?<\/p>\n<p style=\"font-size:16px;font-weight:400;letter-spacing:normal;text-align:start;white-space:pre-wrap;margin:1.25em 0px;margin-bottom:1.25em;margin-top:1.25em;margin-left:0px;margin-right:0px\" align=\"start\" id=\"tl_6\">R: Fornecemos v&aacute;rios tipos de pe&ccedil;as automotivas, como componentes de motor, componentes de chassi, componentes eletr&ocirc;nicos de inje&ccedil;&atilde;o de combust&iacute;vel, sistemas de transmiss&atilde;o de ve&iacute;culos, filtros automotivos, componentes de pastilhas de freio e muito mais.<\/p>\n<p style=\"font-size:16px;font-weight:400;letter-spacing:normal;text-align:start;white-space:pre-wrap;margin:1.25em 0px;margin-bottom:1.25em;margin-top:1.25em;margin-left:0px;margin-right:0px\" align=\"start\" id=\"tl_7\">P: Seus produtos s&atilde;o usados globalmente?<\/p>\n<p style=\"font-size:16px;font-weight:400;letter-spacing:normal;text-align:start;white-space:pre-wrap;margin:1.25em 0px;margin-bottom:1.25em;margin-top:1.25em;margin-left:0px;margin-right:0px\" align=\"start\" id=\"tl_8\">R: Sim, fornecemos para os Estados Unidos, Europa, Oriente M&eacute;dio, &Aacute;frica, Am&eacute;rica do Sul, Sul da &Aacute;sia, Ucr&acirc;nia, It&aacute;lia, Austr&aacute;lia e muitas outras regi&otilde;es.A maioria dos componentes do motor s&atilde;o universalmente aplic&aacute;veis.<\/p>\n<p style=\"font-size:16px;font-weight:400;letter-spacing:normal;text-align:start;white-space:pre-wrap;margin:1.25em 0px;margin-bottom:1.25em;margin-top:1.25em;margin-left:0px;margin-right:0px\" align=\"start\" id=\"tl_9\">P: Qual &eacute; o seu prazo de entrega?<\/p>\n<p style=\"font-size:16px;font-weight:400;letter-spacing:normal;text-align:start;white-space:pre-wrap;margin:1.25em 0px;margin-bottom:1.25em;margin-top:1.25em;margin-left:0px;margin-right:0px\" align=\"start\" id=\"tl_10\">R: Geralmente, leva de 3 a 10 dias &uacute;teis ap&oacute;s o recebimento do pagamento.O prazo de entrega espec&iacute;fico depende dos itens e quantidades do seu pedido.<\/p>\n<p style=\"font-size:16px;font-weight:400;letter-spacing:normal;text-align:start;white-space:pre-wrap;margin:1.25em 0px;margin-bottom:1.25em;margin-top:1.25em;margin-left:0px;margin-right:0px\" align=\"start\" id=\"tl_11\">P: Voc&ecirc; pode produzir de acordo com amostras?<\/p>\n<p style=\"font-size:16px;font-weight:400;letter-spacing:normal;text-align:start;white-space:pre-wrap;margin:1.25em 0px;margin-bottom:1.25em;margin-top:1.25em;margin-left:0px;margin-right:0px\" align=\"start\" id=\"tl_12\">R: Sim, podemos fabricar com base em suas amostras ou desenhos t&eacute;cnicos.Tamb&eacute;m podemos fazer moldes e acess&oacute;rios.<\/p>\n<p style=\"font-size:16px;font-weight:400;letter-spacing:normal;text-align:start;white-space:pre-wrap;margin:1.25em 0px;margin-bottom:1.25em;margin-top:1.25em;margin-left:0px;margin-right:0px\" align=\"start\" id=\"tl_13\">P: Voc&ecirc; inspeciona todas as mercadorias antes da entrega?<\/p>\n<p style=\"font-size:16px;font-weight:400;letter-spacing:normal;text-align:start;white-space:pre-wrap;margin:1.25em 0px;margin-bottom:1.25em;margin-top:1.25em;margin-left:0px;margin-right:0px\" align=\"start\" id=\"tl_14\">R: Sim, realizamos 100% de testes antes da entrega.<\/p>\n<p style=\"font-size:16px;font-weight:400;letter-spacing:normal;text-align:start;white-space:pre-wrap;margin:1.25em 0px;margin-bottom:1.25em;margin-top:1.25em;margin-left:0px;margin-right:0px\" align=\"start\" id=\"tl_15\">P: Como voc&ecirc; mant&eacute;m um bom relacionamento de longo prazo com nosso neg&oacute;cio?<\/p>\n<p style=\"font-size:16px;font-weight:400;letter-spacing:normal;text-align:start;white-space:pre-wrap;margin:1.25em 0px 0px;margin-bottom:0px;margin-top:1.25em;margin-left:0px;margin-right:0px\" align=\"start\" id=\"tl_16\">R: Mantemos boa qualidade e pre&ccedil;os competitivos.<\/p>\n<p style=\"text-align:left;margin:0px;margin-bottom:0px;margin-top:0px;margin-left:0px;margin-right:0px\" align=\"left\"><img data-recalc-dims=\"1\" decoding=\"async\" src=\"https:\/\/i0.wp.com\/ae01.alicdn.com\/kf\/S74adb89d1bdf4faf89b49f75b9120239u.jpg?w=1200&#038;ssl=1\" \/><br \/><img data-recalc-dims=\"1\" decoding=\"async\" src=\"https:\/\/i0.wp.com\/ae01.alicdn.com\/kf\/Sfc803b3fb8e3469fac23b004119d8f7ff.jpg?w=1200&#038;ssl=1\" \/><img data-recalc-dims=\"1\" decoding=\"async\" src=\"https:\/\/i0.wp.com\/ae01.alicdn.com\/kf\/S713e5e0bced5448a94e8176e2a4e43dej.jpg?w=1200&#038;ssl=1\" \/><\/p>\n<p>\n <\/div>\n<\/div>\n<p><\/div>\n<\/div>\n","protected":false},"excerpt":{"rendered":"<p>Aten&ccedil;&atilde;o: Para evitar problemas desnecess&aacute;rios entre n&oacute;s, confirme se o item cabe no seu carro quando voc&ecirc; estiver comprando!Se voc&ecirc; n&atilde;o tiver certeza, diga-me o n&uacute;mero da pe&ccedil;a ou envie-me algumas fotos, de acordo com a regra do Aliexpress, se os clientes comprarem o item errado, os clientes precisar&atilde;o devolver o item e pagar o&hellip;&nbsp;<\/p>\n","protected":false},"featured_media":30011,"template":"","meta":{"neve_meta_sidebar":"","neve_meta_container":"","neve_meta_enable_content_width":"","neve_meta_content_width":0,"neve_meta_title_alignment":"","neve_meta_author_avatar":"","neve_post_elements_order":"","neve_meta_disable_header":"","neve_meta_disable_footer":"","neve_meta_disable_title":""},"product_brand":[],"product_cat":[17,24,60],"product_tag":[],"class_list":{"0":"post-30017","1":"product","2":"type-product","3":"status-publish","4":"has-post-thumbnail","6":"product_cat-pecas-e-acessorios-automotivos","7":"product_cat-pecas-externas","8":"product_cat-trancas-e-ferragens","10":"first","11":"instock","12":"shipping-taxable","13":"purchasable","14":"product-type-variable","15":"has-default-attributes"},"jetpack_sharing_enabled":true,"_links":{"self":[{"href":"https:\/\/listman.shop\/autoparts-br\/wp-json\/wp\/v2\/product\/30017","targetHints":{"allow":["GET"]}}],"collection":[{"href":"https:\/\/listman.shop\/autoparts-br\/wp-json\/wp\/v2\/product"}],"about":[{"href":"https:\/\/listman.shop\/autoparts-br\/wp-json\/wp\/v2\/types\/product"}],"wp:featuredmedia":[{"embeddable":true,"href":"https:\/\/listman.shop\/autoparts-br\/wp-json\/wp\/v2\/media\/30011"}],"wp:attachment":[{"href":"https:\/\/listman.shop\/autoparts-br\/wp-json\/wp\/v2\/media?parent=30017"}],"wp:term":[{"taxonomy":"product_brand","embeddable":true,"href":"https:\/\/listman.shop\/autoparts-br\/wp-json\/wp\/v2\/product_brand?post=30017"},{"taxonomy":"product_cat","embeddable":true,"href":"https:\/\/listman.shop\/autoparts-br\/wp-json\/wp\/v2\/product_cat?post=30017"},{"taxonomy":"product_tag","embeddable":true,"href":"https:\/\/listman.shop\/autoparts-br\/wp-json\/wp\/v2\/product_tag?post=30017"}],"curies":[{"name":"wp","href":"https:\/\/api.w.org\/{rel}","templated":true}]}}