{"id":3003,"date":"2024-10-13T01:20:22","date_gmt":"2024-10-12T16:20:22","guid":{"rendered":"https:\/\/listman.shop\/autoparts-br\/product\/1005006396344667\/"},"modified":"2026-05-08T07:41:37","modified_gmt":"2026-05-07T22:41:37","slug":"1005006396344667","status":"publish","type":"product","link":"https:\/\/listman.shop\/autoparts-br\/product\/1005006396344667\/","title":{"rendered":"Chave inteligente global xhorse vvdi xm38 xsto01en xsto01en chave remota 8a 4d 4a ba chip para toyota lexus vers\u00e3o atualizada suporte 312-433"},"content":{"rendered":"<div class=\"detailmodule_html\">\n<div class=\"detail-desc-decorate-richtext\">\n<div style=\", Roboto, Arial, Helvetica, sans-serif, SimSun;font-size:14px;font-weight:400;letter-spacing:normal;text-align:start;white-space:normal;margin:0px;margin-bottom:0px;margin-top:0px;margin-left:0px;margin-right:0px;padding:0px;padding-bottom:0px;padding-top:0px;padding-left:0px;padding-right:0px\" align=\"start\"><strong><span style=\"font-size:22px\"><span style=\"font-size:22px;font-family:Verdana, Geneva, sans-serif\">Gerado usando a ferramenta VVDI vers\u00e3o global.Requer programa\u00e7\u00e3o de serralheiro.<\/span><\/span><\/strong><\/div>\n<p><span style=\"font-size:26px;font-family:Verdana, Geneva, sans-serif\"><strong>Os produtos incluem:<\/strong><\/span><\/p>\n<p><\/p>\n<p><span style=\"font-size:26px;font-family:Verdana, Geneva, sans-serif\"><strong>Placa de circuito Xhorse 1PCS.<\/strong><\/span><\/p>\n<p><\/p>\n<p><span style=\"font-size:26px;font-family:Verdana, Geneva, sans-serif\"><strong>Concha de chave 1PCS.<\/strong><\/span><\/p>\n<p><\/p>\n<p><span style=\"font-size:26px;font-family:Verdana, Geneva, sans-serif\"><strong>Bateria 1 unidade.<\/strong><\/span><\/p>\n<p><\/p>\n<p><span style=\"font-size:26px;font-family:Verdana, Geneva, sans-serif\"><strong>Chave de l\u00e2mina 1PCS.<\/strong><\/span><\/p>\n<\/p>\n<p style=\", Roboto, Arial, Helvetica, sans-serif, SimSun;font-size:14px;font-weight:400;letter-spacing:normal;line-height:inherit;text-align:start;white-space:normal;margin:0px;margin-bottom:0px;margin-top:0px;margin-left:0px;margin-right:0px;padding:0px;padding-bottom:0px;padding-top:0px;padding-left:0px;padding-right:0px\" align=\"start\"><span style=\"font-size:18px\"><span style=\"font-size:18px;font-family:Verdana, Geneva, sans-serif\"><span style=\"font-size:18px\"><strong>Recurso de chave inteligente Xhorse XM38:<\/strong><\/span><\/span><\/span><\/p>\n<div style=\", Roboto, Arial, Helvetica, sans-serif, SimSun;font-size:14px;font-weight:400;letter-spacing:normal;text-align:start;white-space:normal;margin:0px;margin-bottom:0px;margin-top:0px;margin-left:0px;margin-right:0px;padding:0px;padding-bottom:0px;padding-top:0px;padding-left:0px;padding-right:0px\" align=\"start\">\n<div style=\"font-family:arial;font-size:13px;letter-spacing:normal;line-height:16px;text-align:start;white-space:normal;border:0px;margin:0px;margin-bottom:0px;margin-top:0px;margin-left:0px;margin-right:0px;padding:0px 0px 0px 0em;padding-bottom:0px;padding-top:0px;padding-right:0px\" align=\"start\">\n<div style=\"font-weight:normal;margin:0px;margin-bottom:0px;margin-top:0px;margin-left:0px;margin-right:0px;padding:0px;padding-bottom:0px;padding-top:0px;padding-left:0px;padding-right:0px\"><\/div>\n<p style=\"font-size:14px;font-weight:400;line-height:inherit;margin:0px;margin-bottom:0px;margin-top:0px;margin-left:0px;margin-right:0px;padding:0px;padding-bottom:0px;padding-top:0px;padding-left:0px;padding-right:0px\"><span style=\"font-size:18px\"><span style=\"font-size:18px;font-family:Verdana, Geneva, sans-serif\"><strong>Sem pontos\/token<\/strong><\/span><\/span><span style=\"font-size:18px\"><span style=\"font-size:18px;font-family:Verdana, Geneva, sans-serif\">obrigat\u00f3rio para gerar<\/span><\/span><\/p>\n<div style=\"font-weight:normal;margin:0px;margin-bottom:0px;margin-top:0px;margin-left:0px;margin-right:0px;padding:0px;padding-bottom:0px;padding-top:0px;padding-left:0px;padding-right:0px\"><\/div>\n<p style=\"font-size:14px;font-weight:400;line-height:inherit;margin:0px;margin-bottom:0px;margin-top:0px;margin-left:0px;margin-right:0px;padding:0px;padding-bottom:0px;padding-top:0px;padding-left:0px;padding-right:0px\"><span style=\"font-size:18px\"><span style=\"font-size:18px;font-family:Verdana, Geneva, sans-serif\">Suporte ao tipo Toyota<\/span><\/span><span style=\"font-size:18px\"><span style=\"font-size:18px;font-family:Verdana, Geneva, sans-serif\"><strong>4D 8A 4A tudo em um<\/strong><\/span><\/span><\/p>\n<div style=\"font-weight:normal;margin:0px;margin-bottom:0px;margin-top:0px;margin-left:0px;margin-right:0px;padding:0px;padding-bottom:0px;padding-top:0px;padding-left:0px;padding-right:0px\"><\/div>\n<p style=\"font-size:14px;font-weight:400;line-height:inherit;margin:0px;margin-bottom:0px;margin-top:0px;margin-left:0px;margin-right:0px;padding:0px;padding-bottom:0px;padding-top:0px;padding-left:0px;padding-right:0px\"><span style=\"font-size:18px\"><span style=\"font-size:18px;font-family:Verdana, Geneva, sans-serif\">Frequ\u00eancia de suporte 312MHZ ~ 434MHZ<\/span><\/span><\/p>\n<div style=\"font-weight:normal;margin:0px;margin-bottom:0px;margin-top:0px;margin-left:0px;margin-right:0px;padding:0px;padding-bottom:0px;padding-top:0px;padding-left:0px;padding-right:0px\"><\/div>\n<p style=\"font-size:14px;font-weight:400;line-height:inherit;margin:0px;margin-bottom:0px;margin-top:0px;margin-left:0px;margin-right:0px;padding:0px;padding-bottom:0px;padding-top:0px;padding-left:0px;padding-right:0px\"><span style=\"font-size:18px\"><span style=\"font-size:18px;font-family:Verdana, Geneva, sans-serif\">Suporte<\/span><\/span><span style=\"font-size:18px\"><span style=\"font-size:18px;font-family:Verdana, Geneva, sans-serif\"><strong>mudar bot\u00f5es e frequ\u00eancia<\/strong><\/span><\/span><\/p>\n<div style=\"font-weight:normal;margin:0px;margin-bottom:0px;margin-top:0px;margin-left:0px;margin-right:0px;padding:0px;padding-bottom:0px;padding-top:0px;padding-left:0px;padding-right:0px\"><\/div>\n<p style=\"font-size:14px;font-weight:400;line-height:inherit;margin:0px;margin-bottom:0px;margin-top:0px;margin-left:0px;margin-right:0px;padding:0px;padding-bottom:0px;padding-top:0px;padding-left:0px;padding-right:0px\"><span style=\"font-size:18px\"><span style=\"font-size:18px;font-family:Verdana, Geneva, sans-serif\">Clone de suporte<\/span><\/span><\/p>\n<div style=\"font-weight:normal;margin:0px;margin-bottom:0px;margin-top:0px;margin-left:0px;margin-right:0px;padding:0px;padding-bottom:0px;padding-top:0px;padding-left:0px;padding-right:0px\"><\/div>\n<p style=\"font-size:14px;font-weight:400;line-height:inherit;margin:0px;margin-bottom:0px;margin-top:0px;margin-left:0px;margin-right:0px;padding:0px;padding-bottom:0px;padding-top:0px;padding-left:0px;padding-right:0px\"><span style=\"font-size:18px\"><span style=\"font-size:18px;font-family:Verdana, Geneva, sans-serif\">Suporte<\/span><\/span><span style=\"font-size:18px\"><span style=\"font-size:18px;font-family:Verdana, Geneva, sans-serif\"><strong>Adicione chave e todas as chaves perdidas<\/strong><\/span><\/span><\/p>\n<div style=\"font-weight:normal;margin:0px;margin-bottom:0px;margin-top:0px;margin-left:0px;margin-right:0px;padding:0px;padding-bottom:0px;padding-top:0px;padding-left:0px;padding-right:0px\"><\/div>\n<p style=\"font-size:14px;font-weight:400;line-height:inherit;margin:0px;margin-bottom:0px;margin-top:0px;margin-left:0px;margin-right:0px;padding:0px;padding-bottom:0px;padding-top:0px;padding-left:0px;padding-right:0px\"><span style=\"font-size:18px\"><span style=\"font-size:18px;font-family:Verdana, Geneva, sans-serif\">Suporte<\/span><\/span><span style=\"font-size:18px\"><span style=\"font-size:18px;font-family:Verdana, Geneva, sans-serif\"><strong>in\u00edcio de emerg\u00eancia<\/strong><\/span><\/span><\/p>\n<div style=\"font-weight:normal;margin:0px;margin-bottom:0px;margin-top:0px;margin-left:0px;margin-right:0px;padding:0px;padding-bottom:0px;padding-top:0px;padding-left:0px;padding-right:0px\"><\/div>\n<p style=\"font-size:14px;font-weight:400;line-height:inherit;margin:0px;margin-bottom:0px;margin-top:0px;margin-left:0px;margin-right:0px;padding:0px;padding-bottom:0px;padding-top:0px;padding-left:0px;padding-right:0px\"><span style=\"font-size:18px\"><span style=\"font-size:18px\"><span style=\"font-size:18px;font-family:Verdana, Geneva, sans-serif\">Suporte<\/span><\/span><\/span><span style=\"font-size:18px\"><span style=\"font-size:18px\"><strong><span style=\"font-size:18px;font-family:Verdana, Geneva, sans-serif\">reescrever<br \/>C 7 Reprogram\u00e1vel Suporta todas as chaves perdidas e adi\u00e7\u00e3o de chaves<\/span><\/strong><\/span><\/span><\/p>\n<div style=\"font-weight:normal;margin:0px;margin-bottom:0px;margin-top:0px;margin-left:0px;margin-right:0px;padding:0px;padding-bottom:0px;padding-top:0px;padding-left:0px;padding-right:0px\"><\/div>\n<\/div>\n<div style=\", Roboto, Arial, Helvetica, sans-serif, SimSun;font-size:14px;font-weight:400;letter-spacing:normal;text-align:start;white-space:normal;margin:0px;margin-bottom:0px;margin-top:0px;margin-left:0px;margin-right:0px;padding:0px;padding-bottom:0px;padding-top:0px;padding-left:0px;padding-right:0px\" align=\"start\"><span style=\"font-size:18px\"><span style=\"font-size:18px\"><span style=\"font-size:18px;font-family:Verdana, Geneva, sans-serif\"><br \/><\/span><\/span><\/span><span style=\"font-size:18px\"><span style=\"font-size:18px;font-family:Verdana, Geneva, sans-serif\"><span style=\"font-size:18px\"><strong>Xhorse XSTO01EN para Toyota XM38 Suporte inteligente Tipo IMMO:<\/strong><\/span><\/span><\/span><span style=\"font-size:18px\"><span style=\"font-size:18px\"><span style=\"font-size:18px;font-family:Verdana, Geneva, sans-serif\"><br \/>4D (P1=94)<br \/>4D (P1=98)<br \/>4D (P1=D4)<br \/>4D (P1=9F)<br \/>4D (P1=34)<br \/>8A (P4=00 00 A8 A8)<br \/>8A (P4=00 00 88 88)<br \/>8A (P4=91 00 AA)<br \/>8A (P4=91 00 A9 A9)<br \/>8A (P4=C1 00 AA)<br \/>8A (P4=C1 00 A9 A9)<\/p>\n<p><\/span><\/span><\/span><span style=\"font-size:18px\"><span style=\"font-size:18px;font-family:Verdana, Geneva, sans-serif\"><span style=\"font-size:18px\"><strong>Vers\u00e3o de suporte:<\/strong><\/span><\/span><\/span><span style=\"font-size:18px\"><span style=\"font-size:18px\"><span style=\"font-size:18px;font-family:Verdana, Geneva, sans-serif\"><br \/>0020 F43 7980 0140 0031 0120 0011 3410 6221 3450 2110 3370<br \/>6601 0111 0091 0410 0010 2000 6230 0351 0182 5290 A433<br \/>0310 5380 0440 0330 0500 4610 0780 3330 7930 F433 0030 5300<\/p>\n<p><\/span><\/span><\/span><span style=\"font-size:18px\"><span style=\"font-size:18px;font-family:Verdana, Geneva, sans-serif\"><span style=\"font-size:18px\"><strong>Modelos suportados:<br \/>para Toyota<\/strong><\/span><\/span><\/span><span style=\"font-size:18px\"><span style=\"font-size:18px\"><span style=\"font-size:18px;font-family:Verdana, Geneva, sans-serif\"><br \/>Camry, Levin, Highlander, Senna, Avalon, YARIS L, Prius,RAV4, Prado, Coroa, Vios, CHR\/IZOA, PREVIA, Wish, Vellfire, Alpha, Corolla, Reiz, Wildlander, Land cruiser<\/p>\n<p><\/span><\/span><\/span><span style=\"font-size:18px\"><span style=\"font-size:18px;font-family:Verdana, Geneva, sans-serif\"><span style=\"font-size:18px\"><strong>para Lexus:<\/strong><\/span><\/span><\/span><span style=\"font-size:18px\"><span style=\"font-size:18px\"><span style=\"font-size:18px;font-family:Verdana, Geneva, sans-serif\"><br \/>GS, IS, ES, RZ, CX, CT, NX, RC, LC, LS, LX, LM<\/p>\n<p><\/span><\/span><\/span><span style=\"font-size:18px\"><span style=\"font-size:18px;font-family:Verdana, Geneva, sans-serif\"><span style=\"font-size:18px\"><strong>Frequ\u00eancia:<\/strong><\/span><\/span><\/span><span style=\"font-size:18px\"><span style=\"font-size:18px;font-family:Verdana, Geneva, sans-serif\"><span style=\"font-size:18px\"><br \/>312.10 \/ 314.35 frequ\u00eancia dupla<br \/>314.00 \/ 315.10 frequ\u00eancia dupla<br \/>315.10 Frequ\u00eancia \u00danica<br \/>312.50 frequ\u00eancia \u00fanica<br \/>314.35 \/ 315.10 frequ\u00eancia dupla<br \/>433.57 \/ 434.41 frequ\u00eancia dupla<br \/>315.12 frequ\u00eancia \u00fanica<br \/>314,00 frequ\u00eancia \u00fanica<br \/>312.50 \/ 314,00 frequ\u00eancia dupla<br \/>315,00 frequ\u00eancia \u00fanica<br \/>314,35 frequ\u00eancia \u00fanica<br \/>433,92 frequ\u00eancia \u00fanica<\/span><\/span><\/span><\/div>\n<div><img data-recalc-dims=\"1\" decoding=\"async\"   src=\"https:\/\/i0.wp.com\/ae01.alicdn.com\/kf\/S0edccaedb15f4eee84c4353bbd8d6b93S.png?w=750&#038;ssl=1\"><\/div>\n<\/div>\n<p><img data-recalc-dims=\"1\" decoding=\"async\" src=\"https:\/\/i0.wp.com\/ae01.alicdn.com\/kf\/Sd43df96dce4049229e07de5e1126ba00k.png?w=1200&#038;ssl=1\"><img data-recalc-dims=\"1\" decoding=\"async\" src=\"https:\/\/i0.wp.com\/ae01.alicdn.com\/kf\/S6ecd703750144d74bc87c330560361a6G.png?w=1200&#038;ssl=1\"><img data-recalc-dims=\"1\" decoding=\"async\" src=\"https:\/\/i0.wp.com\/ae01.alicdn.com\/kf\/S85600579553e4cd5b6e5fee2c673809bF.png?w=1200&#038;ssl=1\"><img data-recalc-dims=\"1\" decoding=\"async\" src=\"https:\/\/i0.wp.com\/ae01.alicdn.com\/kf\/Sc0f37d67412047f6b15a05a19a206bdcH.png?w=1200&#038;ssl=1\"><img data-recalc-dims=\"1\" decoding=\"async\" src=\"https:\/\/i0.wp.com\/ae01.alicdn.com\/kf\/S0a328a4890054f99b3084c616eefcf28P.png?w=1200&#038;ssl=1\"><img data-recalc-dims=\"1\" decoding=\"async\" src=\"https:\/\/i0.wp.com\/ae01.alicdn.com\/kf\/Sf1615e54f2134bdfa5344e192f5287a1K.png?w=1200&#038;ssl=1\"><img data-recalc-dims=\"1\" decoding=\"async\" src=\"https:\/\/i0.wp.com\/ae01.alicdn.com\/kf\/S85600579553e4cd5b6e5fee2c673809bF.png?w=1200&#038;ssl=1\"><\/p>\n<\/div>\n<\/div>\n","protected":false},"excerpt":{"rendered":"<p>Gerado usando a ferramenta VVDI vers\u00e3o global.Requer programa\u00e7\u00e3o de serralheiro. Os produtos incluem: Placa de circuito Xhorse 1PCS. Concha de chave 1PCS. Bateria 1 unidade. Chave de l\u00e2mina 1PCS. Recurso de chave inteligente Xhorse XM38: Sem pontos\/tokenobrigat\u00f3rio para gerar Suporte ao tipo Toyota4D 8A 4A tudo em um Frequ\u00eancia de suporte 312MHZ ~ 434MHZ Suportemudar&hellip;&nbsp;<\/p>\n","protected":false},"featured_media":2997,"template":"","meta":{"neve_meta_sidebar":"","neve_meta_container":"","neve_meta_enable_content_width":"","neve_meta_content_width":0,"neve_meta_title_alignment":"","neve_meta_author_avatar":"","neve_post_elements_order":"","neve_meta_disable_header":"","neve_meta_disable_footer":"","neve_meta_disable_title":""},"product_brand":[],"product_cat":[51,17,30],"product_tag":[],"class_list":{"0":"post-3003","1":"product","2":"type-product","3":"status-publish","4":"has-post-thumbnail","6":"product_cat-chave-do-carro","7":"product_cat-pecas-e-acessorios-automotivos","8":"product_cat-starters","10":"first","11":"instock","12":"shipping-taxable","13":"purchasable","14":"product-type-variable","15":"has-default-attributes"},"jetpack_sharing_enabled":true,"_links":{"self":[{"href":"https:\/\/listman.shop\/autoparts-br\/wp-json\/wp\/v2\/product\/3003","targetHints":{"allow":["GET"]}}],"collection":[{"href":"https:\/\/listman.shop\/autoparts-br\/wp-json\/wp\/v2\/product"}],"about":[{"href":"https:\/\/listman.shop\/autoparts-br\/wp-json\/wp\/v2\/types\/product"}],"wp:featuredmedia":[{"embeddable":true,"href":"https:\/\/listman.shop\/autoparts-br\/wp-json\/wp\/v2\/media\/2997"}],"wp:attachment":[{"href":"https:\/\/listman.shop\/autoparts-br\/wp-json\/wp\/v2\/media?parent=3003"}],"wp:term":[{"taxonomy":"product_brand","embeddable":true,"href":"https:\/\/listman.shop\/autoparts-br\/wp-json\/wp\/v2\/product_brand?post=3003"},{"taxonomy":"product_cat","embeddable":true,"href":"https:\/\/listman.shop\/autoparts-br\/wp-json\/wp\/v2\/product_cat?post=3003"},{"taxonomy":"product_tag","embeddable":true,"href":"https:\/\/listman.shop\/autoparts-br\/wp-json\/wp\/v2\/product_tag?post=3003"}],"curies":[{"name":"wp","href":"https:\/\/api.w.org\/{rel}","templated":true}]}}