{"id":30162,"date":"2025-03-10T15:34:56","date_gmt":"2025-03-10T06:34:56","guid":{"rendered":"https:\/\/listman.shop\/autoparts-br\/product\/1005007218329269\/"},"modified":"2026-05-04T23:20:10","modified_gmt":"2026-05-04T14:20:10","slug":"1005007218329269","status":"publish","type":"product","link":"https:\/\/listman.shop\/autoparts-br\/product\/1005007218329269\/","title":{"rendered":"Tira de veda\u00e7\u00e3o de borracha surround dos arcos da roda do p\u00e1ra-choque lateral do carro de 1.5m para toyota land cruiser lc80 4500 1991-1997 prado lc95 3400"},"content":{"rendered":"<div class=\"detailmodule_html\">\n<div class=\"detail-desc-decorate-richtext\">\n<div class=\"detailmodule_html\">\n<div class=\"detail-desc-decorate-richtext\">\n<div>\n   <strong><span style=\"font-size:22px\"><span style=\"font-family:Arial, Helvetica, sans-serif\" id=\"tl_1\">1.5m lado do carro p&aacute;ra-choque roda arcos surround tira de veda&ccedil;&atilde;o de borracha para toyota land cruiser LC80 4500 1991-1997 Prado LC95 3400<\/span><\/span><\/strong><br \/>\n   <span style=\"font-size:18px\"><span style=\"font-family:Arial, Helvetica, sans-serif\"><\/span><\/span><br \/>\n    <\/p>\n<p>   <span style=\"font-size:18px\"><span style=\"font-family:Arial, Helvetica, sans-serif\" id=\"tl_2\"><br \/>Ajuste:<\/span><\/span>\n  <\/div>\n<div style=\"position:relative\">\n   <span style=\"font-size:18px\"><span style=\"font-family:Arial, Helvetica, sans-serif\"><span id=\"tl_3\">Para Toyota Land Cruiser LC80 1991-1997<\/span><\/span><\/span>\n  <\/div>\n<div style=\"position:relative\">\n   <span style=\"font-size:18px\"><span style=\"font-family:Arial, Helvetica, sans-serif\"><span id=\"tl_4\">Para Toyota Land Cruiser Prado 3400 LC95<\/span><\/span><\/span>\n  <\/div>\n<div>\n   <span style=\"font-size:18px\"><span style=\"font-family:Arial, Helvetica, sans-serif\"><span id=\"tl_5\">Comprimento: 1,5M<\/span><\/span><\/span>\n  <\/div>\n<div style=\"position:relative\">\n   <span style=\"font-size:18px\"><span style=\"font-family:Arial, Helvetica, sans-serif\"><span id=\"tl_6\">O pre&ccedil;o &eacute; para 1 unidade<\/span><\/span><\/span>\n  <\/div>\n<div style=\"position:relative\">\n   <span style=\"font-size:18px\"><span style=\"font-family:Arial, Helvetica, sans-serif\"><span id=\"tl_7\">Material: borracha<\/span><\/span><\/span>\n  <\/div>\n<div>\n   <span style=\"font-size:18px\"><span style=\"font-family:Arial, Helvetica, sans-serif\" id=\"tl_8\">Nota: <br \/>1.Por favor, certifique-se de que a parte do seu carro como nossa imagem mostra, ou ela n&atilde;o caber&aacute;, se houver alguma diferen&ccedil;a, entre em contato conosco antes da compra, obrigado! <br \/>2. fotografar com luz e displays diferentes podem fazer com que a cor do item na imagem seja um pouco diferente da coisa real. O erro de medi&ccedil;&atilde;o permitido &eacute; de +\/- 1-3cm.<\/span><\/span>\n  <\/div>\n<div>\n<p style=\"text-align:left;margin:0\"><img data-recalc-dims=\"1\" decoding=\"async\" src=\"https:\/\/i0.wp.com\/ae01.alicdn.com\/kf\/S2624463e47cb4e7ca48ab8d7ce11e5a03.jpg?w=1200&#038;ssl=1\" \/><\/p>\n<\/p><\/div>\n<p align=\"left\" style=\"text-align:left;margin:0px;margin-bottom:0px;margin-top:0px;margin-left:0px;margin-right:0px\"><img data-recalc-dims=\"1\" decoding=\"async\" src=\"https:\/\/i0.wp.com\/ae01.alicdn.com\/kf\/S7e501eda854c478ea7f1da5fd82e8533c.jpg?w=1200&#038;ssl=1\" \/><img data-recalc-dims=\"1\" decoding=\"async\" src=\"https:\/\/i0.wp.com\/ae01.alicdn.com\/kf\/S6807c6b4ba404c268a85335a26eaee2ah.jpg?w=1200&#038;ssl=1\" \/><img data-recalc-dims=\"1\" decoding=\"async\" src=\"https:\/\/i0.wp.com\/ae01.alicdn.com\/kf\/S070ab7748c4d40d6919869db64d07e14i.jpg?w=1200&#038;ssl=1\" \/><img data-recalc-dims=\"1\" decoding=\"async\" src=\"https:\/\/i0.wp.com\/ae01.alicdn.com\/kf\/S6d65b3b702504506be749c1179a3aaf2s.jpg?w=1200&#038;ssl=1\" \/><img data-recalc-dims=\"1\" decoding=\"async\" src=\"https:\/\/i0.wp.com\/ae01.alicdn.com\/kf\/S296c34dff0514fafb1c07ad5ef26420bV.jpg?w=1200&#038;ssl=1\" \/><img data-recalc-dims=\"1\" decoding=\"async\" src=\"https:\/\/i0.wp.com\/ae01.alicdn.com\/kf\/S1c3198d7b89b4cc1974eeca52c55708en.jpg?w=1200&#038;ssl=1\" \/><\/p>\n<p>&nbsp;<\/p>\n<\/p><\/div>\n<\/div>\n<\/div>\n<\/div>\n","protected":false},"excerpt":{"rendered":"<p>1.5m lado do carro p&aacute;ra-choque roda arcos surround tira de veda&ccedil;&atilde;o de borracha para toyota land cruiser LC80 4500 1991-1997 Prado LC95 3400 Ajuste: Para Toyota Land Cruiser LC80 1991-1997 Para Toyota Land Cruiser Prado 3400 LC95 Comprimento: 1,5M O pre&ccedil;o &eacute; para 1 unidade Material: borracha Nota: 1.Por favor, certifique-se de que a parte&hellip;&nbsp;<\/p>\n","protected":false},"featured_media":30156,"template":"","meta":{"neve_meta_sidebar":"","neve_meta_container":"","neve_meta_enable_content_width":"","neve_meta_content_width":0,"neve_meta_title_alignment":"","neve_meta_author_avatar":"","neve_post_elements_order":"","neve_meta_disable_header":"","neve_meta_disable_footer":"","neve_meta_disable_title":""},"product_brand":[],"product_cat":[109,17,24],"product_tag":[],"class_list":{"0":"post-30162","1":"product","2":"type-product","3":"status-publish","4":"has-post-thumbnail","6":"product_cat-molduras-esteticas","7":"product_cat-pecas-e-acessorios-automotivos","8":"product_cat-pecas-externas","10":"first","11":"instock","12":"shipping-taxable","13":"purchasable","14":"product-type-variable","15":"has-default-attributes"},"jetpack_sharing_enabled":true,"_links":{"self":[{"href":"https:\/\/listman.shop\/autoparts-br\/wp-json\/wp\/v2\/product\/30162","targetHints":{"allow":["GET"]}}],"collection":[{"href":"https:\/\/listman.shop\/autoparts-br\/wp-json\/wp\/v2\/product"}],"about":[{"href":"https:\/\/listman.shop\/autoparts-br\/wp-json\/wp\/v2\/types\/product"}],"wp:featuredmedia":[{"embeddable":true,"href":"https:\/\/listman.shop\/autoparts-br\/wp-json\/wp\/v2\/media\/30156"}],"wp:attachment":[{"href":"https:\/\/listman.shop\/autoparts-br\/wp-json\/wp\/v2\/media?parent=30162"}],"wp:term":[{"taxonomy":"product_brand","embeddable":true,"href":"https:\/\/listman.shop\/autoparts-br\/wp-json\/wp\/v2\/product_brand?post=30162"},{"taxonomy":"product_cat","embeddable":true,"href":"https:\/\/listman.shop\/autoparts-br\/wp-json\/wp\/v2\/product_cat?post=30162"},{"taxonomy":"product_tag","embeddable":true,"href":"https:\/\/listman.shop\/autoparts-br\/wp-json\/wp\/v2\/product_tag?post=30162"}],"curies":[{"name":"wp","href":"https:\/\/api.w.org\/{rel}","templated":true}]}}