{"id":30577,"date":"2025-03-10T16:06:45","date_gmt":"2025-03-10T07:06:45","guid":{"rendered":"https:\/\/listman.shop\/autoparts-br\/product\/1005007254143049\/"},"modified":"2026-05-04T23:00:08","modified_gmt":"2026-05-04T14:00:08","slug":"1005007254143049","status":"publish","type":"product","link":"https:\/\/listman.shop\/autoparts-br\/product\/1005007254143049\/","title":{"rendered":"Fechaduras invis\u00edveis do cap\u00f4 do motor dianteiro do carro com chave para jeep wrangler jk 2007 2008 2009 2010 2011 2012-2017 acess\u00f3rios anti-roubo"},"content":{"rendered":"<div class=\"detailmodule_html\">\n<div class=\"detail-desc-decorate-richtext\">\n<div class=\"detailmodule_html\">\n<div class=\"detail-desc-decorate-richtext\">\n<p><strong><span style=\"font-size:20px;font-family:arial, helvetica, sans-serif\">Shinek carro dianteiro motor invis\u00edvel cap\u00f4 fechaduras com chave para jeep wrangler jk 2007 2008 2009 2010 2011-2017 acess\u00f3rios anti roubo<\/span><\/strong><\/p>\n<div><\/div>\n<p><strong><span style=\"font-size:18px;font-family:arial, helvetica, sans-serif\">Aviso:<\/span><\/strong><span style=\"font-size:16px;font-family:arial, helvetica, sans-serif\">Porque o mesmo modelo de carro pode ser produzido de forma diferente em pa\u00edses diferentes. certifique-se de que a parte do seu carro como nossa imagem mostra, ou ela n\u00e3o caber\u00e1, se houver alguma diferen\u00e7a, entre em contato conosco antes da compra, obrigado!<\/span><\/p>\n<div><\/div>\n<p><strong><span style=\"font-size:18px;font-family:arial, helvetica, sans-serif\">Montagem do item:<\/span><\/strong><span style=\"font-size:16px;font-family:arial, helvetica, sans-serif\">Adequado para jeep wrangler jk 2007 2008 2009 2010 2011 2012 2013 2014 2016 2017<\/span><\/p>\n<div><\/div>\n<p><strong><span style=\"font-size:18px;font-family:arial, helvetica, sans-serif\">Descri\u00e7\u00e3o do item :<\/span><\/strong><\/p>\n<p><span style=\"font-size:16px;font-family:arial, helvetica, sans-serif\">1.Cor: Preto<\/span><\/p>\n<p><span style=\"font-size:16px;font-family:arial, helvetica, sans-serif\">2.N\u00e3o h\u00e1 necessidade de fazer altera\u00e7\u00f5es no carro, a instala\u00e7\u00e3o simples n\u00e3o danificar\u00e1 seu carro<\/span><\/p>\n<p><span style=\"font-size:16px;font-family:arial, helvetica, sans-serif\">3.Perfeitamente combinado com o carro, sem corte ou emenda, sem necessidade de perfura\u00e7\u00e3o, um bom substituto para o antigo ou quebrado.<\/span><\/p>\n<p><span style=\"font-size:16px;font-family:arial, helvetica, sans-serif\">4.Material: feito de material de ferro\/a\u00e7o inoxid\u00e1vel de alta qualidade e projetado com constru\u00e7\u00e3o de metal resistente, a trava premium do cap\u00f4 do carro \u00e9 muito dur\u00e1vel, \u00e0 prova d&#8217;\u00e1gua, resistente ao calor, resistente \u00e0 sujeira, anti-riscos, resistente \u00e0 corros\u00e3o e tem longa vida \u00fatil.<\/span><\/p>\n<p><span style=\"font-size:16px;font-family:arial, helvetica, sans-serif\">5.Caracter\u00edsticas: A trava preta do cap\u00f4 foi projetada para proteger itens sob o cap\u00f4 do carro de serem roubados, melhor seguran\u00e7a e seguran\u00e7a ao dirigir.Tamb\u00e9m \u00e9 perfeito para decorar seu carro, tornando-o elegante, descolado e distinto.<\/span><\/p>\n<div><\/div>\n<p><strong><span style=\"font-size:18px;font-family:arial, helvetica, sans-serif\">Por favor note<\/span><\/strong><\/p>\n<p><span style=\"font-size:16px;font-family:arial, helvetica, sans-serif\">1. se voc\u00ea n\u00e3o estiver satisfeito com nosso produto ou tiver pedido um item errado. informe-nos primeiro enviando uma mensagem ou e-mail. responderemos dentro de 24 horas e ofereceremos nossos melhores servi\u00e7os.<\/span><\/p>\n<p><span style=\"font-size:16px;font-family:arial, helvetica, sans-serif\">2. se voc\u00ea estiver satisfeito com nossos produtos, deixe-nos seu feedback valioso ou avalia\u00e7\u00e3o do produto.<\/span><\/p>\n<p><span style=\"font-size:16px;font-family:arial, helvetica, sans-serif\">3. antes de deixar um feedback negativo, entre em contato conosco primeiro sobre seu problema e responderemos o mais r\u00e1pido poss\u00edvel para descobrir a melhor maneira de resolv\u00ea-lo.<\/span><\/p>\n<div><\/div>\n<p><strong><span style=\"font-size:18px;font-family:arial, helvetica, sans-serif\">Somos f\u00e1brica original, se voc\u00ea fizer dropshipping ou atacado, ofereceremos um servi\u00e7o profissional. Se tiver alguma d\u00favida, n\u00e3o hesite em contactar-nos.<\/span><\/strong><\/p>\n<div><\/div>\n<p><img data-recalc-dims=\"1\" decoding=\"async\" src=\"https:\/\/i0.wp.com\/ae01.alicdn.com\/kf\/Sb51866b7957f4d60b520fd6c86bbcddc4.jpg?w=1200&#038;ssl=1\"><img data-recalc-dims=\"1\" decoding=\"async\" src=\"https:\/\/i0.wp.com\/ae01.alicdn.com\/kf\/S6a4ee98941da4fa18d7022dfc8f103afO.jpg?w=1200&#038;ssl=1\"><img data-recalc-dims=\"1\" decoding=\"async\" src=\"https:\/\/i0.wp.com\/ae01.alicdn.com\/kf\/S0522949a283b4823bb5c4fafda0e5b6dS.jpg?w=1200&#038;ssl=1\"><img data-recalc-dims=\"1\" decoding=\"async\" src=\"https:\/\/i0.wp.com\/ae01.alicdn.com\/kf\/Sdba9ce2336324139a06bf59f9d47c9afI.jpg?w=1200&#038;ssl=1\"><img data-recalc-dims=\"1\" decoding=\"async\" src=\"https:\/\/i0.wp.com\/ae01.alicdn.com\/kf\/Sba910e5f41584be1abf1aba3e7ec7856n.jpg?w=1200&#038;ssl=1\"><img data-recalc-dims=\"1\" decoding=\"async\" src=\"https:\/\/i0.wp.com\/ae01.alicdn.com\/kf\/S7e87b34ddfaa47af9021219874d92206O.jpg?w=1200&#038;ssl=1\"><img data-recalc-dims=\"1\" decoding=\"async\" src=\"https:\/\/i0.wp.com\/ae01.alicdn.com\/kf\/S3eed6f4a06b24b9d93e27acb5be8d4a19.jpg?w=1200&#038;ssl=1\"><img data-recalc-dims=\"1\" decoding=\"async\" src=\"https:\/\/i0.wp.com\/ae01.alicdn.com\/kf\/S65577a8f4f96433bbd6f8f5ac70a07bbd.jpg?w=1200&#038;ssl=1\"><img data-recalc-dims=\"1\" decoding=\"async\" src=\"https:\/\/i0.wp.com\/ae01.alicdn.com\/kf\/S356574d0e2fa41a3bfccb35e752266dcT.jpg?w=1200&#038;ssl=1\"><img data-recalc-dims=\"1\" decoding=\"async\" src=\"https:\/\/i0.wp.com\/ae01.alicdn.com\/kf\/S3651ed6572134f00b5e1cc905ab2f103v.jpg?w=1200&#038;ssl=1\"><img data-recalc-dims=\"1\" decoding=\"async\" src=\"https:\/\/i0.wp.com\/ae01.alicdn.com\/kf\/Sb75b24a892ab4beea2aa005e959dc4777.jpg?w=1200&#038;ssl=1\"><img data-recalc-dims=\"1\" decoding=\"async\" src=\"https:\/\/i0.wp.com\/ae01.alicdn.com\/kf\/Sc12bc7fe56e94c0fbf6e20f05d75baecg.jpg?w=1200&#038;ssl=1\"><img data-recalc-dims=\"1\" decoding=\"async\" src=\"https:\/\/i0.wp.com\/ae01.alicdn.com\/kf\/S2819860cc05c4da19b08ad7b58b6695cC.jpg?w=1200&#038;ssl=1\"><img data-recalc-dims=\"1\" decoding=\"async\" src=\"https:\/\/i0.wp.com\/ae01.alicdn.com\/kf\/Sf7d2bac3c1c549268fb7422b205e4169X.jpg?w=1200&#038;ssl=1\"><img data-recalc-dims=\"1\" decoding=\"async\" src=\"https:\/\/i0.wp.com\/ae01.alicdn.com\/kf\/Sd990327c37b94dc09270ba51f8a6aa93q.jpg?w=1200&#038;ssl=1\"><img data-recalc-dims=\"1\" decoding=\"async\" src=\"https:\/\/i0.wp.com\/ae01.alicdn.com\/kf\/S1f7e82ff19494f1a891cc2ef4a5d6ae4G.jpg?w=1200&#038;ssl=1\"><img data-recalc-dims=\"1\" decoding=\"async\" src=\"https:\/\/i0.wp.com\/ae01.alicdn.com\/kf\/S8a33f7932ebc41bc9d66dfa9dc9112baV.jpg?w=1200&#038;ssl=1\"><\/p>\n<\/div>\n<\/div>\n<p><\/p>\n<\/div>\n<\/div>\n","protected":false},"excerpt":{"rendered":"<p>Shinek carro dianteiro motor invis\u00edvel cap\u00f4 fechaduras com chave para jeep wrangler jk 2007 2008 2009 2010 2011-2017 acess\u00f3rios anti roubo Aviso:Porque o mesmo modelo de carro pode ser produzido de forma diferente em pa\u00edses diferentes. certifique-se de que a parte do seu carro como nossa imagem mostra, ou ela n\u00e3o caber\u00e1, se houver alguma&hellip;&nbsp;<\/p>\n","protected":false},"featured_media":30571,"template":"","meta":{"neve_meta_sidebar":"","neve_meta_container":"","neve_meta_enable_content_width":"","neve_meta_content_width":0,"neve_meta_title_alignment":"","neve_meta_author_avatar":"","neve_post_elements_order":"","neve_meta_disable_header":"","neve_meta_disable_footer":"","neve_meta_disable_title":""},"product_brand":[],"product_cat":[17,24,196],"product_tag":[],"class_list":{"0":"post-30577","1":"product","2":"type-product","3":"status-publish","4":"has-post-thumbnail","6":"product_cat-pecas-e-acessorios-automotivos","7":"product_cat-pecas-externas","8":"product_cat-protetores-de-capo-automotivo","10":"first","11":"outofstock","12":"shipping-taxable","13":"purchasable","14":"product-type-variable","15":"has-default-attributes"},"jetpack_sharing_enabled":true,"_links":{"self":[{"href":"https:\/\/listman.shop\/autoparts-br\/wp-json\/wp\/v2\/product\/30577","targetHints":{"allow":["GET"]}}],"collection":[{"href":"https:\/\/listman.shop\/autoparts-br\/wp-json\/wp\/v2\/product"}],"about":[{"href":"https:\/\/listman.shop\/autoparts-br\/wp-json\/wp\/v2\/types\/product"}],"wp:featuredmedia":[{"embeddable":true,"href":"https:\/\/listman.shop\/autoparts-br\/wp-json\/wp\/v2\/media\/30571"}],"wp:attachment":[{"href":"https:\/\/listman.shop\/autoparts-br\/wp-json\/wp\/v2\/media?parent=30577"}],"wp:term":[{"taxonomy":"product_brand","embeddable":true,"href":"https:\/\/listman.shop\/autoparts-br\/wp-json\/wp\/v2\/product_brand?post=30577"},{"taxonomy":"product_cat","embeddable":true,"href":"https:\/\/listman.shop\/autoparts-br\/wp-json\/wp\/v2\/product_cat?post=30577"},{"taxonomy":"product_tag","embeddable":true,"href":"https:\/\/listman.shop\/autoparts-br\/wp-json\/wp\/v2\/product_tag?post=30577"}],"curies":[{"name":"wp","href":"https:\/\/api.w.org\/{rel}","templated":true}]}}