{"id":30586,"date":"2025-03-10T16:07:16","date_gmt":"2025-03-10T07:07:16","guid":{"rendered":"https:\/\/listman.shop\/autoparts-br\/product\/1005007256986713\/"},"modified":"2026-05-04T22:42:06","modified_gmt":"2026-05-04T13:42:06","slug":"1005007256986713","status":"publish","type":"product","link":"https:\/\/listman.shop\/autoparts-br\/product\/1005007256986713\/","title":{"rendered":"4pcs ma\u00e7anetas internas e externas para Jeep Wrangler YJ 1991-1995 TJ 1997-2006 55176383 AE 55176476   Acess\u00f3rios para ma\u00e7aneta da porta"},"content":{"rendered":"<div class=\"detailmodule_html\">\n<div class=\"detail-desc-decorate-richtext\">\n<div class=\"detailmodule_html\">\n<div class=\"detail-desc-decorate-richtext\">\n<p><span style=\"font-size:24px\"><strong><i><\/i><\/strong><\/span><img data-recalc-dims=\"1\" decoding=\"async\" src=\"https:\/\/i0.wp.com\/ae01.alicdn.com\/kf\/S346c4320c42447718482fe9c7853f786D.png?w=1200&#038;ssl=1\" \/><span style=\"font-size:24px\"><strong><i><\/i><\/strong><\/span><\/p>\n<p><\/p>\n<p><span style=\"font-size:24px\"><strong><i id=\"tl_1\">4 pe&ccedil;as ma&ccedil;anetas internas e externas para Jeep Wrangler YJ 1991-1995 TJ 1997-200655176383AE55176476 Acess&oacute;rios para ma&ccedil;aneta de porta<\/i><\/strong><\/span><\/p>\n<p><\/p>\n<p><span style=\"font-size:24px\"><strong><i id=\"tl_2\">Descri&ccedil;&atilde;o:<\/i><\/strong><\/span><\/p>\n<p><strong><span style=\"font-size:16px\" id=\"tl_3\">1:100% novo e de alta qualidade<\/span><\/strong><\/p>\n<p><strong><span style=\"font-size:16px\" id=\"tl_4\">2: Fun&ccedil;&atilde;o: Pode fornecer maiores vaz&otilde;es e fluxo de resfriamento para proteger o motor externo e f&aacute;cil de instalar.<\/span><\/strong><\/p>\n<p><strong><span style=\"font-size:16px\" id=\"tl_5\">3: Para unidades Mercury Alpha I Gen II e unidades Vazer<\/span><\/strong><\/p>\n<p><\/p>\n<p><span style=\"font-size:24px\"><strong><i><br \/><\/i><\/strong><\/span><\/p>\n<p><span style=\"font-size:24px\"><strong><i id=\"tl_6\">Especifica&ccedil;&otilde;es:<\/i><\/strong><\/span><\/p>\n<p><span style=\"font-size:18px\"><strong id=\"tl_7\">OEM:817275Q05<\/strong><\/span><\/p>\n<p style=\", Roboto, Arial, Helvetica, sans-serif, SimSun;font-size:14px;font-weight:400;letter-spacing:normal;line-height:inherit;text-align:start;white-space:normal;margin:0px;margin-bottom:0px;margin-top:0px;margin-left:0px;margin-right:0px;padding:0px;padding-bottom:0px;padding-top:0px;padding-left:0px;padding-right:0px\" align=\"start\"><strong><span style=\"font-size:20px;font-family:arial, helvetica, sans-serif\" id=\"tl_8\">1.Modelo de carro: Para Jeep Wrangler TJ 1997-2006<\/span><\/strong><\/p>\n<p style=\", Roboto, Arial, Helvetica, sans-serif, SimSun;font-size:14px;font-weight:400;letter-spacing:normal;line-height:inherit;text-align:start;white-space:normal;margin:0px;margin-bottom:0px;margin-top:0px;margin-left:0px;margin-right:0px;padding:0px;padding-bottom:0px;padding-top:0px;padding-left:0px;padding-right:0px\" align=\"start\"><strong><span style=\"font-size:20px;font-family:arial, helvetica, sans-serif\" id=\"tl_9\">2.Cor: Preto<\/span><\/strong><\/p>\n<p style=\", Roboto, Arial, Helvetica, sans-serif, SimSun;font-size:14px;font-weight:400;letter-spacing:normal;line-height:inherit;text-align:start;white-space:normal;margin:0px;margin-bottom:0px;margin-top:0px;margin-left:0px;margin-right:0px;padding:0px;padding-bottom:0px;padding-top:0px;padding-left:0px;padding-right:0px\" align=\"start\"><strong><span style=\"font-size:20px;font-family:arial, helvetica, sans-serif\" id=\"tl_10\">3.Material: ABS<\/span><\/strong><\/p>\n<p style=\", Roboto, Arial, Helvetica, sans-serif, SimSun;font-size:14px;font-weight:400;letter-spacing:normal;line-height:inherit;text-align:start;white-space:normal;margin:0px;margin-bottom:0px;margin-top:0px;margin-left:0px;margin-right:0px;padding:0px;padding-bottom:0px;padding-top:0px;padding-left:0px;padding-right:0px\" align=\"start\"><strong><span style=\"font-size:20px;font-family:arial, helvetica, sans-serif\" id=\"tl_11\">4.O pacote inclui: 1\/2\/4 unidades\/conjunto<\/span><\/strong><\/p>\n<p style=\", Roboto, Arial, Helvetica, sans-serif, SimSun;font-size:14px;font-weight:400;letter-spacing:normal;line-height:inherit;text-align:start;white-space:normal;margin:0px;margin-bottom:0px;margin-top:0px;margin-left:0px;margin-right:0px;padding:0px;padding-bottom:0px;padding-top:0px;padding-left:0px;padding-right:0px\" align=\"start\"><strong><span style=\"font-size:20px;font-family:arial, helvetica, sans-serif\" id=\"tl_12\">5. material: feito de material abs de alta qualidade com forte resist&ecirc;ncia &agrave; corros&atilde;o e resist&ecirc;ncia a arranh&otilde;es, oferece desempenho duradouro.<\/span><\/strong><\/p>\n<p style=\", Roboto, Arial, Helvetica, sans-serif, SimSun;font-size:14px;font-weight:400;letter-spacing:normal;line-height:inherit;text-align:start;white-space:normal;margin:0px;margin-bottom:0px;margin-top:0px;margin-left:0px;margin-right:0px;padding:0px;padding-bottom:0px;padding-top:0px;padding-left:0px;padding-right:0px\" align=\"start\"><strong><span style=\"font-size:20px;font-family:arial, helvetica, sans-serif\" id=\"tl_13\">5. Completamente alterou a apar&ecirc;ncia externa.Fornece um estilo de decora&ccedil;&atilde;o de alta classe, &uacute;nico e moderno para o seu carro.Ele pode cobrir arranh&otilde;es existentes e evitar que seu carro seja arranhado por unhas, chaves e etc.<\/span><\/strong><\/p>\n<p style=\", Roboto, Arial, Helvetica, sans-serif, SimSun;font-size:14px;font-weight:400;letter-spacing:normal;line-height:inherit;text-align:start;white-space:normal;margin:0px;margin-bottom:0px;margin-top:0px;margin-left:0px;margin-right:0px;padding:0px;padding-bottom:0px;padding-top:0px;padding-left:0px;padding-right:0px\" align=\"start\"><strong><span style=\"font-size:20px;font-family:arial, helvetica, sans-serif\" id=\"tl_14\">6.F&aacute;cil de instalar: basta retirar a fita autoadesiva pela parte de tr&aacute;s e colocar no lugar certo para facilitar a instala&ccedil;&atilde;o.(Dicas: Fa&ccedil;a uma pequena limpeza e aque&ccedil;a um pouco a fita antes da instala&ccedil;&atilde;o para ajudar a tampa a aderir melhor no lugar.)<\/span><\/strong><\/p>\n<p><\/p>\n<p><\/p>\n<p><span style=\"font-size:24px\"><strong><i id=\"tl_15\">Aten&ccedil;&atilde;o:<\/i><\/strong><\/span><\/p>\n<p><span style=\"font-size:18px\" id=\"tl_16\">1.Consulte a medi&ccedil;&atilde;o.Um ligeiro erro de medi&ccedil;&atilde;o &eacute; permitido dentro da faixa normal.<\/span><\/p>\n<p><span style=\"font-size:18px\" id=\"tl_17\">2.Devido &agrave; tela, c&acirc;mera ou outros fatores, pode haver uma ligeira diferen&ccedil;a de cor, consulte o produto real.<\/span><\/p>\n<p><span style=\"font-size:18px\" id=\"tl_18\">3. Se voc&ecirc; estiver satisfeito com o produto, deixe-nos uma avalia&ccedil;&atilde;o de 5 estrelas, se tiver alguma d&uacute;vida entre em contato conosco.<\/span><\/p>\n<div>\n<p><\/p>\n<p><\/p>\n<div>\n<p><img data-recalc-dims=\"1\" decoding=\"async\" style=\"width:1600px\"  src=\"https:\/\/i0.wp.com\/ae01.alicdn.com\/kf\/S06cb880e26464ad5a484d71656a23f67G.jpg?w=1200&#038;ssl=1\" \/><\/p>\n<p><\/p>\n<p><img data-recalc-dims=\"1\" decoding=\"async\" style=\"width:1001px\"  src=\"https:\/\/i0.wp.com\/ae01.alicdn.com\/kf\/Sb38ce0eae7c54732bd335714860274f46.jpg?w=1200&#038;ssl=1\" \/><\/p>\n<p><img data-recalc-dims=\"1\" decoding=\"async\" style=\"width:1001px\"  src=\"https:\/\/i0.wp.com\/ae01.alicdn.com\/kf\/S5ab61b013364427da5b154ef3c4663e9s.jpg?w=1200&#038;ssl=1\" \/><\/p>\n<p><img data-recalc-dims=\"1\" decoding=\"async\" style=\"width:1001px\"  src=\"https:\/\/i0.wp.com\/ae01.alicdn.com\/kf\/Sd7b5d135382d43db8ece4be713d0f38eO.jpg?w=1200&#038;ssl=1\" \/><\/p>\n<p><img data-recalc-dims=\"1\" decoding=\"async\" style=\"width:1001px\"  src=\"https:\/\/i0.wp.com\/ae01.alicdn.com\/kf\/S92b4c7d3a35d467ca875f75533c72065i.jpg?w=1200&#038;ssl=1\" \/><\/p>\n<p><img data-recalc-dims=\"1\" decoding=\"async\" style=\"width:1001px\"  src=\"https:\/\/i0.wp.com\/ae01.alicdn.com\/kf\/S94cde39cc3254c0aa3e6699f1c3779dbd.jpg?w=1200&#038;ssl=1\" \/><\/p>\n<p><img data-recalc-dims=\"1\" decoding=\"async\" style=\"width:1001px\"  src=\"https:\/\/i0.wp.com\/ae01.alicdn.com\/kf\/S1816edfa4f4f449cb846fd5ccb29a6054.jpg?w=1200&#038;ssl=1\" \/><\/p>\n<p><img data-recalc-dims=\"1\" decoding=\"async\" style=\"width:1001px\"  src=\"https:\/\/i0.wp.com\/ae01.alicdn.com\/kf\/Sd589632dd3a6454b8f9d823593b13686s.jpg?w=1200&#038;ssl=1\" \/><\/p>\n<\/p><\/div>\n<div>\n    <img data-recalc-dims=\"1\" decoding=\"async\" src=\"https:\/\/i0.wp.com\/ae01.alicdn.com\/kf\/S9a3999a5d0bf4c348c199f343178d07bE.png?w=1200&#038;ssl=1\" \/><br \/>\n    <img data-recalc-dims=\"1\" decoding=\"async\" src=\"https:\/\/i0.wp.com\/ae01.alicdn.com\/kf\/S96780e2e71b44817872682907020515bd.png?w=1200&#038;ssl=1\" \/><br \/>\n    \n   <\/div>\n<p><\/p>\n<p><\/p>\n<p><\/p>\n<p><\/p>\n<p><\/p>\n<\/p><\/div>\n<p><\/p>\n<\/p><\/div>\n<\/div>\n<p><\/p>\n<\/div>\n<\/div>\n","protected":false},"excerpt":{"rendered":"<p>4 pe&ccedil;as ma&ccedil;anetas internas e externas para Jeep Wrangler YJ 1991-1995 TJ 1997-200655176383AE55176476 Acess&oacute;rios para ma&ccedil;aneta de porta Descri&ccedil;&atilde;o: 1:100% novo e de alta qualidade 2: Fun&ccedil;&atilde;o: Pode fornecer maiores vaz&otilde;es e fluxo de resfriamento para proteger o motor externo e f&aacute;cil de instalar. 3: Para unidades Mercury Alpha I Gen II e unidades Vazer&hellip;&nbsp;<\/p>\n","protected":false},"featured_media":30580,"template":"","meta":{"neve_meta_sidebar":"","neve_meta_container":"","neve_meta_enable_content_width":"","neve_meta_content_width":0,"neve_meta_title_alignment":"","neve_meta_author_avatar":"","neve_post_elements_order":"","neve_meta_disable_header":"","neve_meta_disable_footer":"","neve_meta_disable_title":""},"product_brand":[],"product_cat":[124,17,24],"product_tag":[],"class_list":{"0":"post-30586","1":"product","2":"type-product","3":"status-publish","4":"has-post-thumbnail","6":"product_cat-macanetas-de-portas-exteriores","7":"product_cat-pecas-e-acessorios-automotivos","8":"product_cat-pecas-externas","10":"first","11":"instock","12":"shipping-taxable","13":"purchasable","14":"product-type-variable"},"jetpack_sharing_enabled":true,"_links":{"self":[{"href":"https:\/\/listman.shop\/autoparts-br\/wp-json\/wp\/v2\/product\/30586","targetHints":{"allow":["GET"]}}],"collection":[{"href":"https:\/\/listman.shop\/autoparts-br\/wp-json\/wp\/v2\/product"}],"about":[{"href":"https:\/\/listman.shop\/autoparts-br\/wp-json\/wp\/v2\/types\/product"}],"wp:featuredmedia":[{"embeddable":true,"href":"https:\/\/listman.shop\/autoparts-br\/wp-json\/wp\/v2\/media\/30580"}],"wp:attachment":[{"href":"https:\/\/listman.shop\/autoparts-br\/wp-json\/wp\/v2\/media?parent=30586"}],"wp:term":[{"taxonomy":"product_brand","embeddable":true,"href":"https:\/\/listman.shop\/autoparts-br\/wp-json\/wp\/v2\/product_brand?post=30586"},{"taxonomy":"product_cat","embeddable":true,"href":"https:\/\/listman.shop\/autoparts-br\/wp-json\/wp\/v2\/product_cat?post=30586"},{"taxonomy":"product_tag","embeddable":true,"href":"https:\/\/listman.shop\/autoparts-br\/wp-json\/wp\/v2\/product_tag?post=30586"}],"curies":[{"name":"wp","href":"https:\/\/api.w.org\/{rel}","templated":true}]}}