{"id":30652,"date":"2025-03-10T16:11:08","date_gmt":"2025-03-10T07:11:08","guid":{"rendered":"https:\/\/listman.shop\/autoparts-br\/product\/1005007384691241\/"},"modified":"2026-05-04T22:10:09","modified_gmt":"2026-05-04T13:10:09","slug":"1005007384691241","status":"publish","type":"product","link":"https:\/\/listman.shop\/autoparts-br\/product\/1005007384691241\/","title":{"rendered":"Para lhd mercedes benz a classe cla w177 c118 2019-2021 lhd substitui\u00e7\u00e3o do carro espelho retrovisor lateral capa tampa porta exterior caso guarni\u00e7\u00e3o"},"content":{"rendered":"<div class=\"detailmodule_html\">\n<div class=\"detail-desc-decorate-richtext\">\n<div class=\"detailmodule_html\">\n<div class=\"detail-desc-decorate-richtext\">\n<div id=\"simple\">\n<div>\n<div>\n<div id=\"banner\">\n    <span style=\"font-size:16px\"><strong><span>Caracter\u00edstica:<\/span><\/strong><\/span><br \/>\n    <br \/>\n    <span style=\"font-size:16px\">100% novo e de alta qualidade<\/span><br \/>\n    <br \/>\n    <span style=\"font-size:16px\">Feito de material de alta qualidade, dur\u00e1vel e pr\u00e1tico de usar<\/span><br \/>\n    <br \/>\n    <span style=\"font-size:16px\">Proteja seu carro contra arranh\u00f5es e decore seu ve\u00edculo.<\/span><br \/>\n    <br \/>\n    <span style=\"font-size:16px\">Forne\u00e7a uma decora\u00e7\u00e3o premium e elegante para o seu carro.<\/span><\/p>\n<p>    <span style=\"font-size:16px\"><strong><span>Especifica\u00e7\u00e3o:<\/span><\/strong><\/span><br \/>\n    <br \/>\n    <span style=\"font-size:16px\">Material: Pl\u00e1stico ABS<\/span><br \/>\n    <br \/>\n    <span style=\"font-size:16px\">Cor: Fibra de Carbono Preto<\/span><br \/>\n    <br \/>\n    <span style=\"font-size:16px\">Montagem: para benz classe a w177 c118 a200 cla 2019 2020 2021<\/span><br \/>\n    <span style=\"font-size:16px\"><strong>(Adequado apenas para volante \u00e0 esquerda!!)<\/strong><\/span><\/p>\n<p>    <span style=\"font-size:16px\"><strong><span>Aten\u00e7\u00e3o de instala\u00e7\u00e3o:<\/span><\/strong><\/span><br \/>\n    <br \/>\n    <span style=\"font-size:16px\">Esta \u00e9 uma capa adicional. Voc\u00ea precisar\u00e1 remover as capas existentes primeiro.<\/span><\/p>\n<p>    <span style=\"font-size:16px\"><strong><span>Pacote inclu\u00eddo:<\/span><\/strong><\/span><br \/>\n    <br \/>\n    <span style=\"font-size:16px\">2 x tampa de espelho<\/span><\/p>\n<p>    <span style=\"font-size:16px\"><strong><span>Nota:<\/span><\/strong><\/span><br \/>\n    <br \/>\n    <span style=\"font-size:16px\">1. Diferentes regi\u00f5es podem ter vers\u00f5es diferentes, tabela de compatibilidade de modelos apenas para fins de refer\u00eancia!<\/span><br \/>\n    <br \/>\n    <span style=\"font-size:16px\">2.Confirme se o formato do seu carro tem o mesmo formato dos nossos produtos.<\/span><br \/>\n    <br \/>\n    <span style=\"font-size:16px\">3. se voc\u00ea n\u00e3o puder ser confirmado, forne\u00e7a uma foto do seu carro para n\u00f3s, obrigado!<\/span><br \/>\n    <br \/>\n    <img data-recalc-dims=\"1\" decoding=\"async\" src=\"https:\/\/i0.wp.com\/ae01.alicdn.com\/kf\/S8c690ee3855e4e6095bea408d4acbd25k.jpg?w=1200&#038;ssl=1\"><br \/>\n    <img data-recalc-dims=\"1\" loading=\"lazy\" decoding=\"async\" width=\"944\" height=\"944\" src=\"https:\/\/i0.wp.com\/ae01.alicdn.com\/kf\/S6b20d4caf8364c818aad0b3612e8c7a7S.jpg?resize=944%2C944&#038;ssl=1\"><br \/>\n    <img data-recalc-dims=\"1\" decoding=\"async\" src=\"https:\/\/i0.wp.com\/ae01.alicdn.com\/kf\/Sfc8020689e4a4bfd8bb311064c754c37m.jpg?w=1200&#038;ssl=1\"><br \/>\n    <img data-recalc-dims=\"1\" decoding=\"async\" src=\"https:\/\/i0.wp.com\/ae01.alicdn.com\/kf\/S2731139c5c49499d821271785ad6bb61s.jpg?w=1200&#038;ssl=1\"><br \/>\n    <img data-recalc-dims=\"1\" decoding=\"async\" src=\"https:\/\/i0.wp.com\/ae01.alicdn.com\/kf\/S58bbb49ef210401db7eb30a1d6c19a3bA.jpg?w=1200&#038;ssl=1\"><br \/>\n    <img data-recalc-dims=\"1\" decoding=\"async\" src=\"https:\/\/i0.wp.com\/ae01.alicdn.com\/kf\/S3b507393a1e647f3bd870d90c864d7fcL.jpg?w=1200&#038;ssl=1\"><br \/>\n    <img data-recalc-dims=\"1\" decoding=\"async\" src=\"https:\/\/i0.wp.com\/ae01.alicdn.com\/kf\/Sf11b269d1790416ea4147b9d77d2b96b2.jpg?w=1200&#038;ssl=1\"><br \/>\n    <img data-recalc-dims=\"1\" loading=\"lazy\" decoding=\"async\" width=\"944\" height=\"944\" src=\"https:\/\/i0.wp.com\/ae01.alicdn.com\/kf\/Sf7e20fc41c60478e96b45b15ec27d99bn.jpg?resize=944%2C944&#038;ssl=1\">\n   <\/div>\n<\/p><\/div>\n<\/p><\/div>\n<\/div>\n<p><\/div>\n<\/div>\n<\/div>\n<\/div>\n","protected":false},"excerpt":{"rendered":"<p>Caracter\u00edstica: 100% novo e de alta qualidade Feito de material de alta qualidade, dur\u00e1vel e pr\u00e1tico de usar Proteja seu carro contra arranh\u00f5es e decore seu ve\u00edculo. Forne\u00e7a uma decora\u00e7\u00e3o premium e elegante para o seu carro. Especifica\u00e7\u00e3o: Material: Pl\u00e1stico ABS Cor: Fibra de Carbono Preto Montagem: para benz classe a w177 c118 a200 cla&hellip;&nbsp;<\/p>\n","protected":false},"featured_media":30646,"template":"","meta":{"neve_meta_sidebar":"","neve_meta_container":"","neve_meta_enable_content_width":"","neve_meta_content_width":0,"neve_meta_title_alignment":"","neve_meta_author_avatar":"","neve_post_elements_order":"","neve_meta_disable_header":"","neve_meta_disable_footer":"","neve_meta_disable_title":""},"product_brand":[],"product_cat":[17,24,74],"product_tag":[],"class_list":{"0":"post-30652","1":"product","2":"type-product","3":"status-publish","4":"has-post-thumbnail","6":"product_cat-pecas-e-acessorios-automotivos","7":"product_cat-pecas-externas","8":"product_cat-retrovisores-e-capas","10":"first","11":"instock","12":"shipping-taxable","13":"purchasable","14":"product-type-variable","15":"has-default-attributes"},"jetpack_sharing_enabled":true,"_links":{"self":[{"href":"https:\/\/listman.shop\/autoparts-br\/wp-json\/wp\/v2\/product\/30652","targetHints":{"allow":["GET"]}}],"collection":[{"href":"https:\/\/listman.shop\/autoparts-br\/wp-json\/wp\/v2\/product"}],"about":[{"href":"https:\/\/listman.shop\/autoparts-br\/wp-json\/wp\/v2\/types\/product"}],"wp:featuredmedia":[{"embeddable":true,"href":"https:\/\/listman.shop\/autoparts-br\/wp-json\/wp\/v2\/media\/30646"}],"wp:attachment":[{"href":"https:\/\/listman.shop\/autoparts-br\/wp-json\/wp\/v2\/media?parent=30652"}],"wp:term":[{"taxonomy":"product_brand","embeddable":true,"href":"https:\/\/listman.shop\/autoparts-br\/wp-json\/wp\/v2\/product_brand?post=30652"},{"taxonomy":"product_cat","embeddable":true,"href":"https:\/\/listman.shop\/autoparts-br\/wp-json\/wp\/v2\/product_cat?post=30652"},{"taxonomy":"product_tag","embeddable":true,"href":"https:\/\/listman.shop\/autoparts-br\/wp-json\/wp\/v2\/product_tag?post=30652"}],"curies":[{"name":"wp","href":"https:\/\/api.w.org\/{rel}","templated":true}]}}